{"id":28148,"date":"2024-11-26T12:42:52","date_gmt":"2024-11-26T12:42:52","guid":{"rendered":"https:\/\/reanpackaging.com\/product\/transparent-acrylic-with-ribbon-wedding-gift-candy-box-clear-storage-acrylic-glass-christmas-gift-acrylic-boxes-for-giftwedding\/"},"modified":"2024-11-26T13:20:08","modified_gmt":"2024-11-26T13:20:08","slug":"transparent-acrylic-with-ribbon-wedding-gift-candy-box-clear-storage-acrylic-glass-christmas-gift-acrylic-boxes-for-giftwedding","status":"publish","type":"product","link":"https:\/\/reanpackaging.com\/es\/producto\/transparent-acrylic-with-ribbon-wedding-gift-candy-box-clear-storage-acrylic-glass-christmas-gift-acrylic-boxes-for-giftwedding\/","title":{"rendered":"Transparente de acr\u00edlico con cinta de regalo de boda caja de dulces de almacenamiento transparente de vidrio acr\u00edlico regalo de Navidad cajas de acr\u00edlico para regalo,boda"},"content":{"rendered":"<h4>Atributos espec\u00edficos del sector<\/h4>\n<table border=\"1\">\n<tbody>\n<tr>\n<td><strong>Uso industrial<\/strong><\/td>\n<td>Regalos y artesan\u00eda<\/td>\n<\/tr>\n<tr>\n<td><strong>Caracter\u00edstica<\/strong><\/td>\n<td>Reciclable<\/td>\n<\/tr>\n<tr>\n<td><strong>Tipo de pl\u00e1stico<\/strong><\/td>\n<td>Acr\u00edlico<\/td>\n<\/tr>\n<\/tbody>\n<\/table>\n<h4>Otros atributos<\/h4>\n<table border=\"1\">\n<tbody>\n<tr>\n<td><strong>Espesor<\/strong><\/td>\n<td>2 mm<\/td>\n<\/tr>\n<tr>\n<td><strong>Nombre del producto<\/strong><\/td>\n<td>caja de regalo de caramelo claro almacenamiento de vidrio acr\u00edlico caja de regalo cajas de acr\u00edlico<\/td>\n<\/tr>\n<tr>\n<td><strong>Tipo de caja<\/strong><\/td>\n<td>Caja de tapa y base<\/td>\n<\/tr>\n<tr>\n<td><strong>OEM\/ODM<\/strong><\/td>\n<td>Aceptable<\/td>\n<\/tr>\n<tr>\n<td><strong>Logotipo\/manipulaci\u00f3n<\/strong><\/td>\n<td>Tama\u00f1o personalizado Logo\/ Impresi\u00f3n,UV directo,Oro\/Plata Estampaci\u00f3n en caliente,Grabado en relieve<\/td>\n<\/tr>\n<tr>\n<td><strong>Utilizaci\u00f3n<\/strong><\/td>\n<td>Art\u00edculos de embalaje<\/td>\n<\/tr>\n<tr>\n<td><strong>Material<\/strong><\/td>\n<td>Acr\u00edlico y cart\u00f3n<\/td>\n<\/tr>\n<\/tbody>\n<\/table>\n<p><img fetchpriority=\"high\" decoding=\"async\" class=\"alignnone size-medium wp-image-28196\" src=\"https:\/\/reanpackaging.com\/wp-content\/uploads\/2024\/11\/1-description-Transparent-acrylic-with-ribbon-wedding-gift-candy-box-clear-storage-acrylic-glass-Christmas-gift-acrylic-boxes-for-giftwedding-1-185x300.jpg\" alt=\"acr\u00edlico transparente con cinta de regalo de boda caja de caramelos de almacenamiento transparente de vidrio acr\u00edlico de regalo de Navidad cajas de acr\u00edlico para regalo, boda\" width=\"750\" height=\"1215\" srcset=\"https:\/\/reanpackaging.com\/wp-content\/uploads\/2024\/11\/1-description-Transparent-acrylic-with-ribbon-wedding-gift-candy-box-clear-storage-acrylic-glass-Christmas-gift-acrylic-boxes-for-giftwedding-1-185x300.jpg 185w, https:\/\/reanpackaging.com\/wp-content\/uploads\/2024\/11\/1-description-Transparent-acrylic-with-ribbon-wedding-gift-candy-box-clear-storage-acrylic-glass-Christmas-gift-acrylic-boxes-for-giftwedding-1-7x12.jpg 7w\" sizes=\"(max-width: 750px) 100vw, 750px\" \/><\/p>\n<p><img decoding=\"async\" class=\"alignnone size-medium wp-image-28197\" src=\"https:\/\/reanpackaging.com\/wp-content\/uploads\/2024\/11\/2-description-Transparent-acrylic-with-ribbon-wedding-gift-candy-box-clear-storage-acrylic-glass-Christmas-gift-acrylic-boxes-for-giftwedding-1-237x300.jpg\" alt=\"acr\u00edlico transparente con cinta de regalo de boda caja de caramelos de almacenamiento transparente de vidrio acr\u00edlico de regalo de Navidad cajas de acr\u00edlico para regalo, boda\" width=\"750\" height=\"950\" srcset=\"https:\/\/reanpackaging.com\/wp-content\/uploads\/2024\/11\/2-description-Transparent-acrylic-with-ribbon-wedding-gift-candy-box-clear-storage-acrylic-glass-Christmas-gift-acrylic-boxes-for-giftwedding-1-237x300.jpg 237w, https:\/\/reanpackaging.com\/wp-content\/uploads\/2024\/11\/2-description-Transparent-acrylic-with-ribbon-wedding-gift-candy-box-clear-storage-acrylic-glass-Christmas-gift-acrylic-boxes-for-giftwedding-1-768x972.jpg 768w, https:\/\/reanpackaging.com\/wp-content\/uploads\/2024\/11\/2-description-Transparent-acrylic-with-ribbon-wedding-gift-candy-box-clear-storage-acrylic-glass-Christmas-gift-acrylic-boxes-for-giftwedding-1-9x12.jpg 9w, https:\/\/reanpackaging.com\/wp-content\/uploads\/2024\/11\/2-description-Transparent-acrylic-with-ribbon-wedding-gift-candy-box-clear-storage-acrylic-glass-Christmas-gift-acrylic-boxes-for-giftwedding-1-600x759.jpg 600w, https:\/\/reanpackaging.com\/wp-content\/uploads\/2024\/11\/2-description-Transparent-acrylic-with-ribbon-wedding-gift-candy-box-clear-storage-acrylic-glass-Christmas-gift-acrylic-boxes-for-giftwedding-1.jpg 790w\" sizes=\"(max-width: 750px) 100vw, 750px\" \/><\/p>\n<p><img decoding=\"async\" class=\"alignnone size-medium wp-image-28198\" src=\"https:\/\/reanpackaging.com\/wp-content\/uploads\/2024\/11\/3-description-Transparent-acrylic-with-ribbon-wedding-gift-candy-box-clear-storage-acrylic-glass-Christmas-gift-acrylic-boxes-for-giftwedding-1-171x300.jpg\" alt=\"acr\u00edlico transparente con cinta de regalo de boda caja de caramelos de almacenamiento transparente de vidrio acr\u00edlico de regalo de Navidad cajas de acr\u00edlico para regalo, boda\" width=\"750\" height=\"1316\" srcset=\"https:\/\/reanpackaging.com\/wp-content\/uploads\/2024\/11\/3-description-Transparent-acrylic-with-ribbon-wedding-gift-candy-box-clear-storage-acrylic-glass-Christmas-gift-acrylic-boxes-for-giftwedding-1-171x300.jpg 171w, https:\/\/reanpackaging.com\/wp-content\/uploads\/2024\/11\/3-description-Transparent-acrylic-with-ribbon-wedding-gift-candy-box-clear-storage-acrylic-glass-Christmas-gift-acrylic-boxes-for-giftwedding-1-7x12.jpg 7w\" sizes=\"(max-width: 750px) 100vw, 750px\" \/><\/p>","protected":false},"excerpt":{"rendered":"<p>Industry-Specific Attributes Industrial Use Gift &amp; Craft Feature Recyclable Plastic Type Acrylic Other Attributes Thickness 2mm Product name gift candy box clear storage acrylic glass gift box acrylic boxes Box Type Lid and base box OEM\/ODM Acceptable Logo\/Handling Custom Size Logo\/ Printing,Spot UV,Gold\/Silver Hot Stamping,Embossing Usage Packing Items Material Acrylic and cardboard<\/p>","protected":false},"featured_media":28193,"template":"","meta":{"_seopress_robots_primary_cat":"none","_seopress_titles_title":"","_seopress_titles_desc":"","_seopress_robots_index":"","site-sidebar-layout":"default","site-content-layout":"","ast-site-content-layout":"default","site-content-style":"default","site-sidebar-style":"default","ast-global-header-display":"","ast-banner-title-visibility":"","ast-main-header-display":"","ast-hfb-above-header-display":"","ast-hfb-below-header-display":"","ast-hfb-mobile-header-display":"","site-post-title":"","ast-breadcrumbs-content":"","ast-featured-img":"","footer-sml-layout":"","ast-disable-related-posts":"","theme-transparent-header-meta":"default","adv-header-id-meta":"","stick-header-meta":"default","header-above-stick-meta":"","header-main-stick-meta":"","header-below-stick-meta":"","astra-migrate-meta-layouts":"set","ast-page-background-enabled":"default","ast-page-background-meta":{"desktop":{"background-color":"","background-image":"","background-repeat":"repeat","background-position":"center center","background-size":"auto","background-attachment":"scroll","background-type":"","background-media":"","overlay-type":"","overlay-color":"","overlay-opacity":"","overlay-gradient":""},"tablet":{"background-color":"","background-image":"","background-repeat":"repeat","background-position":"center center","background-size":"auto","background-attachment":"scroll","background-type":"","background-media":"","overlay-type":"","overlay-color":"","overlay-opacity":"","overlay-gradient":""},"mobile":{"background-color":"","background-image":"","background-repeat":"repeat","background-position":"center center","background-size":"auto","background-attachment":"scroll","background-type":"","background-media":"","overlay-type":"","overlay-color":"","overlay-opacity":"","overlay-gradient":""}},"ast-content-background-meta":{"desktop":{"background-color":"var(--ast-global-color-5)","background-image":"","background-repeat":"repeat","background-position":"center center","background-size":"auto","background-attachment":"scroll","background-type":"","background-media":"","overlay-type":"","overlay-color":"","overlay-opacity":"","overlay-gradient":""},"tablet":{"background-color":"var(--ast-global-color-5)","background-image":"","background-repeat":"repeat","background-position":"center center","background-size":"auto","background-attachment":"scroll","background-type":"","background-media":"","overlay-type":"","overlay-color":"","overlay-opacity":"","overlay-gradient":""},"mobile":{"background-color":"var(--ast-global-color-5)","background-image":"","background-repeat":"repeat","background-position":"center center","background-size":"auto","background-attachment":"scroll","background-type":"","background-media":"","overlay-type":"","overlay-color":"","overlay-opacity":"","overlay-gradient":""}}},"product_brand":[],"product_cat":[77],"product_tag":[],"class_list":{"0":"post-28148","1":"product","2":"type-product","3":"status-publish","4":"has-post-thumbnail","6":"product_cat-gift-boxes-with-clear-lids","7":"desktop-align-left","8":"tablet-align-left","9":"mobile-align-left","10":"ast-product-gallery-layout-horizontal","11":"ast-product-tabs-layout-horizontal","13":"first","14":"instock","15":"product-type-simple"},"_links":{"self":[{"href":"https:\/\/reanpackaging.com\/es\/wp-json\/wp\/v2\/product\/28148","targetHints":{"allow":["GET"]}}],"collection":[{"href":"https:\/\/reanpackaging.com\/es\/wp-json\/wp\/v2\/product"}],"about":[{"href":"https:\/\/reanpackaging.com\/es\/wp-json\/wp\/v2\/types\/product"}],"wp:featuredmedia":[{"embeddable":true,"href":"https:\/\/reanpackaging.com\/es\/wp-json\/wp\/v2\/media\/28193"}],"wp:attachment":[{"href":"https:\/\/reanpackaging.com\/es\/wp-json\/wp\/v2\/media?parent=28148"}],"wp:term":[{"taxonomy":"product_brand","embeddable":true,"href":"https:\/\/reanpackaging.com\/es\/wp-json\/wp\/v2\/product_brand?post=28148"},{"taxonomy":"product_cat","embeddable":true,"href":"https:\/\/reanpackaging.com\/es\/wp-json\/wp\/v2\/product_cat?post=28148"},{"taxonomy":"product_tag","embeddable":true,"href":"https:\/\/reanpackaging.com\/es\/wp-json\/wp\/v2\/product_tag?post=28148"}],"curies":[{"name":"wp","href":"https:\/\/api.w.org\/{rel}","templated":true}]}}