{"id":29122,"date":"2024-12-16T09:00:31","date_gmt":"2024-12-16T09:00:31","guid":{"rendered":"https:\/\/reanpackaging.com\/product\/empty-window-foldable-flower-gift-box-valentines-day-rose-transparent-shipping-packaging-box-bouquet-flower-box\/"},"modified":"2024-12-16T09:22:09","modified_gmt":"2024-12-16T09:22:09","slug":"empty-window-foldable-flower-gift-box-valentines-day-rose-transparent-shipping-packaging-box-bouquet-flower-box","status":"publish","type":"product","link":"https:\/\/reanpackaging.com\/es\/producto\/empty-window-foldable-flower-gift-box-valentines-day-rose-transparent-shipping-packaging-box-bouquet-flower-box\/","title":{"rendered":"Ventana vac\u00eda plegable caja de regalo de flores D\u00eda de San Valent\u00edn se levant\u00f3 transparente caja de embalaje de env\u00edo caja de flores ramo"},"content":{"rendered":"<h4>Atributos espec\u00edficos del sector<\/h4>\n<table border=\"1\">\n<tbody>\n<tr>\n<td><strong>Uso industrial<\/strong><\/td>\n<td>Accesorios de moda<\/td>\n<\/tr>\n<tr>\n<td><strong>Tipo de papel<\/strong><\/td>\n<td>Papel estucado<\/td>\n<\/tr>\n<tr>\n<td><strong>Caracter\u00edstica<\/strong><\/td>\n<td>Desechable<\/td>\n<\/tr>\n<tr>\n<td><strong>tipo de caja<\/strong><\/td>\n<td>Otros<\/td>\n<\/tr>\n<\/tbody>\n<\/table>\n<h4>Otros atributos<\/h4>\n<table border=\"1\">\n<tbody>\n<tr>\n<td><strong>Forma<\/strong><\/td>\n<td>Personalizado<\/td>\n<\/tr>\n<tr>\n<td><strong>Manipulaci\u00f3n de la impresi\u00f3n<\/strong><\/td>\n<td>Laminaci\u00f3n mate<\/td>\n<\/tr>\n<tr>\n<td><strong>Pedido a medida<\/strong><\/td>\n<td>Acepte<\/td>\n<\/tr>\n<tr>\n<td><strong>Impresi\u00f3n de logotipos<\/strong><\/td>\n<td>Personalizado<\/td>\n<\/tr>\n<tr>\n<td><strong>Accesorios<\/strong><\/td>\n<td>Cinta<\/td>\n<\/tr>\n<tr>\n<td><strong>Material<\/strong><\/td>\n<td>Cart\u00f3n+papel art\u00edstico<\/td>\n<\/tr>\n<tr>\n<td><strong>Talla<\/strong><\/td>\n<td>A MEDIDA<\/td>\n<\/tr>\n<tr>\n<td><strong>MOQ<\/strong><\/td>\n<td>500 unidades<\/td>\n<\/tr>\n<tr>\n<td><strong>Logotipo<\/strong><\/td>\n<td>Logotipo personalizado aceptable<\/td>\n<\/tr>\n<tr>\n<td><strong>Acabado superficial<\/strong><\/td>\n<td>L\u00e1mina de oro\/laminado mate<\/td>\n<\/tr>\n<tr>\n<td><strong>Accesorio<\/strong><\/td>\n<td>Bandeja interior de pl\u00e1stico \/ tarjeta de papel \/ espuma EVA<\/td>\n<\/tr>\n<tr>\n<td><strong>Estilo caja<\/strong><\/td>\n<td>Cajas r\u00edgidas<\/td>\n<\/tr>\n<\/tbody>\n<\/table>","protected":false},"excerpt":{"rendered":"<p>Industry-Specific Attributes Industrial Use Fashion Accessories Paper Type Coated Paper Feature Disposable box type Others Other Attributes Shape Customized Printing Handling Matt Lamination Custom Order Accept Logo printing Customized Accessories Ribbon Material Cardboard+Art paper Size CUSTOM MOQ 500pcs Logo Customized Logo Acceptable Surface Finish Gold foil \/Matt lamination Accessory Plastic inner tray \/ paper card [&hellip;]<\/p>\n","protected":false},"featured_media":28984,"template":"","meta":{"_seopress_robots_primary_cat":"none","_seopress_titles_title":"","_seopress_titles_desc":"","_seopress_robots_index":"","_seopress_analysis_target_kw":"","site-sidebar-layout":"default","site-content-layout":"","ast-site-content-layout":"default","site-content-style":"default","site-sidebar-style":"default","ast-global-header-display":"","ast-banner-title-visibility":"","ast-main-header-display":"","ast-hfb-above-header-display":"","ast-hfb-below-header-display":"","ast-hfb-mobile-header-display":"","site-post-title":"","ast-breadcrumbs-content":"","ast-featured-img":"","footer-sml-layout":"","ast-disable-related-posts":"","theme-transparent-header-meta":"default","adv-header-id-meta":"","stick-header-meta":"default","header-above-stick-meta":"","header-main-stick-meta":"","header-below-stick-meta":"","astra-migrate-meta-layouts":"set","ast-page-background-enabled":"default","ast-page-background-meta":{"desktop":{"background-color":"","background-image":"","background-repeat":"repeat","background-position":"center center","background-size":"auto","background-attachment":"scroll","background-type":"","background-media":"","overlay-type":"","overlay-color":"","overlay-opacity":"","overlay-gradient":""},"tablet":{"background-color":"","background-image":"","background-repeat":"repeat","background-position":"center center","background-size":"auto","background-attachment":"scroll","background-type":"","background-media":"","overlay-type":"","overlay-color":"","overlay-opacity":"","overlay-gradient":""},"mobile":{"background-color":"","background-image":"","background-repeat":"repeat","background-position":"center center","background-size":"auto","background-attachment":"scroll","background-type":"","background-media":"","overlay-type":"","overlay-color":"","overlay-opacity":"","overlay-gradient":""}},"ast-content-background-meta":{"desktop":{"background-color":"var(--ast-global-color-5)","background-image":"","background-repeat":"repeat","background-position":"center center","background-size":"auto","background-attachment":"scroll","background-type":"","background-media":"","overlay-type":"","overlay-color":"","overlay-opacity":"","overlay-gradient":""},"tablet":{"background-color":"var(--ast-global-color-5)","background-image":"","background-repeat":"repeat","background-position":"center center","background-size":"auto","background-attachment":"scroll","background-type":"","background-media":"","overlay-type":"","overlay-color":"","overlay-opacity":"","overlay-gradient":""},"mobile":{"background-color":"var(--ast-global-color-5)","background-image":"","background-repeat":"repeat","background-position":"center center","background-size":"auto","background-attachment":"scroll","background-type":"","background-media":"","overlay-type":"","overlay-color":"","overlay-opacity":"","overlay-gradient":""}}},"product_brand":[],"product_cat":[79],"product_tag":[],"class_list":{"0":"post-29122","1":"product","2":"type-product","3":"status-publish","4":"has-post-thumbnail","6":"product_cat-valentine-gift-boxes","7":"desktop-align-left","8":"tablet-align-left","9":"mobile-align-left","10":"ast-product-gallery-layout-horizontal","11":"ast-product-tabs-layout-horizontal","13":"first","14":"instock","15":"product-type-simple"},"_links":{"self":[{"href":"https:\/\/reanpackaging.com\/es\/wp-json\/wp\/v2\/product\/29122","targetHints":{"allow":["GET"]}}],"collection":[{"href":"https:\/\/reanpackaging.com\/es\/wp-json\/wp\/v2\/product"}],"about":[{"href":"https:\/\/reanpackaging.com\/es\/wp-json\/wp\/v2\/types\/product"}],"wp:featuredmedia":[{"embeddable":true,"href":"https:\/\/reanpackaging.com\/es\/wp-json\/wp\/v2\/media\/28984"}],"wp:attachment":[{"href":"https:\/\/reanpackaging.com\/es\/wp-json\/wp\/v2\/media?parent=29122"}],"wp:term":[{"taxonomy":"product_brand","embeddable":true,"href":"https:\/\/reanpackaging.com\/es\/wp-json\/wp\/v2\/product_brand?post=29122"},{"taxonomy":"product_cat","embeddable":true,"href":"https:\/\/reanpackaging.com\/es\/wp-json\/wp\/v2\/product_cat?post=29122"},{"taxonomy":"product_tag","embeddable":true,"href":"https:\/\/reanpackaging.com\/es\/wp-json\/wp\/v2\/product_tag?post=29122"}],"curies":[{"name":"wp","href":"https:\/\/api.w.org\/{rel}","templated":true}]}}