{"id":30641,"date":"2024-12-21T15:44:55","date_gmt":"2024-12-21T15:44:55","guid":{"rendered":"https:\/\/reanpackaging.com\/product\/free-sample-gift-card-box-logo-and-text-golf-foil-metal-credit-card-box-for-promotion\/"},"modified":"2024-12-21T16:07:14","modified_gmt":"2024-12-21T16:07:14","slug":"free-sample-gift-card-box-logo-and-text-golf-foil-metal-credit-card-box-for-promotion","status":"publish","type":"product","link":"https:\/\/reanpackaging.com\/es\/producto\/free-sample-gift-card-box-logo-and-text-golf-foil-metal-credit-card-box-for-promotion\/","title":{"rendered":"Muestra gratis Caja de tarjeta de regalo Logo y texto Golf Foil Metal Caja de tarjeta de cr\u00e9dito para la promoci\u00f3n"},"content":{"rendered":"<h4>Atributos espec\u00edficos del sector<\/h4>\n<table border=\"1\">\n<tbody>\n<tr>\n<td><strong>Material<\/strong><\/td>\n<td>cart\u00f3n<\/td>\n<\/tr>\n<tr>\n<td><strong>aplicaci\u00f3n<\/strong><\/td>\n<td>Graduaci\u00f3n, caja de tarjeta regalo<\/td>\n<\/tr>\n<tr>\n<td><strong>Hecho a mano<\/strong><\/td>\n<td>NO<\/td>\n<\/tr>\n<\/tbody>\n<\/table>\n<h4>Otros atributos<\/h4>\n<table border=\"1\">\n<tbody>\n<tr>\n<td><strong>Material<\/strong><\/td>\n<td>cart\u00f3n<\/td>\n<\/tr>\n<tr>\n<td><strong>Tama\u00f1o de la tarjeta<\/strong><\/td>\n<td>16.6cm*10.5cm<\/td>\n<\/tr>\n<tr>\n<td><strong>Thicnkess<\/strong><\/td>\n<td>1 cm<\/td>\n<\/tr>\n<tr>\n<td><strong>Manipulaci\u00f3n de la impresi\u00f3n<\/strong><\/td>\n<td>Laminaci\u00f3n mate, estampado, gofrado, lacado UV<\/td>\n<\/tr>\n<tr>\n<td><strong>Caracter\u00edstica<\/strong><\/td>\n<td>Reciclable<\/td>\n<\/tr>\n<tr>\n<td><strong>Tipo de caja<\/strong><\/td>\n<td>Carpetas<\/td>\n<\/tr>\n<tr>\n<td><strong>Dise\u00f1o<\/strong><\/td>\n<td>Aceptar dise\u00f1os personalizados<\/td>\n<\/tr>\n<tr>\n<td><strong>Formato de las ilustraciones<\/strong><\/td>\n<td>AI PDF PSD CDR DWG<\/td>\n<\/tr>\n<tr>\n<td><strong>Aplicaci\u00f3n<\/strong><\/td>\n<td>Negocios.oficina.regalo.promoci\u00f3n.etc<\/td>\n<\/tr>\n<tr>\n<td><strong>Art\u00edculo<\/strong><\/td>\n<td>Caja de tarjeta de regalo Logo y texto Golf Foil Metal Credit Card Box<\/td>\n<\/tr>\n<\/tbody>\n<\/table>\n<p><img decoding=\"async\" class=\"detail-desc-decorate-image\" style=\"max-width: 100%; height: auto; display: block; margin: 0 auto;\" src=\"https:\/\/reanpackaging.com\/wp-content\/uploads\/2024\/12\/1-description-Free-Sample-Gift-Card-Box-Logo-and-Text-Golf-Foil-Metal-Credit-Card-Box-for-promotion.jpg\" \/><br \/>\n<img decoding=\"async\" class=\"detail-desc-decorate-image\" style=\"max-width: 100%; height: auto; display: block; margin: 0 auto;\" src=\"https:\/\/reanpackaging.com\/wp-content\/uploads\/2024\/12\/2-description-Free-Sample-Gift-Card-Box-Logo-and-Text-Golf-Foil-Metal-Credit-Card-Box-for-promotion.jpg\" \/><br \/>\n<img decoding=\"async\" class=\"detail-desc-decorate-image\" style=\"max-width: 100%; height: auto; display: block; margin: 0 auto;\" src=\"https:\/\/reanpackaging.com\/wp-content\/uploads\/2024\/12\/3-description-Free-Sample-Gift-Card-Box-Logo-and-Text-Golf-Foil-Metal-Credit-Card-Box-for-promotion.jpg\" \/><br \/>\n<img decoding=\"async\" class=\"detail-desc-decorate-image\" style=\"max-width: 100%; height: auto; display: block; margin: 0 auto;\" src=\"https:\/\/reanpackaging.com\/wp-content\/uploads\/2024\/12\/4-description-Free-Sample-Gift-Card-Box-Logo-and-Text-Golf-Foil-Metal-Credit-Card-Box-for-promotion.jpg\" \/><br \/>\n<img decoding=\"async\" class=\"detail-desc-decorate-image\" style=\"max-width: 100%; height: auto; display: block; margin: 0 auto;\" src=\"https:\/\/reanpackaging.com\/wp-content\/uploads\/2024\/12\/5-description-Free-Sample-Gift-Card-Box-Logo-and-Text-Golf-Foil-Metal-Credit-Card-Box-for-promotion.jpg\" \/><br \/>\n<img decoding=\"async\" class=\"detail-desc-decorate-image\" style=\"max-width: 100%; height: auto; display: block; margin: 0 auto;\" src=\"https:\/\/reanpackaging.com\/wp-content\/uploads\/2024\/12\/6-description-Free-Sample-Gift-Card-Box-Logo-and-Text-Golf-Foil-Metal-Credit-Card-Box-for-promotion.jpg\" \/><\/p>","protected":false},"excerpt":{"rendered":"<p>Industry-Specific Attributes Material cardboard application Graduation, gift card box Handmade NO Other Attributes Material cardboard Card size 16.6cm*10.5cm Thicnkess 1cm Printing Handling Matt Lamination, Stamping, Embossing, UV Coating Feature Recyclable Box Type Folders Design Accept Customized Designs Artwork Format AI PDF PSD CDR DWG Application Business.office.gift .promotion.etc Item Gift Card Box Logo and Text Golf [&hellip;]<\/p>\n","protected":false},"featured_media":30556,"template":"","meta":{"_seopress_robots_primary_cat":"none","_seopress_titles_title":"","_seopress_titles_desc":"","_seopress_robots_index":"","site-sidebar-layout":"default","site-content-layout":"","ast-site-content-layout":"default","site-content-style":"default","site-sidebar-style":"default","ast-global-header-display":"","ast-banner-title-visibility":"","ast-main-header-display":"","ast-hfb-above-header-display":"","ast-hfb-below-header-display":"","ast-hfb-mobile-header-display":"","site-post-title":"","ast-breadcrumbs-content":"","ast-featured-img":"","footer-sml-layout":"","ast-disable-related-posts":"","theme-transparent-header-meta":"default","adv-header-id-meta":"","stick-header-meta":"default","header-above-stick-meta":"","header-main-stick-meta":"","header-below-stick-meta":"","astra-migrate-meta-layouts":"set","ast-page-background-enabled":"default","ast-page-background-meta":{"desktop":{"background-color":"","background-image":"","background-repeat":"repeat","background-position":"center center","background-size":"auto","background-attachment":"scroll","background-type":"","background-media":"","overlay-type":"","overlay-color":"","overlay-opacity":"","overlay-gradient":""},"tablet":{"background-color":"","background-image":"","background-repeat":"repeat","background-position":"center center","background-size":"auto","background-attachment":"scroll","background-type":"","background-media":"","overlay-type":"","overlay-color":"","overlay-opacity":"","overlay-gradient":""},"mobile":{"background-color":"","background-image":"","background-repeat":"repeat","background-position":"center center","background-size":"auto","background-attachment":"scroll","background-type":"","background-media":"","overlay-type":"","overlay-color":"","overlay-opacity":"","overlay-gradient":""}},"ast-content-background-meta":{"desktop":{"background-color":"var(--ast-global-color-5)","background-image":"","background-repeat":"repeat","background-position":"center center","background-size":"auto","background-attachment":"scroll","background-type":"","background-media":"","overlay-type":"","overlay-color":"","overlay-opacity":"","overlay-gradient":""},"tablet":{"background-color":"var(--ast-global-color-5)","background-image":"","background-repeat":"repeat","background-position":"center center","background-size":"auto","background-attachment":"scroll","background-type":"","background-media":"","overlay-type":"","overlay-color":"","overlay-opacity":"","overlay-gradient":""},"mobile":{"background-color":"var(--ast-global-color-5)","background-image":"","background-repeat":"repeat","background-position":"center center","background-size":"auto","background-attachment":"scroll","background-type":"","background-media":"","overlay-type":"","overlay-color":"","overlay-opacity":"","overlay-gradient":""}}},"product_brand":[],"product_cat":[83],"product_tag":[],"class_list":{"0":"post-30641","1":"product","2":"type-product","3":"status-publish","4":"has-post-thumbnail","6":"product_cat-gift-card-box","7":"desktop-align-left","8":"tablet-align-left","9":"mobile-align-left","10":"ast-product-gallery-layout-horizontal","11":"ast-product-tabs-layout-horizontal","13":"first","14":"instock","15":"product-type-simple"},"_links":{"self":[{"href":"https:\/\/reanpackaging.com\/es\/wp-json\/wp\/v2\/product\/30641","targetHints":{"allow":["GET"]}}],"collection":[{"href":"https:\/\/reanpackaging.com\/es\/wp-json\/wp\/v2\/product"}],"about":[{"href":"https:\/\/reanpackaging.com\/es\/wp-json\/wp\/v2\/types\/product"}],"wp:featuredmedia":[{"embeddable":true,"href":"https:\/\/reanpackaging.com\/es\/wp-json\/wp\/v2\/media\/30556"}],"wp:attachment":[{"href":"https:\/\/reanpackaging.com\/es\/wp-json\/wp\/v2\/media?parent=30641"}],"wp:term":[{"taxonomy":"product_brand","embeddable":true,"href":"https:\/\/reanpackaging.com\/es\/wp-json\/wp\/v2\/product_brand?post=30641"},{"taxonomy":"product_cat","embeddable":true,"href":"https:\/\/reanpackaging.com\/es\/wp-json\/wp\/v2\/product_cat?post=30641"},{"taxonomy":"product_tag","embeddable":true,"href":"https:\/\/reanpackaging.com\/es\/wp-json\/wp\/v2\/product_tag?post=30641"}],"curies":[{"name":"wp","href":"https:\/\/api.w.org\/{rel}","templated":true}]}}