{"id":30866,"date":"2024-12-27T16:44:11","date_gmt":"2024-12-27T16:44:11","guid":{"rendered":"https:\/\/reanpackaging.com\/product\/high-end-cool-gray-brushed-leather-pu-earring-box-large-quantity-ready-made-jewelry-packaging-for-earrings-cool-gray-jewelry-box\/"},"modified":"2024-12-27T17:15:38","modified_gmt":"2024-12-27T17:15:38","slug":"high-end-cool-gray-brushed-leather-pu-earring-box-large-quantity-ready-made-jewelry-packaging-for-earrings-cool-gray-jewelry-box","status":"publish","type":"product","link":"https:\/\/reanpackaging.com\/es\/producto\/high-end-cool-gray-brushed-leather-pu-earring-box-large-quantity-ready-made-jewelry-packaging-for-earrings-cool-gray-jewelry-box\/","title":{"rendered":"Caja para Pendientes de Cuero PU Cepillado Gris de Alta Calidad Gran Cantidad Embalaje Listo para Pendientes Caja para Joyer\u00eda Gris de Alta Calidad"},"content":{"rendered":"<h4>Otros atributos<\/h4>\n<table border=\"1\">\n<tbody>\n<tr>\n<td><strong>Tipo de embalaje y exposici\u00f3n de joyas<\/strong><\/td>\n<td>Estuches y expositores<\/td>\n<\/tr>\n<tr>\n<td><strong>Talla<\/strong><\/td>\n<td>10*10*5cm \/ a medida<\/td>\n<\/tr>\n<tr>\n<td><strong>Tipo de material<\/strong><\/td>\n<td>Piel<\/td>\n<\/tr>\n<tr>\n<td><strong>Consejos importantes<\/strong><\/td>\n<td>P\u00f3ngase en contacto con nosotros para obtener tarifas de env\u00edo m\u00e1s baratas y descuentos<\/td>\n<\/tr>\n<tr>\n<td><strong>Tasa por muestreo<\/strong><\/td>\n<td>Nuestras muestras son gratuitas Se reembolsar\u00e1n cuando se confirme el pedido<\/td>\n<\/tr>\n<tr>\n<td><strong>MOQ<\/strong><\/td>\n<td>500 unidades<\/td>\n<\/tr>\n<tr>\n<td><strong>PLAZO DE ENTREGA<\/strong><\/td>\n<td>3-5 d\u00edas laborables<\/td>\n<\/tr>\n<\/tbody>\n<\/table>","protected":false},"excerpt":{"rendered":"<p>Otros atributos Joyer\u00eda Embalaje y expositor Tipo Estuches y expositores Tama\u00f1o 10*10*5cm \/ personalizado Material Tipo Cuero Consejos importantes Por favor, p\u00f3ngase en contacto con nosotros para tarifa de env\u00edo m\u00e1s barato y descuentos Precio de la muestra Nuestra muestra es gratuita Se reembolsar\u00e1 cuando se confirme el pedido MOQ 500pcs TIEMPO DE ENTREGA 3-5 d\u00edas laborables<\/p>","protected":false},"featured_media":31069,"template":"","meta":{"_seopress_robots_primary_cat":"none","_seopress_titles_title":"","_seopress_titles_desc":"","_seopress_robots_index":"","site-sidebar-layout":"default","site-content-layout":"","ast-site-content-layout":"default","site-content-style":"default","site-sidebar-style":"default","ast-global-header-display":"","ast-banner-title-visibility":"","ast-main-header-display":"","ast-hfb-above-header-display":"","ast-hfb-below-header-display":"","ast-hfb-mobile-header-display":"","site-post-title":"","ast-breadcrumbs-content":"","ast-featured-img":"","footer-sml-layout":"","ast-disable-related-posts":"","theme-transparent-header-meta":"default","adv-header-id-meta":"","stick-header-meta":"default","header-above-stick-meta":"","header-main-stick-meta":"","header-below-stick-meta":"","astra-migrate-meta-layouts":"set","ast-page-background-enabled":"default","ast-page-background-meta":{"desktop":{"background-color":"","background-image":"","background-repeat":"repeat","background-position":"center center","background-size":"auto","background-attachment":"scroll","background-type":"","background-media":"","overlay-type":"","overlay-color":"","overlay-opacity":"","overlay-gradient":""},"tablet":{"background-color":"","background-image":"","background-repeat":"repeat","background-position":"center center","background-size":"auto","background-attachment":"scroll","background-type":"","background-media":"","overlay-type":"","overlay-color":"","overlay-opacity":"","overlay-gradient":""},"mobile":{"background-color":"","background-image":"","background-repeat":"repeat","background-position":"center center","background-size":"auto","background-attachment":"scroll","background-type":"","background-media":"","overlay-type":"","overlay-color":"","overlay-opacity":"","overlay-gradient":""}},"ast-content-background-meta":{"desktop":{"background-color":"var(--ast-global-color-5)","background-image":"","background-repeat":"repeat","background-position":"center center","background-size":"auto","background-attachment":"scroll","background-type":"","background-media":"","overlay-type":"","overlay-color":"","overlay-opacity":"","overlay-gradient":""},"tablet":{"background-color":"var(--ast-global-color-5)","background-image":"","background-repeat":"repeat","background-position":"center center","background-size":"auto","background-attachment":"scroll","background-type":"","background-media":"","overlay-type":"","overlay-color":"","overlay-opacity":"","overlay-gradient":""},"mobile":{"background-color":"var(--ast-global-color-5)","background-image":"","background-repeat":"repeat","background-position":"center center","background-size":"auto","background-attachment":"scroll","background-type":"","background-media":"","overlay-type":"","overlay-color":"","overlay-opacity":"","overlay-gradient":""}}},"product_brand":[],"product_cat":[84],"product_tag":[],"class_list":{"0":"post-30866","1":"product","2":"type-product","3":"status-publish","4":"has-post-thumbnail","6":"product_cat-earring-box","7":"desktop-align-left","8":"tablet-align-left","9":"mobile-align-left","10":"ast-product-gallery-layout-horizontal","11":"ast-product-tabs-layout-horizontal","13":"first","14":"instock","15":"product-type-simple"},"_links":{"self":[{"href":"https:\/\/reanpackaging.com\/es\/wp-json\/wp\/v2\/product\/30866","targetHints":{"allow":["GET"]}}],"collection":[{"href":"https:\/\/reanpackaging.com\/es\/wp-json\/wp\/v2\/product"}],"about":[{"href":"https:\/\/reanpackaging.com\/es\/wp-json\/wp\/v2\/types\/product"}],"wp:featuredmedia":[{"embeddable":true,"href":"https:\/\/reanpackaging.com\/es\/wp-json\/wp\/v2\/media\/31069"}],"wp:attachment":[{"href":"https:\/\/reanpackaging.com\/es\/wp-json\/wp\/v2\/media?parent=30866"}],"wp:term":[{"taxonomy":"product_brand","embeddable":true,"href":"https:\/\/reanpackaging.com\/es\/wp-json\/wp\/v2\/product_brand?post=30866"},{"taxonomy":"product_cat","embeddable":true,"href":"https:\/\/reanpackaging.com\/es\/wp-json\/wp\/v2\/product_cat?post=30866"},{"taxonomy":"product_tag","embeddable":true,"href":"https:\/\/reanpackaging.com\/es\/wp-json\/wp\/v2\/product_tag?post=30866"}],"curies":[{"name":"wp","href":"https:\/\/api.w.org\/{rel}","templated":true}]}}