{"id":34817,"date":"2025-01-05T07:16:52","date_gmt":"2025-01-05T07:16:52","guid":{"rendered":"https:\/\/reanpackaging.com\/product\/custom-flip-cover-magnetic-jewelry-box-printed-logo-gift-package-luxury-gift-boxes-for-necklace-packaging-jewelry-box\/"},"modified":"2025-01-05T07:42:12","modified_gmt":"2025-01-05T07:42:12","slug":"custom-flip-cover-magnetic-jewelry-box-printed-logo-gift-package-luxury-gift-boxes-for-necklace-packaging-jewelry-box","status":"publish","type":"product","link":"https:\/\/reanpackaging.com\/es\/producto\/custom-flip-cover-magnetic-jewelry-box-printed-logo-gift-package-luxury-gift-boxes-for-necklace-packaging-jewelry-box\/","title":{"rendered":"Caja de joyer\u00eda magn\u00e9tica de encargo de la cubierta del tir\u00f3n Logotipo impreso Paquete de regalo Cajas de regalo de lujo para el collar de embalaje Caja de joyer\u00eda"},"content":{"rendered":"<h4>Atributos espec\u00edficos del sector<\/h4>\n<table border=\"1\">\n<tbody>\n<tr>\n<td><strong>Uso industrial<\/strong><\/td>\n<td>Joyer\u00eda &amp; Relojer\u00eda &amp; Gafas<\/td>\n<\/tr>\n<tr>\n<td><strong>Tipo de papel<\/strong><\/td>\n<td>Personalizable<\/td>\n<\/tr>\n<tr>\n<td><strong>Caracter\u00edstica<\/strong><\/td>\n<td>Alta gama, tendencia de moda<\/td>\n<\/tr>\n<tr>\n<td><strong>tipo de caja<\/strong><\/td>\n<td>Cajas de avi\u00f3n<\/td>\n<\/tr>\n<\/tbody>\n<\/table>\n<h4>Otros atributos<\/h4>\n<table border=\"1\">\n<tbody>\n<tr>\n<td><strong>Forma<\/strong><\/td>\n<td>Oblongo<\/td>\n<\/tr>\n<tr>\n<td><strong>Manipulaci\u00f3n de la impresi\u00f3n<\/strong><\/td>\n<td>Personalizable<\/td>\n<\/tr>\n<tr>\n<td><strong>Pedido a medida<\/strong><\/td>\n<td>Acepte<\/td>\n<\/tr>\n<tr>\n<td><strong>Impresi\u00f3n de logotipos<\/strong><\/td>\n<td>Personalizable<\/td>\n<\/tr>\n<tr>\n<td><strong>Accesorios<\/strong><\/td>\n<td>Personalizable<\/td>\n<\/tr>\n<tr>\n<td><strong>Tipo de revestimiento<\/strong><\/td>\n<td>Personalizable<\/td>\n<\/tr>\n<tr>\n<td><strong>Art\u00edculo<\/strong><\/td>\n<td>cilindro de papel con eva<\/td>\n<\/tr>\n<tr>\n<td><strong>Talla<\/strong><\/td>\n<td>Tama\u00f1o personalizado<\/td>\n<\/tr>\n<tr>\n<td><strong>Impresi\u00f3n<\/strong><\/td>\n<td>Estampaci\u00f3n, laminaci\u00f3n brillante, laminaci\u00f3n mate, recubrimiento UV, etc.<\/td>\n<\/tr>\n<tr>\n<td><strong>Material<\/strong><\/td>\n<td>Personalizable<\/td>\n<\/tr>\n<tr>\n<td><strong>Tipo de papel<\/strong><\/td>\n<td>Papel estucado, papel art\u00edstico, papel ondulado, papel cart\u00f3n<\/td>\n<\/tr>\n<tr>\n<td><strong>Logotipo<\/strong><\/td>\n<td>Logotipo personalizado aceptable<\/td>\n<\/tr>\n<tr>\n<td><strong>Color<\/strong><\/td>\n<td>Color personalizado<\/td>\n<\/tr>\n<tr>\n<td><strong>MOQ<\/strong><\/td>\n<td>500 piezas<\/td>\n<\/tr>\n<tr>\n<td><strong>Embalaje<\/strong><\/td>\n<td>Embalaje personalizado<\/td>\n<\/tr>\n<\/tbody>\n<\/table>\n<p><img decoding=\"async\" class=\"detail-desc-decorate-image\" style=\"max-width: 100%; height: auto; display: block; margin: 0 auto;\" src=\"https:\/\/reanpackaging.com\/wp-content\/uploads\/2025\/01\/1-description-Custom-Flip-Cover-Magnetic-Jewelry-Box-Printed-Logo-Gift-Package-Luxury-Gift-Boxes-for-Necklace-Packaging-Jewelry-Box.jpg\" \/><br \/>\n<img decoding=\"async\" class=\"detail-desc-decorate-image\" style=\"max-width: 100%; height: auto; display: block; margin: 0 auto;\" src=\"https:\/\/reanpackaging.com\/wp-content\/uploads\/2025\/01\/2-description-Custom-Flip-Cover-Magnetic-Jewelry-Box-Printed-Logo-Gift-Package-Luxury-Gift-Boxes-for-Necklace-Packaging-Jewelry-Box.jpg\" \/><br \/>\n<img decoding=\"async\" class=\"detail-desc-decorate-image\" style=\"max-width: 100%; height: auto; display: block; margin: 0 auto;\" src=\"https:\/\/reanpackaging.com\/wp-content\/uploads\/2025\/01\/3-description-Custom-Flip-Cover-Magnetic-Jewelry-Box-Printed-Logo-Gift-Package-Luxury-Gift-Boxes-for-Necklace-Packaging-Jewelry-Box.jpg\" \/><br \/>\n<img decoding=\"async\" class=\"detail-desc-decorate-image\" style=\"max-width: 100%; height: auto; display: block; margin: 0 auto;\" src=\"https:\/\/reanpackaging.com\/wp-content\/uploads\/2025\/01\/4-description-Custom-Flip-Cover-Magnetic-Jewelry-Box-Printed-Logo-Gift-Package-Luxury-Gift-Boxes-for-Necklace-Packaging-Jewelry-Box.jpg\" \/><br \/>\n<img decoding=\"async\" class=\"detail-desc-decorate-image\" style=\"max-width: 100%; height: auto; display: block; margin: 0 auto;\" src=\"https:\/\/reanpackaging.com\/wp-content\/uploads\/2025\/01\/5-description-Custom-Flip-Cover-Magnetic-Jewelry-Box-Printed-Logo-Gift-Package-Luxury-Gift-Boxes-for-Necklace-Packaging-Jewelry-Box.jpg\" \/><\/p>","protected":false},"excerpt":{"rendered":"<p>Industry-Specific Attributes Industrial Use Jewelry &amp; Watch &amp; Eyewear Paper Type Customizable Feature High-End, Fashion Trend box type Aircraft boxes Other Attributes Shape Oblong Printing Handling Customizable Custom Order Accept Logo printing Customizable Accessories Customizable Liner type Customizable Item paper cylinder with eva Size Customized Size Printing Embossing, Glossy Lamination, Matt Lamination,UV Coating etc Material [&hellip;]<\/p>\n","protected":false},"featured_media":34593,"template":"","meta":{"_seopress_robots_primary_cat":"none","_seopress_titles_title":"","_seopress_titles_desc":"","_seopress_robots_index":"","site-sidebar-layout":"default","site-content-layout":"","ast-site-content-layout":"default","site-content-style":"default","site-sidebar-style":"default","ast-global-header-display":"","ast-banner-title-visibility":"","ast-main-header-display":"","ast-hfb-above-header-display":"","ast-hfb-below-header-display":"","ast-hfb-mobile-header-display":"","site-post-title":"","ast-breadcrumbs-content":"","ast-featured-img":"","footer-sml-layout":"","ast-disable-related-posts":"","theme-transparent-header-meta":"default","adv-header-id-meta":"","stick-header-meta":"default","header-above-stick-meta":"","header-main-stick-meta":"","header-below-stick-meta":"","astra-migrate-meta-layouts":"set","ast-page-background-enabled":"default","ast-page-background-meta":{"desktop":{"background-color":"","background-image":"","background-repeat":"repeat","background-position":"center center","background-size":"auto","background-attachment":"scroll","background-type":"","background-media":"","overlay-type":"","overlay-color":"","overlay-opacity":"","overlay-gradient":""},"tablet":{"background-color":"","background-image":"","background-repeat":"repeat","background-position":"center center","background-size":"auto","background-attachment":"scroll","background-type":"","background-media":"","overlay-type":"","overlay-color":"","overlay-opacity":"","overlay-gradient":""},"mobile":{"background-color":"","background-image":"","background-repeat":"repeat","background-position":"center center","background-size":"auto","background-attachment":"scroll","background-type":"","background-media":"","overlay-type":"","overlay-color":"","overlay-opacity":"","overlay-gradient":""}},"ast-content-background-meta":{"desktop":{"background-color":"var(--ast-global-color-5)","background-image":"","background-repeat":"repeat","background-position":"center center","background-size":"auto","background-attachment":"scroll","background-type":"","background-media":"","overlay-type":"","overlay-color":"","overlay-opacity":"","overlay-gradient":""},"tablet":{"background-color":"var(--ast-global-color-5)","background-image":"","background-repeat":"repeat","background-position":"center center","background-size":"auto","background-attachment":"scroll","background-type":"","background-media":"","overlay-type":"","overlay-color":"","overlay-opacity":"","overlay-gradient":""},"mobile":{"background-color":"var(--ast-global-color-5)","background-image":"","background-repeat":"repeat","background-position":"center center","background-size":"auto","background-attachment":"scroll","background-type":"","background-media":"","overlay-type":"","overlay-color":"","overlay-opacity":"","overlay-gradient":""}}},"product_brand":[],"product_cat":[85],"product_tag":[],"class_list":{"0":"post-34817","1":"product","2":"type-product","3":"status-publish","4":"has-post-thumbnail","6":"product_cat-necklace-box","7":"desktop-align-left","8":"tablet-align-left","9":"mobile-align-left","10":"ast-product-gallery-layout-horizontal","11":"ast-product-tabs-layout-horizontal","13":"first","14":"instock","15":"product-type-simple"},"_links":{"self":[{"href":"https:\/\/reanpackaging.com\/es\/wp-json\/wp\/v2\/product\/34817","targetHints":{"allow":["GET"]}}],"collection":[{"href":"https:\/\/reanpackaging.com\/es\/wp-json\/wp\/v2\/product"}],"about":[{"href":"https:\/\/reanpackaging.com\/es\/wp-json\/wp\/v2\/types\/product"}],"wp:featuredmedia":[{"embeddable":true,"href":"https:\/\/reanpackaging.com\/es\/wp-json\/wp\/v2\/media\/34593"}],"wp:attachment":[{"href":"https:\/\/reanpackaging.com\/es\/wp-json\/wp\/v2\/media?parent=34817"}],"wp:term":[{"taxonomy":"product_brand","embeddable":true,"href":"https:\/\/reanpackaging.com\/es\/wp-json\/wp\/v2\/product_brand?post=34817"},{"taxonomy":"product_cat","embeddable":true,"href":"https:\/\/reanpackaging.com\/es\/wp-json\/wp\/v2\/product_cat?post=34817"},{"taxonomy":"product_tag","embeddable":true,"href":"https:\/\/reanpackaging.com\/es\/wp-json\/wp\/v2\/product_tag?post=34817"}],"curies":[{"name":"wp","href":"https:\/\/api.w.org\/{rel}","templated":true}]}}