{"id":36381,"date":"2025-01-09T16:06:08","date_gmt":"2025-01-09T16:06:08","guid":{"rendered":"https:\/\/reanpackaging.com\/product\/bracelet-boutique-gift-box-necklace-ring-packaging-boxes-high-end-atmosphere-box-gift\/"},"modified":"2025-01-09T16:23:35","modified_gmt":"2025-01-09T16:23:35","slug":"bracelet-boutique-gift-box-necklace-ring-packaging-boxes-high-end-atmosphere-box-gift","status":"publish","type":"product","link":"https:\/\/reanpackaging.com\/es\/producto\/bracelet-boutique-gift-box-necklace-ring-packaging-boxes-high-end-atmosphere-box-gift\/","title":{"rendered":"Pulsera Boutique Caja de regalo Collar Anillo Cajas de embalaje de gama alta Atm\u00f3sfera Caja de regalo"},"content":{"rendered":"<h4>Atributos espec\u00edficos del sector<\/h4>\n<table border=\"1\">\n<tbody>\n<tr>\n<td><strong>Uso industrial<\/strong><\/td>\n<td>Joyer\u00eda &amp; Relojer\u00eda &amp; Gafas<\/td>\n<\/tr>\n<tr>\n<td><strong>Tipo de papel<\/strong><\/td>\n<td>Papel estucado<\/td>\n<\/tr>\n<tr>\n<td><strong>Caracter\u00edstica<\/strong><\/td>\n<td>Alta gama, materiales reciclados, reciclable, biodegradable, hecho a mano<\/td>\n<\/tr>\n<tr>\n<td><strong>tipo de caja<\/strong><\/td>\n<td>Cajas r\u00edgidas<\/td>\n<\/tr>\n<\/tbody>\n<\/table>\n<h4>Otros atributos<\/h4>\n<table border=\"1\">\n<tbody>\n<tr>\n<td><strong>Forma<\/strong><\/td>\n<td>Caja cuadrada<\/td>\n<\/tr>\n<tr>\n<td><strong>Manipulaci\u00f3n de la impresi\u00f3n<\/strong><\/td>\n<td>Impresi\u00f3n UV, l\u00e1mina de plata, laminado mate, barnizado, gofrado, estampado, laminado brillante, lacado UV, VANISHING, l\u00e1mina de oro, impresi\u00f3n offset, gofrado\/grabado en relieve<\/td>\n<\/tr>\n<tr>\n<td><strong>Pedido a medida<\/strong><\/td>\n<td>Acepte<\/td>\n<\/tr>\n<tr>\n<td><strong>Impresi\u00f3n de logotipos<\/strong><\/td>\n<td>Acepte<\/td>\n<\/tr>\n<tr>\n<td><strong>Accesorios<\/strong><\/td>\n<td>personalizado<\/td>\n<\/tr>\n<tr>\n<td><strong>Tipo de revestimiento<\/strong><\/td>\n<td>Cart\u00f3n, Esponja, EVA, Personalizado<\/td>\n<\/tr>\n<tr>\n<td><strong>Utilizaci\u00f3n<\/strong><\/td>\n<td>Caja de embalaje para joyer\u00eda<\/td>\n<\/tr>\n<tr>\n<td><strong>Material<\/strong><\/td>\n<td>Cart\u00f3n<\/td>\n<\/tr>\n<tr>\n<td><strong>Talla<\/strong><\/td>\n<td>8*8*2 cm<\/td>\n<\/tr>\n<tr>\n<td><strong>Logotipo<\/strong><\/td>\n<td>Logotipo del cliente<\/td>\n<\/tr>\n<tr>\n<td><strong>Color<\/strong><\/td>\n<td>Partone Color +CMYK<\/td>\n<\/tr>\n<tr>\n<td><strong>Impresi\u00f3n<\/strong><\/td>\n<td>Impresi\u00f3n en cuatricrom\u00eda CMYK<\/td>\n<\/tr>\n<tr>\n<td><strong>Acabado superficial<\/strong><\/td>\n<td>4C\/UV\/Laminaci\u00f3n\/Barniz\/Estampaci\u00f3n en caliente\/Embossing\/Estampaci\u00f3n<\/td>\n<\/tr>\n<tr>\n<td><strong>Dise\u00f1o<\/strong><\/td>\n<td>Dise\u00f1o personalizado (ofrecemos servicio OEM)<\/td>\n<\/tr>\n<tr>\n<td><strong>Tiempo de muestreo<\/strong><\/td>\n<td>3-5 d\u00edas laborables<\/td>\n<\/tr>\n<tr>\n<td><strong>MOQ<\/strong><\/td>\n<td>500 unidades<\/td>\n<\/tr>\n<\/tbody>\n<\/table>\n<p><img decoding=\"async\" class=\"detail-desc-decorate-image\" style=\"max-width: 100%; height: auto; display: block; margin: 0 auto;\" src=\"https:\/\/reanpackaging.com\/wp-content\/uploads\/2025\/01\/1-description-Bracelet-Boutique-Gift-Box-Necklace-Ring-Packaging-Boxes-High-end-Atmosphere-Box-Gift.jpg\" \/><br \/>\n<img decoding=\"async\" class=\"detail-desc-decorate-image\" style=\"max-width: 100%; height: auto; display: block; margin: 0 auto;\" src=\"https:\/\/reanpackaging.com\/wp-content\/uploads\/2025\/01\/2-description-Bracelet-Boutique-Gift-Box-Necklace-Ring-Packaging-Boxes-High-end-Atmosphere-Box-Gift.jpg\" \/><br \/>\n<img decoding=\"async\" class=\"detail-desc-decorate-image\" style=\"max-width: 100%; height: auto; display: block; margin: 0 auto;\" src=\"https:\/\/reanpackaging.com\/wp-content\/uploads\/2025\/01\/3-description-Bracelet-Boutique-Gift-Box-Necklace-Ring-Packaging-Boxes-High-end-Atmosphere-Box-Gift.jpg\" \/><br \/>\n<img decoding=\"async\" class=\"detail-desc-decorate-image\" style=\"max-width: 100%; height: auto; display: block; margin: 0 auto;\" src=\"https:\/\/reanpackaging.com\/wp-content\/uploads\/2025\/01\/4-description-Bracelet-Boutique-Gift-Box-Necklace-Ring-Packaging-Boxes-High-end-Atmosphere-Box-Gift.jpg\" \/><br \/>\n<img decoding=\"async\" class=\"detail-desc-decorate-image\" style=\"max-width: 100%; height: auto; display: block; margin: 0 auto;\" src=\"https:\/\/reanpackaging.com\/wp-content\/uploads\/2025\/01\/5-description-Bracelet-Boutique-Gift-Box-Necklace-Ring-Packaging-Boxes-High-end-Atmosphere-Box-Gift.jpg\" \/><\/p>","protected":false},"excerpt":{"rendered":"<p>Industry-Specific Attributes Industrial Use Jewelry &amp; Watch &amp; Eyewear Paper Type Coated Paper Feature High-End, Recycled Materials, Recyclable, Bio-degradable, Handmade box type Rigid Boxes Other Attributes Shape Square box Printing Handling UV printing, silver foil, Matt Lamination, Varnishing, Embossing, Stamping, Glossy Lamination, UV Coating, VANISHING, Gold Foil, Offset printing, Embossing\/Debossing Custom Order Accept Logo printing [&hellip;]<\/p>\n","protected":false},"featured_media":36144,"template":"","meta":{"_seopress_robots_primary_cat":"none","_seopress_titles_title":"Bracelet Boutique Gift Box Necklace Ring Packaging Boxes High-end Atmosphere Box Gift","_seopress_titles_desc":"","_seopress_robots_index":"","site-sidebar-layout":"default","site-content-layout":"","ast-site-content-layout":"default","site-content-style":"default","site-sidebar-style":"default","ast-global-header-display":"","ast-banner-title-visibility":"","ast-main-header-display":"","ast-hfb-above-header-display":"","ast-hfb-below-header-display":"","ast-hfb-mobile-header-display":"","site-post-title":"","ast-breadcrumbs-content":"","ast-featured-img":"","footer-sml-layout":"","ast-disable-related-posts":"","theme-transparent-header-meta":"default","adv-header-id-meta":"","stick-header-meta":"default","header-above-stick-meta":"","header-main-stick-meta":"","header-below-stick-meta":"","astra-migrate-meta-layouts":"set","ast-page-background-enabled":"default","ast-page-background-meta":{"desktop":{"background-color":"","background-image":"","background-repeat":"repeat","background-position":"center center","background-size":"auto","background-attachment":"scroll","background-type":"","background-media":"","overlay-type":"","overlay-color":"","overlay-opacity":"","overlay-gradient":""},"tablet":{"background-color":"","background-image":"","background-repeat":"repeat","background-position":"center center","background-size":"auto","background-attachment":"scroll","background-type":"","background-media":"","overlay-type":"","overlay-color":"","overlay-opacity":"","overlay-gradient":""},"mobile":{"background-color":"","background-image":"","background-repeat":"repeat","background-position":"center center","background-size":"auto","background-attachment":"scroll","background-type":"","background-media":"","overlay-type":"","overlay-color":"","overlay-opacity":"","overlay-gradient":""}},"ast-content-background-meta":{"desktop":{"background-color":"var(--ast-global-color-5)","background-image":"","background-repeat":"repeat","background-position":"center center","background-size":"auto","background-attachment":"scroll","background-type":"","background-media":"","overlay-type":"","overlay-color":"","overlay-opacity":"","overlay-gradient":""},"tablet":{"background-color":"var(--ast-global-color-5)","background-image":"","background-repeat":"repeat","background-position":"center center","background-size":"auto","background-attachment":"scroll","background-type":"","background-media":"","overlay-type":"","overlay-color":"","overlay-opacity":"","overlay-gradient":""},"mobile":{"background-color":"var(--ast-global-color-5)","background-image":"","background-repeat":"repeat","background-position":"center center","background-size":"auto","background-attachment":"scroll","background-type":"","background-media":"","overlay-type":"","overlay-color":"","overlay-opacity":"","overlay-gradient":""}}},"product_brand":[],"product_cat":[86],"product_tag":[],"class_list":{"0":"post-36381","1":"product","2":"type-product","3":"status-publish","4":"has-post-thumbnail","6":"product_cat-bracelet-box","7":"desktop-align-left","8":"tablet-align-left","9":"mobile-align-left","10":"ast-product-gallery-layout-horizontal","11":"ast-product-tabs-layout-horizontal","13":"first","14":"instock","15":"product-type-simple"},"_links":{"self":[{"href":"https:\/\/reanpackaging.com\/es\/wp-json\/wp\/v2\/product\/36381","targetHints":{"allow":["GET"]}}],"collection":[{"href":"https:\/\/reanpackaging.com\/es\/wp-json\/wp\/v2\/product"}],"about":[{"href":"https:\/\/reanpackaging.com\/es\/wp-json\/wp\/v2\/types\/product"}],"wp:featuredmedia":[{"embeddable":true,"href":"https:\/\/reanpackaging.com\/es\/wp-json\/wp\/v2\/media\/36144"}],"wp:attachment":[{"href":"https:\/\/reanpackaging.com\/es\/wp-json\/wp\/v2\/media?parent=36381"}],"wp:term":[{"taxonomy":"product_brand","embeddable":true,"href":"https:\/\/reanpackaging.com\/es\/wp-json\/wp\/v2\/product_brand?post=36381"},{"taxonomy":"product_cat","embeddable":true,"href":"https:\/\/reanpackaging.com\/es\/wp-json\/wp\/v2\/product_cat?post=36381"},{"taxonomy":"product_tag","embeddable":true,"href":"https:\/\/reanpackaging.com\/es\/wp-json\/wp\/v2\/product_tag?post=36381"}],"curies":[{"name":"wp","href":"https:\/\/api.w.org\/{rel}","templated":true}]}}