{"id":38987,"date":"2025-01-16T14:39:27","date_gmt":"2025-01-16T14:39:27","guid":{"rendered":"https:\/\/reanpackaging.com\/product\/recycled-kraft-paperboard-t-shirt-packaging-tube-boxes-bio-degradable-round-craft-paper-with-embossing-for-cosmetics-storage\/"},"modified":"2025-01-16T16:23:30","modified_gmt":"2025-01-16T16:23:30","slug":"recycled-kraft-paperboard-t-shirt-packaging-tube-boxes-bio-degradable-round-craft-paper-with-embossing-for-cosmetics-storage","status":"publish","type":"product","link":"https:\/\/reanpackaging.com\/es\/producto\/recycled-kraft-paperboard-t-shirt-packaging-tube-boxes-bio-degradable-round-craft-paper-with-embossing-for-cosmetics-storage\/","title":{"rendered":"Cart\u00f3n Kraft Reciclado Tubo de Embalaje para Camisetas Cajas de Papel redondas biodegradables con relieve para el almacenamiento de cosm\u00e9ticos"},"content":{"rendered":"<h4>Atributos espec\u00edficos del sector<\/h4>\n<table border=\"1\">\n<tbody>\n<tr>\n<td><strong>Uso industrial<\/strong><\/td>\n<td>Productos para el hogar \/Cosm\u00e9tica \/Alimentaci\u00f3n \/Regalos y artesan\u00eda<\/td>\n<\/tr>\n<tr>\n<td><strong>Tipo de papel<\/strong><\/td>\n<td>Papel para manualidades\/Papel especial\/Otros<\/td>\n<\/tr>\n<tr>\n<td><strong>Caracter\u00edstica<\/strong><\/td>\n<td>Biodegradable<\/td>\n<\/tr>\n<\/tbody>\n<\/table>\n<h4>Otros atributos<\/h4>\n<table border=\"1\">\n<tbody>\n<tr>\n<td><strong>Manipulaci\u00f3n de la impresi\u00f3n<\/strong><\/td>\n<td>Estampaci\u00f3n, Recubrimiento UV, Barnizado, Laminaci\u00f3n brillante, Estampaci\u00f3n, Laminaci\u00f3n mate, VANISHING, L\u00e1mina de oro<\/td>\n<\/tr>\n<tr>\n<td><strong>Talla<\/strong><\/td>\n<td>Personalice<\/td>\n<\/tr>\n<tr>\n<td><strong>Pedido a medida<\/strong><\/td>\n<td>Acepte<\/td>\n<\/tr>\n<tr>\n<td><strong>Estilo<\/strong><\/td>\n<td>Lujo<\/td>\n<\/tr>\n<tr>\n<td><strong>Utilice<\/strong><\/td>\n<td>caja de embalaje cil\u00edndrica para camiseta\/ropa<\/td>\n<\/tr>\n<tr>\n<td><strong>Material<\/strong><\/td>\n<td>Blanco\/negro\/marr\u00f3n Papel kraft+cart\u00f3n+revestido<\/td>\n<\/tr>\n<tr>\n<td><strong>Imprimiendo:<\/strong><\/td>\n<td>Estampaci\u00f3n en relieve, impresi\u00f3n CMYK\/Pantone, estampaci\u00f3n en caliente, etc.<\/td>\n<\/tr>\n<tr>\n<td><strong>Talla<\/strong><\/td>\n<td>D88*H50mm o personalizado<\/td>\n<\/tr>\n<tr>\n<td><strong>Plazo de entrega<\/strong><\/td>\n<td>15-25 d\u00edas<\/td>\n<\/tr>\n<tr>\n<td><strong>Tiempo de muestreo<\/strong><\/td>\n<td>7 d\u00edas<\/td>\n<\/tr>\n<tr>\n<td><strong>Calidad<\/strong><\/td>\n<td>Inspecci\u00f3n de control de calidad<\/td>\n<\/tr>\n<tr>\n<td><strong>Caracter\u00edstica<\/strong><\/td>\n<td>Reciclable<\/td>\n<\/tr>\n<\/tbody>\n<\/table>\n<p><img decoding=\"async\" class=\"detail-desc-decorate-image\" style=\"max-width: 100%; height: auto; display: block; margin: 0 auto;\" src=\"https:\/\/reanpackaging.com\/wp-content\/uploads\/2025\/01\/1-description-Recycled-Kraft-Paperboard-T-Shirt-Packaging-Tube-Boxes-Bio-Degradable-round-Craft-Paper-with-Embossing-for-Cosmetics-Storage.png\" \/><br \/>\n<img decoding=\"async\" class=\"detail-desc-decorate-image\" style=\"max-width: 100%; height: auto; display: block; margin: 0 auto;\" src=\"https:\/\/reanpackaging.com\/wp-content\/uploads\/2025\/01\/2-description-Recycled-Kraft-Paperboard-T-Shirt-Packaging-Tube-Boxes-Bio-Degradable-round-Craft-Paper-with-Embossing-for-Cosmetics-Storage.png\" \/><br \/>\n<img decoding=\"async\" class=\"detail-desc-decorate-image\" style=\"max-width: 100%; height: auto; display: block; margin: 0 auto;\" src=\"https:\/\/reanpackaging.com\/wp-content\/uploads\/2025\/01\/3-description-Recycled-Kraft-Paperboard-T-Shirt-Packaging-Tube-Boxes-Bio-Degradable-round-Craft-Paper-with-Embossing-for-Cosmetics-Storage.png\" \/><\/p>","protected":false},"excerpt":{"rendered":"<p>Industry-Specific Attributes Industrial Use Household Products \/Cosmetic \/Food \/Gift &amp; Craft Paper Type Craft Paper\/Specialty Paper\/Other Feature Bio-degradable Other Attributes Printing Handling Embossing, UV Coating, Varnishing, Glossy Lamination, Stamping, Matt Lamination, VANISHING, Gold Foil Size Customize Custom Order Accept Style Luxury Use cylinder packaging box for tshirt\/clothes Material White\/Black\/Brown Kraft Paper+Cardboard+Coated Printing: Embossing,CMYK\/Pantone printing, hot [&hellip;]<\/p>\n","protected":false},"featured_media":38833,"template":"","meta":{"_seopress_robots_primary_cat":"none","_seopress_titles_title":"Recycled Kraft Paperboard T-Shirt Packaging Tube Boxes Bio-Degradable round Craft Paper with Embossing for Cosmetics Storage","_seopress_titles_desc":"","_seopress_robots_index":"","site-sidebar-layout":"default","site-content-layout":"","ast-site-content-layout":"default","site-content-style":"default","site-sidebar-style":"default","ast-global-header-display":"","ast-banner-title-visibility":"","ast-main-header-display":"","ast-hfb-above-header-display":"","ast-hfb-below-header-display":"","ast-hfb-mobile-header-display":"","site-post-title":"","ast-breadcrumbs-content":"","ast-featured-img":"","footer-sml-layout":"","ast-disable-related-posts":"","theme-transparent-header-meta":"default","adv-header-id-meta":"","stick-header-meta":"default","header-above-stick-meta":"","header-main-stick-meta":"","header-below-stick-meta":"","astra-migrate-meta-layouts":"set","ast-page-background-enabled":"default","ast-page-background-meta":{"desktop":{"background-color":"","background-image":"","background-repeat":"repeat","background-position":"center center","background-size":"auto","background-attachment":"scroll","background-type":"","background-media":"","overlay-type":"","overlay-color":"","overlay-opacity":"","overlay-gradient":""},"tablet":{"background-color":"","background-image":"","background-repeat":"repeat","background-position":"center center","background-size":"auto","background-attachment":"scroll","background-type":"","background-media":"","overlay-type":"","overlay-color":"","overlay-opacity":"","overlay-gradient":""},"mobile":{"background-color":"","background-image":"","background-repeat":"repeat","background-position":"center center","background-size":"auto","background-attachment":"scroll","background-type":"","background-media":"","overlay-type":"","overlay-color":"","overlay-opacity":"","overlay-gradient":""}},"ast-content-background-meta":{"desktop":{"background-color":"var(--ast-global-color-5)","background-image":"","background-repeat":"repeat","background-position":"center center","background-size":"auto","background-attachment":"scroll","background-type":"","background-media":"","overlay-type":"","overlay-color":"","overlay-opacity":"","overlay-gradient":""},"tablet":{"background-color":"var(--ast-global-color-5)","background-image":"","background-repeat":"repeat","background-position":"center center","background-size":"auto","background-attachment":"scroll","background-type":"","background-media":"","overlay-type":"","overlay-color":"","overlay-opacity":"","overlay-gradient":""},"mobile":{"background-color":"var(--ast-global-color-5)","background-image":"","background-repeat":"repeat","background-position":"center center","background-size":"auto","background-attachment":"scroll","background-type":"","background-media":"","overlay-type":"","overlay-color":"","overlay-opacity":"","overlay-gradient":""}}},"product_brand":[],"product_cat":[88],"product_tag":[],"class_list":{"0":"post-38987","1":"product","2":"type-product","3":"status-publish","4":"has-post-thumbnail","6":"product_cat-round-gift-boxes","7":"desktop-align-left","8":"tablet-align-left","9":"mobile-align-left","10":"ast-product-gallery-layout-horizontal","11":"ast-product-tabs-layout-horizontal","13":"first","14":"instock","15":"product-type-simple"},"_links":{"self":[{"href":"https:\/\/reanpackaging.com\/es\/wp-json\/wp\/v2\/product\/38987","targetHints":{"allow":["GET"]}}],"collection":[{"href":"https:\/\/reanpackaging.com\/es\/wp-json\/wp\/v2\/product"}],"about":[{"href":"https:\/\/reanpackaging.com\/es\/wp-json\/wp\/v2\/types\/product"}],"wp:featuredmedia":[{"embeddable":true,"href":"https:\/\/reanpackaging.com\/es\/wp-json\/wp\/v2\/media\/38833"}],"wp:attachment":[{"href":"https:\/\/reanpackaging.com\/es\/wp-json\/wp\/v2\/media?parent=38987"}],"wp:term":[{"taxonomy":"product_brand","embeddable":true,"href":"https:\/\/reanpackaging.com\/es\/wp-json\/wp\/v2\/product_brand?post=38987"},{"taxonomy":"product_cat","embeddable":true,"href":"https:\/\/reanpackaging.com\/es\/wp-json\/wp\/v2\/product_cat?post=38987"},{"taxonomy":"product_tag","embeddable":true,"href":"https:\/\/reanpackaging.com\/es\/wp-json\/wp\/v2\/product_tag?post=38987"}],"curies":[{"name":"wp","href":"https:\/\/api.w.org\/{rel}","templated":true}]}}