{"id":41712,"date":"2025-01-19T09:42:39","date_gmt":"2025-01-19T09:42:39","guid":{"rendered":"https:\/\/reanpackaging.com\/product\/custom-gift-box-womens-jewelry-cosmetics-wedding-souvenirs-christmas-gifts-cardboard-wrap-flower-uv-sponge-art-embossing-tube\/"},"modified":"2025-01-19T11:19:14","modified_gmt":"2025-01-19T11:19:14","slug":"custom-gift-box-womens-jewelry-cosmetics-wedding-souvenirs-christmas-gifts-cardboard-wrap-flower-uv-sponge-art-embossing-tube","status":"publish","type":"product","link":"https:\/\/reanpackaging.com\/es\/producto\/custom-gift-box-womens-jewelry-cosmetics-wedding-souvenirs-christmas-gifts-cardboard-wrap-flower-uv-sponge-art-embossing-tube\/","title":{"rendered":"Caja de regalo personalizada Joyer\u00eda de las mujeres Cosm\u00e9ticos Recuerdos de boda Regalos de Navidad Envoltura de cart\u00f3n Flor UV Esponja Arte en relieve Tubo"},"content":{"rendered":"<h4>Atributos espec\u00edficos del sector<\/h4>\n<table border=\"1\">\n<tbody>\n<tr>\n<td><strong>Uso industrial<\/strong><\/td>\n<td>Cosm\u00e9tica,Joyer\u00eda,Relojes,Gafas,Zapatos,Ropa<\/td>\n<\/tr>\n<tr>\n<td><strong>Tipo de papel<\/strong><\/td>\n<td>Papel art\u00edstico, cartulina blanca, papel de espejo plateado,<\/td>\n<\/tr>\n<tr>\n<td><strong>Caracter\u00edstica<\/strong><\/td>\n<td>Reciclable<\/td>\n<\/tr>\n<tr>\n<td><strong>tipo de caja<\/strong><\/td>\n<td>Cajas r\u00edgidas<\/td>\n<\/tr>\n<\/tbody>\n<\/table>\n<h4>Otros atributos<\/h4>\n<table border=\"1\">\n<tbody>\n<tr>\n<td><strong>Forma<\/strong><\/td>\n<td>Rect\u00e1ngulo<\/td>\n<\/tr>\n<tr>\n<td><strong>Manipulaci\u00f3n de la impresi\u00f3n<\/strong><\/td>\n<td>Laminaci\u00f3n mate, Barnizado, Estampaci\u00f3n, Gofrado, Laminaci\u00f3n brillante, Recubrimiento UV, L\u00e1mina de oro, L\u00e1mina de plata, Huecograbado, TEXTURADO, GL\u0130TTER, CORTE L\u00c1SER, Bronceado, Impresi\u00f3n UV, Impresi\u00f3n offset, VANISHING, Gofrado\/Debossing, Impresi\u00f3n flexogr\u00e1fica, Estampaci\u00f3n en fr\u00edo, Laminado, Troquelado, Membranae tectoria, Serigraf\u00eda, Estampaci\u00f3n hologr\u00e1fica, L\u00e1mina de plata<\/td>\n<\/tr>\n<tr>\n<td><strong>Pedido a medida<\/strong><\/td>\n<td>Acepte<\/td>\n<\/tr>\n<tr>\n<td><strong>Impresi\u00f3n de logotipos<\/strong><\/td>\n<td>acepte<\/td>\n<\/tr>\n<tr>\n<td><strong>Accesorios<\/strong><\/td>\n<td>Asa, Cinta, Cierre magn\u00e9tico<\/td>\n<\/tr>\n<tr>\n<td><strong>Tipo de revestimiento<\/strong><\/td>\n<td>Pl\u00e1sticos, cart\u00f3n, esponja<\/td>\n<\/tr>\n<tr>\n<td><strong>Nombre del producto<\/strong><\/td>\n<td>Caja de flores<\/td>\n<\/tr>\n<tr>\n<td><strong>Estilo<\/strong><\/td>\n<td>A la moda<\/td>\n<\/tr>\n<tr>\n<td><strong>Utilizaci\u00f3n<\/strong><\/td>\n<td>Embalaje del producto<\/td>\n<\/tr>\n<tr>\n<td><strong>Talla<\/strong><\/td>\n<td>Se aceptan tallas especiales<\/td>\n<\/tr>\n<tr>\n<td><strong>Impresi\u00f3n<\/strong><\/td>\n<td>Aceptar impresi\u00f3n personalizada<\/td>\n<\/tr>\n<tr>\n<td><strong>Color<\/strong><\/td>\n<td>CMYK\/Color Pantone<\/td>\n<\/tr>\n<tr>\n<td><strong>Muestra<\/strong><\/td>\n<td>Disponible en<\/td>\n<\/tr>\n<tr>\n<td><strong>Funci\u00f3n<\/strong><\/td>\n<td>Multifuncional<\/td>\n<\/tr>\n<tr>\n<td><strong>Ventaja<\/strong><\/td>\n<td>Competitivo<\/td>\n<\/tr>\n<\/tbody>\n<\/table>\n<p><img decoding=\"async\" class=\"detail-desc-decorate-image\" style=\"max-width: 100%; height: auto; display: block; margin: 0 auto;\" src=\"https:\/\/reanpackaging.com\/wp-content\/uploads\/2025\/01\/1-description-Custom-Gift-Box-Womens-Jewelry-Cosmetics-Wedding-Souvenirs-Christmas-Gifts-Cardboard-Wrap-Flower-UV-Sponge-Art-Embossing-Tube.jpg\" \/><br \/>\n<img decoding=\"async\" class=\"detail-desc-decorate-image\" style=\"max-width: 100%; height: auto; display: block; margin: 0 auto;\" src=\"https:\/\/reanpackaging.com\/wp-content\/uploads\/2025\/01\/2-description-Custom-Gift-Box-Womens-Jewelry-Cosmetics-Wedding-Souvenirs-Christmas-Gifts-Cardboard-Wrap-Flower-UV-Sponge-Art-Embossing-Tube.jpg\" \/><br \/>\n<img decoding=\"async\" class=\"detail-desc-decorate-image\" style=\"max-width: 100%; height: auto; display: block; margin: 0 auto;\" src=\"https:\/\/reanpackaging.com\/wp-content\/uploads\/2025\/01\/3-description-Custom-Gift-Box-Womens-Jewelry-Cosmetics-Wedding-Souvenirs-Christmas-Gifts-Cardboard-Wrap-Flower-UV-Sponge-Art-Embossing-Tube.jpg\" \/><br \/>\n<img decoding=\"async\" class=\"detail-desc-decorate-image\" style=\"max-width: 100%; height: auto; display: block; margin: 0 auto;\" src=\"https:\/\/reanpackaging.com\/wp-content\/uploads\/2025\/01\/4-description-Custom-Gift-Box-Womens-Jewelry-Cosmetics-Wedding-Souvenirs-Christmas-Gifts-Cardboard-Wrap-Flower-UV-Sponge-Art-Embossing-Tube.jpg\" \/><br \/>\n<img decoding=\"async\" class=\"detail-desc-decorate-image\" style=\"max-width: 100%; height: auto; display: block; margin: 0 auto;\" src=\"https:\/\/reanpackaging.com\/wp-content\/uploads\/2025\/01\/5-description-Custom-Gift-Box-Womens-Jewelry-Cosmetics-Wedding-Souvenirs-Christmas-Gifts-Cardboard-Wrap-Flower-UV-Sponge-Art-Embossing-Tube.jpg\" \/><br \/>\n<img decoding=\"async\" class=\"detail-desc-decorate-image\" style=\"max-width: 100%; height: auto; display: block; margin: 0 auto;\" src=\"https:\/\/reanpackaging.com\/wp-content\/uploads\/2025\/01\/6-description-Custom-Gift-Box-Womens-Jewelry-Cosmetics-Wedding-Souvenirs-Christmas-Gifts-Cardboard-Wrap-Flower-UV-Sponge-Art-Embossing-Tube.jpg\" \/><br \/>\n<img decoding=\"async\" class=\"detail-desc-decorate-image\" style=\"max-width: 100%; height: auto; display: block; margin: 0 auto;\" src=\"https:\/\/reanpackaging.com\/wp-content\/uploads\/2025\/01\/7-description-Custom-Gift-Box-Womens-Jewelry-Cosmetics-Wedding-Souvenirs-Christmas-Gifts-Cardboard-Wrap-Flower-UV-Sponge-Art-Embossing-Tube.jpg\" \/><br \/>\n<img decoding=\"async\" class=\"detail-desc-decorate-image\" style=\"max-width: 100%; height: auto; display: block; margin: 0 auto;\" src=\"https:\/\/reanpackaging.com\/wp-content\/uploads\/2025\/01\/8-description-Custom-Gift-Box-Womens-Jewelry-Cosmetics-Wedding-Souvenirs-Christmas-Gifts-Cardboard-Wrap-Flower-UV-Sponge-Art-Embossing-Tube.jpg\" \/><br \/>\n<img decoding=\"async\" class=\"detail-desc-decorate-image\" style=\"max-width: 100%; height: auto; display: block; margin: 0 auto;\" src=\"https:\/\/reanpackaging.com\/wp-content\/uploads\/2025\/01\/9-description-Custom-Gift-Box-Womens-Jewelry-Cosmetics-Wedding-Souvenirs-Christmas-Gifts-Cardboard-Wrap-Flower-UV-Sponge-Art-Embossing-Tube.jpg\" \/><br \/>\n<img decoding=\"async\" class=\"detail-desc-decorate-image\" style=\"max-width: 100%; height: auto; display: block; margin: 0 auto;\" src=\"https:\/\/reanpackaging.com\/wp-content\/uploads\/2025\/01\/10-description-Custom-Gift-Box-Womens-Jewelry-Cosmetics-Wedding-Souvenirs-Christmas-Gifts-Cardboard-Wrap-Flower-UV-Sponge-Art-Embossing-Tube.jpg\" \/><br \/>\n<img decoding=\"async\" class=\"detail-desc-decorate-image\" style=\"max-width: 100%; height: auto; display: block; margin: 0 auto;\" src=\"https:\/\/reanpackaging.com\/wp-content\/uploads\/2025\/01\/11-description-Custom-Gift-Box-Womens-Jewelry-Cosmetics-Wedding-Souvenirs-Christmas-Gifts-Cardboard-Wrap-Flower-UV-Sponge-Art-Embossing-Tube.jpg\" \/><\/p>","protected":false},"excerpt":{"rendered":"<p>Industry-Specific Attributes Industrial Use Cosmetic,Jewelry,Watch,Eyewear,Shoes,Clothing Paper Type Art paper ,White card, Silver Mirror Paper, Feature Recyclable box type Rigid Boxes Other Attributes Shape Rectangle Printing Handling Matt Lamination, Varnishing, Stamping, Embossing, Glossy Lamination, UV Coating, Gold Foil, silver foil, Gravure printing, TEXTURED, GL\u0130TTER, LASER CUTTING, Bronzing, UV printing, Offset printing, VANISHING, Embossing\/Debossing, Flexographic Printing, Cold [&hellip;]<\/p>\n","protected":false},"featured_media":41431,"template":"","meta":{"_seopress_robots_primary_cat":"none","_seopress_titles_title":"","_seopress_titles_desc":"","_seopress_robots_index":"","site-sidebar-layout":"default","site-content-layout":"","ast-site-content-layout":"default","site-content-style":"default","site-sidebar-style":"default","ast-global-header-display":"","ast-banner-title-visibility":"","ast-main-header-display":"","ast-hfb-above-header-display":"","ast-hfb-below-header-display":"","ast-hfb-mobile-header-display":"","site-post-title":"","ast-breadcrumbs-content":"","ast-featured-img":"","footer-sml-layout":"","ast-disable-related-posts":"","theme-transparent-header-meta":"default","adv-header-id-meta":"","stick-header-meta":"default","header-above-stick-meta":"","header-main-stick-meta":"","header-below-stick-meta":"","astra-migrate-meta-layouts":"set","ast-page-background-enabled":"default","ast-page-background-meta":{"desktop":{"background-color":"","background-image":"","background-repeat":"repeat","background-position":"center center","background-size":"auto","background-attachment":"scroll","background-type":"","background-media":"","overlay-type":"","overlay-color":"","overlay-opacity":"","overlay-gradient":""},"tablet":{"background-color":"","background-image":"","background-repeat":"repeat","background-position":"center center","background-size":"auto","background-attachment":"scroll","background-type":"","background-media":"","overlay-type":"","overlay-color":"","overlay-opacity":"","overlay-gradient":""},"mobile":{"background-color":"","background-image":"","background-repeat":"repeat","background-position":"center center","background-size":"auto","background-attachment":"scroll","background-type":"","background-media":"","overlay-type":"","overlay-color":"","overlay-opacity":"","overlay-gradient":""}},"ast-content-background-meta":{"desktop":{"background-color":"var(--ast-global-color-5)","background-image":"","background-repeat":"repeat","background-position":"center center","background-size":"auto","background-attachment":"scroll","background-type":"","background-media":"","overlay-type":"","overlay-color":"","overlay-opacity":"","overlay-gradient":""},"tablet":{"background-color":"var(--ast-global-color-5)","background-image":"","background-repeat":"repeat","background-position":"center center","background-size":"auto","background-attachment":"scroll","background-type":"","background-media":"","overlay-type":"","overlay-color":"","overlay-opacity":"","overlay-gradient":""},"mobile":{"background-color":"var(--ast-global-color-5)","background-image":"","background-repeat":"repeat","background-position":"center center","background-size":"auto","background-attachment":"scroll","background-type":"","background-media":"","overlay-type":"","overlay-color":"","overlay-opacity":"","overlay-gradient":""}}},"product_brand":[],"product_cat":[89],"product_tag":[],"class_list":{"0":"post-41712","1":"product","2":"type-product","3":"status-publish","4":"has-post-thumbnail","6":"product_cat-flower-gift-boxes","7":"desktop-align-left","8":"tablet-align-left","9":"mobile-align-left","10":"ast-product-gallery-layout-horizontal","11":"ast-product-tabs-layout-horizontal","13":"first","14":"instock","15":"product-type-simple"},"_links":{"self":[{"href":"https:\/\/reanpackaging.com\/es\/wp-json\/wp\/v2\/product\/41712","targetHints":{"allow":["GET"]}}],"collection":[{"href":"https:\/\/reanpackaging.com\/es\/wp-json\/wp\/v2\/product"}],"about":[{"href":"https:\/\/reanpackaging.com\/es\/wp-json\/wp\/v2\/types\/product"}],"wp:featuredmedia":[{"embeddable":true,"href":"https:\/\/reanpackaging.com\/es\/wp-json\/wp\/v2\/media\/41431"}],"wp:attachment":[{"href":"https:\/\/reanpackaging.com\/es\/wp-json\/wp\/v2\/media?parent=41712"}],"wp:term":[{"taxonomy":"product_brand","embeddable":true,"href":"https:\/\/reanpackaging.com\/es\/wp-json\/wp\/v2\/product_brand?post=41712"},{"taxonomy":"product_cat","embeddable":true,"href":"https:\/\/reanpackaging.com\/es\/wp-json\/wp\/v2\/product_cat?post=41712"},{"taxonomy":"product_tag","embeddable":true,"href":"https:\/\/reanpackaging.com\/es\/wp-json\/wp\/v2\/product_tag?post=41712"}],"curies":[{"name":"wp","href":"https:\/\/api.w.org\/{rel}","templated":true}]}}