{"id":6190,"date":"2023-09-18T15:30:55","date_gmt":"2023-09-18T15:30:55","guid":{"rendered":"http:\/\/ibn.wyd.mybluehost.me\/reanpackaging.com\/?post_type=product&#038;p=6190"},"modified":"2024-10-01T17:00:38","modified_gmt":"2024-10-01T17:00:38","slug":"manufacturers-personalised-luxury-boutique-gift-paper-bag-packaging-custom-white-pink-paper-thank-you-gift-bags-with-logo-print","status":"publish","type":"product","link":"https:\/\/reanpackaging.com\/es\/producto\/manufacturers-personalised-luxury-boutique-gift-paper-bag-packaging-custom-white-pink-paper-thank-you-gift-bags-with-logo-print\/","title":{"rendered":"Fabricantes personalizados de lujo Boutique Regalo bolsa de papel de embalaje personalizado de papel rosa blanco Gracias bolsas de regalo con la impresi\u00f3n del logotipo"},"content":{"rendered":"<h4 class=\"md-end-block md-heading md-focus\"><span class=\"md-plain md-expand\">Atributos espec\u00edficos del sector<\/span><\/h4>\n<table class=\"md-table\">\n<tbody>\n<tr class=\"md-end-block md-focus-container\">\n<td><span class=\"td-span md-focus\"><span class=\"md-pair-s md-expand\"><strong><span class=\"md-plain\">Uso industrial<\/span><\/strong><\/span><\/span><\/td>\n<td><span class=\"td-span\"><span class=\"md-plain\">Calzado y ropa<\/span><\/span><\/td>\n<\/tr>\n<tr class=\"md-end-block\">\n<td><span class=\"td-span\"><span class=\"md-pair-s\"><strong><span class=\"md-plain\">Tipo de papel<\/span><\/strong><\/span><\/span><\/td>\n<td><span class=\"td-span\"><span class=\"md-plain\">Papel Kraft<\/span><\/span><\/td>\n<\/tr>\n<tr class=\"md-end-block md-focus-container\">\n<td><span class=\"td-span\"><span class=\"md-pair-s\"><strong><span class=\"md-plain\">Caracter\u00edstica<\/span><\/strong><\/span><\/span><\/td>\n<td><span class=\"td-span md-focus\"><span class=\"md-plain md-expand\">Materiales reciclados<\/span><\/span><\/td>\n<\/tr>\n<\/tbody>\n<\/table>\n<h4 class=\"md-end-block md-heading md-focus\"><span class=\"md-plain md-expand\">Otros atributos<\/span><\/h4>\n<table class=\"md-table\">\n<tbody>\n<tr class=\"md-end-block md-focus-container\">\n<td><span class=\"td-span md-focus\"><span class=\"md-pair-s md-expand\"><strong><span class=\"md-plain\">Manipulaci\u00f3n de superficies<\/span><\/strong><\/span><\/span><\/td>\n<td><span class=\"td-span\"><span class=\"md-plain\">Impresi\u00f3n flexogr\u00e1fica<\/span><\/span><\/td>\n<\/tr>\n<tr class=\"md-end-block\">\n<td><span class=\"td-span\"><span class=\"md-pair-s\"><strong><span class=\"md-plain\">Sellado y asa<\/span><\/strong><\/span><\/span><\/td>\n<td><span class=\"td-span\"><span class=\"md-plain\">Longitud del mango<\/span><\/span><\/td>\n<\/tr>\n<tr class=\"md-end-block\">\n<td><span class=\"td-span\"><span class=\"md-pair-s\"><strong><span class=\"md-plain\">Pedido a medida<\/span><\/strong><\/span><\/span><\/td>\n<td><span class=\"td-span\"><span class=\"md-plain\">Acepte<\/span><\/span><\/td>\n<\/tr>\n<tr class=\"md-end-block\">\n<td><span class=\"td-span\"><span class=\"md-pair-s\"><strong><span class=\"md-plain\">Nombre del producto<\/span><\/strong><\/span><\/span><\/td>\n<td><span class=\"td-span\"><span class=\"md-plain\">Bolsa de papel de regalo<\/span><\/span><\/td>\n<\/tr>\n<tr class=\"md-end-block\">\n<td><span class=\"td-span\"><span class=\"md-pair-s\"><strong><span class=\"md-plain\">Tama\u00f1o:<\/span><\/strong><\/span><\/span><\/td>\n<td><span class=\"td-span\"><span class=\"md-plain\">Personalizado Aceptar<\/span><\/span><\/td>\n<\/tr>\n<tr class=\"md-end-block\">\n<td><span class=\"td-span\"><span class=\"md-pair-s\"><strong><span class=\"md-plain\">Logotipo:<\/span><\/strong><\/span><\/span><\/td>\n<td><span class=\"td-span\"><span class=\"md-plain\">Acepta logotipo o patr\u00f3n personalizados<\/span><\/span><\/td>\n<\/tr>\n<tr class=\"md-end-block\">\n<td><span class=\"td-span\"><span class=\"md-pair-s\"><strong><span class=\"md-plain\">Palabra clave<\/span><\/strong><\/span><\/span><\/td>\n<td><span class=\"td-span\"><span class=\"md-plain\">bolsa de compras de papel;bolsa de regalo de papel;bolsa de embalaje de ropa<\/span><\/span><\/td>\n<\/tr>\n<tr class=\"md-end-block\">\n<td><span class=\"td-span\"><span class=\"md-pair-s\"><strong><span class=\"md-plain\">Utilizaci\u00f3n<\/span><\/strong><\/span><\/span><\/td>\n<td><span class=\"td-span\"><span class=\"md-plain\">Paquete<\/span><\/span><\/td>\n<\/tr>\n<tr class=\"md-end-block\">\n<td><span class=\"td-span\"><span class=\"md-pair-s\"><strong><span class=\"md-plain\">MOQ<\/span><\/strong><\/span><\/span><\/td>\n<td><span class=\"td-span\"><span class=\"md-plain\">100 unidades<\/span><\/span><\/td>\n<\/tr>\n<tr class=\"md-end-block\">\n<td><span class=\"td-span\"><span class=\"md-pair-s\"><strong><span class=\"md-plain\">Uso industrial<\/span><\/strong><\/span><\/span><\/td>\n<td><span class=\"td-span\"><span class=\"md-plain\">bolsa pepr para llevar<\/span><\/span><\/td>\n<\/tr>\n<tr class=\"md-end-block\">\n<td><span class=\"td-span\"><span class=\"md-pair-s\"><strong><span class=\"md-plain\">Tipo de f\u00e1brica<\/span><\/strong><\/span><\/span><\/td>\n<td><span class=\"td-span\"><span class=\"md-plain\">Servicio OEM y ODM<\/span><\/span><\/td>\n<\/tr>\n<tr class=\"md-end-block md-focus-container\">\n<td><span class=\"td-span\"><span class=\"md-pair-s\"><strong><span class=\"md-plain\">Tipo de tinta<\/span><\/strong><\/span><\/span><\/td>\n<td><span class=\"td-span md-focus\"><span class=\"md-plain md-expand\">Tinta de soja ecol\u00f3gica a base de agua<\/span><\/span><\/td>\n<\/tr>\n<\/tbody>\n<\/table>\n<h4 class=\"md-end-block md-heading md-focus\"><span class=\"md-plain md-expand\">Especificaci\u00f3n<\/span><\/h4>\n<table class=\"md-table\">\n<tbody>\n<tr class=\"md-end-block md-focus-container\">\n<td><span class=\"td-span md-focus\"><span class=\"md-pair-s md-expand\"><strong><span class=\"md-plain\">Material<\/span><\/strong><\/span><\/span><\/td>\n<td><span class=\"td-span\"><span class=\"md-plain\">papel cart\u00f3n blanco,papel cart\u00f3n blanco,papel estucado,papel kraft,cart\u00f3n ondulado,papel art\u00edstico,cartulina,papel especial,papel sin madera<\/span><\/span><\/td>\n<\/tr>\n<tr class=\"md-end-block\">\n<td><span class=\"td-span\"><span class=\"md-pair-s\"><strong><span class=\"md-plain\">Papel art\u00edstico<\/span><\/strong><\/span><\/span><\/td>\n<td><span class=\"td-span\"><span class=\"md-plain\">120g- 250g se utiliza normalmente para la bolsa de papel<\/span><\/span><\/td>\n<\/tr>\n<tr class=\"md-end-block\">\n<td><span class=\"td-span\"><span class=\"md-pair-s\"><strong><span class=\"md-plain\">Cart\u00f3n gris<\/span><\/strong><\/span><\/span><\/td>\n<td><span class=\"td-span\"><span class=\"md-plain\">De 650 g a 1600 g se utiliza normalmente para la caja de embalaje<\/span><\/span><\/td>\n<\/tr>\n<tr class=\"md-end-block\">\n<td><span class=\"td-span\"><span class=\"md-pair-s\"><strong><span class=\"md-plain\">Papel de fantas\u00eda<\/span><\/strong><\/span><\/span><\/td>\n<td><span class=\"td-span\"><span class=\"md-plain\">100g,120g,130g, dise\u00f1o y estilo diferentes<\/span><\/span><\/td>\n<\/tr>\n<tr class=\"md-end-block\">\n<td><span class=\"td-span\"><span class=\"md-pair-s\"><strong><span class=\"md-plain\">Otro papel<\/span><\/strong><\/span><\/span><\/td>\n<td><span class=\"td-span\"><span class=\"md-plain\">Papel ondulado, papel tela, cart\u00f3n, papel de aluminio, material reciclado<\/span><\/span><\/td>\n<\/tr>\n<tr class=\"md-end-block\">\n<td><span class=\"td-span\"><span class=\"md-pair-s\"><strong><span class=\"md-plain\">Accesorios<\/span><\/strong><\/span><\/span><\/td>\n<td><span class=\"td-span\"><span class=\"md-plain\">Im\u00e1n, cinta, forma de EVA , bandeja de pl\u00e1stico, esponja, flores, ventana de PVC\/PET\/PP<\/span><\/span><\/td>\n<\/tr>\n<tr class=\"md-end-block\">\n<td><span class=\"td-span\"><span class=\"md-pair-s\"><strong><span class=\"md-plain\">Impresi\u00f3n<\/span><\/strong><\/span><\/span><\/td>\n<td><span class=\"td-span\"><span class=\"md-plain\">Impresi\u00f3n offset a 4 colores CMYK, serigraf\u00eda, color Panton, impresi\u00f3n UV.<\/span><\/span><\/td>\n<\/tr>\n<tr class=\"md-end-block\">\n<td><span class=\"td-span\"><span class=\"md-pair-s\"><strong><span class=\"md-plain\">Tecnolog\u00eda de acabado<\/span><\/strong><\/span><\/span><\/td>\n<td><span class=\"td-span\"><span class=\"md-plain\">Barnizado UV, barnizado por zonas, gofrado, lamanitado brillante\/mate, estampado en caliente, troquelado, etc.<\/span><\/span><\/td>\n<\/tr>\n<tr class=\"md-end-block\">\n<td><span class=\"td-span\"><span class=\"md-pair-s\"><strong><span class=\"md-plain\">Marca<\/span><\/strong><\/span><\/span><\/td>\n<td><span class=\"td-span\"><span class=\"md-plain\">OEM y ODM est\u00e1n disponibles, y podemos imprimir el logotipo, que el suministro de los clientes.<\/span><\/span><\/td>\n<\/tr>\n<tr class=\"md-end-block\">\n<td><span class=\"td-span\"><span class=\"md-pair-s\"><strong><span class=\"md-plain\">\u00c1rea de impresi\u00f3n<\/span><\/strong><\/span><\/span><\/td>\n<td><span class=\"td-span\"><span class=\"md-plain\">100% Impresi\u00f3n o no, que en funci\u00f3n de la solicitud.<\/span><\/span><\/td>\n<\/tr>\n<tr class=\"md-end-block\">\n<td><span class=\"td-span\"><span class=\"md-pair-s\"><strong><span class=\"md-plain\">Embalaje<\/span><\/strong><\/span><\/span><\/td>\n<td><span class=\"td-span\"><span class=\"md-plain\">Los productos se embalan en cajas de cart\u00f3n est\u00e1ndar o seg\u00fan los requisitos del cliente.<\/span><\/span><\/td>\n<\/tr>\n<tr class=\"md-end-block\">\n<td><span class=\"td-span\"><span class=\"md-pair-s\"><strong><span class=\"md-plain\">Industria<\/span><\/strong><\/span><\/span><\/td>\n<td><span class=\"td-span\"><span class=\"md-plain\">Chocolate, vino, cosm\u00e9ticos, perfumes, ropa, joyas, tabaco, alimentos, regalos, productos cotidianos, editoriales, juguetes de regalo, art\u00edculos especiales, etc.<\/span><\/span><\/td>\n<\/tr>\n<tr class=\"md-end-block\">\n<td><span class=\"td-span\"><span class=\"md-pair-s\"><strong><span class=\"md-plain\">Muestra<\/span><\/strong><\/span><\/span><\/td>\n<td><span class=\"td-span\"><span class=\"md-plain\">3~5 d\u00edas despu\u00e9s de que se confirme la obra de arte.<\/span><\/span><\/td>\n<\/tr>\n<tr class=\"md-end-block md-focus-container\">\n<td><span class=\"td-span\"><span class=\"md-pair-s\"><strong><span class=\"md-plain\">Precio<\/span><\/strong><\/span><\/span><\/td>\n<td><span class=\"td-span md-focus\"><span class=\"md-plain md-expand\">Depende del tama\u00f1o, el material, la impresi\u00f3n, los acabados posteriores a la impresi\u00f3n, la cantidad y el embalaje.<\/span><\/span><\/td>\n<\/tr>\n<\/tbody>\n<\/table>\n<p><img fetchpriority=\"high\" decoding=\"async\" class=\"alignnone wp-image-6207\" src=\"http:\/\/ibn.wyd.mybluehost.me\/reanpackaging.com\/wp-content\/uploads\/2023\/09\/1-2-262x300.jpg\" alt=\"Fabricantes personalizados de lujo Boutique Regalo bolsa de papel de embalaje personalizado de papel rosa blanco Gracias bolsas de regalo con la impresi\u00f3n del logotipo -descripci\u00f3n - 1\" width=\"1336\" height=\"1530\" srcset=\"https:\/\/reanpackaging.com\/wp-content\/uploads\/2023\/09\/1-2-262x300.jpg 262w, https:\/\/reanpackaging.com\/wp-content\/uploads\/2023\/09\/1-2-768x880.jpg 768w, https:\/\/reanpackaging.com\/wp-content\/uploads\/2023\/09\/1-2-600x688.jpg 600w, https:\/\/reanpackaging.com\/wp-content\/uploads\/2023\/09\/1-2.jpg 800w\" sizes=\"(max-width: 1336px) 100vw, 1336px\" \/><\/p>\n<p><img decoding=\"async\" class=\"alignnone wp-image-6208\" src=\"http:\/\/ibn.wyd.mybluehost.me\/reanpackaging.com\/wp-content\/uploads\/2023\/09\/2-2-287x300.jpg\" alt=\"Fabricantes personalizados de lujo Boutique Regalo bolsa de papel de embalaje personalizado de papel rosa blanco Gracias bolsas de regalo con la impresi\u00f3n del logotipo -descripci\u00f3n - 2\" width=\"1336\" height=\"1397\" srcset=\"https:\/\/reanpackaging.com\/wp-content\/uploads\/2023\/09\/2-2-287x300.jpg 287w, https:\/\/reanpackaging.com\/wp-content\/uploads\/2023\/09\/2-2-768x803.jpg 768w, https:\/\/reanpackaging.com\/wp-content\/uploads\/2023\/09\/2-2-600x627.jpg 600w, https:\/\/reanpackaging.com\/wp-content\/uploads\/2023\/09\/2-2.jpg 800w\" sizes=\"(max-width: 1336px) 100vw, 1336px\" \/><\/p>\n<p><img decoding=\"async\" class=\"alignnone wp-image-6210\" src=\"http:\/\/ibn.wyd.mybluehost.me\/reanpackaging.com\/wp-content\/uploads\/2023\/09\/4-1-300x197.jpg\" alt=\"Fabricantes personalizados de lujo Boutique Regalo bolsa de papel de embalaje personalizado de papel rosa blanco Gracias bolsas de regalo con la impresi\u00f3n del logotipo -descripci\u00f3n - 4\" width=\"1246\" height=\"818\" srcset=\"https:\/\/reanpackaging.com\/wp-content\/uploads\/2023\/09\/4-1-300x197.jpg 300w, https:\/\/reanpackaging.com\/wp-content\/uploads\/2023\/09\/4-1-768x503.jpg 768w, https:\/\/reanpackaging.com\/wp-content\/uploads\/2023\/09\/4-1-600x393.jpg 600w, https:\/\/reanpackaging.com\/wp-content\/uploads\/2023\/09\/4-1.jpg 800w\" sizes=\"(max-width: 1246px) 100vw, 1246px\" \/><\/p>\n<p><img loading=\"lazy\" decoding=\"async\" class=\"alignnone wp-image-6211\" src=\"http:\/\/ibn.wyd.mybluehost.me\/reanpackaging.com\/wp-content\/uploads\/2023\/09\/5-2-280x300.jpg\" alt=\"Fabricantes personalizados de lujo Boutique Regalo bolsa de papel de embalaje personalizado de papel rosa blanco Gracias bolsas de regalo con la impresi\u00f3n del logotipo -descripci\u00f3n - 5\" width=\"1208\" height=\"1294\" srcset=\"https:\/\/reanpackaging.com\/wp-content\/uploads\/2023\/09\/5-2-280x300.jpg 280w, https:\/\/reanpackaging.com\/wp-content\/uploads\/2023\/09\/5-2-768x822.jpg 768w, https:\/\/reanpackaging.com\/wp-content\/uploads\/2023\/09\/5-2-600x642.jpg 600w, https:\/\/reanpackaging.com\/wp-content\/uploads\/2023\/09\/5-2.jpg 800w\" sizes=\"(max-width: 1208px) 100vw, 1208px\" \/><\/p>\n<p><img loading=\"lazy\" decoding=\"async\" class=\"alignnone wp-image-6212\" src=\"http:\/\/ibn.wyd.mybluehost.me\/reanpackaging.com\/wp-content\/uploads\/2023\/09\/6-1-256x300.jpg\" alt=\"Fabricantes personalizados de lujo Boutique Regalo bolsa de papel de embalaje personalizado de papel rosa blanco Gracias bolsas de regalo con la impresi\u00f3n del logotipo -descripci\u00f3n - 6\" width=\"1144\" height=\"1341\" srcset=\"https:\/\/reanpackaging.com\/wp-content\/uploads\/2023\/09\/6-1-256x300.jpg 256w, https:\/\/reanpackaging.com\/wp-content\/uploads\/2023\/09\/6-1-768x900.jpg 768w, https:\/\/reanpackaging.com\/wp-content\/uploads\/2023\/09\/6-1-600x703.jpg 600w, https:\/\/reanpackaging.com\/wp-content\/uploads\/2023\/09\/6-1.jpg 800w\" sizes=\"(max-width: 1144px) 100vw, 1144px\" \/><\/p>\n<p><img loading=\"lazy\" decoding=\"async\" class=\"alignnone wp-image-6215\" src=\"http:\/\/ibn.wyd.mybluehost.me\/reanpackaging.com\/wp-content\/uploads\/2023\/09\/9-2-300x292.jpg\" alt=\"Fabricantes personalizados de lujo Boutique Regalo bolsa de papel de embalaje personalizado de papel rosa blanco Gracias bolsas de regalo con la impresi\u00f3n del logotipo -descripci\u00f3n - 9\" width=\"1142\" height=\"1112\" srcset=\"https:\/\/reanpackaging.com\/wp-content\/uploads\/2023\/09\/9-2-300x292.jpg 300w, https:\/\/reanpackaging.com\/wp-content\/uploads\/2023\/09\/9-2-768x748.jpg 768w, https:\/\/reanpackaging.com\/wp-content\/uploads\/2023\/09\/9-2-600x584.jpg 600w, https:\/\/reanpackaging.com\/wp-content\/uploads\/2023\/09\/9-2.jpg 800w\" sizes=\"(max-width: 1142px) 100vw, 1142px\" \/><\/p>\n<p><img loading=\"lazy\" decoding=\"async\" class=\"alignnone wp-image-6216\" src=\"http:\/\/ibn.wyd.mybluehost.me\/reanpackaging.com\/wp-content\/uploads\/2023\/09\/10-300x293.jpg\" alt=\"Fabricantes personalizados de lujo Boutique Regalo bolsa de papel de embalaje personalizado de papel rosa blanco Gracias bolsas de regalo con la impresi\u00f3n del logotipo -descripci\u00f3n - 10\" width=\"1092\" height=\"1067\" srcset=\"https:\/\/reanpackaging.com\/wp-content\/uploads\/2023\/09\/10-300x293.jpg 300w, https:\/\/reanpackaging.com\/wp-content\/uploads\/2023\/09\/10-768x751.jpg 768w, https:\/\/reanpackaging.com\/wp-content\/uploads\/2023\/09\/10-600x587.jpg 600w, https:\/\/reanpackaging.com\/wp-content\/uploads\/2023\/09\/10.jpg 800w\" sizes=\"(max-width: 1092px) 100vw, 1092px\" \/><\/p>\n<p><img loading=\"lazy\" decoding=\"async\" class=\"alignnone wp-image-6217\" src=\"http:\/\/ibn.wyd.mybluehost.me\/reanpackaging.com\/wp-content\/uploads\/2023\/09\/11-220x300.jpg\" alt=\"Fabricantes personalizados de lujo Boutique Regalo bolsa de papel de embalaje personalizado de papel rosa blanco Gracias bolsas de regalo con la impresi\u00f3n del logotipo -descripci\u00f3n - 11\" width=\"1099\" height=\"1499\" srcset=\"https:\/\/reanpackaging.com\/wp-content\/uploads\/2023\/09\/11-220x300.jpg 220w, https:\/\/reanpackaging.com\/wp-content\/uploads\/2023\/09\/11-768x1049.jpg 768w\" sizes=\"(max-width: 1099px) 100vw, 1099px\" \/><\/p>","protected":false},"excerpt":{"rendered":"<p>Industry-specific attributes Industrial Use Shoes &amp; clothing Paper Type Kraft Paper Feature Recycled Materials Other Attributes Surface Handling Flexo Printing Sealing &amp; Handle Hand Length Handle Custom Order Accept Product name Gift Paper Packaging Bag Size: Customized Accept Logo: Accept Customized Logo or pattern Keyword paper shopping bag;paper gift bag;clothes packing bag Usage Package MOQ [&hellip;]<\/p>\n","protected":false},"featured_media":6193,"template":"","meta":{"_seopress_robots_primary_cat":"none","_seopress_titles_title":"","_seopress_titles_desc":"","_seopress_robots_index":"","site-sidebar-layout":"default","site-content-layout":"default","ast-site-content-layout":"default","site-content-style":"default","site-sidebar-style":"default","ast-global-header-display":"","ast-banner-title-visibility":"","ast-main-header-display":"","ast-hfb-above-header-display":"","ast-hfb-below-header-display":"","ast-hfb-mobile-header-display":"","site-post-title":"","ast-breadcrumbs-content":"","ast-featured-img":"","footer-sml-layout":"","ast-disable-related-posts":"","theme-transparent-header-meta":"default","adv-header-id-meta":"","stick-header-meta":"default","header-above-stick-meta":"","header-main-stick-meta":"","header-below-stick-meta":"","astra-migrate-meta-layouts":"set","ast-page-background-enabled":"default","ast-page-background-meta":{"desktop":{"background-color":"","background-image":"","background-repeat":"repeat","background-position":"center center","background-size":"auto","background-attachment":"scroll","background-type":"","background-media":"","overlay-type":"","overlay-color":"","overlay-opacity":"","overlay-gradient":""},"tablet":{"background-color":"","background-image":"","background-repeat":"repeat","background-position":"center center","background-size":"auto","background-attachment":"scroll","background-type":"","background-media":"","overlay-type":"","overlay-color":"","overlay-opacity":"","overlay-gradient":""},"mobile":{"background-color":"","background-image":"","background-repeat":"repeat","background-position":"center center","background-size":"auto","background-attachment":"scroll","background-type":"","background-media":"","overlay-type":"","overlay-color":"","overlay-opacity":"","overlay-gradient":""}},"ast-content-background-meta":{"desktop":{"background-color":"var(--ast-global-color-5)","background-image":"","background-repeat":"repeat","background-position":"center center","background-size":"auto","background-attachment":"scroll","background-type":"","background-media":"","overlay-type":"","overlay-color":"","overlay-opacity":"","overlay-gradient":""},"tablet":{"background-color":"var(--ast-global-color-5)","background-image":"","background-repeat":"repeat","background-position":"center center","background-size":"auto","background-attachment":"scroll","background-type":"","background-media":"","overlay-type":"","overlay-color":"","overlay-opacity":"","overlay-gradient":""},"mobile":{"background-color":"var(--ast-global-color-5)","background-image":"","background-repeat":"repeat","background-position":"center center","background-size":"auto","background-attachment":"scroll","background-type":"","background-media":"","overlay-type":"","overlay-color":"","overlay-opacity":"","overlay-gradient":""}}},"product_brand":[],"product_cat":[40,36,44],"product_tag":[],"class_list":{"0":"post-6190","1":"product","2":"type-product","3":"status-publish","4":"has-post-thumbnail","6":"product_cat-gift-bags","7":"product_cat-kraft-bags","8":"product_cat-paper-bags","9":"desktop-align-left","10":"tablet-align-left","11":"mobile-align-left","12":"ast-product-gallery-layout-horizontal","13":"ast-product-tabs-layout-horizontal","15":"first","16":"instock","17":"shipping-taxable","18":"purchasable","19":"product-type-simple"},"_links":{"self":[{"href":"https:\/\/reanpackaging.com\/es\/wp-json\/wp\/v2\/product\/6190","targetHints":{"allow":["GET"]}}],"collection":[{"href":"https:\/\/reanpackaging.com\/es\/wp-json\/wp\/v2\/product"}],"about":[{"href":"https:\/\/reanpackaging.com\/es\/wp-json\/wp\/v2\/types\/product"}],"wp:featuredmedia":[{"embeddable":true,"href":"https:\/\/reanpackaging.com\/es\/wp-json\/wp\/v2\/media\/6193"}],"wp:attachment":[{"href":"https:\/\/reanpackaging.com\/es\/wp-json\/wp\/v2\/media?parent=6190"}],"wp:term":[{"taxonomy":"product_brand","embeddable":true,"href":"https:\/\/reanpackaging.com\/es\/wp-json\/wp\/v2\/product_brand?post=6190"},{"taxonomy":"product_cat","embeddable":true,"href":"https:\/\/reanpackaging.com\/es\/wp-json\/wp\/v2\/product_cat?post=6190"},{"taxonomy":"product_tag","embeddable":true,"href":"https:\/\/reanpackaging.com\/es\/wp-json\/wp\/v2\/product_tag?post=6190"}],"curies":[{"name":"wp","href":"https:\/\/api.w.org\/{rel}","templated":true}]}}