{"id":6358,"date":"2023-09-20T07:29:23","date_gmt":"2023-09-20T07:29:23","guid":{"rendered":"http:\/\/ibn.wyd.mybluehost.me\/reanpackaging.com\/product\/custom-printed-food-grade-fast-food-take-away-packaging-greaseproof-paper-bag-for-french-fries-sandwich-roast-chicken\/"},"modified":"2024-10-01T16:59:48","modified_gmt":"2024-10-01T16:59:48","slug":"custom-printed-food-grade-fast-food-take-away-packaging-greaseproof-paper-bag-for-french-fries-sandwich-roast-chicken","status":"publish","type":"product","link":"https:\/\/reanpackaging.com\/es\/producto\/bolsa-de-papel-antigrasa-para-patatas-fritas-sandwich-pollo-asado\/","title":{"rendered":"Bolsa de papel antigrasa para patatas fritas, s\u00e1ndwich, pollo asado, envases de comida r\u00e1pida para llevar impresos a medida"},"content":{"rendered":"<h4>Atributos espec\u00edficos del sector<\/h4>\n<table border=\"1\">\n<tbody>\n<tr>\n<td><strong>Uso industrial<\/strong><\/td>\n<td>Alimentaci\u00f3n<\/td>\n<\/tr>\n<tr>\n<td><strong>Tipo de papel<\/strong><\/td>\n<td>Papel sulfurizado<\/td>\n<\/tr>\n<tr>\n<td><strong>Caracter\u00edstica<\/strong><\/td>\n<td>Reciclable<\/td>\n<\/tr>\n<\/tbody>\n<\/table>\n<h4>Otros atributos<\/h4>\n<table border=\"1\">\n<tbody>\n<tr>\n<td><strong>Lugar de origen<\/strong><\/td>\n<td>China<\/td>\n<\/tr>\n<tr>\n<td><strong>N\u00famero de modelo<\/strong><\/td>\n<td>T2July20bag-01<\/td>\n<\/tr>\n<tr>\n<td><strong>Manipulaci\u00f3n de superficies<\/strong><\/td>\n<td>Impresi\u00f3n offset<\/td>\n<\/tr>\n<tr>\n<td><strong>Sellado y asa<\/strong><\/td>\n<td>Asa de parche<\/td>\n<\/tr>\n<tr>\n<td><strong>Pedido a medida<\/strong><\/td>\n<td>Acepte<\/td>\n<\/tr>\n<tr>\n<td><strong>Utilizaci\u00f3n<\/strong><\/td>\n<td>Bolsa para envasado de alimentos<\/td>\n<\/tr>\n<tr>\n<td><strong>Talla<\/strong><\/td>\n<td>Se aceptan tallas especiales<\/td>\n<\/tr>\n<tr>\n<td><strong>Logotipo<\/strong><\/td>\n<td>Logotipo del cliente aceptado<\/td>\n<\/tr>\n<tr>\n<td><strong>Estilo<\/strong><\/td>\n<td>Lujo moderno<\/td>\n<\/tr>\n<tr>\n<td><strong>Mango<\/strong><\/td>\n<td>Asa de cuerda retorcida<\/td>\n<\/tr>\n<tr>\n<td><strong>Plazo de entrega<\/strong><\/td>\n<td>15-20 d\u00edas laborables<\/td>\n<\/tr>\n<tr>\n<td><strong>Palabra clave<\/strong><\/td>\n<td>Bolsa de papel para envases de dise\u00f1o personalizado<\/td>\n<\/tr>\n<\/tbody>\n<\/table>\n<p><img fetchpriority=\"high\" decoding=\"async\" class=\"wp-image-6405\" src=\"http:\/\/ibn.wyd.mybluehost.me\/reanpackaging.com\/wp-content\/uploads\/2023\/09\/1-6-226x300.jpg\" alt=\"bolsa de papel antigrasa para patatas fritas sandwich pollo asado\" width=\"1333\" height=\"1769\" srcset=\"https:\/\/reanpackaging.com\/wp-content\/uploads\/2023\/09\/1-6-226x300.jpg 226w, https:\/\/reanpackaging.com\/wp-content\/uploads\/2023\/09\/1-6-600x795.jpg 600w, https:\/\/reanpackaging.com\/wp-content\/uploads\/2023\/09\/1-6.jpg 750w\" sizes=\"(max-width: 1333px) 100vw, 1333px\" \/><\/p>\n<p><img decoding=\"async\" class=\"wp-image-6406\" src=\"http:\/\/ibn.wyd.mybluehost.me\/reanpackaging.com\/wp-content\/uploads\/2023\/09\/2-6-300x231.jpg\" alt=\"bolsa de papel antigrasa para patatas fritas sandwich pollo asado\" width=\"1340\" height=\"1032\" srcset=\"https:\/\/reanpackaging.com\/wp-content\/uploads\/2023\/09\/2-6-300x231.jpg 300w, https:\/\/reanpackaging.com\/wp-content\/uploads\/2023\/09\/2-6-600x462.jpg 600w, https:\/\/reanpackaging.com\/wp-content\/uploads\/2023\/09\/2-6.jpg 750w\" sizes=\"(max-width: 1340px) 100vw, 1340px\" \/><\/p>\n<p><img decoding=\"async\" class=\"wp-image-6407\" src=\"http:\/\/ibn.wyd.mybluehost.me\/reanpackaging.com\/wp-content\/uploads\/2023\/09\/3-6-218x300.jpg\" alt=\"bolsa de papel antigrasa para patatas fritas sandwich pollo asado\" width=\"1360\" height=\"1872\" srcset=\"https:\/\/reanpackaging.com\/wp-content\/uploads\/2023\/09\/3-6-218x300.jpg 218w, https:\/\/reanpackaging.com\/wp-content\/uploads\/2023\/09\/3-6-744x1024.jpg 744w, https:\/\/reanpackaging.com\/wp-content\/uploads\/2023\/09\/3-6-600x826.jpg 600w, https:\/\/reanpackaging.com\/wp-content\/uploads\/2023\/09\/3-6.jpg 750w\" sizes=\"(max-width: 1360px) 100vw, 1360px\" \/><\/p>\n<p><img loading=\"lazy\" decoding=\"async\" class=\"wp-image-6408\" src=\"http:\/\/ibn.wyd.mybluehost.me\/reanpackaging.com\/wp-content\/uploads\/2023\/09\/5-6-157x300.jpg\" alt=\"bolsa de papel antigrasa para patatas fritas sandwich pollo asado\" width=\"1340\" height=\"2561\" srcset=\"https:\/\/reanpackaging.com\/wp-content\/uploads\/2023\/09\/5-6-157x300.jpg 157w, https:\/\/reanpackaging.com\/wp-content\/uploads\/2023\/09\/5-6-536x1024.jpg 536w, https:\/\/reanpackaging.com\/wp-content\/uploads\/2023\/09\/5-6-600x1147.jpg 600w, https:\/\/reanpackaging.com\/wp-content\/uploads\/2023\/09\/5-6.jpg 750w\" sizes=\"(max-width: 1340px) 100vw, 1340px\" \/><\/p>\n<p><img loading=\"lazy\" decoding=\"async\" class=\"wp-image-6409\" src=\"http:\/\/ibn.wyd.mybluehost.me\/reanpackaging.com\/wp-content\/uploads\/2023\/09\/6-3-300x203.jpg\" alt=\"bolsa de papel antigrasa para patatas fritas sandwich pollo asado\" width=\"1337\" height=\"905\" srcset=\"https:\/\/reanpackaging.com\/wp-content\/uploads\/2023\/09\/6-3-300x203.jpg 300w, https:\/\/reanpackaging.com\/wp-content\/uploads\/2023\/09\/6-3-600x406.jpg 600w, https:\/\/reanpackaging.com\/wp-content\/uploads\/2023\/09\/6-3.jpg 750w\" sizes=\"(max-width: 1337px) 100vw, 1337px\" \/><\/p>","protected":false},"excerpt":{"rendered":"<p>Industry-Specific Attributes Industrial Use Food Paper Type Greaseproof Paper Feature Recyclable Other Attributes Place of Origin China Model Number T2July20bag-01 Surface Handling Offset printing Sealing &amp; Handle Patch Handle Custom Order Accept Usage Food Packaging Bag Size Custom Size Accepted Logo Customer Logo Accepted Style Modern Luxury Handle Twisted Rope Handle Lead time 15-20 Working [&hellip;]<\/p>\n","protected":false},"featured_media":6359,"template":"","meta":{"_seopress_robots_primary_cat":"none","_seopress_titles_title":"","_seopress_titles_desc":"","_seopress_robots_index":"","site-sidebar-layout":"default","site-content-layout":"default","ast-site-content-layout":"default","site-content-style":"default","site-sidebar-style":"default","ast-global-header-display":"","ast-banner-title-visibility":"","ast-main-header-display":"","ast-hfb-above-header-display":"","ast-hfb-below-header-display":"","ast-hfb-mobile-header-display":"","site-post-title":"","ast-breadcrumbs-content":"","ast-featured-img":"","footer-sml-layout":"","ast-disable-related-posts":"","theme-transparent-header-meta":"default","adv-header-id-meta":"","stick-header-meta":"default","header-above-stick-meta":"","header-main-stick-meta":"","header-below-stick-meta":"","astra-migrate-meta-layouts":"set","ast-page-background-enabled":"default","ast-page-background-meta":{"desktop":{"background-color":"","background-image":"","background-repeat":"repeat","background-position":"center center","background-size":"auto","background-attachment":"scroll","background-type":"","background-media":"","overlay-type":"","overlay-color":"","overlay-opacity":"","overlay-gradient":""},"tablet":{"background-color":"","background-image":"","background-repeat":"repeat","background-position":"center center","background-size":"auto","background-attachment":"scroll","background-type":"","background-media":"","overlay-type":"","overlay-color":"","overlay-opacity":"","overlay-gradient":""},"mobile":{"background-color":"","background-image":"","background-repeat":"repeat","background-position":"center center","background-size":"auto","background-attachment":"scroll","background-type":"","background-media":"","overlay-type":"","overlay-color":"","overlay-opacity":"","overlay-gradient":""}},"ast-content-background-meta":{"desktop":{"background-color":"var(--ast-global-color-5)","background-image":"","background-repeat":"repeat","background-position":"center center","background-size":"auto","background-attachment":"scroll","background-type":"","background-media":"","overlay-type":"","overlay-color":"","overlay-opacity":"","overlay-gradient":""},"tablet":{"background-color":"var(--ast-global-color-5)","background-image":"","background-repeat":"repeat","background-position":"center center","background-size":"auto","background-attachment":"scroll","background-type":"","background-media":"","overlay-type":"","overlay-color":"","overlay-opacity":"","overlay-gradient":""},"mobile":{"background-color":"var(--ast-global-color-5)","background-image":"","background-repeat":"repeat","background-position":"center center","background-size":"auto","background-attachment":"scroll","background-type":"","background-media":"","overlay-type":"","overlay-color":"","overlay-opacity":"","overlay-gradient":""}}},"product_brand":[],"product_cat":[30,36,44],"product_tag":[],"class_list":{"0":"post-6358","1":"product","2":"type-product","3":"status-publish","4":"has-post-thumbnail","6":"product_cat-food-packaging","7":"product_cat-kraft-bags","8":"product_cat-paper-bags","9":"desktop-align-left","10":"tablet-align-left","11":"mobile-align-left","12":"ast-product-gallery-layout-horizontal","13":"ast-product-tabs-layout-horizontal","15":"first","16":"instock","17":"purchasable","18":"product-type-simple"},"_links":{"self":[{"href":"https:\/\/reanpackaging.com\/es\/wp-json\/wp\/v2\/product\/6358","targetHints":{"allow":["GET"]}}],"collection":[{"href":"https:\/\/reanpackaging.com\/es\/wp-json\/wp\/v2\/product"}],"about":[{"href":"https:\/\/reanpackaging.com\/es\/wp-json\/wp\/v2\/types\/product"}],"wp:featuredmedia":[{"embeddable":true,"href":"https:\/\/reanpackaging.com\/es\/wp-json\/wp\/v2\/media\/6359"}],"wp:attachment":[{"href":"https:\/\/reanpackaging.com\/es\/wp-json\/wp\/v2\/media?parent=6358"}],"wp:term":[{"taxonomy":"product_brand","embeddable":true,"href":"https:\/\/reanpackaging.com\/es\/wp-json\/wp\/v2\/product_brand?post=6358"},{"taxonomy":"product_cat","embeddable":true,"href":"https:\/\/reanpackaging.com\/es\/wp-json\/wp\/v2\/product_cat?post=6358"},{"taxonomy":"product_tag","embeddable":true,"href":"https:\/\/reanpackaging.com\/es\/wp-json\/wp\/v2\/product_tag?post=6358"}],"curies":[{"name":"wp","href":"https:\/\/api.w.org\/{rel}","templated":true}]}}