{"id":65236,"date":"2025-02-13T10:47:22","date_gmt":"2025-02-13T10:47:22","guid":{"rendered":"https:\/\/reanpackaging.com\/product\/custom-print-home-office-bookshelf-decorative-faux-book-hidden-storage-gift-paper-box\/"},"modified":"2025-02-13T10:47:56","modified_gmt":"2025-02-13T10:47:56","slug":"custom-print-home-office-bookshelf-decorative-faux-book-hidden-storage-gift-paper-box","status":"publish","type":"product","link":"https:\/\/reanpackaging.com\/es\/producto\/custom-print-home-office-bookshelf-decorative-faux-book-hidden-storage-gift-paper-box\/","title":{"rendered":"Impresi\u00f3n personalizada Home Office Estanter\u00eda decorativa Faux Libro de almacenamiento oculto Regalo Caja de papel"},"content":{"rendered":"<h4>Atributos espec\u00edficos del sector<\/h4>\n<table border=\"1\">\n<tr>\n<td><strong>Uso industrial<\/strong><\/td>\n<td>Regalos y artesan\u00eda<\/td>\n<\/tr>\n<tr>\n<td><strong>Tipo de papel<\/strong><\/td>\n<td>Papel art\u00edstico<\/td>\n<\/tr>\n<tr>\n<td><strong>Caracter\u00edstica<\/strong><\/td>\n<td>Reciclable<\/td>\n<\/tr>\n<tr>\n<td><strong>tipo de caja<\/strong><\/td>\n<td>Cajas r\u00edgidas<\/td>\n<\/tr>\n<\/table>\n<h4>Otros atributos<\/h4>\n<table border=\"1\">\n<tr>\n<td><strong>Forma<\/strong><\/td>\n<td>rect\u00e1ngulo<\/td>\n<\/tr>\n<tr>\n<td><strong>Manipulaci\u00f3n de la impresi\u00f3n<\/strong><\/td>\n<td>Laminaci\u00f3n mate, estampaci\u00f3n, gofrado, laminaci\u00f3n brillante, lacado UV, l\u00e1mina dorada<\/td>\n<\/tr>\n<tr>\n<td><strong>Pedido a medida<\/strong><\/td>\n<td>Acepte<\/td>\n<\/tr>\n<tr>\n<td><strong>Impresi\u00f3n de logotipos<\/strong><\/td>\n<td>Acepte<\/td>\n<\/tr>\n<tr>\n<td><strong>Accesorios<\/strong><\/td>\n<td>Cierre magn\u00e9tico, Cinta, Asa, Ninguno<\/td>\n<\/tr>\n<tr>\n<td><strong>Tipo de revestimiento<\/strong><\/td>\n<td>Pl\u00e1sticos, cart\u00f3n, esponja, a medida<\/td>\n<\/tr>\n<tr>\n<td><strong>Nombre del art\u00edculo<\/strong><\/td>\n<td>decorar caja de libros<\/td>\n<\/tr>\n<tr>\n<td><strong>Utilizaci\u00f3n<\/strong><\/td>\n<td>oficina en casa decoraci\u00f3n factura joyer\u00eda tel\u00e9fono foto caja de almacenamiento<\/td>\n<\/tr>\n<tr>\n<td><strong>Color<\/strong><\/td>\n<td>rosa negro blanco custom<\/td>\n<\/tr>\n<tr>\n<td><strong>Material<\/strong><\/td>\n<td>cart\u00f3n + papel<\/td>\n<\/tr>\n<tr>\n<td><strong>Embalaje<\/strong><\/td>\n<td>funda de papel<\/td>\n<\/tr>\n<tr>\n<td><strong>MOQ<\/strong><\/td>\n<td>500 unidades<\/td>\n<\/tr>\n<tr>\n<td><strong>Tiempo de muestreo<\/strong><\/td>\n<td>5-7 d\u00edas laborables<\/td>\n<\/tr>\n<tr>\n<td><strong>Nombre del producto<\/strong><\/td>\n<td>Caja de cart\u00f3n para libros en forma de caja de regalo<\/td>\n<\/tr>\n<tr>\n<td><strong>Talla<\/strong><\/td>\n<td>tama\u00f1o personalizado o nuestro tama\u00f1o est\u00e1ndar<\/td>\n<\/tr>\n<tr>\n<td><strong>Logotipo<\/strong><\/td>\n<td>Logotipo personalizado<\/td>\n<\/tr>\n<\/table>\n<p><img decoding=\"async\" class=\"detail-desc-decorate-image\" src=\"https:\/\/reanpackaging.com\/wp-content\/uploads\/2025\/02\/1-description-Custom-Print-Home-Office-Bookshelf-Decorative-Faux-Book-Hidden-Storage-Gift-Paper-Box.jpg\" slate-data-type=\"image\" style=\"max-width: 100%; height: auto; display: block; margin: 0 auto;\"><br \/>\n<img decoding=\"async\" class=\"detail-desc-decorate-image\" src=\"https:\/\/reanpackaging.com\/wp-content\/uploads\/2025\/02\/2-description-Custom-Print-Home-Office-Bookshelf-Decorative-Faux-Book-Hidden-Storage-Gift-Paper-Box.jpg\" slate-data-type=\"image\" style=\"max-width: 100%; height: auto; display: block; margin: 0 auto;\"><br \/>\n<img decoding=\"async\" class=\"detail-desc-decorate-image\" src=\"https:\/\/reanpackaging.com\/wp-content\/uploads\/2025\/02\/3-description-Custom-Print-Home-Office-Bookshelf-Decorative-Faux-Book-Hidden-Storage-Gift-Paper-Box.jpg\" slate-data-type=\"image\" style=\"max-width: 100%; height: auto; display: block; margin: 0 auto;\"><\/p>","protected":false},"excerpt":{"rendered":"<p>Industry-Specific Attributes Industrial Use Gift &#038; Craft Paper Type Art Paper Feature Recyclable box type Rigid Boxes Other Attributes Shape rectangle Printing Handling Matt Lamination, Stamping, Embossing, Glossy Lamination, UV Coating, Gold Foil Custom Order Accept Logo printing Accept Accessories Magnetic closure, Ribbon, Handle, None Liner type Plastics, Paperboard, Sponge, custom Item name decorate book [&hellip;]<\/p>\n","protected":false},"featured_media":64960,"template":"","meta":{"_seopress_robots_primary_cat":"","_seopress_titles_title":"","_seopress_titles_desc":"","_seopress_robots_index":"","site-sidebar-layout":"default","site-content-layout":"","ast-site-content-layout":"default","site-content-style":"default","site-sidebar-style":"default","ast-global-header-display":"","ast-banner-title-visibility":"","ast-main-header-display":"","ast-hfb-above-header-display":"","ast-hfb-below-header-display":"","ast-hfb-mobile-header-display":"","site-post-title":"","ast-breadcrumbs-content":"","ast-featured-img":"","footer-sml-layout":"","ast-disable-related-posts":"","theme-transparent-header-meta":"","adv-header-id-meta":"","stick-header-meta":"","header-above-stick-meta":"","header-main-stick-meta":"","header-below-stick-meta":"","astra-migrate-meta-layouts":"default","ast-page-background-enabled":"default","ast-page-background-meta":{"desktop":{"background-color":"","background-image":"","background-repeat":"repeat","background-position":"center center","background-size":"auto","background-attachment":"scroll","background-type":"","background-media":"","overlay-type":"","overlay-color":"","overlay-opacity":"","overlay-gradient":""},"tablet":{"background-color":"","background-image":"","background-repeat":"repeat","background-position":"center center","background-size":"auto","background-attachment":"scroll","background-type":"","background-media":"","overlay-type":"","overlay-color":"","overlay-opacity":"","overlay-gradient":""},"mobile":{"background-color":"","background-image":"","background-repeat":"repeat","background-position":"center center","background-size":"auto","background-attachment":"scroll","background-type":"","background-media":"","overlay-type":"","overlay-color":"","overlay-opacity":"","overlay-gradient":""}},"ast-content-background-meta":{"desktop":{"background-color":"var(--ast-global-color-5)","background-image":"","background-repeat":"repeat","background-position":"center center","background-size":"auto","background-attachment":"scroll","background-type":"","background-media":"","overlay-type":"","overlay-color":"","overlay-opacity":"","overlay-gradient":""},"tablet":{"background-color":"var(--ast-global-color-5)","background-image":"","background-repeat":"repeat","background-position":"center center","background-size":"auto","background-attachment":"scroll","background-type":"","background-media":"","overlay-type":"","overlay-color":"","overlay-opacity":"","overlay-gradient":""},"mobile":{"background-color":"var(--ast-global-color-5)","background-image":"","background-repeat":"repeat","background-position":"center center","background-size":"auto","background-attachment":"scroll","background-type":"","background-media":"","overlay-type":"","overlay-color":"","overlay-opacity":"","overlay-gradient":""}}},"product_brand":[],"product_cat":[93],"product_tag":[],"class_list":{"0":"post-65236","1":"product","2":"type-product","3":"status-publish","4":"has-post-thumbnail","6":"product_cat-book-style-boxes","7":"desktop-align-left","8":"tablet-align-left","9":"mobile-align-left","10":"ast-product-gallery-layout-horizontal","11":"ast-product-tabs-layout-horizontal","13":"first","14":"instock","15":"product-type-simple"},"_links":{"self":[{"href":"https:\/\/reanpackaging.com\/es\/wp-json\/wp\/v2\/product\/65236","targetHints":{"allow":["GET"]}}],"collection":[{"href":"https:\/\/reanpackaging.com\/es\/wp-json\/wp\/v2\/product"}],"about":[{"href":"https:\/\/reanpackaging.com\/es\/wp-json\/wp\/v2\/types\/product"}],"wp:featuredmedia":[{"embeddable":true,"href":"https:\/\/reanpackaging.com\/es\/wp-json\/wp\/v2\/media\/64960"}],"wp:attachment":[{"href":"https:\/\/reanpackaging.com\/es\/wp-json\/wp\/v2\/media?parent=65236"}],"wp:term":[{"taxonomy":"product_brand","embeddable":true,"href":"https:\/\/reanpackaging.com\/es\/wp-json\/wp\/v2\/product_brand?post=65236"},{"taxonomy":"product_cat","embeddable":true,"href":"https:\/\/reanpackaging.com\/es\/wp-json\/wp\/v2\/product_cat?post=65236"},{"taxonomy":"product_tag","embeddable":true,"href":"https:\/\/reanpackaging.com\/es\/wp-json\/wp\/v2\/product_tag?post=65236"}],"curies":[{"name":"wp","href":"https:\/\/api.w.org\/{rel}","templated":true}]}}