{"id":6906,"date":"2023-09-21T13:22:09","date_gmt":"2023-09-21T13:22:09","guid":{"rendered":"http:\/\/ibn.wyd.mybluehost.me\/reanpackaging.com\/product\/30cm-heart-shaped-bubble-packing-wrap-plastic-packaging-wrapping-bubble-poly-air-film-paper-rolls-bubble-cushioning-wrap\/"},"modified":"2023-09-21T13:37:47","modified_gmt":"2023-09-21T13:37:47","slug":"30cm-heart-shaped-bubble-packing-wrap-plastic-packaging-wrapping-bubble-poly-air-film-paper-rolls-bubble-cushioning-wrap","status":"publish","type":"product","link":"https:\/\/reanpackaging.com\/es\/producto\/30cm-heart-shaped-bubble-packing-wrap-plastic-packaging-wrapping-bubble-poly-air-film-paper-rolls-bubble-cushioning-wrap\/","title":{"rendered":"30cm en forma de coraz\u00f3n de burbujas de embalaje de pl\u00e1stico envoltorio de burbujas Poly Air Film Rollos de papel de burbujas de amortiguaci\u00f3n Wrap"},"content":{"rendered":"<h4>Atributos espec\u00edficos del sector<\/h4>\n<table border=\"1\">\n<tbody>\n<tr>\n<td><strong>Material<\/strong><\/td>\n<td>PE<\/td>\n<\/tr>\n<tr>\n<td><strong>Tipo<\/strong><\/td>\n<td>Pel\u00edcula protectora<\/td>\n<\/tr>\n<\/tbody>\n<\/table>\n<h4>Otros atributos<\/h4>\n<table border=\"1\">\n<tbody>\n<tr>\n<td><strong>Nombre del producto<\/strong><\/td>\n<td>Coraz\u00f3n Shap Bubble Packing Wrap Roll<\/td>\n<\/tr>\n<tr>\n<td><strong>Material<\/strong><\/td>\n<td>PE<\/td>\n<\/tr>\n<tr>\n<td><strong>Caracter\u00edstica<\/strong><\/td>\n<td>A prueba de golpes\/agua<\/td>\n<\/tr>\n<tr>\n<td><strong>Anchura<\/strong><\/td>\n<td>30 CM<\/td>\n<\/tr>\n<tr>\n<td><strong>Peso<\/strong><\/td>\n<td>80g\/\u33a1<\/td>\n<\/tr>\n<tr>\n<td><strong>Di\u00e1metro de la burbuja<\/strong><\/td>\n<td>1 cm<\/td>\n<\/tr>\n<tr>\n<td><strong>MOQ<\/strong><\/td>\n<td>1Ruedas<\/td>\n<\/tr>\n<tr>\n<td><strong>OEM<\/strong><\/td>\n<td>Aceptable<\/td>\n<\/tr>\n<tr>\n<td><strong>Car\u00e1cter<\/strong><\/td>\n<td>Resistente al agua, a los golpes y ligero<\/td>\n<\/tr>\n<tr>\n<td><strong>Principales usos<\/strong><\/td>\n<td>Embalajes expr\u00e9s, botellas de vidrio envasadas, productos cosm\u00e9ticos fr\u00e1giles, etc.<\/td>\n<\/tr>\n<\/tbody>\n<\/table>\n<p><img fetchpriority=\"high\" decoding=\"async\" class=\"alignnone wp-image-6948\" src=\"http:\/\/ibn.wyd.mybluehost.me\/reanpackaging.com\/wp-content\/uploads\/2023\/09\/a-description-30Cm-Heart-Shaped-Bubble-Packing-Wrap-Plastic-Packaging-Wrapping-Bubble-Poly-Air-Film-Paper-Rolls-Bubble-Cushioning-Wrap-300x250.png\" alt=\"30cm en forma de coraz\u00f3n de embalaje de burbujas de pl\u00e1stico de embalaje de burbujas de aire poli rollos de pel\u00edcula de papel de burbujas de amortiguaci\u00f3n envoltura\" width=\"1302\" height=\"1085\" srcset=\"https:\/\/reanpackaging.com\/wp-content\/uploads\/2023\/09\/a-description-30Cm-Heart-Shaped-Bubble-Packing-Wrap-Plastic-Packaging-Wrapping-Bubble-Poly-Air-Film-Paper-Rolls-Bubble-Cushioning-Wrap-300x250.png 300w, https:\/\/reanpackaging.com\/wp-content\/uploads\/2023\/09\/a-description-30Cm-Heart-Shaped-Bubble-Packing-Wrap-Plastic-Packaging-Wrapping-Bubble-Poly-Air-Film-Paper-Rolls-Bubble-Cushioning-Wrap-600x499.png 600w, https:\/\/reanpackaging.com\/wp-content\/uploads\/2023\/09\/a-description-30Cm-Heart-Shaped-Bubble-Packing-Wrap-Plastic-Packaging-Wrapping-Bubble-Poly-Air-Film-Paper-Rolls-Bubble-Cushioning-Wrap.png 750w\" sizes=\"(max-width: 1302px) 100vw, 1302px\" \/><\/p>\n<p><img decoding=\"async\" class=\"alignnone wp-image-6951\" src=\"http:\/\/ibn.wyd.mybluehost.me\/reanpackaging.com\/wp-content\/uploads\/2023\/09\/b-description-30Cm-Heart-Shaped-Bubble-Packing-Wrap-Plastic-Packaging-Wrapping-Bubble-Poly-Air-Film-Paper-Rolls-Bubble-Cushioning-Wrap-300x300.png\" alt=\"30cm en forma de coraz\u00f3n de embalaje de burbujas de pl\u00e1stico de embalaje de burbujas de aire poli rollos de pel\u00edcula de papel de burbujas de amortiguaci\u00f3n envoltura\" width=\"1302\" height=\"1302\" srcset=\"https:\/\/reanpackaging.com\/wp-content\/uploads\/2023\/09\/b-description-30Cm-Heart-Shaped-Bubble-Packing-Wrap-Plastic-Packaging-Wrapping-Bubble-Poly-Air-Film-Paper-Rolls-Bubble-Cushioning-Wrap-300x300.png 300w, https:\/\/reanpackaging.com\/wp-content\/uploads\/2023\/09\/b-description-30Cm-Heart-Shaped-Bubble-Packing-Wrap-Plastic-Packaging-Wrapping-Bubble-Poly-Air-Film-Paper-Rolls-Bubble-Cushioning-Wrap-1024x1024.png 1024w, https:\/\/reanpackaging.com\/wp-content\/uploads\/2023\/09\/b-description-30Cm-Heart-Shaped-Bubble-Packing-Wrap-Plastic-Packaging-Wrapping-Bubble-Poly-Air-Film-Paper-Rolls-Bubble-Cushioning-Wrap-150x150.png 150w, https:\/\/reanpackaging.com\/wp-content\/uploads\/2023\/09\/b-description-30Cm-Heart-Shaped-Bubble-Packing-Wrap-Plastic-Packaging-Wrapping-Bubble-Poly-Air-Film-Paper-Rolls-Bubble-Cushioning-Wrap-768x768.png 768w, https:\/\/reanpackaging.com\/wp-content\/uploads\/2023\/09\/b-description-30Cm-Heart-Shaped-Bubble-Packing-Wrap-Plastic-Packaging-Wrapping-Bubble-Poly-Air-Film-Paper-Rolls-Bubble-Cushioning-Wrap-600x600.png 600w, https:\/\/reanpackaging.com\/wp-content\/uploads\/2023\/09\/b-description-30Cm-Heart-Shaped-Bubble-Packing-Wrap-Plastic-Packaging-Wrapping-Bubble-Poly-Air-Film-Paper-Rolls-Bubble-Cushioning-Wrap-100x100.png 100w, https:\/\/reanpackaging.com\/wp-content\/uploads\/2023\/09\/b-description-30Cm-Heart-Shaped-Bubble-Packing-Wrap-Plastic-Packaging-Wrapping-Bubble-Poly-Air-Film-Paper-Rolls-Bubble-Cushioning-Wrap.png 1200w\" sizes=\"(max-width: 1302px) 100vw, 1302px\" \/><\/p>\n<p><img decoding=\"async\" class=\"alignnone wp-image-6954\" src=\"http:\/\/ibn.wyd.mybluehost.me\/reanpackaging.com\/wp-content\/uploads\/2023\/09\/c-description-30Cm-Heart-Shaped-Bubble-Packing-Wrap-Plastic-Packaging-Wrapping-Bubble-Poly-Air-Film-Paper-Rolls-Bubble-Cushioning-Wrap-300x283.png\" alt=\"30cm en forma de coraz\u00f3n de embalaje de burbujas de pl\u00e1stico de embalaje de burbujas de aire poli rollos de pel\u00edcula de papel de burbujas de amortiguaci\u00f3n envoltura\" width=\"1300\" height=\"1226\" srcset=\"https:\/\/reanpackaging.com\/wp-content\/uploads\/2023\/09\/c-description-30Cm-Heart-Shaped-Bubble-Packing-Wrap-Plastic-Packaging-Wrapping-Bubble-Poly-Air-Film-Paper-Rolls-Bubble-Cushioning-Wrap-300x283.png 300w, https:\/\/reanpackaging.com\/wp-content\/uploads\/2023\/09\/c-description-30Cm-Heart-Shaped-Bubble-Packing-Wrap-Plastic-Packaging-Wrapping-Bubble-Poly-Air-Film-Paper-Rolls-Bubble-Cushioning-Wrap-1024x967.png 1024w, https:\/\/reanpackaging.com\/wp-content\/uploads\/2023\/09\/c-description-30Cm-Heart-Shaped-Bubble-Packing-Wrap-Plastic-Packaging-Wrapping-Bubble-Poly-Air-Film-Paper-Rolls-Bubble-Cushioning-Wrap-768x725.png 768w, https:\/\/reanpackaging.com\/wp-content\/uploads\/2023\/09\/c-description-30Cm-Heart-Shaped-Bubble-Packing-Wrap-Plastic-Packaging-Wrapping-Bubble-Poly-Air-Film-Paper-Rolls-Bubble-Cushioning-Wrap-600x567.png 600w\" sizes=\"(max-width: 1300px) 100vw, 1300px\" \/><\/p>\n<p><img loading=\"lazy\" decoding=\"async\" class=\"alignnone wp-image-6958\" src=\"http:\/\/ibn.wyd.mybluehost.me\/reanpackaging.com\/wp-content\/uploads\/2023\/09\/d-description-30Cm-Heart-Shaped-Bubble-Packing-Wrap-Plastic-Packaging-Wrapping-Bubble-Poly-Air-Film-Paper-Rolls-Bubble-Cushioning-Wrap-245x300.png\" alt=\"30cm en forma de coraz\u00f3n de embalaje de burbujas de pl\u00e1stico de embalaje de burbujas de aire poli rollos de pel\u00edcula de papel de burbujas de amortiguaci\u00f3n envoltura\" width=\"1267\" height=\"1551\" srcset=\"https:\/\/reanpackaging.com\/wp-content\/uploads\/2023\/09\/d-description-30Cm-Heart-Shaped-Bubble-Packing-Wrap-Plastic-Packaging-Wrapping-Bubble-Poly-Air-Film-Paper-Rolls-Bubble-Cushioning-Wrap-245x300.png 245w, https:\/\/reanpackaging.com\/wp-content\/uploads\/2023\/09\/d-description-30Cm-Heart-Shaped-Bubble-Packing-Wrap-Plastic-Packaging-Wrapping-Bubble-Poly-Air-Film-Paper-Rolls-Bubble-Cushioning-Wrap-600x735.png 600w, https:\/\/reanpackaging.com\/wp-content\/uploads\/2023\/09\/d-description-30Cm-Heart-Shaped-Bubble-Packing-Wrap-Plastic-Packaging-Wrapping-Bubble-Poly-Air-Film-Paper-Rolls-Bubble-Cushioning-Wrap.png 739w\" sizes=\"(max-width: 1267px) 100vw, 1267px\" \/><\/p>\n<p><img loading=\"lazy\" decoding=\"async\" class=\"alignnone wp-image-6961\" src=\"http:\/\/ibn.wyd.mybluehost.me\/reanpackaging.com\/wp-content\/uploads\/2023\/09\/e-description-30Cm-Heart-Shaped-Bubble-Packing-Wrap-Plastic-Packaging-Wrapping-Bubble-Poly-Air-Film-Paper-Rolls-Bubble-Cushioning-Wrap-193x300.png\" alt=\"30cm en forma de coraz\u00f3n de embalaje de burbujas de pl\u00e1stico de embalaje de burbujas de aire poli rollos de pel\u00edcula de papel de burbujas de amortiguaci\u00f3n envoltura\" width=\"1303\" height=\"2025\" srcset=\"https:\/\/reanpackaging.com\/wp-content\/uploads\/2023\/09\/e-description-30Cm-Heart-Shaped-Bubble-Packing-Wrap-Plastic-Packaging-Wrapping-Bubble-Poly-Air-Film-Paper-Rolls-Bubble-Cushioning-Wrap-193x300.png 193w, https:\/\/reanpackaging.com\/wp-content\/uploads\/2023\/09\/e-description-30Cm-Heart-Shaped-Bubble-Packing-Wrap-Plastic-Packaging-Wrapping-Bubble-Poly-Air-Film-Paper-Rolls-Bubble-Cushioning-Wrap-600x931.png 600w\" sizes=\"(max-width: 1303px) 100vw, 1303px\" \/><\/p>\n<p><img loading=\"lazy\" decoding=\"async\" class=\"alignnone wp-image-6964\" src=\"http:\/\/ibn.wyd.mybluehost.me\/reanpackaging.com\/wp-content\/uploads\/2023\/09\/f-description-30Cm-Heart-Shaped-Bubble-Packing-Wrap-Plastic-Packaging-Wrapping-Bubble-Poly-Air-Film-Paper-Rolls-Bubble-Cushioning-Wrap-300x300.png\" alt=\"30cm en forma de coraz\u00f3n de embalaje de burbujas de pl\u00e1stico de embalaje de burbujas de aire poli rollos de pel\u00edcula de papel de burbujas de amortiguaci\u00f3n envoltura\" width=\"1305\" height=\"1305\" srcset=\"https:\/\/reanpackaging.com\/wp-content\/uploads\/2023\/09\/f-description-30Cm-Heart-Shaped-Bubble-Packing-Wrap-Plastic-Packaging-Wrapping-Bubble-Poly-Air-Film-Paper-Rolls-Bubble-Cushioning-Wrap-300x300.png 300w, https:\/\/reanpackaging.com\/wp-content\/uploads\/2023\/09\/f-description-30Cm-Heart-Shaped-Bubble-Packing-Wrap-Plastic-Packaging-Wrapping-Bubble-Poly-Air-Film-Paper-Rolls-Bubble-Cushioning-Wrap-1024x1024.png 1024w, https:\/\/reanpackaging.com\/wp-content\/uploads\/2023\/09\/f-description-30Cm-Heart-Shaped-Bubble-Packing-Wrap-Plastic-Packaging-Wrapping-Bubble-Poly-Air-Film-Paper-Rolls-Bubble-Cushioning-Wrap-150x150.png 150w, https:\/\/reanpackaging.com\/wp-content\/uploads\/2023\/09\/f-description-30Cm-Heart-Shaped-Bubble-Packing-Wrap-Plastic-Packaging-Wrapping-Bubble-Poly-Air-Film-Paper-Rolls-Bubble-Cushioning-Wrap-768x768.png 768w, https:\/\/reanpackaging.com\/wp-content\/uploads\/2023\/09\/f-description-30Cm-Heart-Shaped-Bubble-Packing-Wrap-Plastic-Packaging-Wrapping-Bubble-Poly-Air-Film-Paper-Rolls-Bubble-Cushioning-Wrap-600x600.png 600w, https:\/\/reanpackaging.com\/wp-content\/uploads\/2023\/09\/f-description-30Cm-Heart-Shaped-Bubble-Packing-Wrap-Plastic-Packaging-Wrapping-Bubble-Poly-Air-Film-Paper-Rolls-Bubble-Cushioning-Wrap-100x100.png 100w, https:\/\/reanpackaging.com\/wp-content\/uploads\/2023\/09\/f-description-30Cm-Heart-Shaped-Bubble-Packing-Wrap-Plastic-Packaging-Wrapping-Bubble-Poly-Air-Film-Paper-Rolls-Bubble-Cushioning-Wrap.png 1100w\" sizes=\"(max-width: 1305px) 100vw, 1305px\" \/><\/p>\n<p><img loading=\"lazy\" decoding=\"async\" class=\"alignnone wp-image-6966\" src=\"http:\/\/ibn.wyd.mybluehost.me\/reanpackaging.com\/wp-content\/uploads\/2023\/09\/g-description-30Cm-Heart-Shaped-Bubble-Packing-Wrap-Plastic-Packaging-Wrapping-Bubble-Poly-Air-Film-Paper-Rolls-Bubble-Cushioning-Wrap-300x300.png\" alt=\"30cm en forma de coraz\u00f3n de embalaje de burbujas de pl\u00e1stico de embalaje de burbujas de aire poli rollos de pel\u00edcula de papel de burbujas de amortiguaci\u00f3n envoltura\" width=\"1307\" height=\"1307\" srcset=\"https:\/\/reanpackaging.com\/wp-content\/uploads\/2023\/09\/g-description-30Cm-Heart-Shaped-Bubble-Packing-Wrap-Plastic-Packaging-Wrapping-Bubble-Poly-Air-Film-Paper-Rolls-Bubble-Cushioning-Wrap-300x300.png 300w, https:\/\/reanpackaging.com\/wp-content\/uploads\/2023\/09\/g-description-30Cm-Heart-Shaped-Bubble-Packing-Wrap-Plastic-Packaging-Wrapping-Bubble-Poly-Air-Film-Paper-Rolls-Bubble-Cushioning-Wrap-1024x1024.png 1024w, https:\/\/reanpackaging.com\/wp-content\/uploads\/2023\/09\/g-description-30Cm-Heart-Shaped-Bubble-Packing-Wrap-Plastic-Packaging-Wrapping-Bubble-Poly-Air-Film-Paper-Rolls-Bubble-Cushioning-Wrap-150x150.png 150w, https:\/\/reanpackaging.com\/wp-content\/uploads\/2023\/09\/g-description-30Cm-Heart-Shaped-Bubble-Packing-Wrap-Plastic-Packaging-Wrapping-Bubble-Poly-Air-Film-Paper-Rolls-Bubble-Cushioning-Wrap-768x768.png 768w, https:\/\/reanpackaging.com\/wp-content\/uploads\/2023\/09\/g-description-30Cm-Heart-Shaped-Bubble-Packing-Wrap-Plastic-Packaging-Wrapping-Bubble-Poly-Air-Film-Paper-Rolls-Bubble-Cushioning-Wrap-600x600.png 600w, https:\/\/reanpackaging.com\/wp-content\/uploads\/2023\/09\/g-description-30Cm-Heart-Shaped-Bubble-Packing-Wrap-Plastic-Packaging-Wrapping-Bubble-Poly-Air-Film-Paper-Rolls-Bubble-Cushioning-Wrap-100x100.png 100w, https:\/\/reanpackaging.com\/wp-content\/uploads\/2023\/09\/g-description-30Cm-Heart-Shaped-Bubble-Packing-Wrap-Plastic-Packaging-Wrapping-Bubble-Poly-Air-Film-Paper-Rolls-Bubble-Cushioning-Wrap.png 1100w\" sizes=\"(max-width: 1307px) 100vw, 1307px\" \/><\/p>","protected":false},"excerpt":{"rendered":"<p>Atributos espec\u00edficos de la industria Material PE Tipo Pel\u00edcula protectora Otros atributos Nombre del producto Rollo de embalaje de burbujas Heart Shap Material PE Caracter\u00edstica A prueba de golpes\/agua Ancho 30CM Peso 80g\/\u33a1 Di\u00e1metro de la burbuja 1cm MOQ 1Rolls OEM Aceptable Car\u00e1cter Impermeable, a prueba de golpes, ligero Usos principales Embalaje expr\u00e9s, botellas de vidrio embaladas, productos cosm\u00e9ticos fr\u00e1giles, etc.<\/p>","protected":false},"featured_media":6805,"template":"","meta":{"_seopress_robots_primary_cat":"none","_seopress_titles_title":"","_seopress_titles_desc":"","_seopress_robots_index":"","site-sidebar-layout":"default","site-content-layout":"default","ast-site-content-layout":"default","site-content-style":"default","site-sidebar-style":"default","ast-global-header-display":"","ast-banner-title-visibility":"","ast-main-header-display":"","ast-hfb-above-header-display":"","ast-hfb-below-header-display":"","ast-hfb-mobile-header-display":"","site-post-title":"","ast-breadcrumbs-content":"","ast-featured-img":"","footer-sml-layout":"","ast-disable-related-posts":"","theme-transparent-header-meta":"default","adv-header-id-meta":"","stick-header-meta":"default","header-above-stick-meta":"","header-main-stick-meta":"","header-below-stick-meta":"","astra-migrate-meta-layouts":"default","ast-page-background-enabled":"default","ast-page-background-meta":{"desktop":{"background-color":"","background-image":"","background-repeat":"repeat","background-position":"center center","background-size":"auto","background-attachment":"scroll","background-type":"","background-media":"","overlay-type":"","overlay-color":"","overlay-opacity":"","overlay-gradient":""},"tablet":{"background-color":"","background-image":"","background-repeat":"repeat","background-position":"center center","background-size":"auto","background-attachment":"scroll","background-type":"","background-media":"","overlay-type":"","overlay-color":"","overlay-opacity":"","overlay-gradient":""},"mobile":{"background-color":"","background-image":"","background-repeat":"repeat","background-position":"center center","background-size":"auto","background-attachment":"scroll","background-type":"","background-media":"","overlay-type":"","overlay-color":"","overlay-opacity":"","overlay-gradient":""}},"ast-content-background-meta":{"desktop":{"background-color":"var(--ast-global-color-5)","background-image":"","background-repeat":"repeat","background-position":"center center","background-size":"auto","background-attachment":"scroll","background-type":"","background-media":"","overlay-type":"","overlay-color":"","overlay-opacity":"","overlay-gradient":""},"tablet":{"background-color":"var(--ast-global-color-5)","background-image":"","background-repeat":"repeat","background-position":"center center","background-size":"auto","background-attachment":"scroll","background-type":"","background-media":"","overlay-type":"","overlay-color":"","overlay-opacity":"","overlay-gradient":""},"mobile":{"background-color":"var(--ast-global-color-5)","background-image":"","background-repeat":"repeat","background-position":"center center","background-size":"auto","background-attachment":"scroll","background-type":"","background-media":"","overlay-type":"","overlay-color":"","overlay-opacity":"","overlay-gradient":""}}},"product_brand":[],"product_cat":[45],"product_tag":[],"class_list":{"0":"post-6906","1":"product","2":"type-product","3":"status-publish","4":"has-post-thumbnail","6":"product_cat-bubble-wrap","7":"desktop-align-left","8":"tablet-align-left","9":"mobile-align-left","10":"ast-product-gallery-layout-horizontal","11":"ast-product-tabs-layout-horizontal","13":"first","14":"instock","15":"product-type-simple"},"_links":{"self":[{"href":"https:\/\/reanpackaging.com\/es\/wp-json\/wp\/v2\/product\/6906","targetHints":{"allow":["GET"]}}],"collection":[{"href":"https:\/\/reanpackaging.com\/es\/wp-json\/wp\/v2\/product"}],"about":[{"href":"https:\/\/reanpackaging.com\/es\/wp-json\/wp\/v2\/types\/product"}],"wp:featuredmedia":[{"embeddable":true,"href":"https:\/\/reanpackaging.com\/es\/wp-json\/wp\/v2\/media\/6805"}],"wp:attachment":[{"href":"https:\/\/reanpackaging.com\/es\/wp-json\/wp\/v2\/media?parent=6906"}],"wp:term":[{"taxonomy":"product_brand","embeddable":true,"href":"https:\/\/reanpackaging.com\/es\/wp-json\/wp\/v2\/product_brand?post=6906"},{"taxonomy":"product_cat","embeddable":true,"href":"https:\/\/reanpackaging.com\/es\/wp-json\/wp\/v2\/product_cat?post=6906"},{"taxonomy":"product_tag","embeddable":true,"href":"https:\/\/reanpackaging.com\/es\/wp-json\/wp\/v2\/product_tag?post=6906"}],"curies":[{"name":"wp","href":"https:\/\/api.w.org\/{rel}","templated":true}]}}