{"id":6912,"date":"2023-09-21T13:22:09","date_gmt":"2023-09-21T13:22:09","guid":{"rendered":"http:\/\/ibn.wyd.mybluehost.me\/reanpackaging.com\/product\/biodegradable-eco-friendly-custom-size-recycled-honeycomb-packaging-wrap-kraft-honeycomb-paper\/"},"modified":"2024-10-01T16:58:45","modified_gmt":"2024-10-01T16:58:45","slug":"biodegradable-eco-friendly-custom-size-recycled-honeycomb-packaging-wrap-kraft-honeycomb-paper","status":"publish","type":"product","link":"https:\/\/reanpackaging.com\/es\/producto\/biodegradable-ecologico-tamano-personalizado-reciclado-nido-de-abeja-envoltorio-papel-kraft-nido-de-abeja\/","title":{"rendered":"Biodegradable ecol\u00f3gico tama\u00f1o personalizado reciclado nido de abeja envoltura de papel kraft nido de abeja"},"content":{"rendered":"<h4>Atributos espec\u00edficos del sector<\/h4>\n<table border=\"1\">\n<tbody>\n<tr>\n<td><strong>Material<\/strong><\/td>\n<td>papel kraft de pasta virgen<\/td>\n<\/tr>\n<tr>\n<td><strong>Tipo<\/strong><\/td>\n<td>Papel protector<\/td>\n<\/tr>\n<\/tbody>\n<\/table>\n<h4>Otros atributos<\/h4>\n<table border=\"1\">\n<tbody>\n<tr>\n<td><strong>Color<\/strong><\/td>\n<td>Negro\/Rojo\/Rosa\/Azul claro<\/td>\n<\/tr>\n<tr>\n<td><strong>Utilizaci\u00f3n<\/strong><\/td>\n<td>envase<\/td>\n<\/tr>\n<tr>\n<td><strong>Caracter\u00edsticas<\/strong><\/td>\n<td>reciclable<\/td>\n<\/tr>\n<tr>\n<td><strong>OEM Y ODM<\/strong><\/td>\n<td>s\u00ed<\/td>\n<\/tr>\n<tr>\n<td><strong>Talla<\/strong><\/td>\n<td>250 metros\/rollo<\/td>\n<\/tr>\n<tr>\n<td><strong>Nombre del producto<\/strong><\/td>\n<td>papel de nido de abeja<\/td>\n<\/tr>\n<tr>\n<td><strong>Certificado<\/strong><\/td>\n<td>FSC<\/td>\n<\/tr>\n<tr>\n<td><strong>Espesor<\/strong><\/td>\n<td>80gsm<\/td>\n<\/tr>\n<tr>\n<td><strong>MOQ<\/strong><\/td>\n<td>10 rollos<\/td>\n<\/tr>\n<tr>\n<td><strong>Material<\/strong><\/td>\n<td>madera<\/td>\n<\/tr>\n<\/tbody>\n<\/table>\n<p><img fetchpriority=\"high\" decoding=\"async\" class=\"alignnone  wp-image-7041\" src=\"http:\/\/ibn.wyd.mybluehost.me\/reanpackaging.com\/wp-content\/uploads\/2023\/09\/a-description-Biodegradable-Eco-Friendly-Custom-Size-Recycled-Honeycomb-Packaging-Wrap-Kraft-Honeycomb-Paper-1-300x158.jpg\" alt=\"biodegradable ecol\u00f3gico tama\u00f1o personalizado reciclado nido de abeja envoltorio papel kraft nido de abeja\" width=\"1304\" height=\"687\" srcset=\"https:\/\/reanpackaging.com\/wp-content\/uploads\/2023\/09\/a-description-Biodegradable-Eco-Friendly-Custom-Size-Recycled-Honeycomb-Packaging-Wrap-Kraft-Honeycomb-Paper-1-300x158.jpg 300w, https:\/\/reanpackaging.com\/wp-content\/uploads\/2023\/09\/a-description-Biodegradable-Eco-Friendly-Custom-Size-Recycled-Honeycomb-Packaging-Wrap-Kraft-Honeycomb-Paper-1-600x315.jpg 600w, https:\/\/reanpackaging.com\/wp-content\/uploads\/2023\/09\/a-description-Biodegradable-Eco-Friendly-Custom-Size-Recycled-Honeycomb-Packaging-Wrap-Kraft-Honeycomb-Paper-1.jpg 750w\" sizes=\"(max-width: 1304px) 100vw, 1304px\" \/><\/p>\n<p><img decoding=\"async\" class=\"alignnone  wp-image-7042\" src=\"http:\/\/ibn.wyd.mybluehost.me\/reanpackaging.com\/wp-content\/uploads\/2023\/09\/b-description-Biodegradable-Eco-Friendly-Custom-Size-Recycled-Honeycomb-Packaging-Wrap-Kraft-Honeycomb-Paper-1-300x287.jpg\" alt=\"biodegradable ecol\u00f3gico tama\u00f1o personalizado reciclado nido de abeja envoltorio papel kraft nido de abeja\" width=\"1303\" height=\"1247\" srcset=\"https:\/\/reanpackaging.com\/wp-content\/uploads\/2023\/09\/b-description-Biodegradable-Eco-Friendly-Custom-Size-Recycled-Honeycomb-Packaging-Wrap-Kraft-Honeycomb-Paper-1-300x287.jpg 300w, https:\/\/reanpackaging.com\/wp-content\/uploads\/2023\/09\/b-description-Biodegradable-Eco-Friendly-Custom-Size-Recycled-Honeycomb-Packaging-Wrap-Kraft-Honeycomb-Paper-1-1024x979.jpg 1024w, https:\/\/reanpackaging.com\/wp-content\/uploads\/2023\/09\/b-description-Biodegradable-Eco-Friendly-Custom-Size-Recycled-Honeycomb-Packaging-Wrap-Kraft-Honeycomb-Paper-1-768x734.jpg 768w, https:\/\/reanpackaging.com\/wp-content\/uploads\/2023\/09\/b-description-Biodegradable-Eco-Friendly-Custom-Size-Recycled-Honeycomb-Packaging-Wrap-Kraft-Honeycomb-Paper-1-600x574.jpg 600w, https:\/\/reanpackaging.com\/wp-content\/uploads\/2023\/09\/b-description-Biodegradable-Eco-Friendly-Custom-Size-Recycled-Honeycomb-Packaging-Wrap-Kraft-Honeycomb-Paper-1.jpg 1300w\" sizes=\"(max-width: 1303px) 100vw, 1303px\" \/><\/p>\n<p><img decoding=\"async\" class=\"alignnone  wp-image-7043\" src=\"http:\/\/ibn.wyd.mybluehost.me\/reanpackaging.com\/wp-content\/uploads\/2023\/09\/c-description-Biodegradable-Eco-Friendly-Custom-Size-Recycled-Honeycomb-Packaging-Wrap-Kraft-Honeycomb-Paper-1-300x285.jpg\" alt=\"biodegradable ecol\u00f3gico tama\u00f1o personalizado reciclado nido de abeja envoltorio papel kraft nido de abeja\" width=\"1303\" height=\"1238\" srcset=\"https:\/\/reanpackaging.com\/wp-content\/uploads\/2023\/09\/c-description-Biodegradable-Eco-Friendly-Custom-Size-Recycled-Honeycomb-Packaging-Wrap-Kraft-Honeycomb-Paper-1-300x285.jpg 300w, https:\/\/reanpackaging.com\/wp-content\/uploads\/2023\/09\/c-description-Biodegradable-Eco-Friendly-Custom-Size-Recycled-Honeycomb-Packaging-Wrap-Kraft-Honeycomb-Paper-1-600x570.jpg 600w, https:\/\/reanpackaging.com\/wp-content\/uploads\/2023\/09\/c-description-Biodegradable-Eco-Friendly-Custom-Size-Recycled-Honeycomb-Packaging-Wrap-Kraft-Honeycomb-Paper-1.jpg 749w\" sizes=\"(max-width: 1303px) 100vw, 1303px\" \/><\/p>\n<p><img loading=\"lazy\" decoding=\"async\" class=\"alignnone  wp-image-7044\" src=\"http:\/\/ibn.wyd.mybluehost.me\/reanpackaging.com\/wp-content\/uploads\/2023\/09\/d-description-Biodegradable-Eco-Friendly-Custom-Size-Recycled-Honeycomb-Packaging-Wrap-Kraft-Honeycomb-Paper-1-300x172.jpg\" alt=\"biodegradable ecol\u00f3gico tama\u00f1o personalizado reciclado nido de abeja envoltorio papel kraft nido de abeja\" width=\"1303\" height=\"747\" srcset=\"https:\/\/reanpackaging.com\/wp-content\/uploads\/2023\/09\/d-description-Biodegradable-Eco-Friendly-Custom-Size-Recycled-Honeycomb-Packaging-Wrap-Kraft-Honeycomb-Paper-1-300x172.jpg 300w, https:\/\/reanpackaging.com\/wp-content\/uploads\/2023\/09\/d-description-Biodegradable-Eco-Friendly-Custom-Size-Recycled-Honeycomb-Packaging-Wrap-Kraft-Honeycomb-Paper-1-600x344.jpg 600w, https:\/\/reanpackaging.com\/wp-content\/uploads\/2023\/09\/d-description-Biodegradable-Eco-Friendly-Custom-Size-Recycled-Honeycomb-Packaging-Wrap-Kraft-Honeycomb-Paper-1.jpg 750w\" sizes=\"(max-width: 1303px) 100vw, 1303px\" \/><\/p>\n<p><img loading=\"lazy\" decoding=\"async\" class=\"alignnone  wp-image-7045\" src=\"http:\/\/ibn.wyd.mybluehost.me\/reanpackaging.com\/wp-content\/uploads\/2023\/09\/e-description-Biodegradable-Eco-Friendly-Custom-Size-Recycled-Honeycomb-Packaging-Wrap-Kraft-Honeycomb-Paper-1-300x300.jpg\" alt=\"biodegradable ecol\u00f3gico tama\u00f1o personalizado reciclado nido de abeja envoltorio papel kraft nido de abeja\" width=\"1287\" height=\"1287\" srcset=\"https:\/\/reanpackaging.com\/wp-content\/uploads\/2023\/09\/e-description-Biodegradable-Eco-Friendly-Custom-Size-Recycled-Honeycomb-Packaging-Wrap-Kraft-Honeycomb-Paper-1-300x300.jpg 300w, https:\/\/reanpackaging.com\/wp-content\/uploads\/2023\/09\/e-description-Biodegradable-Eco-Friendly-Custom-Size-Recycled-Honeycomb-Packaging-Wrap-Kraft-Honeycomb-Paper-1-1024x1024.jpg 1024w, https:\/\/reanpackaging.com\/wp-content\/uploads\/2023\/09\/e-description-Biodegradable-Eco-Friendly-Custom-Size-Recycled-Honeycomb-Packaging-Wrap-Kraft-Honeycomb-Paper-1-150x150.jpg 150w, https:\/\/reanpackaging.com\/wp-content\/uploads\/2023\/09\/e-description-Biodegradable-Eco-Friendly-Custom-Size-Recycled-Honeycomb-Packaging-Wrap-Kraft-Honeycomb-Paper-1-768x768.jpg 768w, https:\/\/reanpackaging.com\/wp-content\/uploads\/2023\/09\/e-description-Biodegradable-Eco-Friendly-Custom-Size-Recycled-Honeycomb-Packaging-Wrap-Kraft-Honeycomb-Paper-1-600x600.jpg 600w, https:\/\/reanpackaging.com\/wp-content\/uploads\/2023\/09\/e-description-Biodegradable-Eco-Friendly-Custom-Size-Recycled-Honeycomb-Packaging-Wrap-Kraft-Honeycomb-Paper-1-100x100.jpg 100w, https:\/\/reanpackaging.com\/wp-content\/uploads\/2023\/09\/e-description-Biodegradable-Eco-Friendly-Custom-Size-Recycled-Honeycomb-Packaging-Wrap-Kraft-Honeycomb-Paper-1.jpg 1300w\" sizes=\"(max-width: 1287px) 100vw, 1287px\" \/><\/p>\n<p><img loading=\"lazy\" decoding=\"async\" class=\"alignnone  wp-image-7046\" src=\"http:\/\/ibn.wyd.mybluehost.me\/reanpackaging.com\/wp-content\/uploads\/2023\/09\/f-description-Biodegradable-Eco-Friendly-Custom-Size-Recycled-Honeycomb-Packaging-Wrap-Kraft-Honeycomb-Paper-1-300x300.jpg\" alt=\"biodegradable ecol\u00f3gico tama\u00f1o personalizado reciclado nido de abeja envoltorio papel kraft nido de abeja\" width=\"1291\" height=\"1291\" srcset=\"https:\/\/reanpackaging.com\/wp-content\/uploads\/2023\/09\/f-description-Biodegradable-Eco-Friendly-Custom-Size-Recycled-Honeycomb-Packaging-Wrap-Kraft-Honeycomb-Paper-1-300x300.jpg 300w, https:\/\/reanpackaging.com\/wp-content\/uploads\/2023\/09\/f-description-Biodegradable-Eco-Friendly-Custom-Size-Recycled-Honeycomb-Packaging-Wrap-Kraft-Honeycomb-Paper-1-150x150.jpg 150w, https:\/\/reanpackaging.com\/wp-content\/uploads\/2023\/09\/f-description-Biodegradable-Eco-Friendly-Custom-Size-Recycled-Honeycomb-Packaging-Wrap-Kraft-Honeycomb-Paper-1-600x600.jpg 600w, https:\/\/reanpackaging.com\/wp-content\/uploads\/2023\/09\/f-description-Biodegradable-Eco-Friendly-Custom-Size-Recycled-Honeycomb-Packaging-Wrap-Kraft-Honeycomb-Paper-1-100x100.jpg 100w, https:\/\/reanpackaging.com\/wp-content\/uploads\/2023\/09\/f-description-Biodegradable-Eco-Friendly-Custom-Size-Recycled-Honeycomb-Packaging-Wrap-Kraft-Honeycomb-Paper-1.jpg 750w\" sizes=\"(max-width: 1291px) 100vw, 1291px\" \/><\/p>\n<p><img loading=\"lazy\" decoding=\"async\" class=\"alignnone  wp-image-7047\" src=\"http:\/\/ibn.wyd.mybluehost.me\/reanpackaging.com\/wp-content\/uploads\/2023\/09\/g-description-Biodegradable-Eco-Friendly-Custom-Size-Recycled-Honeycomb-Packaging-Wrap-Kraft-Honeycomb-Paper-1-300x169.jpg\" alt=\"biodegradable ecol\u00f3gico tama\u00f1o personalizado reciclado nido de abeja envoltorio papel kraft nido de abeja\" width=\"1292\" height=\"728\" srcset=\"https:\/\/reanpackaging.com\/wp-content\/uploads\/2023\/09\/g-description-Biodegradable-Eco-Friendly-Custom-Size-Recycled-Honeycomb-Packaging-Wrap-Kraft-Honeycomb-Paper-1-300x169.jpg 300w, https:\/\/reanpackaging.com\/wp-content\/uploads\/2023\/09\/g-description-Biodegradable-Eco-Friendly-Custom-Size-Recycled-Honeycomb-Packaging-Wrap-Kraft-Honeycomb-Paper-1-1024x576.jpg 1024w, https:\/\/reanpackaging.com\/wp-content\/uploads\/2023\/09\/g-description-Biodegradable-Eco-Friendly-Custom-Size-Recycled-Honeycomb-Packaging-Wrap-Kraft-Honeycomb-Paper-1-768x432.jpg 768w, https:\/\/reanpackaging.com\/wp-content\/uploads\/2023\/09\/g-description-Biodegradable-Eco-Friendly-Custom-Size-Recycled-Honeycomb-Packaging-Wrap-Kraft-Honeycomb-Paper-1-600x337.jpg 600w, https:\/\/reanpackaging.com\/wp-content\/uploads\/2023\/09\/g-description-Biodegradable-Eco-Friendly-Custom-Size-Recycled-Honeycomb-Packaging-Wrap-Kraft-Honeycomb-Paper-1.jpg 1300w\" sizes=\"(max-width: 1292px) 100vw, 1292px\" \/><\/p>","protected":false},"excerpt":{"rendered":"<p>Atributos espec\u00edficos de la industria Material Papel kraft de pulpa virgen Tipo Papel protector Otros atributos Color Negro\/Rojo\/Rosa\/Azul claro Uso envasado Caracter\u00edsticas reciclable OEM &amp; ODM s\u00ed Tama\u00f1o 250 metros\/rollo Nombre del producto papel de nido de abeja Certificado FSC Grosor 80gsm MOQ 10 rollos Material madera<\/p>","protected":false},"featured_media":6835,"template":"","meta":{"_seopress_robots_primary_cat":"none","_seopress_titles_title":"","_seopress_titles_desc":"","_seopress_robots_index":"","site-sidebar-layout":"default","site-content-layout":"default","ast-site-content-layout":"default","site-content-style":"default","site-sidebar-style":"default","ast-global-header-display":"","ast-banner-title-visibility":"","ast-main-header-display":"","ast-hfb-above-header-display":"","ast-hfb-below-header-display":"","ast-hfb-mobile-header-display":"","site-post-title":"","ast-breadcrumbs-content":"","ast-featured-img":"","footer-sml-layout":"","ast-disable-related-posts":"","theme-transparent-header-meta":"default","adv-header-id-meta":"","stick-header-meta":"default","header-above-stick-meta":"","header-main-stick-meta":"","header-below-stick-meta":"","astra-migrate-meta-layouts":"set","ast-page-background-enabled":"default","ast-page-background-meta":{"desktop":{"background-color":"","background-image":"","background-repeat":"repeat","background-position":"center center","background-size":"auto","background-attachment":"scroll","background-type":"","background-media":"","overlay-type":"","overlay-color":"","overlay-opacity":"","overlay-gradient":""},"tablet":{"background-color":"","background-image":"","background-repeat":"repeat","background-position":"center center","background-size":"auto","background-attachment":"scroll","background-type":"","background-media":"","overlay-type":"","overlay-color":"","overlay-opacity":"","overlay-gradient":""},"mobile":{"background-color":"","background-image":"","background-repeat":"repeat","background-position":"center center","background-size":"auto","background-attachment":"scroll","background-type":"","background-media":"","overlay-type":"","overlay-color":"","overlay-opacity":"","overlay-gradient":""}},"ast-content-background-meta":{"desktop":{"background-color":"var(--ast-global-color-5)","background-image":"","background-repeat":"repeat","background-position":"center center","background-size":"auto","background-attachment":"scroll","background-type":"","background-media":"","overlay-type":"","overlay-color":"","overlay-opacity":"","overlay-gradient":""},"tablet":{"background-color":"var(--ast-global-color-5)","background-image":"","background-repeat":"repeat","background-position":"center center","background-size":"auto","background-attachment":"scroll","background-type":"","background-media":"","overlay-type":"","overlay-color":"","overlay-opacity":"","overlay-gradient":""},"mobile":{"background-color":"var(--ast-global-color-5)","background-image":"","background-repeat":"repeat","background-position":"center center","background-size":"auto","background-attachment":"scroll","background-type":"","background-media":"","overlay-type":"","overlay-color":"","overlay-opacity":"","overlay-gradient":""}}},"product_brand":[],"product_cat":[45],"product_tag":[],"class_list":{"0":"post-6912","1":"product","2":"type-product","3":"status-publish","4":"has-post-thumbnail","6":"product_cat-bubble-wrap","7":"desktop-align-left","8":"tablet-align-left","9":"mobile-align-left","10":"ast-product-gallery-layout-horizontal","11":"ast-product-tabs-layout-horizontal","13":"first","14":"instock","15":"purchasable","16":"product-type-simple"},"_links":{"self":[{"href":"https:\/\/reanpackaging.com\/es\/wp-json\/wp\/v2\/product\/6912","targetHints":{"allow":["GET"]}}],"collection":[{"href":"https:\/\/reanpackaging.com\/es\/wp-json\/wp\/v2\/product"}],"about":[{"href":"https:\/\/reanpackaging.com\/es\/wp-json\/wp\/v2\/types\/product"}],"wp:featuredmedia":[{"embeddable":true,"href":"https:\/\/reanpackaging.com\/es\/wp-json\/wp\/v2\/media\/6835"}],"wp:attachment":[{"href":"https:\/\/reanpackaging.com\/es\/wp-json\/wp\/v2\/media?parent=6912"}],"wp:term":[{"taxonomy":"product_brand","embeddable":true,"href":"https:\/\/reanpackaging.com\/es\/wp-json\/wp\/v2\/product_brand?post=6912"},{"taxonomy":"product_cat","embeddable":true,"href":"https:\/\/reanpackaging.com\/es\/wp-json\/wp\/v2\/product_cat?post=6912"},{"taxonomy":"product_tag","embeddable":true,"href":"https:\/\/reanpackaging.com\/es\/wp-json\/wp\/v2\/product_tag?post=6912"}],"curies":[{"name":"wp","href":"https:\/\/api.w.org\/{rel}","templated":true}]}}