{"id":7441,"date":"2023-09-23T08:35:21","date_gmt":"2023-09-23T08:35:21","guid":{"rendered":"http:\/\/ibn.wyd.mybluehost.me\/reanpackaging.com\/product\/adhesion-customized-printed-fragile-opp-packaging-tape-bopp-sticky-tape-with-logo\/"},"modified":"2023-09-23T08:35:23","modified_gmt":"2023-09-23T08:35:23","slug":"adhesion-customized-printed-fragile-opp-packaging-tape-bopp-sticky-tape-with-logo","status":"publish","type":"product","link":"https:\/\/reanpackaging.com\/es\/producto\/adhesion-customized-printed-fragile-opp-packaging-tape-bopp-sticky-tape-with-logo\/","title":{"rendered":"Adhesi\u00f3n Personalizada Impreso fr\u00e1gil Opp cinta de embalaje Bopp cinta adhesiva con el logotipo"},"content":{"rendered":"<h4>Atributos espec\u00edficos del sector<\/h4>\n<table border=\"1\">\n<tr>\n<td><strong>Adhesivo<\/strong><\/td>\n<td>Acr\u00edlico<\/td>\n<\/tr>\n<tr>\n<td><strong>Lado adhesivo<\/strong><\/td>\n<td>Una cara<\/td>\n<\/tr>\n<tr>\n<td><strong>Tipo de adhesivo<\/strong><\/td>\n<td>Sensible a la presi\u00f3n<\/td>\n<\/tr>\n<tr>\n<td><strong>Impresi\u00f3n de dise\u00f1os<\/strong><\/td>\n<td>Oferta Impresi\u00f3n<\/td>\n<\/tr>\n<tr>\n<td><strong>Material<\/strong><\/td>\n<td>Bopp<\/td>\n<\/tr>\n<tr>\n<td><strong>Caracter\u00edstica<\/strong><\/td>\n<td>Impermeable<\/td>\n<\/tr>\n<tr>\n<td><strong>Utilice<\/strong><\/td>\n<td>Sellado de cajas<\/td>\n<\/tr>\n<\/table>\n<h4>Otros atributos<\/h4>\n<table border=\"1\">\n<tr>\n<td><strong>Nombre del producto<\/strong><\/td>\n<td>Cinta de embalaje de BOPP<\/td>\n<\/tr>\n<tr>\n<td><strong>Certificados<\/strong><\/td>\n<td>ISO9001<\/td>\n<\/tr>\n<tr>\n<td><strong>Muestra<\/strong><\/td>\n<td>Libremente<\/td>\n<\/tr>\n<tr>\n<td><strong>MOQ<\/strong><\/td>\n<td>100 rollos<\/td>\n<\/tr>\n<tr>\n<td><strong>Plazo de entrega<\/strong><\/td>\n<td>3-5 d\u00edas<\/td>\n<\/tr>\n<tr>\n<td><strong>Colores<\/strong><\/td>\n<td>Colores personalizados<\/td>\n<\/tr>\n<tr>\n<td><strong>Impresi\u00f3n<\/strong><\/td>\n<td>Impresi\u00f3n de logotipos personalizados<\/td>\n<\/tr>\n<tr>\n<td><strong>Material de base<\/strong><\/td>\n<td>Bopp Opp Film PVC<\/td>\n<\/tr>\n<tr>\n<td><strong>OEM<\/strong><\/td>\n<td>Disponible OEM<\/td>\n<\/tr>\n<tr>\n<td><strong>Pago<\/strong><\/td>\n<td>T Paypal<\/td>\n<\/tr>\n<\/table>\n<p><img decoding=\"async\" class=\"detail-desc-decorate-image\" src=\"http:\/\/ibn.wyd.mybluehost.me\/reanpackaging.com\/wp-content\/uploads\/2023\/09\/1-description-Adhesion-Customized-Printed-Fragile-Opp-Packaging-Tape-Bopp-Sticky-Tape-With-Logo.jpg\" slate-data-type=\"image\" style=\"max-width: 100%; height: auto; margin: 0 auto 5px;\"><br \/>\n<img decoding=\"async\" class=\"detail-desc-decorate-image\" src=\"http:\/\/ibn.wyd.mybluehost.me\/reanpackaging.com\/wp-content\/uploads\/2023\/09\/2-description-Adhesion-Customized-Printed-Fragile-Opp-Packaging-Tape-Bopp-Sticky-Tape-With-Logo.jpg\" slate-data-type=\"image\" style=\"max-width: 100%; height: auto; margin: 0 auto 5px;\"><br \/>\n<img decoding=\"async\" class=\"detail-desc-decorate-image\" src=\"http:\/\/ibn.wyd.mybluehost.me\/reanpackaging.com\/wp-content\/uploads\/2023\/09\/3-description-Adhesion-Customized-Printed-Fragile-Opp-Packaging-Tape-Bopp-Sticky-Tape-With-Logo.jpg\" slate-data-type=\"image\" style=\"max-width: 100%; height: auto; margin: 0 auto 5px;\"><br \/>\n<img decoding=\"async\" class=\"detail-desc-decorate-image\" src=\"http:\/\/ibn.wyd.mybluehost.me\/reanpackaging.com\/wp-content\/uploads\/2023\/09\/4-description-Adhesion-Customized-Printed-Fragile-Opp-Packaging-Tape-Bopp-Sticky-Tape-With-Logo.jpg\" slate-data-type=\"image\" style=\"max-width: 100%; height: auto; margin: 0 auto 5px;\"><br \/>\n<img decoding=\"async\" class=\"detail-desc-decorate-image\" src=\"http:\/\/ibn.wyd.mybluehost.me\/reanpackaging.com\/wp-content\/uploads\/2023\/09\/5-description-Adhesion-Customized-Printed-Fragile-Opp-Packaging-Tape-Bopp-Sticky-Tape-With-Logo.jpg\" slate-data-type=\"image\" style=\"max-width: 100%; height: auto; margin: 0 auto 5px;\"><br \/>\n<img decoding=\"async\" class=\"detail-desc-decorate-image\" src=\"http:\/\/ibn.wyd.mybluehost.me\/reanpackaging.com\/wp-content\/uploads\/2023\/09\/6-description-Adhesion-Customized-Printed-Fragile-Opp-Packaging-Tape-Bopp-Sticky-Tape-With-Logo.jpg\" slate-data-type=\"image\" style=\"max-width: 100%; height: auto; margin: 0 auto 5px;\"><br \/>\n<img decoding=\"async\" class=\"detail-desc-decorate-image\" src=\"http:\/\/ibn.wyd.mybluehost.me\/reanpackaging.com\/wp-content\/uploads\/2023\/09\/8-description-Adhesion-Customized-Printed-Fragile-Opp-Packaging-Tape-Bopp-Sticky-Tape-With-Logo.jpg\" slate-data-type=\"image\" style=\"max-width: 100%; height: auto; margin: 0 auto 5px;\"><\/p>","protected":false},"excerpt":{"rendered":"<p>Industry-Specific Attributes Adhesive Acrylic Adhesive Side Single Sided Adhesive Type Pressure Sensitive Design Printing Offer Printing Material Bopp Feature Waterproof Use Carton Sealing Other Attributes Product name BOPP Packaging Tape Certificates ISO9001 Sample Freely MOQ 100 Rolls Delivery time 3-5 Days Colors Customized Colors Printing Custom Logo Printing Base material Bopp Opp Film PVC OEM [&hellip;]<\/p>\n","protected":false},"featured_media":7267,"template":"","meta":{"_seopress_robots_primary_cat":"","_seopress_titles_title":"","_seopress_titles_desc":"","_seopress_robots_index":"","site-sidebar-layout":"default","site-content-layout":"","ast-site-content-layout":"default","site-content-style":"default","site-sidebar-style":"default","ast-global-header-display":"","ast-banner-title-visibility":"","ast-main-header-display":"","ast-hfb-above-header-display":"","ast-hfb-below-header-display":"","ast-hfb-mobile-header-display":"","site-post-title":"","ast-breadcrumbs-content":"","ast-featured-img":"","footer-sml-layout":"","ast-disable-related-posts":"","theme-transparent-header-meta":"","adv-header-id-meta":"","stick-header-meta":"","header-above-stick-meta":"","header-main-stick-meta":"","header-below-stick-meta":"","astra-migrate-meta-layouts":"default","ast-page-background-enabled":"default","ast-page-background-meta":{"desktop":{"background-color":"","background-image":"","background-repeat":"repeat","background-position":"center center","background-size":"auto","background-attachment":"scroll","background-type":"","background-media":"","overlay-type":"","overlay-color":"","overlay-opacity":"","overlay-gradient":""},"tablet":{"background-color":"","background-image":"","background-repeat":"repeat","background-position":"center center","background-size":"auto","background-attachment":"scroll","background-type":"","background-media":"","overlay-type":"","overlay-color":"","overlay-opacity":"","overlay-gradient":""},"mobile":{"background-color":"","background-image":"","background-repeat":"repeat","background-position":"center center","background-size":"auto","background-attachment":"scroll","background-type":"","background-media":"","overlay-type":"","overlay-color":"","overlay-opacity":"","overlay-gradient":""}},"ast-content-background-meta":{"desktop":{"background-color":"var(--ast-global-color-5)","background-image":"","background-repeat":"repeat","background-position":"center center","background-size":"auto","background-attachment":"scroll","background-type":"","background-media":"","overlay-type":"","overlay-color":"","overlay-opacity":"","overlay-gradient":""},"tablet":{"background-color":"var(--ast-global-color-5)","background-image":"","background-repeat":"repeat","background-position":"center center","background-size":"auto","background-attachment":"scroll","background-type":"","background-media":"","overlay-type":"","overlay-color":"","overlay-opacity":"","overlay-gradient":""},"mobile":{"background-color":"var(--ast-global-color-5)","background-image":"","background-repeat":"repeat","background-position":"center center","background-size":"auto","background-attachment":"scroll","background-type":"","background-media":"","overlay-type":"","overlay-color":"","overlay-opacity":"","overlay-gradient":""}}},"product_brand":[],"product_cat":[46],"product_tag":[],"class_list":{"0":"post-7441","1":"product","2":"type-product","3":"status-publish","4":"has-post-thumbnail","6":"product_cat-custom-print-tape","7":"desktop-align-left","8":"tablet-align-left","9":"mobile-align-left","10":"ast-product-gallery-layout-horizontal","11":"ast-product-tabs-layout-horizontal","13":"first","14":"instock","15":"product-type-simple"},"_links":{"self":[{"href":"https:\/\/reanpackaging.com\/es\/wp-json\/wp\/v2\/product\/7441","targetHints":{"allow":["GET"]}}],"collection":[{"href":"https:\/\/reanpackaging.com\/es\/wp-json\/wp\/v2\/product"}],"about":[{"href":"https:\/\/reanpackaging.com\/es\/wp-json\/wp\/v2\/types\/product"}],"wp:featuredmedia":[{"embeddable":true,"href":"https:\/\/reanpackaging.com\/es\/wp-json\/wp\/v2\/media\/7267"}],"wp:attachment":[{"href":"https:\/\/reanpackaging.com\/es\/wp-json\/wp\/v2\/media?parent=7441"}],"wp:term":[{"taxonomy":"product_brand","embeddable":true,"href":"https:\/\/reanpackaging.com\/es\/wp-json\/wp\/v2\/product_brand?post=7441"},{"taxonomy":"product_cat","embeddable":true,"href":"https:\/\/reanpackaging.com\/es\/wp-json\/wp\/v2\/product_cat?post=7441"},{"taxonomy":"product_tag","embeddable":true,"href":"https:\/\/reanpackaging.com\/es\/wp-json\/wp\/v2\/product_tag?post=7441"}],"curies":[{"name":"wp","href":"https:\/\/api.w.org\/{rel}","templated":true}]}}