{"id":7444,"date":"2023-09-23T08:35:21","date_gmt":"2023-09-23T08:35:21","guid":{"rendered":"http:\/\/ibn.wyd.mybluehost.me\/reanpackaging.com\/product\/factory-direct-sale-adhesive-bopp-gum-tape-for-packing-use-printed-bopp-tape-rolls-waterproof-carton-package-carton-box-rubber\/"},"modified":"2024-10-01T16:57:47","modified_gmt":"2024-10-01T16:57:47","slug":"factory-direct-sale-adhesive-bopp-gum-tape-for-packing-use-printed-bopp-tape-rolls-waterproof-carton-package-carton-box-rubber","status":"publish","type":"product","link":"https:\/\/reanpackaging.com\/es\/producto\/factory-direct-sale-adhesive-bopp-gum-tape-for-packing-use-printed-bopp-tape-rolls-waterproof-carton-package-carton-box-rubber\/","title":{"rendered":"Venta Directa de F\u00e1brica Cinta Adhesiva BOPP para Embalaje Rollos de Cinta Bopp Impresa Paquete de Cart\u00f3n Impermeable Caja de Cart\u00f3n de Goma"},"content":{"rendered":"<h4>Atributos espec\u00edficos del sector<\/h4>\n<table border=\"1\">\n<tbody>\n<tr>\n<td><strong>Adhesivo<\/strong><\/td>\n<td>Goma<\/td>\n<\/tr>\n<tr>\n<td><strong>Lado adhesivo<\/strong><\/td>\n<td>Una cara<\/td>\n<\/tr>\n<tr>\n<td><strong>Tipo de adhesivo<\/strong><\/td>\n<td>Activado por agua<\/td>\n<\/tr>\n<tr>\n<td><strong>Impresi\u00f3n de dise\u00f1os<\/strong><\/td>\n<td>Oferta Impresi\u00f3n<\/td>\n<\/tr>\n<tr>\n<td><strong>Material<\/strong><\/td>\n<td>Bopp<\/td>\n<\/tr>\n<tr>\n<td><strong>Caracter\u00edstica<\/strong><\/td>\n<td>Impermeable<\/td>\n<\/tr>\n<tr>\n<td><strong>Utilice<\/strong><\/td>\n<td>Sellado de cajas<\/td>\n<\/tr>\n<\/tbody>\n<\/table>\n<h4>Otros atributos<\/h4>\n<table border=\"1\">\n<tbody>\n<tr>\n<td><strong>Color<\/strong><\/td>\n<td>Transparente<\/td>\n<\/tr>\n<tr>\n<td><strong>Nombre<\/strong><\/td>\n<td>cinta adhesiva para chicle<\/td>\n<\/tr>\n<tr>\n<td><strong>Muestra<\/strong><\/td>\n<td>Proporcionado gratuitamente<\/td>\n<\/tr>\n<tr>\n<td><strong>Embalaje<\/strong><\/td>\n<td>Caja de cart\u00f3n<\/td>\n<\/tr>\n<tr>\n<td><strong>Logotipo<\/strong><\/td>\n<td>Customzied<\/td>\n<\/tr>\n<tr>\n<td><strong>material<\/strong><\/td>\n<td>BOPP<\/td>\n<\/tr>\n<tr>\n<td><strong>Impresi\u00f3n<\/strong><\/td>\n<td>Logotipo impreso<\/td>\n<\/tr>\n<tr>\n<td><strong>Nombre del producto<\/strong><\/td>\n<td>pudi<\/td>\n<\/tr>\n<tr>\n<td><strong>Pago<\/strong><\/td>\n<td>TT Paypal<\/td>\n<\/tr>\n<tr>\n<td><strong>Aplicaci\u00f3n<\/strong><\/td>\n<td>Envase de cart\u00f3n<\/td>\n<\/tr>\n<\/tbody>\n<\/table>\n<p><img decoding=\"async\" class=\"detail-desc-decorate-image aligncenter\" style=\"max-width: 100%; height: auto; margin: 0 auto 5px;\" src=\"http:\/\/ibn.wyd.mybluehost.me\/reanpackaging.com\/wp-content\/uploads\/2023\/09\/1-description-Factory-Direct-Sale-Adhesive-Bopp-Gum-Tape-For-Packing-Use-Printed-Bopp-Tape-Rolls-Waterproof-Carton-Package-Carton-Box-Rubber.jpg\" \/><br \/>\n<img decoding=\"async\" class=\"detail-desc-decorate-image aligncenter\" style=\"max-width: 100%; height: auto; margin: 0 auto 5px;\" src=\"http:\/\/ibn.wyd.mybluehost.me\/reanpackaging.com\/wp-content\/uploads\/2023\/09\/2-description-Factory-Direct-Sale-Adhesive-Bopp-Gum-Tape-For-Packing-Use-Printed-Bopp-Tape-Rolls-Waterproof-Carton-Package-Carton-Box-Rubber.jpg\" \/><br \/>\n<img decoding=\"async\" class=\"detail-desc-decorate-image aligncenter\" style=\"max-width: 100%; height: auto; margin: 0 auto 5px;\" src=\"http:\/\/ibn.wyd.mybluehost.me\/reanpackaging.com\/wp-content\/uploads\/2023\/09\/3-description-Factory-Direct-Sale-Adhesive-Bopp-Gum-Tape-For-Packing-Use-Printed-Bopp-Tape-Rolls-Waterproof-Carton-Package-Carton-Box-Rubber.jpg\" \/><br \/>\n<img decoding=\"async\" class=\"detail-desc-decorate-image aligncenter\" style=\"max-width: 100%; height: auto; margin: 0 auto 5px;\" src=\"http:\/\/ibn.wyd.mybluehost.me\/reanpackaging.com\/wp-content\/uploads\/2023\/09\/4-description-Factory-Direct-Sale-Adhesive-Bopp-Gum-Tape-For-Packing-Use-Printed-Bopp-Tape-Rolls-Waterproof-Carton-Package-Carton-Box-Rubber.jpg\" \/><br \/>\n<img decoding=\"async\" class=\"detail-desc-decorate-image aligncenter\" style=\"max-width: 100%; height: auto; margin: 0 auto 5px;\" src=\"http:\/\/ibn.wyd.mybluehost.me\/reanpackaging.com\/wp-content\/uploads\/2023\/09\/5-description-Factory-Direct-Sale-Adhesive-Bopp-Gum-Tape-For-Packing-Use-Printed-Bopp-Tape-Rolls-Waterproof-Carton-Package-Carton-Box-Rubber.jpg\" \/><br \/>\n<img decoding=\"async\" class=\"detail-desc-decorate-image aligncenter\" style=\"max-width: 100%; height: auto; margin: 0 auto 5px;\" src=\"http:\/\/ibn.wyd.mybluehost.me\/reanpackaging.com\/wp-content\/uploads\/2023\/09\/6-description-Factory-Direct-Sale-Adhesive-Bopp-Gum-Tape-For-Packing-Use-Printed-Bopp-Tape-Rolls-Waterproof-Carton-Package-Carton-Box-Rubber.jpg\" \/><\/p>","protected":false},"excerpt":{"rendered":"<p>Industry-Specific Attributes Adhesive Rubber Adhesive Side Single Sided Adhesive Type Water Activated Design Printing Offer Printing Material Bopp Feature Waterproof Use Carton Sealing Other Attributes Color Transparent Name adhesive gum tape Sample Freely Provided Packing Carton Box Logo Customzied material BOPP Printing Printed Logo Product name pudi Payment TT Paypal Application Carton Package<\/p>","protected":false},"featured_media":7384,"template":"","meta":{"_seopress_robots_primary_cat":"none","_seopress_titles_title":"","_seopress_titles_desc":"","_seopress_robots_index":"","site-sidebar-layout":"default","site-content-layout":"default","ast-site-content-layout":"default","site-content-style":"default","site-sidebar-style":"default","ast-global-header-display":"","ast-banner-title-visibility":"","ast-main-header-display":"","ast-hfb-above-header-display":"","ast-hfb-below-header-display":"","ast-hfb-mobile-header-display":"","site-post-title":"","ast-breadcrumbs-content":"","ast-featured-img":"","footer-sml-layout":"","ast-disable-related-posts":"","theme-transparent-header-meta":"default","adv-header-id-meta":"","stick-header-meta":"default","header-above-stick-meta":"","header-main-stick-meta":"","header-below-stick-meta":"","astra-migrate-meta-layouts":"set","ast-page-background-enabled":"default","ast-page-background-meta":{"desktop":{"background-color":"","background-image":"","background-repeat":"repeat","background-position":"center center","background-size":"auto","background-attachment":"scroll","background-type":"","background-media":"","overlay-type":"","overlay-color":"","overlay-opacity":"","overlay-gradient":""},"tablet":{"background-color":"","background-image":"","background-repeat":"repeat","background-position":"center center","background-size":"auto","background-attachment":"scroll","background-type":"","background-media":"","overlay-type":"","overlay-color":"","overlay-opacity":"","overlay-gradient":""},"mobile":{"background-color":"","background-image":"","background-repeat":"repeat","background-position":"center center","background-size":"auto","background-attachment":"scroll","background-type":"","background-media":"","overlay-type":"","overlay-color":"","overlay-opacity":"","overlay-gradient":""}},"ast-content-background-meta":{"desktop":{"background-color":"var(--ast-global-color-5)","background-image":"","background-repeat":"repeat","background-position":"center center","background-size":"auto","background-attachment":"scroll","background-type":"","background-media":"","overlay-type":"","overlay-color":"","overlay-opacity":"","overlay-gradient":""},"tablet":{"background-color":"var(--ast-global-color-5)","background-image":"","background-repeat":"repeat","background-position":"center center","background-size":"auto","background-attachment":"scroll","background-type":"","background-media":"","overlay-type":"","overlay-color":"","overlay-opacity":"","overlay-gradient":""},"mobile":{"background-color":"var(--ast-global-color-5)","background-image":"","background-repeat":"repeat","background-position":"center center","background-size":"auto","background-attachment":"scroll","background-type":"","background-media":"","overlay-type":"","overlay-color":"","overlay-opacity":"","overlay-gradient":""}}},"product_brand":[],"product_cat":[46],"product_tag":[],"class_list":{"0":"post-7444","1":"product","2":"type-product","3":"status-publish","4":"has-post-thumbnail","6":"product_cat-custom-print-tape","7":"desktop-align-left","8":"tablet-align-left","9":"mobile-align-left","10":"ast-product-gallery-layout-horizontal","11":"ast-product-tabs-layout-horizontal","13":"first","14":"instock","15":"purchasable","16":"product-type-simple"},"_links":{"self":[{"href":"https:\/\/reanpackaging.com\/es\/wp-json\/wp\/v2\/product\/7444","targetHints":{"allow":["GET"]}}],"collection":[{"href":"https:\/\/reanpackaging.com\/es\/wp-json\/wp\/v2\/product"}],"about":[{"href":"https:\/\/reanpackaging.com\/es\/wp-json\/wp\/v2\/types\/product"}],"wp:featuredmedia":[{"embeddable":true,"href":"https:\/\/reanpackaging.com\/es\/wp-json\/wp\/v2\/media\/7384"}],"wp:attachment":[{"href":"https:\/\/reanpackaging.com\/es\/wp-json\/wp\/v2\/media?parent=7444"}],"wp:term":[{"taxonomy":"product_brand","embeddable":true,"href":"https:\/\/reanpackaging.com\/es\/wp-json\/wp\/v2\/product_brand?post=7444"},{"taxonomy":"product_cat","embeddable":true,"href":"https:\/\/reanpackaging.com\/es\/wp-json\/wp\/v2\/product_cat?post=7444"},{"taxonomy":"product_tag","embeddable":true,"href":"https:\/\/reanpackaging.com\/es\/wp-json\/wp\/v2\/product_tag?post=7444"}],"curies":[{"name":"wp","href":"https:\/\/api.w.org\/{rel}","templated":true}]}}