{"id":7450,"date":"2023-09-23T08:35:21","date_gmt":"2023-09-23T08:35:21","guid":{"rendered":"http:\/\/ibn.wyd.mybluehost.me\/reanpackaging.com\/product\/custom-printing-with-logo-reinforced-brown-gummed-water-activated-self-adhesive-eco-kraft-paper-packing-tape-jumbo-roll\/"},"modified":"2024-10-01T16:57:51","modified_gmt":"2024-10-01T16:57:51","slug":"custom-printing-with-logo-reinforced-brown-gummed-water-activated-self-adhesive-eco-kraft-paper-packing-tape-jumbo-roll","status":"publish","type":"product","link":"https:\/\/reanpackaging.com\/es\/producto\/custom-printing-with-logo-reinforced-brown-gummed-water-activated-self-adhesive-eco-kraft-paper-packing-tape-jumbo-roll\/","title":{"rendered":"Impresi\u00f3n personalizada con logotipo reforzado marr\u00f3n engomado activado por agua \/ autoadhesiva Eco Kraft cinta de embalaje de papel Jumbo rollo"},"content":{"rendered":"<h4>Atributos espec\u00edficos del sector<\/h4>\n<table border=\"1\">\n<tbody>\n<tr>\n<td><strong>Adhesivo<\/strong><\/td>\n<td>Acr\u00edlico<\/td>\n<\/tr>\n<tr>\n<td><strong>Lado adhesivo<\/strong><\/td>\n<td>Una cara<\/td>\n<\/tr>\n<tr>\n<td><strong>Tipo de adhesivo<\/strong><\/td>\n<td>Sensible a la presi\u00f3n, Activado por agua, Hot Melt<\/td>\n<\/tr>\n<tr>\n<td><strong>Impresi\u00f3n de dise\u00f1os<\/strong><\/td>\n<td>Oferta Impresi\u00f3n<\/td>\n<\/tr>\n<tr>\n<td><strong>Material<\/strong><\/td>\n<td>Papel Kraft<\/td>\n<\/tr>\n<tr>\n<td><strong>Caracter\u00edstica<\/strong><\/td>\n<td>ANTIST\u00c1TICO<\/td>\n<\/tr>\n<tr>\n<td><strong>Utilice<\/strong><\/td>\n<td>Sellado de cajas<\/td>\n<\/tr>\n<\/tbody>\n<\/table>\n<h4>Otros atributos<\/h4>\n<table border=\"1\">\n<tbody>\n<tr>\n<td><strong>Amable<\/strong><\/td>\n<td>Autoadhesivo\/activado por agua<\/td>\n<\/tr>\n<tr>\n<td><strong>Color est\u00e1ndar<\/strong><\/td>\n<td>Marr\u00f3n, blanco<\/td>\n<\/tr>\n<tr>\n<td><strong>Color especial<\/strong><\/td>\n<td>Rojo, verde, negro, etc.<\/td>\n<\/tr>\n<tr>\n<td><strong>Tipo<\/strong><\/td>\n<td>Reforzado\/liso\/perforado<\/td>\n<\/tr>\n<tr>\n<td><strong>Adhesivo<\/strong><\/td>\n<td>Acr\u00edlico termofusible\/acr\u00edlico al disolvente\/acr\u00edlico al agua\/caucho<\/td>\n<\/tr>\n<tr>\n<td><strong>Tama\u00f1o de rollo Jumbo<\/strong><\/td>\n<td>1,02 m x 1000 m\/1200 m\/1500 m, etc.<\/td>\n<\/tr>\n<tr>\n<td><strong>Tama\u00f1o del rollo cortado<\/strong><\/td>\n<td>24 mm\/48 mm\/50 mm\/76 mm x 25 m\/50 m, etc.<\/td>\n<\/tr>\n<tr>\n<td><strong>Servicio personalizado<\/strong><\/td>\n<td>Ofrecer impresi\u00f3n de logotipos, impresi\u00f3n de n\u00facleos<\/td>\n<\/tr>\n<tr>\n<td><strong>Forma de pago<\/strong><\/td>\n<td>T\/T, L\/C, D\/A, D\/P, O\/A, PayPal, Western Union, etc.<\/td>\n<\/tr>\n<tr>\n<td><strong>Muestra<\/strong><\/td>\n<td>Gratis<\/td>\n<\/tr>\n<\/tbody>\n<\/table>\n<p><img decoding=\"async\" class=\"detail-desc-decorate-image aligncenter\" style=\"max-width: 100%; height: auto; margin: 0 auto 5px;\" src=\"http:\/\/ibn.wyd.mybluehost.me\/reanpackaging.com\/wp-content\/uploads\/2023\/09\/1-description-Custom-Printing-With-Logo-Reinforced-Brown-Gummed-Water-Activated-Self-Adhesive-Eco-Kraft-Paper-Packing-Tape-Jumbo-Roll.jpg\" \/><br \/>\n<img decoding=\"async\" class=\"detail-desc-decorate-image aligncenter\" style=\"max-width: 100%; height: auto; margin: 0 auto 5px;\" src=\"http:\/\/ibn.wyd.mybluehost.me\/reanpackaging.com\/wp-content\/uploads\/2023\/09\/2-description-Custom-Printing-With-Logo-Reinforced-Brown-Gummed-Water-Activated-Self-Adhesive-Eco-Kraft-Paper-Packing-Tape-Jumbo-Roll.jpg\" \/><br \/>\n<img decoding=\"async\" class=\"detail-desc-decorate-image aligncenter\" style=\"max-width: 100%; height: auto; margin: 0 auto 5px;\" src=\"http:\/\/ibn.wyd.mybluehost.me\/reanpackaging.com\/wp-content\/uploads\/2023\/09\/3-description-Custom-Printing-With-Logo-Reinforced-Brown-Gummed-Water-Activated-Self-Adhesive-Eco-Kraft-Paper-Packing-Tape-Jumbo-Roll.jpg\" \/><br \/>\n<img decoding=\"async\" class=\"detail-desc-decorate-image aligncenter\" style=\"max-width: 100%; height: auto; margin: 0 auto 5px;\" src=\"http:\/\/ibn.wyd.mybluehost.me\/reanpackaging.com\/wp-content\/uploads\/2023\/09\/4-description-Custom-Printing-With-Logo-Reinforced-Brown-Gummed-Water-Activated-Self-Adhesive-Eco-Kraft-Paper-Packing-Tape-Jumbo-Roll.jpg\" \/><br \/>\n<img decoding=\"async\" class=\"detail-desc-decorate-image aligncenter\" style=\"max-width: 100%; height: auto; margin: 0 auto 5px;\" src=\"http:\/\/ibn.wyd.mybluehost.me\/reanpackaging.com\/wp-content\/uploads\/2023\/09\/5-description-Custom-Printing-With-Logo-Reinforced-Brown-Gummed-Water-Activated-Self-Adhesive-Eco-Kraft-Paper-Packing-Tape-Jumbo-Roll.jpg\" \/><br \/>\n<img decoding=\"async\" class=\"detail-desc-decorate-image aligncenter\" style=\"max-width: 100%; height: auto; margin: 0 auto 5px;\" src=\"http:\/\/ibn.wyd.mybluehost.me\/reanpackaging.com\/wp-content\/uploads\/2023\/09\/6-description-Custom-Printing-With-Logo-Reinforced-Brown-Gummed-Water-Activated-Self-Adhesive-Eco-Kraft-Paper-Packing-Tape-Jumbo-Roll.jpg\" \/><br \/>\n<img decoding=\"async\" class=\"detail-desc-decorate-image aligncenter\" style=\"max-width: 100%; height: auto; margin: 0 auto 5px;\" src=\"http:\/\/ibn.wyd.mybluehost.me\/reanpackaging.com\/wp-content\/uploads\/2023\/09\/7-description-Custom-Printing-With-Logo-Reinforced-Brown-Gummed-Water-Activated-Self-Adhesive-Eco-Kraft-Paper-Packing-Tape-Jumbo-Roll.jpg\" \/><\/p>","protected":false},"excerpt":{"rendered":"<p>Industry-Specific Attributes Adhesive Acrylic Adhesive Side Single Sided Adhesive Type Pressure Sensitive, Water Activated, Hot Melt Design Printing Offer Printing Material Kraft Paper Feature ANTISTATIC Use Carton Sealing Other Attributes Kind Self adhesive\/ water activated Standard color Brown, white Special color Red, Green, black, etc Type Reinforced\/plain\/perforated Adhesive Hot melt\/solvent acrylic\/water acrylic\/rubber Jumbo roll size [&hellip;]<\/p>\n","protected":false},"featured_media":7346,"template":"","meta":{"_seopress_robots_primary_cat":"none","_seopress_titles_title":"","_seopress_titles_desc":"","_seopress_robots_index":"","site-sidebar-layout":"default","site-content-layout":"default","ast-site-content-layout":"default","site-content-style":"default","site-sidebar-style":"default","ast-global-header-display":"","ast-banner-title-visibility":"","ast-main-header-display":"","ast-hfb-above-header-display":"","ast-hfb-below-header-display":"","ast-hfb-mobile-header-display":"","site-post-title":"","ast-breadcrumbs-content":"","ast-featured-img":"","footer-sml-layout":"","ast-disable-related-posts":"","theme-transparent-header-meta":"default","adv-header-id-meta":"","stick-header-meta":"default","header-above-stick-meta":"","header-main-stick-meta":"","header-below-stick-meta":"","astra-migrate-meta-layouts":"set","ast-page-background-enabled":"default","ast-page-background-meta":{"desktop":{"background-color":"","background-image":"","background-repeat":"repeat","background-position":"center center","background-size":"auto","background-attachment":"scroll","background-type":"","background-media":"","overlay-type":"","overlay-color":"","overlay-opacity":"","overlay-gradient":""},"tablet":{"background-color":"","background-image":"","background-repeat":"repeat","background-position":"center center","background-size":"auto","background-attachment":"scroll","background-type":"","background-media":"","overlay-type":"","overlay-color":"","overlay-opacity":"","overlay-gradient":""},"mobile":{"background-color":"","background-image":"","background-repeat":"repeat","background-position":"center center","background-size":"auto","background-attachment":"scroll","background-type":"","background-media":"","overlay-type":"","overlay-color":"","overlay-opacity":"","overlay-gradient":""}},"ast-content-background-meta":{"desktop":{"background-color":"var(--ast-global-color-5)","background-image":"","background-repeat":"repeat","background-position":"center center","background-size":"auto","background-attachment":"scroll","background-type":"","background-media":"","overlay-type":"","overlay-color":"","overlay-opacity":"","overlay-gradient":""},"tablet":{"background-color":"var(--ast-global-color-5)","background-image":"","background-repeat":"repeat","background-position":"center center","background-size":"auto","background-attachment":"scroll","background-type":"","background-media":"","overlay-type":"","overlay-color":"","overlay-opacity":"","overlay-gradient":""},"mobile":{"background-color":"var(--ast-global-color-5)","background-image":"","background-repeat":"repeat","background-position":"center center","background-size":"auto","background-attachment":"scroll","background-type":"","background-media":"","overlay-type":"","overlay-color":"","overlay-opacity":"","overlay-gradient":""}}},"product_brand":[],"product_cat":[46],"product_tag":[],"class_list":{"0":"post-7450","1":"product","2":"type-product","3":"status-publish","4":"has-post-thumbnail","6":"product_cat-custom-print-tape","7":"desktop-align-left","8":"tablet-align-left","9":"mobile-align-left","10":"ast-product-gallery-layout-horizontal","11":"ast-product-tabs-layout-horizontal","13":"first","14":"instock","15":"purchasable","16":"product-type-simple"},"_links":{"self":[{"href":"https:\/\/reanpackaging.com\/es\/wp-json\/wp\/v2\/product\/7450","targetHints":{"allow":["GET"]}}],"collection":[{"href":"https:\/\/reanpackaging.com\/es\/wp-json\/wp\/v2\/product"}],"about":[{"href":"https:\/\/reanpackaging.com\/es\/wp-json\/wp\/v2\/types\/product"}],"wp:featuredmedia":[{"embeddable":true,"href":"https:\/\/reanpackaging.com\/es\/wp-json\/wp\/v2\/media\/7346"}],"wp:attachment":[{"href":"https:\/\/reanpackaging.com\/es\/wp-json\/wp\/v2\/media?parent=7450"}],"wp:term":[{"taxonomy":"product_brand","embeddable":true,"href":"https:\/\/reanpackaging.com\/es\/wp-json\/wp\/v2\/product_brand?post=7450"},{"taxonomy":"product_cat","embeddable":true,"href":"https:\/\/reanpackaging.com\/es\/wp-json\/wp\/v2\/product_cat?post=7450"},{"taxonomy":"product_tag","embeddable":true,"href":"https:\/\/reanpackaging.com\/es\/wp-json\/wp\/v2\/product_tag?post=7450"}],"curies":[{"name":"wp","href":"https:\/\/api.w.org\/{rel}","templated":true}]}}