{"id":7452,"date":"2023-09-23T08:35:21","date_gmt":"2023-09-23T08:35:21","guid":{"rendered":"http:\/\/ibn.wyd.mybluehost.me\/reanpackaging.com\/product\/custom-printed-hot-sale-strong-adhesive-vinyl-cotton-cloth-black-pro-gaff-gaffer-tape-for-entertainment-film-industry\/"},"modified":"2024-10-01T16:57:52","modified_gmt":"2024-10-01T16:57:52","slug":"custom-printed-hot-sale-strong-adhesive-vinyl-cotton-cloth-black-pro-gaff-gaffer-tape-for-entertainment-film-industry","status":"publish","type":"product","link":"https:\/\/reanpackaging.com\/es\/producto\/custom-printed-hot-sale-strong-adhesive-vinyl-cotton-cloth-black-pro-gaff-gaffer-tape-for-entertainment-film-industry\/","title":{"rendered":"Custom impreso venta caliente fuerte adhesivo de vinilo pa\u00f1o de algod\u00f3n negro pro gaff gaffer cinta para la industria del cine de entretenimiento"},"content":{"rendered":"<h4>Atributos espec\u00edficos del sector<\/h4>\n<table border=\"1\">\n<tbody>\n<tr>\n<td><strong>Adhesivo<\/strong><\/td>\n<td>Goma<\/td>\n<\/tr>\n<tr>\n<td><strong>Lado adhesivo<\/strong><\/td>\n<td>Una cara<\/td>\n<\/tr>\n<tr>\n<td><strong>Tipo de adhesivo<\/strong><\/td>\n<td>Hot Melt, Sensible a la presi\u00f3n<\/td>\n<\/tr>\n<tr>\n<td><strong>Impresi\u00f3n de dise\u00f1os<\/strong><\/td>\n<td>Oferta Impresi\u00f3n<\/td>\n<\/tr>\n<tr>\n<td><strong>Material<\/strong><\/td>\n<td>Tela de algod\u00f3n<\/td>\n<\/tr>\n<tr>\n<td><strong>Caracter\u00edstica<\/strong><\/td>\n<td>Impermeable<\/td>\n<\/tr>\n<tr>\n<td><strong>Utilice<\/strong><\/td>\n<td>Advertencia<\/td>\n<\/tr>\n<\/tbody>\n<\/table>\n<h4>Otros atributos<\/h4>\n<table border=\"1\">\n<tbody>\n<tr>\n<td><strong>Color<\/strong><\/td>\n<td>Negro<\/td>\n<\/tr>\n<tr>\n<td><strong>Espesor<\/strong><\/td>\n<td>300-400 mic<\/td>\n<\/tr>\n<tr>\n<td><strong>Tipo de adhesivo<\/strong><\/td>\n<td>Goma<\/td>\n<\/tr>\n<tr>\n<td><strong>Anchura del rollo<\/strong><\/td>\n<td>2\"\/3\"\/4\" o seg\u00fan se requiera<\/td>\n<\/tr>\n<tr>\n<td><strong>Longitud del rollo<\/strong><\/td>\n<td>30\/40\/50\/55\/60 yardas o seg\u00fan las necesidades<\/td>\n<\/tr>\n<tr>\n<td><strong>Fabricante<\/strong><\/td>\n<td>S\u00ed<\/td>\n<\/tr>\n<tr>\n<td><strong>Impresi\u00f3n interior del logotipo<\/strong><\/td>\n<td>Proporcionado<\/td>\n<\/tr>\n<tr>\n<td><strong>Moq<\/strong><\/td>\n<td>20 rollos para 2 pulgadas<\/td>\n<\/tr>\n<tr>\n<td><strong>Muestra<\/strong><\/td>\n<td>Proporcionado gratuitamente<\/td>\n<\/tr>\n<tr>\n<td><strong>Aplicaci\u00f3n<\/strong><\/td>\n<td>Industria del entretenimiento<\/td>\n<\/tr>\n<\/tbody>\n<\/table>\n<p><img decoding=\"async\" class=\"detail-desc-decorate-image aligncenter\" style=\"max-width: 100%; height: auto; margin: 0 auto 5px;\" src=\"http:\/\/ibn.wyd.mybluehost.me\/reanpackaging.com\/wp-content\/uploads\/2023\/09\/1-description-Custom-Printed-Hot-Sale-Strong-Adhesive-Vinyl-Cotton-Cloth-Black-Pro-Gaff-Gaffer-Tape-For-Entertainment-Film-Industry.jpg\" \/><br \/>\n<img decoding=\"async\" class=\"detail-desc-decorate-image aligncenter\" style=\"max-width: 100%; height: auto; margin: 0 auto 5px;\" src=\"http:\/\/ibn.wyd.mybluehost.me\/reanpackaging.com\/wp-content\/uploads\/2023\/09\/2-description-Custom-Printed-Hot-Sale-Strong-Adhesive-Vinyl-Cotton-Cloth-Black-Pro-Gaff-Gaffer-Tape-For-Entertainment-Film-Industry.jpg\" \/><br \/>\n<img decoding=\"async\" class=\"detail-desc-decorate-image aligncenter\" style=\"max-width: 100%; height: auto; margin: 0 auto 5px;\" src=\"http:\/\/ibn.wyd.mybluehost.me\/reanpackaging.com\/wp-content\/uploads\/2023\/09\/3-description-Custom-Printed-Hot-Sale-Strong-Adhesive-Vinyl-Cotton-Cloth-Black-Pro-Gaff-Gaffer-Tape-For-Entertainment-Film-Industry.jpg\" \/><br \/>\n<img decoding=\"async\" class=\"detail-desc-decorate-image aligncenter\" style=\"max-width: 100%; height: auto; margin: 0 auto 5px;\" src=\"http:\/\/ibn.wyd.mybluehost.me\/reanpackaging.com\/wp-content\/uploads\/2023\/09\/4-description-Custom-Printed-Hot-Sale-Strong-Adhesive-Vinyl-Cotton-Cloth-Black-Pro-Gaff-Gaffer-Tape-For-Entertainment-Film-Industry.jpg\" \/><br \/>\n<img decoding=\"async\" class=\"detail-desc-decorate-image aligncenter\" style=\"max-width: 100%; height: auto; margin: 0 auto 5px;\" src=\"http:\/\/ibn.wyd.mybluehost.me\/reanpackaging.com\/wp-content\/uploads\/2023\/09\/5-description-Custom-Printed-Hot-Sale-Strong-Adhesive-Vinyl-Cotton-Cloth-Black-Pro-Gaff-Gaffer-Tape-For-Entertainment-Film-Industry.jpg\" \/><br \/>\n<img decoding=\"async\" class=\"detail-desc-decorate-image aligncenter\" style=\"max-width: 100%; height: auto; margin: 0 auto 5px;\" src=\"http:\/\/ibn.wyd.mybluehost.me\/reanpackaging.com\/wp-content\/uploads\/2023\/09\/6-description-Custom-Printed-Hot-Sale-Strong-Adhesive-Vinyl-Cotton-Cloth-Black-Pro-Gaff-Gaffer-Tape-For-Entertainment-Film-Industry.jpg\" \/><br \/>\n<img decoding=\"async\" class=\"detail-desc-decorate-image aligncenter\" style=\"max-width: 100%; height: auto; margin: 0 auto 5px;\" src=\"http:\/\/ibn.wyd.mybluehost.me\/reanpackaging.com\/wp-content\/uploads\/2023\/09\/7-description-Custom-Printed-Hot-Sale-Strong-Adhesive-Vinyl-Cotton-Cloth-Black-Pro-Gaff-Gaffer-Tape-For-Entertainment-Film-Industry.jpg\" \/><br \/>\n<img decoding=\"async\" class=\"detail-desc-decorate-image aligncenter\" style=\"max-width: 100%; height: auto; margin: 0 auto 5px;\" src=\"http:\/\/ibn.wyd.mybluehost.me\/reanpackaging.com\/wp-content\/uploads\/2023\/09\/8-description-Custom-Printed-Hot-Sale-Strong-Adhesive-Vinyl-Cotton-Cloth-Black-Pro-Gaff-Gaffer-Tape-For-Entertainment-Film-Industry.jpg\" \/><\/p>","protected":false},"excerpt":{"rendered":"<p>Industry-Specific Attributes Adhesive Rubber Adhesive Side Single Sided Adhesive Type Hot Melt, Pressure Sensitive Design Printing Offer Printing Material Cotton cloth Feature Waterproof Use Warning Other Attributes Color Black Thickness 300-400 mic Adhesive type Rubber Roll width 2&#8221;\/3&#8221;\/4&#8221; or as require Roll length 30\/40\/50\/55\/60 yards or as require Manufacturer Yes Inner logo printing Provided Moq [&hellip;]<\/p>\n","protected":false},"featured_media":7334,"template":"","meta":{"_seopress_robots_primary_cat":"none","_seopress_titles_title":"","_seopress_titles_desc":"","_seopress_robots_index":"","site-sidebar-layout":"default","site-content-layout":"default","ast-site-content-layout":"default","site-content-style":"default","site-sidebar-style":"default","ast-global-header-display":"","ast-banner-title-visibility":"","ast-main-header-display":"","ast-hfb-above-header-display":"","ast-hfb-below-header-display":"","ast-hfb-mobile-header-display":"","site-post-title":"","ast-breadcrumbs-content":"","ast-featured-img":"","footer-sml-layout":"","ast-disable-related-posts":"","theme-transparent-header-meta":"default","adv-header-id-meta":"","stick-header-meta":"default","header-above-stick-meta":"","header-main-stick-meta":"","header-below-stick-meta":"","astra-migrate-meta-layouts":"set","ast-page-background-enabled":"default","ast-page-background-meta":{"desktop":{"background-color":"","background-image":"","background-repeat":"repeat","background-position":"center center","background-size":"auto","background-attachment":"scroll","background-type":"","background-media":"","overlay-type":"","overlay-color":"","overlay-opacity":"","overlay-gradient":""},"tablet":{"background-color":"","background-image":"","background-repeat":"repeat","background-position":"center center","background-size":"auto","background-attachment":"scroll","background-type":"","background-media":"","overlay-type":"","overlay-color":"","overlay-opacity":"","overlay-gradient":""},"mobile":{"background-color":"","background-image":"","background-repeat":"repeat","background-position":"center center","background-size":"auto","background-attachment":"scroll","background-type":"","background-media":"","overlay-type":"","overlay-color":"","overlay-opacity":"","overlay-gradient":""}},"ast-content-background-meta":{"desktop":{"background-color":"var(--ast-global-color-5)","background-image":"","background-repeat":"repeat","background-position":"center center","background-size":"auto","background-attachment":"scroll","background-type":"","background-media":"","overlay-type":"","overlay-color":"","overlay-opacity":"","overlay-gradient":""},"tablet":{"background-color":"var(--ast-global-color-5)","background-image":"","background-repeat":"repeat","background-position":"center center","background-size":"auto","background-attachment":"scroll","background-type":"","background-media":"","overlay-type":"","overlay-color":"","overlay-opacity":"","overlay-gradient":""},"mobile":{"background-color":"var(--ast-global-color-5)","background-image":"","background-repeat":"repeat","background-position":"center center","background-size":"auto","background-attachment":"scroll","background-type":"","background-media":"","overlay-type":"","overlay-color":"","overlay-opacity":"","overlay-gradient":""}}},"product_brand":[],"product_cat":[46],"product_tag":[],"class_list":{"0":"post-7452","1":"product","2":"type-product","3":"status-publish","4":"has-post-thumbnail","6":"product_cat-custom-print-tape","7":"desktop-align-left","8":"tablet-align-left","9":"mobile-align-left","10":"ast-product-gallery-layout-horizontal","11":"ast-product-tabs-layout-horizontal","13":"first","14":"instock","15":"purchasable","16":"product-type-simple"},"_links":{"self":[{"href":"https:\/\/reanpackaging.com\/es\/wp-json\/wp\/v2\/product\/7452","targetHints":{"allow":["GET"]}}],"collection":[{"href":"https:\/\/reanpackaging.com\/es\/wp-json\/wp\/v2\/product"}],"about":[{"href":"https:\/\/reanpackaging.com\/es\/wp-json\/wp\/v2\/types\/product"}],"wp:featuredmedia":[{"embeddable":true,"href":"https:\/\/reanpackaging.com\/es\/wp-json\/wp\/v2\/media\/7334"}],"wp:attachment":[{"href":"https:\/\/reanpackaging.com\/es\/wp-json\/wp\/v2\/media?parent=7452"}],"wp:term":[{"taxonomy":"product_brand","embeddable":true,"href":"https:\/\/reanpackaging.com\/es\/wp-json\/wp\/v2\/product_brand?post=7452"},{"taxonomy":"product_cat","embeddable":true,"href":"https:\/\/reanpackaging.com\/es\/wp-json\/wp\/v2\/product_cat?post=7452"},{"taxonomy":"product_tag","embeddable":true,"href":"https:\/\/reanpackaging.com\/es\/wp-json\/wp\/v2\/product_tag?post=7452"}],"curies":[{"name":"wp","href":"https:\/\/api.w.org\/{rel}","templated":true}]}}