{"id":7752,"date":"2023-09-23T10:47:33","date_gmt":"2023-09-23T10:47:33","guid":{"rendered":"http:\/\/ibn.wyd.mybluehost.me\/reanpackaging.com\/product\/custom-high-quality-cheap-printed-logo-grocery-promotion-non-woven-gift-tote-reusable-bag-shopping-bags-with\/"},"modified":"2024-10-01T16:56:42","modified_gmt":"2024-10-01T16:56:42","slug":"custom-high-quality-cheap-printed-logo-grocery-promotion-non-woven-gift-tote-reusable-bag-shopping-bags-with","status":"publish","type":"product","link":"https:\/\/reanpackaging.com\/es\/producto\/custom-high-quality-cheap-printed-logo-grocery-promotion-non-woven-gift-tote-reusable-bag-shopping-bags-with\/","title":{"rendered":"Personalizado de alta calidad barato impreso promoci\u00f3n de comestibles logotipo de regalo no tejido bolsa reutilizable bolsas de la compra con"},"content":{"rendered":"<h4>Atributos espec\u00edficos del sector<\/h4>\n<table border=\"1\">\n<tbody>\n<tr>\n<td><strong>Material<\/strong><\/td>\n<td>No tejido<\/td>\n<\/tr>\n<\/tbody>\n<\/table>\n<h4>Otros atributos<\/h4>\n<table border=\"1\">\n<tbody>\n<tr>\n<td><strong>Estilo<\/strong><\/td>\n<td>Manipulado<\/td>\n<\/tr>\n<tr>\n<td><strong>Tipo de patr\u00f3n<\/strong><\/td>\n<td>Geom\u00e9trico<\/td>\n<\/tr>\n<tr>\n<td><strong>Talla<\/strong><\/td>\n<td>Mediana(30-50cm)<\/td>\n<\/tr>\n<tr>\n<td><strong>Utilizaci\u00f3n<\/strong><\/td>\n<td>Regalos de promoci\u00f3n<\/td>\n<\/tr>\n<tr>\n<td><strong>Color<\/strong><\/td>\n<td>Personalizado<\/td>\n<\/tr>\n<tr>\n<td><strong>Caracter\u00edstica<\/strong><\/td>\n<td>Ecol\u00f3gico<\/td>\n<\/tr>\n<tr>\n<td><strong>Logotipo<\/strong><\/td>\n<td>Acepta logotipos personalizados<\/td>\n<\/tr>\n<tr>\n<td><strong>Art\u00edculo<\/strong><\/td>\n<td>bolsa de la compra<\/td>\n<\/tr>\n<tr>\n<td><strong>MOQ<\/strong><\/td>\n<td>100 unidades<\/td>\n<\/tr>\n<tr>\n<td><strong>Tiempo de muestreo<\/strong><\/td>\n<td>3-20 d\u00edas<\/td>\n<\/tr>\n<tr>\n<td><strong>Pago<\/strong><\/td>\n<td>T\/T,L\/C,D\/A,Western Union<\/td>\n<\/tr>\n<tr>\n<td><strong>OEM<\/strong><\/td>\n<td>Aceptamos bolsas OEM<\/td>\n<\/tr>\n<tr>\n<td><strong>Tama\u00f1o y grosor<\/strong><\/td>\n<td>25-45CM<\/td>\n<\/tr>\n<\/tbody>\n<\/table>\n<p><img decoding=\"async\" class=\"detail-desc-decorate-image aligncenter\" style=\"max-width: 100%; height: auto; margin: 0 auto 0px;\" src=\"http:\/\/ibn.wyd.mybluehost.me\/reanpackaging.com\/wp-content\/uploads\/2023\/09\/1-description-Custom-High-Quality-Cheap-Printed-Logo-Grocery-Promotion-Non-Woven-Gift-Tote-Reusable-Bag-Shopping-Bags-With.jpg\" \/><br \/>\n<img decoding=\"async\" class=\"detail-desc-decorate-image aligncenter\" style=\"max-width: 100%; height: auto; margin: 0 auto 0px;\" src=\"http:\/\/ibn.wyd.mybluehost.me\/reanpackaging.com\/wp-content\/uploads\/2023\/09\/2-description-Custom-High-Quality-Cheap-Printed-Logo-Grocery-Promotion-Non-Woven-Gift-Tote-Reusable-Bag-Shopping-Bags-With.jpg\" \/><br \/>\n<img decoding=\"async\" class=\"detail-desc-decorate-image aligncenter\" style=\"max-width: 100%; height: auto; margin: 0 auto 0px;\" src=\"http:\/\/ibn.wyd.mybluehost.me\/reanpackaging.com\/wp-content\/uploads\/2023\/09\/3-description-Custom-High-Quality-Cheap-Printed-Logo-Grocery-Promotion-Non-Woven-Gift-Tote-Reusable-Bag-Shopping-Bags-With.jpg\" \/><br \/>\n<img decoding=\"async\" class=\"detail-desc-decorate-image aligncenter\" style=\"max-width: 100%; height: auto; margin: 0 auto 0px;\" src=\"http:\/\/ibn.wyd.mybluehost.me\/reanpackaging.com\/wp-content\/uploads\/2023\/09\/4-description-Custom-High-Quality-Cheap-Printed-Logo-Grocery-Promotion-Non-Woven-Gift-Tote-Reusable-Bag-Shopping-Bags-With.jpg\" \/><br \/>\n<img decoding=\"async\" class=\"detail-desc-decorate-image aligncenter\" style=\"max-width: 100%; height: auto; margin: 0 auto 0px;\" src=\"http:\/\/ibn.wyd.mybluehost.me\/reanpackaging.com\/wp-content\/uploads\/2023\/09\/5-description-Custom-High-Quality-Cheap-Printed-Logo-Grocery-Promotion-Non-Woven-Gift-Tote-Reusable-Bag-Shopping-Bags-With.jpg\" \/><br \/>\n<img decoding=\"async\" class=\"detail-desc-decorate-image aligncenter\" style=\"max-width: 100%; height: auto; margin: 0 auto 0px;\" src=\"http:\/\/ibn.wyd.mybluehost.me\/reanpackaging.com\/wp-content\/uploads\/2023\/09\/6-description-Custom-High-Quality-Cheap-Printed-Logo-Grocery-Promotion-Non-Woven-Gift-Tote-Reusable-Bag-Shopping-Bags-With.jpg\" \/><br \/>\n<img decoding=\"async\" class=\"detail-desc-decorate-image aligncenter\" style=\"max-width: 100%; height: auto; margin: 0 auto 0px;\" src=\"http:\/\/ibn.wyd.mybluehost.me\/reanpackaging.com\/wp-content\/uploads\/2023\/09\/7-description-Custom-High-Quality-Cheap-Printed-Logo-Grocery-Promotion-Non-Woven-Gift-Tote-Reusable-Bag-Shopping-Bags-With.jpg\" \/><br \/>\n<img decoding=\"async\" class=\"detail-desc-decorate-image aligncenter\" style=\"max-width: 100%; height: auto; margin: 0 auto 0px;\" src=\"http:\/\/ibn.wyd.mybluehost.me\/reanpackaging.com\/wp-content\/uploads\/2023\/09\/8-description-Custom-High-Quality-Cheap-Printed-Logo-Grocery-Promotion-Non-Woven-Gift-Tote-Reusable-Bag-Shopping-Bags-With.jpg\" \/><br \/>\n<img decoding=\"async\" class=\"detail-desc-decorate-image aligncenter\" style=\"max-width: 100%; height: auto; margin: 0 auto 0px;\" src=\"http:\/\/ibn.wyd.mybluehost.me\/reanpackaging.com\/wp-content\/uploads\/2023\/09\/9-description-Custom-High-Quality-Cheap-Printed-Logo-Grocery-Promotion-Non-Woven-Gift-Tote-Reusable-Bag-Shopping-Bags-With.jpg\" \/><\/p>","protected":false},"excerpt":{"rendered":"<p>Atributos espec\u00edficos de la industria Material No tejido Otros atributos Estilo Asa Patr\u00f3n Tipo Geom\u00e9trico Tama\u00f1o Mediano(30-50cm) Uso Regalos promocionales Color Personalizado Caracter\u00edstica Respetuoso con el medio ambiente Logotipo Aceptar Logotipo personalizado Art\u00edculo bolsa de la compra MOQ 100 unidades Tiempo de muestra 3-20 d\u00edas Pago T\/T,L\/C,D\/A,Western Union OEM Aceptar OEM Tama\u00f1o y grosor de la bolsa 25-45CM<\/p>","protected":false},"featured_media":7645,"template":"","meta":{"_seopress_robots_primary_cat":"none","_seopress_titles_title":"","_seopress_titles_desc":"","_seopress_robots_index":"","site-sidebar-layout":"default","site-content-layout":"default","ast-site-content-layout":"default","site-content-style":"default","site-sidebar-style":"default","ast-global-header-display":"","ast-banner-title-visibility":"","ast-main-header-display":"","ast-hfb-above-header-display":"","ast-hfb-below-header-display":"","ast-hfb-mobile-header-display":"","site-post-title":"","ast-breadcrumbs-content":"","ast-featured-img":"","footer-sml-layout":"","ast-disable-related-posts":"","theme-transparent-header-meta":"default","adv-header-id-meta":"","stick-header-meta":"default","header-above-stick-meta":"","header-main-stick-meta":"","header-below-stick-meta":"","astra-migrate-meta-layouts":"set","ast-page-background-enabled":"default","ast-page-background-meta":{"desktop":{"background-color":"","background-image":"","background-repeat":"repeat","background-position":"center center","background-size":"auto","background-attachment":"scroll","background-type":"","background-media":"","overlay-type":"","overlay-color":"","overlay-opacity":"","overlay-gradient":""},"tablet":{"background-color":"","background-image":"","background-repeat":"repeat","background-position":"center center","background-size":"auto","background-attachment":"scroll","background-type":"","background-media":"","overlay-type":"","overlay-color":"","overlay-opacity":"","overlay-gradient":""},"mobile":{"background-color":"","background-image":"","background-repeat":"repeat","background-position":"center center","background-size":"auto","background-attachment":"scroll","background-type":"","background-media":"","overlay-type":"","overlay-color":"","overlay-opacity":"","overlay-gradient":""}},"ast-content-background-meta":{"desktop":{"background-color":"var(--ast-global-color-5)","background-image":"","background-repeat":"repeat","background-position":"center center","background-size":"auto","background-attachment":"scroll","background-type":"","background-media":"","overlay-type":"","overlay-color":"","overlay-opacity":"","overlay-gradient":""},"tablet":{"background-color":"var(--ast-global-color-5)","background-image":"","background-repeat":"repeat","background-position":"center center","background-size":"auto","background-attachment":"scroll","background-type":"","background-media":"","overlay-type":"","overlay-color":"","overlay-opacity":"","overlay-gradient":""},"mobile":{"background-color":"var(--ast-global-color-5)","background-image":"","background-repeat":"repeat","background-position":"center center","background-size":"auto","background-attachment":"scroll","background-type":"","background-media":"","overlay-type":"","overlay-color":"","overlay-opacity":"","overlay-gradient":""}}},"product_brand":[],"product_cat":[43,44,41],"product_tag":[],"class_list":{"0":"post-7752","1":"product","2":"type-product","3":"status-publish","4":"has-post-thumbnail","6":"product_cat-non-woven-bags","7":"product_cat-paper-bags","8":"product_cat-shopping-bags","9":"desktop-align-left","10":"tablet-align-left","11":"mobile-align-left","12":"ast-product-gallery-layout-horizontal","13":"ast-product-gallery-with-no-image","14":"ast-product-tabs-layout-horizontal","16":"first","17":"instock","18":"purchasable","19":"product-type-simple"},"_links":{"self":[{"href":"https:\/\/reanpackaging.com\/es\/wp-json\/wp\/v2\/product\/7752","targetHints":{"allow":["GET"]}}],"collection":[{"href":"https:\/\/reanpackaging.com\/es\/wp-json\/wp\/v2\/product"}],"about":[{"href":"https:\/\/reanpackaging.com\/es\/wp-json\/wp\/v2\/types\/product"}],"wp:featuredmedia":[{"embeddable":true,"href":"https:\/\/reanpackaging.com\/es\/wp-json\/wp\/v2\/media\/7645"}],"wp:attachment":[{"href":"https:\/\/reanpackaging.com\/es\/wp-json\/wp\/v2\/media?parent=7752"}],"wp:term":[{"taxonomy":"product_brand","embeddable":true,"href":"https:\/\/reanpackaging.com\/es\/wp-json\/wp\/v2\/product_brand?post=7752"},{"taxonomy":"product_cat","embeddable":true,"href":"https:\/\/reanpackaging.com\/es\/wp-json\/wp\/v2\/product_cat?post=7752"},{"taxonomy":"product_tag","embeddable":true,"href":"https:\/\/reanpackaging.com\/es\/wp-json\/wp\/v2\/product_tag?post=7752"}],"curies":[{"name":"wp","href":"https:\/\/api.w.org\/{rel}","templated":true}]}}