{"id":8203,"date":"2023-09-23T17:28:13","date_gmt":"2023-09-23T17:28:13","guid":{"rendered":"http:\/\/ibn.wyd.mybluehost.me\/reanpackaging.com\/product\/wholesale-luxury-corrugated-packaging-shipping-boxes-custom-logo-reusable-folding-paper-cardboard-mailer-box\/"},"modified":"2024-10-01T16:55:02","modified_gmt":"2024-10-01T16:55:02","slug":"wholesale-luxury-corrugated-packaging-shipping-boxes-custom-logo-reusable-folding-paper-cardboard-mailer-box","status":"publish","type":"product","link":"https:\/\/reanpackaging.com\/es\/producto\/venta-al-por-mayor-de-lujo-de-embalaje-de-carton-corrugado-cajas-de-envio-logotipo-personalizado-reutilizable-plegable-caja-de-carton-mailer\/","title":{"rendered":"Venta al por mayor de lujo de embalaje de cart\u00f3n corrugado cajas de env\u00edo Logotipo personalizado reutilizable plegable de papel cart\u00f3n Mailer Box"},"content":{"rendered":"<h4>Atributos espec\u00edficos del sector<\/h4>\n<table border=\"1\">\n<tr>\n<td><strong>Uso industrial<\/strong><\/td>\n<td>Comercio<\/td>\n<\/tr>\n<tr>\n<td><strong>Tipo de papel<\/strong><\/td>\n<td>Cart\u00f3n<\/td>\n<\/tr>\n<tr>\n<td><strong>Caracter\u00edstica<\/strong><\/td>\n<td>Hecho a mano<\/td>\n<\/tr>\n<\/table>\n<h4>Otros atributos<\/h4>\n<table border=\"1\">\n<tr>\n<td><strong>Tipo de caja<\/strong><\/td>\n<td>Carpetas<\/td>\n<\/tr>\n<tr>\n<td><strong>Manipulaci\u00f3n de la impresi\u00f3n<\/strong><\/td>\n<td>Gofrado, Laminaci\u00f3n brillante, Laminaci\u00f3n mate, Estampaci\u00f3n, Recubrimiento UV, Barnizado, L\u00e1mina de oro, VANISHING<\/td>\n<\/tr>\n<tr>\n<td><strong>Pedido a medida<\/strong><\/td>\n<td>Acepte<\/td>\n<\/tr>\n<tr>\n<td><strong>Forma<\/strong><\/td>\n<td>rect\u00e1ngulo<\/td>\n<\/tr>\n<tr>\n<td><strong>Nombre del producto<\/strong><\/td>\n<td>cajas de env\u00edo peque\u00f1as<\/td>\n<\/tr>\n<tr>\n<td><strong>Talla<\/strong><\/td>\n<td>Se aceptan tallas especiales<\/td>\n<\/tr>\n<tr>\n<td><strong>Embalaje<\/strong><\/td>\n<td>Cart\u00f3n de embalaje est\u00e1ndar<\/td>\n<\/tr>\n<tr>\n<td><strong>Color<\/strong><\/td>\n<td>Se aceptan colores personalizados<\/td>\n<\/tr>\n<tr>\n<td><strong>Acabado superficial<\/strong><\/td>\n<td>Laminaci\u00f3n mate<\/td>\n<\/tr>\n<tr>\n<td><strong>Material<\/strong><\/td>\n<td>Cart\u00f3n ondulado<\/td>\n<\/tr>\n<tr>\n<td><strong>Aplicaci\u00f3n<\/strong><\/td>\n<td>Material de embalaje<\/td>\n<\/tr>\n<tr>\n<td><strong>Uso industrial<\/strong><\/td>\n<td>caja de embalaje de env\u00edo<\/td>\n<\/tr>\n<tr>\n<td><strong>Utilice<\/strong><\/td>\n<td>caja de embalaje de cart\u00f3n<\/td>\n<\/tr>\n<tr>\n<td><strong>Forma<\/strong><\/td>\n<td>Forma personalizada<\/td>\n<\/tr>\n<\/table>\n<p><img decoding=\"async\" class=\"detail-desc-decorate-image\" src=\"http:\/\/ibn.wyd.mybluehost.me\/reanpackaging.com\/wp-content\/uploads\/2023\/09\/2-description-Wholesale-Luxury-Corrugated-Packaging-Shipping-Boxes-Custom-Logo-Reusable-Folding-Paper-Cardboard-Mailer-Box.jpg\" slate-data-type=\"image\" style=\"max-width: 100%; height: auto; display: block; margin: 0 auto;\"><br \/>\n<img decoding=\"async\" class=\"detail-desc-decorate-image\" src=\"http:\/\/ibn.wyd.mybluehost.me\/reanpackaging.com\/wp-content\/uploads\/2023\/09\/3-description-Wholesale-Luxury-Corrugated-Packaging-Shipping-Boxes-Custom-Logo-Reusable-Folding-Paper-Cardboard-Mailer-Box.jpg\" slate-data-type=\"image\" style=\"max-width: 100%; height: auto; display: block; margin: 0 auto;\"><br \/>\n<img decoding=\"async\" class=\"detail-desc-decorate-image\" src=\"http:\/\/ibn.wyd.mybluehost.me\/reanpackaging.com\/wp-content\/uploads\/2023\/09\/4-description-Wholesale-Luxury-Corrugated-Packaging-Shipping-Boxes-Custom-Logo-Reusable-Folding-Paper-Cardboard-Mailer-Box.jpg\" slate-data-type=\"image\" style=\"max-width: 100%; height: auto; display: block; margin: 0 auto;\"><br \/>\n<img decoding=\"async\" class=\"detail-desc-decorate-image\" src=\"http:\/\/ibn.wyd.mybluehost.me\/reanpackaging.com\/wp-content\/uploads\/2023\/09\/5-description-Wholesale-Luxury-Corrugated-Packaging-Shipping-Boxes-Custom-Logo-Reusable-Folding-Paper-Cardboard-Mailer-Box.jpg\" slate-data-type=\"image\" style=\"max-width: 100%; height: auto; display: block; margin: 0 auto;\"><br \/>\n<img decoding=\"async\" class=\"detail-desc-decorate-image\" src=\"http:\/\/ibn.wyd.mybluehost.me\/reanpackaging.com\/wp-content\/uploads\/2023\/09\/6-description-Wholesale-Luxury-Corrugated-Packaging-Shipping-Boxes-Custom-Logo-Reusable-Folding-Paper-Cardboard-Mailer-Box.jpg\" slate-data-type=\"image\" style=\"max-width: 100%; height: auto; display: block; margin: 0 auto;\"><br \/>\n<img decoding=\"async\" class=\"detail-desc-decorate-image\" src=\"http:\/\/ibn.wyd.mybluehost.me\/reanpackaging.com\/wp-content\/uploads\/2023\/09\/7-description-Wholesale-Luxury-Corrugated-Packaging-Shipping-Boxes-Custom-Logo-Reusable-Folding-Paper-Cardboard-Mailer-Box.jpg\" slate-data-type=\"image\" style=\"max-width: 100%; height: auto; display: block; margin: 0 auto;\"><br \/>\n<img decoding=\"async\" class=\"detail-desc-decorate-image\" src=\"http:\/\/ibn.wyd.mybluehost.me\/reanpackaging.com\/wp-content\/uploads\/2023\/09\/8-description-Wholesale-Luxury-Corrugated-Packaging-Shipping-Boxes-Custom-Logo-Reusable-Folding-Paper-Cardboard-Mailer-Box.jpg\" slate-data-type=\"image\" style=\"max-width: 100%; height: auto; display: block; margin: 0 auto;\"><br \/>\n<img decoding=\"async\" class=\"detail-desc-decorate-image\" src=\"http:\/\/ibn.wyd.mybluehost.me\/reanpackaging.com\/wp-content\/uploads\/2023\/09\/9-description-Wholesale-Luxury-Corrugated-Packaging-Shipping-Boxes-Custom-Logo-Reusable-Folding-Paper-Cardboard-Mailer-Box.jpg\" slate-data-type=\"image\" style=\"max-width: 100%; height: auto; display: block; margin: 0 auto;\"><\/p>","protected":false},"excerpt":{"rendered":"<p>Industry-Specific Attributes Industrial Use Business&#038;Shopping Paper Type Paperboard Feature Handmade Other Attributes Box Type Folders Printing Handling Embossing, Glossy Lamination, Matt Lamination, Stamping, UV Coating, Varnishing, Gold Foil, VANISHING Custom Order Accept Shape rectangle Product name small shipping boxes Size Custom Size Accepted Packing Standard Packing Carton Color Custom Color Accepted Surface Finish Matt Lamination [&hellip;]<\/p>\n","protected":false},"featured_media":8188,"template":"","meta":{"_seopress_robots_primary_cat":"","_seopress_titles_title":"","_seopress_titles_desc":"","_seopress_robots_index":"","site-sidebar-layout":"default","site-content-layout":"","ast-site-content-layout":"default","site-content-style":"default","site-sidebar-style":"default","ast-global-header-display":"","ast-banner-title-visibility":"","ast-main-header-display":"","ast-hfb-above-header-display":"","ast-hfb-below-header-display":"","ast-hfb-mobile-header-display":"","site-post-title":"","ast-breadcrumbs-content":"","ast-featured-img":"","footer-sml-layout":"","ast-disable-related-posts":"","theme-transparent-header-meta":"","adv-header-id-meta":"","stick-header-meta":"","header-above-stick-meta":"","header-main-stick-meta":"","header-below-stick-meta":"","astra-migrate-meta-layouts":"default","ast-page-background-enabled":"default","ast-page-background-meta":{"desktop":{"background-color":"","background-image":"","background-repeat":"repeat","background-position":"center center","background-size":"auto","background-attachment":"scroll","background-type":"","background-media":"","overlay-type":"","overlay-color":"","overlay-opacity":"","overlay-gradient":""},"tablet":{"background-color":"","background-image":"","background-repeat":"repeat","background-position":"center center","background-size":"auto","background-attachment":"scroll","background-type":"","background-media":"","overlay-type":"","overlay-color":"","overlay-opacity":"","overlay-gradient":""},"mobile":{"background-color":"","background-image":"","background-repeat":"repeat","background-position":"center center","background-size":"auto","background-attachment":"scroll","background-type":"","background-media":"","overlay-type":"","overlay-color":"","overlay-opacity":"","overlay-gradient":""}},"ast-content-background-meta":{"desktop":{"background-color":"var(--ast-global-color-5)","background-image":"","background-repeat":"repeat","background-position":"center center","background-size":"auto","background-attachment":"scroll","background-type":"","background-media":"","overlay-type":"","overlay-color":"","overlay-opacity":"","overlay-gradient":""},"tablet":{"background-color":"var(--ast-global-color-5)","background-image":"","background-repeat":"repeat","background-position":"center center","background-size":"auto","background-attachment":"scroll","background-type":"","background-media":"","overlay-type":"","overlay-color":"","overlay-opacity":"","overlay-gradient":""},"mobile":{"background-color":"var(--ast-global-color-5)","background-image":"","background-repeat":"repeat","background-position":"center center","background-size":"auto","background-attachment":"scroll","background-type":"","background-media":"","overlay-type":"","overlay-color":"","overlay-opacity":"","overlay-gradient":""}}},"product_brand":[],"product_cat":[47,29,48],"product_tag":[],"class_list":{"0":"post-8203","1":"product","2":"type-product","3":"status-publish","4":"has-post-thumbnail","6":"product_cat-mailer-boxes","7":"product_cat-packaging-boxes","8":"product_cat-shipping-boxes","9":"desktop-align-left","10":"tablet-align-left","11":"mobile-align-left","12":"ast-product-gallery-layout-horizontal","13":"ast-product-tabs-layout-horizontal","15":"first","16":"instock","17":"purchasable","18":"product-type-simple"},"_links":{"self":[{"href":"https:\/\/reanpackaging.com\/es\/wp-json\/wp\/v2\/product\/8203","targetHints":{"allow":["GET"]}}],"collection":[{"href":"https:\/\/reanpackaging.com\/es\/wp-json\/wp\/v2\/product"}],"about":[{"href":"https:\/\/reanpackaging.com\/es\/wp-json\/wp\/v2\/types\/product"}],"wp:featuredmedia":[{"embeddable":true,"href":"https:\/\/reanpackaging.com\/es\/wp-json\/wp\/v2\/media\/8188"}],"wp:attachment":[{"href":"https:\/\/reanpackaging.com\/es\/wp-json\/wp\/v2\/media?parent=8203"}],"wp:term":[{"taxonomy":"product_brand","embeddable":true,"href":"https:\/\/reanpackaging.com\/es\/wp-json\/wp\/v2\/product_brand?post=8203"},{"taxonomy":"product_cat","embeddable":true,"href":"https:\/\/reanpackaging.com\/es\/wp-json\/wp\/v2\/product_cat?post=8203"},{"taxonomy":"product_tag","embeddable":true,"href":"https:\/\/reanpackaging.com\/es\/wp-json\/wp\/v2\/product_tag?post=8203"}],"curies":[{"name":"wp","href":"https:\/\/api.w.org\/{rel}","templated":true}]}}