{"id":8806,"date":"2023-09-24T14:42:07","date_gmt":"2023-09-24T14:42:07","guid":{"rendered":"http:\/\/ibn.wyd.mybluehost.me\/reanpackaging.com\/product\/brown-moving-corrugated-carton-shipping-boxes-for-mail-shipping-boxes-12x12-factory-delivery-brown-box-packaging\/"},"modified":"2024-10-01T16:52:38","modified_gmt":"2024-10-01T16:52:38","slug":"brown-moving-corrugated-carton-shipping-boxes-for-mail-shipping-boxes-12x12-factory-delivery-brown-box-packaging","status":"publish","type":"product","link":"https:\/\/reanpackaging.com\/es\/producto\/brown-moving-corrugated-carton-shipping-boxes-for-mail-shipping-boxes-12x12-factory-delivery-brown-box-packaging\/","title":{"rendered":"Marr\u00f3n Mudanza Cart\u00f3n Corrugado Cajas De Env\u00edo Para El Correo Cajas De Env\u00edo 12X12 Entrega De F\u00e1brica Caja De Embalaje Marr\u00f3n"},"content":{"rendered":"<h4>Atributos espec\u00edficos del sector<\/h4>\n<table border=\"1\">\n<tr>\n<td><strong>Uso industrial<\/strong><\/td>\n<td>env\u00edo<\/td>\n<\/tr>\n<tr>\n<td><strong>Tipo de papel<\/strong><\/td>\n<td>Cart\u00f3n ondulado<\/td>\n<\/tr>\n<tr>\n<td><strong>Caracter\u00edstica<\/strong><\/td>\n<td>Reciclable<\/td>\n<\/tr>\n<\/table>\n<h4>Otros atributos<\/h4>\n<table border=\"1\">\n<tr>\n<td><strong>Tipo de caja<\/strong><\/td>\n<td>Cajas automontables<\/td>\n<\/tr>\n<tr>\n<td><strong>Manipulaci\u00f3n de la impresi\u00f3n<\/strong><\/td>\n<td>Estampaci\u00f3n, Laminaci\u00f3n brillante, Laminaci\u00f3n mate, Estampaci\u00f3n, Recubrimiento UV, Barnizado<\/td>\n<\/tr>\n<tr>\n<td><strong>Pedido a medida<\/strong><\/td>\n<td>Acepte<\/td>\n<\/tr>\n<tr>\n<td><strong>Forma<\/strong><\/td>\n<td>cuadrado<\/td>\n<\/tr>\n<tr>\n<td><strong>Nombre<\/strong><\/td>\n<td>Cajas de env\u00edo de cart\u00f3n ondulado<\/td>\n<\/tr>\n<tr>\n<td><strong>Ventajas de la caja de cart\u00f3n ondulado<\/strong><\/td>\n<td>Alta calidad a precios competitivos<\/td>\n<\/tr>\n<tr>\n<td><strong>Certificaci\u00f3n de cajas de cart\u00f3n ondulado<\/strong><\/td>\n<td>Caracter\u00edstica Reciclable, alta durabilidad, cualquier color como opciones<\/td>\n<\/tr>\n<tr>\n<td><strong>Tama\u00f1o de la caja de cart\u00f3n ondulado<\/strong><\/td>\n<td>Tama\u00f1o personalizado<\/td>\n<\/tr>\n<tr>\n<td><strong>Material de la caja de cart\u00f3n ondulado<\/strong><\/td>\n<td>papel kraft,papel corrugado en flauta A,B,C,E,F,AB,BE,BC etc.<\/td>\n<\/tr>\n<tr>\n<td><strong>Proceso de acabado de la caja de cart\u00f3n ondulado<\/strong><\/td>\n<td>Barnizado brillante\/mate\/laminado, estampaci\u00f3n en caliente en plata\/goden<\/td>\n<\/tr>\n<tr>\n<td><strong>Accesorios para cajas de cart\u00f3n ondulado<\/strong><\/td>\n<td>Cinta, cord\u00f3n, asa de pl\u00e1stico, ventana de PVC, precinto magn\u00e9tico u otros.<\/td>\n<\/tr>\n<tr>\n<td><strong>Pago de la caja de cart\u00f3n ondulado<\/strong><\/td>\n<td>L\/C, T\/T, Paypal u otros<\/td>\n<\/tr>\n<tr>\n<td><strong>Plazo de entrega de la caja de cart\u00f3n ondulado<\/strong><\/td>\n<td>12-15 d\u00edas laborables tras la confirmaci\u00f3n del dep\u00f3sito y la prueba de impresi\u00f3n.<\/td>\n<\/tr>\n<tr>\n<td><strong>color de impresi\u00f3n de cajas de cart\u00f3n ondulado<\/strong><\/td>\n<td>CMYK, PMS<\/td>\n<\/tr>\n<\/table>","protected":false},"excerpt":{"rendered":"<p>Industry-Specific Attributes Industrial Use shipping Paper Type Corrugated Board Feature Recyclable Other Attributes Box Type Self Erecting Boxes Printing Handling Embossing, Glossy Lamination, Matt Lamination, Stamping, UV Coating, Varnishing Custom Order Accept Shape square Name Corrugated carton shipping boxes Advantage of corrugated box High quality with competitive price Certification of corrugated box Feature Recyclable, high [&hellip;]<\/p>\n","protected":false},"featured_media":8624,"template":"","meta":{"_seopress_robots_primary_cat":"none","_seopress_titles_title":"","_seopress_titles_desc":"","_seopress_robots_index":"","site-sidebar-layout":"default","site-content-layout":"","ast-site-content-layout":"default","site-content-style":"default","site-sidebar-style":"default","ast-global-header-display":"","ast-banner-title-visibility":"","ast-main-header-display":"","ast-hfb-above-header-display":"","ast-hfb-below-header-display":"","ast-hfb-mobile-header-display":"","site-post-title":"","ast-breadcrumbs-content":"","ast-featured-img":"","footer-sml-layout":"","ast-disable-related-posts":"","theme-transparent-header-meta":"default","adv-header-id-meta":"","stick-header-meta":"default","header-above-stick-meta":"","header-main-stick-meta":"","header-below-stick-meta":"","astra-migrate-meta-layouts":"set","ast-page-background-enabled":"default","ast-page-background-meta":{"desktop":{"background-color":"","background-image":"","background-repeat":"repeat","background-position":"center center","background-size":"auto","background-attachment":"scroll","background-type":"","background-media":"","overlay-type":"","overlay-color":"","overlay-opacity":"","overlay-gradient":""},"tablet":{"background-color":"","background-image":"","background-repeat":"repeat","background-position":"center center","background-size":"auto","background-attachment":"scroll","background-type":"","background-media":"","overlay-type":"","overlay-color":"","overlay-opacity":"","overlay-gradient":""},"mobile":{"background-color":"","background-image":"","background-repeat":"repeat","background-position":"center center","background-size":"auto","background-attachment":"scroll","background-type":"","background-media":"","overlay-type":"","overlay-color":"","overlay-opacity":"","overlay-gradient":""}},"ast-content-background-meta":{"desktop":{"background-color":"var(--ast-global-color-5)","background-image":"","background-repeat":"repeat","background-position":"center center","background-size":"auto","background-attachment":"scroll","background-type":"","background-media":"","overlay-type":"","overlay-color":"","overlay-opacity":"","overlay-gradient":""},"tablet":{"background-color":"var(--ast-global-color-5)","background-image":"","background-repeat":"repeat","background-position":"center center","background-size":"auto","background-attachment":"scroll","background-type":"","background-media":"","overlay-type":"","overlay-color":"","overlay-opacity":"","overlay-gradient":""},"mobile":{"background-color":"var(--ast-global-color-5)","background-image":"","background-repeat":"repeat","background-position":"center center","background-size":"auto","background-attachment":"scroll","background-type":"","background-media":"","overlay-type":"","overlay-color":"","overlay-opacity":"","overlay-gradient":""}}},"product_brand":[],"product_cat":[29,48],"product_tag":[],"class_list":{"0":"post-8806","1":"product","2":"type-product","3":"status-publish","4":"has-post-thumbnail","6":"product_cat-packaging-boxes","7":"product_cat-shipping-boxes","8":"desktop-align-left","9":"tablet-align-left","10":"mobile-align-left","11":"ast-product-gallery-layout-horizontal","12":"ast-product-tabs-layout-horizontal","14":"first","15":"instock","16":"purchasable","17":"product-type-simple"},"_links":{"self":[{"href":"https:\/\/reanpackaging.com\/es\/wp-json\/wp\/v2\/product\/8806","targetHints":{"allow":["GET"]}}],"collection":[{"href":"https:\/\/reanpackaging.com\/es\/wp-json\/wp\/v2\/product"}],"about":[{"href":"https:\/\/reanpackaging.com\/es\/wp-json\/wp\/v2\/types\/product"}],"wp:featuredmedia":[{"embeddable":true,"href":"https:\/\/reanpackaging.com\/es\/wp-json\/wp\/v2\/media\/8624"}],"wp:attachment":[{"href":"https:\/\/reanpackaging.com\/es\/wp-json\/wp\/v2\/media?parent=8806"}],"wp:term":[{"taxonomy":"product_brand","embeddable":true,"href":"https:\/\/reanpackaging.com\/es\/wp-json\/wp\/v2\/product_brand?post=8806"},{"taxonomy":"product_cat","embeddable":true,"href":"https:\/\/reanpackaging.com\/es\/wp-json\/wp\/v2\/product_cat?post=8806"},{"taxonomy":"product_tag","embeddable":true,"href":"https:\/\/reanpackaging.com\/es\/wp-json\/wp\/v2\/product_tag?post=8806"}],"curies":[{"name":"wp","href":"https:\/\/api.w.org\/{rel}","templated":true}]}}