{"id":9012,"date":"2023-09-24T16:19:44","date_gmt":"2023-09-24T16:19:44","guid":{"rendered":"http:\/\/ibn.wyd.mybluehost.me\/reanpackaging.com\/product\/kraft-packaging-bags-stand-up-pouch-ziplock-food-small-brown-paper-bag-with-window\/"},"modified":"2023-09-24T16:19:44","modified_gmt":"2023-09-24T16:19:44","slug":"kraft-packaging-bags-stand-up-pouch-ziplock-food-small-brown-paper-bag-with-window","status":"publish","type":"product","link":"https:\/\/reanpackaging.com\/es\/producto\/kraft-packaging-bags-stand-up-pouch-ziplock-food-small-brown-paper-bag-with-window\/","title":{"rendered":"Kraft Bolsas de Embalaje Stand Up Pouch Ziplock Alimentos Peque\u00f1a bolsa de papel marr\u00f3n con ventana"},"content":{"rendered":"<h4>Atributos espec\u00edficos del sector<\/h4>\n<table border=\"1\">\n<tr>\n<td><strong>Uso industrial<\/strong><\/td>\n<td>Alimentaci\u00f3n<\/td>\n<\/tr>\n<tr>\n<td><strong>Tipo de papel<\/strong><\/td>\n<td>Papel Kraft<\/td>\n<\/tr>\n<tr>\n<td><strong>Caracter\u00edstica<\/strong><\/td>\n<td>Reciclable<\/td>\n<\/tr>\n<\/table>\n<h4>Otros atributos<\/h4>\n<table border=\"1\">\n<tr>\n<td><strong>Manipulaci\u00f3n de superficies<\/strong><\/td>\n<td>Impresi\u00f3n en huecograbado<\/td>\n<\/tr>\n<tr>\n<td><strong>Sellado y asa<\/strong><\/td>\n<td>Cremallera superior<\/td>\n<\/tr>\n<tr>\n<td><strong>Pedido a medida<\/strong><\/td>\n<td>Acepte<\/td>\n<\/tr>\n<tr>\n<td><strong>Nombre del producto<\/strong><\/td>\n<td>Bolsa de papel marr\u00f3n peque\u00f1a Ziplock para alimentos<\/td>\n<\/tr>\n<tr>\n<td><strong>Manipulaci\u00f3n de superficies<\/strong><\/td>\n<td>Impresi\u00f3n en huecograbado<\/td>\n<\/tr>\n<tr>\n<td><strong>Material<\/strong><\/td>\n<td>Papel kraft +PE<\/td>\n<\/tr>\n<tr>\n<td><strong>Utilice<\/strong><\/td>\n<td>Comida,Snack,Arroz,T\u00e9,Frutos secos<\/td>\n<\/tr>\n<tr>\n<td><strong>Sellado<\/strong><\/td>\n<td>Cremallera superior<\/td>\n<\/tr>\n<tr>\n<td><strong>Pedido a medida<\/strong><\/td>\n<td>Acepte<\/td>\n<\/tr>\n<tr>\n<td><strong>Caracter\u00edstica<\/strong><\/td>\n<td>A prueba de humedad<\/td>\n<\/tr>\n<tr>\n<td><strong>Talla<\/strong><\/td>\n<td>Varios tama\u00f1os<\/td>\n<\/tr>\n<tr>\n<td><strong>Muestras<\/strong><\/td>\n<td>Gratis<\/td>\n<\/tr>\n<tr>\n<td><strong>Color<\/strong><\/td>\n<td>Bolsas de papel marr\u00f3n<\/td>\n<\/tr>\n<\/table>\n<p><img decoding=\"async\" class=\"detail-desc-decorate-image\" src=\"http:\/\/ibn.wyd.mybluehost.me\/reanpackaging.com\/wp-content\/uploads\/2023\/09\/19-description-Kraft-Packaging-Bags-Stand-Up-Pouch-Ziplock-Food-Small-Brown-Paper-Bag-With-Window.jpg\" slate-data-type=\"image\" style=\"max-width: 100%; height: auto; display: block; margin: 0 auto;\"><br \/>\n<img decoding=\"async\" class=\"detail-desc-decorate-image\" src=\"http:\/\/ibn.wyd.mybluehost.me\/reanpackaging.com\/wp-content\/uploads\/2023\/09\/21-description-Kraft-Packaging-Bags-Stand-Up-Pouch-Ziplock-Food-Small-Brown-Paper-Bag-With-Window.jpg\" slate-data-type=\"image\" style=\"max-width: 100%; height: auto; display: block; margin: 0 auto;\"><\/p>","protected":false},"excerpt":{"rendered":"<p>Industry-Specific Attributes Industrial Use Food Paper Type Kraft Paper Feature Recyclable Other Attributes Surface Handling Gravure printing Sealing &#038; Handle Zipper Top Custom Order Accept Product name Ziplock Food Small Brown Paper Bag Surface Handling Gravure printing Material Kraft paper +PE Use Food,Snack,Rice,Tea,Nuts Sealing Zipper Top Custom Order Accept Feature Moisture Proof Size Various sizes [&hellip;]<\/p>\n","protected":false},"featured_media":8977,"template":"","meta":{"_seopress_robots_primary_cat":"","_seopress_titles_title":"","_seopress_titles_desc":"","_seopress_robots_index":"","site-sidebar-layout":"default","site-content-layout":"","ast-site-content-layout":"default","site-content-style":"default","site-sidebar-style":"default","ast-global-header-display":"","ast-banner-title-visibility":"","ast-main-header-display":"","ast-hfb-above-header-display":"","ast-hfb-below-header-display":"","ast-hfb-mobile-header-display":"","site-post-title":"","ast-breadcrumbs-content":"","ast-featured-img":"","footer-sml-layout":"","ast-disable-related-posts":"","theme-transparent-header-meta":"","adv-header-id-meta":"","stick-header-meta":"","header-above-stick-meta":"","header-main-stick-meta":"","header-below-stick-meta":"","astra-migrate-meta-layouts":"default","ast-page-background-enabled":"default","ast-page-background-meta":{"desktop":{"background-color":"","background-image":"","background-repeat":"repeat","background-position":"center center","background-size":"auto","background-attachment":"scroll","background-type":"","background-media":"","overlay-type":"","overlay-color":"","overlay-opacity":"","overlay-gradient":""},"tablet":{"background-color":"","background-image":"","background-repeat":"repeat","background-position":"center center","background-size":"auto","background-attachment":"scroll","background-type":"","background-media":"","overlay-type":"","overlay-color":"","overlay-opacity":"","overlay-gradient":""},"mobile":{"background-color":"","background-image":"","background-repeat":"repeat","background-position":"center center","background-size":"auto","background-attachment":"scroll","background-type":"","background-media":"","overlay-type":"","overlay-color":"","overlay-opacity":"","overlay-gradient":""}},"ast-content-background-meta":{"desktop":{"background-color":"var(--ast-global-color-5)","background-image":"","background-repeat":"repeat","background-position":"center center","background-size":"auto","background-attachment":"scroll","background-type":"","background-media":"","overlay-type":"","overlay-color":"","overlay-opacity":"","overlay-gradient":""},"tablet":{"background-color":"var(--ast-global-color-5)","background-image":"","background-repeat":"repeat","background-position":"center center","background-size":"auto","background-attachment":"scroll","background-type":"","background-media":"","overlay-type":"","overlay-color":"","overlay-opacity":"","overlay-gradient":""},"mobile":{"background-color":"var(--ast-global-color-5)","background-image":"","background-repeat":"repeat","background-position":"center center","background-size":"auto","background-attachment":"scroll","background-type":"","background-media":"","overlay-type":"","overlay-color":"","overlay-opacity":"","overlay-gradient":""}}},"product_brand":[],"product_cat":[35,36,44],"product_tag":[],"class_list":{"0":"post-9012","1":"product","2":"type-product","3":"status-publish","4":"has-post-thumbnail","6":"product_cat-brown-paper-bags-bulk","7":"product_cat-kraft-bags","8":"product_cat-paper-bags","9":"desktop-align-left","10":"tablet-align-left","11":"mobile-align-left","12":"ast-product-gallery-layout-horizontal","13":"ast-product-tabs-layout-horizontal","15":"first","16":"instock","17":"product-type-simple"},"_links":{"self":[{"href":"https:\/\/reanpackaging.com\/es\/wp-json\/wp\/v2\/product\/9012","targetHints":{"allow":["GET"]}}],"collection":[{"href":"https:\/\/reanpackaging.com\/es\/wp-json\/wp\/v2\/product"}],"about":[{"href":"https:\/\/reanpackaging.com\/es\/wp-json\/wp\/v2\/types\/product"}],"wp:featuredmedia":[{"embeddable":true,"href":"https:\/\/reanpackaging.com\/es\/wp-json\/wp\/v2\/media\/8977"}],"wp:attachment":[{"href":"https:\/\/reanpackaging.com\/es\/wp-json\/wp\/v2\/media?parent=9012"}],"wp:term":[{"taxonomy":"product_brand","embeddable":true,"href":"https:\/\/reanpackaging.com\/es\/wp-json\/wp\/v2\/product_brand?post=9012"},{"taxonomy":"product_cat","embeddable":true,"href":"https:\/\/reanpackaging.com\/es\/wp-json\/wp\/v2\/product_cat?post=9012"},{"taxonomy":"product_tag","embeddable":true,"href":"https:\/\/reanpackaging.com\/es\/wp-json\/wp\/v2\/product_tag?post=9012"}],"curies":[{"name":"wp","href":"https:\/\/api.w.org\/{rel}","templated":true}]}}