{"id":9505,"date":"2023-09-25T15:27:58","date_gmt":"2023-09-25T15:27:58","guid":{"rendered":"http:\/\/ibn.wyd.mybluehost.me\/reanpackaging.com\/product\/bio-pla-biodegradable-black-coffee-bags-with-valve-and-zipper-custom-paper-packaging-flat-bottom-coffee-bean-bag-250gr-250g\/"},"modified":"2023-09-25T15:27:58","modified_gmt":"2023-09-25T15:27:58","slug":"bio-pla-biodegradable-black-coffee-bags-with-valve-and-zipper-custom-paper-packaging-flat-bottom-coffee-bean-bag-250gr-250g","status":"publish","type":"product","link":"https:\/\/reanpackaging.com\/es\/producto\/bio-pla-biodegradable-black-coffee-bags-with-valve-and-zipper-custom-paper-packaging-flat-bottom-coffee-bean-bag-250gr-250g\/","title":{"rendered":"Bio Pla Biodegradable Negro Caf\u00e9 Bolsas Con V\u00e1lvula Y Cremallera Personalizado Papel Embalaje Fondo Plano Caf\u00e9 en Grano Bolsa 250Gr 250G"},"content":{"rendered":"<\/table>\n<h4>Otros atributos<\/h4>\n<table border=\"1\">\n<tr>\n<td><strong>Material<\/strong><\/td>\n<td>PET\/LLDPE, Papel Kraft\/PE, etc.<\/td>\n<\/tr>\n<tr>\n<td><strong>Uso industrial<\/strong><\/td>\n<td>envasado de caf\u00e9<\/td>\n<\/tr>\n<tr>\n<td><strong>Manipulaci\u00f3n de superficies<\/strong><\/td>\n<td>Acabado mate o brillante<\/td>\n<\/tr>\n<tr>\n<td><strong>Art\u00edculo<\/strong><\/td>\n<td>100gr 100g 150 g 250g 500g 1kg Bolsa de caf\u00e9 con v\u00e1lvula y cremallera<\/td>\n<\/tr>\n<tr>\n<td><strong>Opciones de estilo<\/strong><\/td>\n<td>Fondo plano, de pie, fuelle lateral, cu\u00e1druple junta, junta media, etc.<\/td>\n<\/tr>\n<tr>\n<td><strong>Tipo de tinta<\/strong><\/td>\n<td>Tinta de soja ecol\u00f3gica<\/td>\n<\/tr>\n<tr>\n<td><strong>Accesorio disponible<\/strong><\/td>\n<td>Ziplock, cremallera con tirador, muesca para rasgar, agujero para colgar, v\u00e1lvula, corbata de lata, etc.<\/td>\n<\/tr>\n<tr>\n<td><strong>Utilice<\/strong><\/td>\n<td>Caf\u00e9 en grano, caf\u00e9 en polvo, caf\u00e9 molido, t\u00e9, etc.<\/td>\n<\/tr>\n<tr>\n<td><strong>Caracter\u00edstica<\/strong><\/td>\n<td>Grado alimentario,Alta barrera,Sellado fuerte,Impresi\u00f3n perfecta<\/td>\n<\/tr>\n<tr>\n<td><strong>Tama\u00f1o CTN<\/strong><\/td>\n<td>Personalizado o Basado en el peso y volumen reales.<\/td>\n<\/tr>\n<tr>\n<td><strong>Capacidad<\/strong><\/td>\n<td>250g,340g,500g,1kg,2kg,3kg,5kg; 8oz,16oz,32oz; 1lb,2lb,5lb o personalizado<\/td>\n<\/tr>\n<\/table>\n<p><img decoding=\"async\" class=\"detail-desc-decorate-image\" src=\"http:\/\/ibn.wyd.mybluehost.me\/reanpackaging.com\/wp-content\/uploads\/2023\/09\/3-description-Bio-Pla-Biodegradable-Black-Coffee-Bags-With-Valve-And-Zipper-Custom-Paper-Packaging-Flat-Bottom-Coffee-Bean-Bag-250Gr-250G.jpg\" slate-data-type=\"image\" style=\"max-width: 100%; height: auto; display: block; margin: 0 auto;\"><\/p>","protected":false},"excerpt":{"rendered":"<p>Other Attributes Material PET\/LLDPE, Kraft Paper\/PE, etc. Industrial Use coffee packaging Surface Handling Matt or Shiny Finishing Item 100gr 100g 150 g 250g 500g 1kg Coffee Bag With Valve And Zipper Style Options Flat Bottom, Stand Up, Side Gusset, Quad Seal, Middle Seal, etc. Ink type Eco-friendly Food Standard Soy Ink Accessory Available Ziplock, Pull [&hellip;]<\/p>\n","protected":false},"featured_media":9388,"template":"","meta":{"_seopress_robots_primary_cat":"","_seopress_titles_title":"","_seopress_titles_desc":"","_seopress_robots_index":"","site-sidebar-layout":"default","site-content-layout":"","ast-site-content-layout":"default","site-content-style":"default","site-sidebar-style":"default","ast-global-header-display":"","ast-banner-title-visibility":"","ast-main-header-display":"","ast-hfb-above-header-display":"","ast-hfb-below-header-display":"","ast-hfb-mobile-header-display":"","site-post-title":"","ast-breadcrumbs-content":"","ast-featured-img":"","footer-sml-layout":"","ast-disable-related-posts":"","theme-transparent-header-meta":"","adv-header-id-meta":"","stick-header-meta":"","header-above-stick-meta":"","header-main-stick-meta":"","header-below-stick-meta":"","astra-migrate-meta-layouts":"default","ast-page-background-enabled":"default","ast-page-background-meta":{"desktop":{"background-color":"","background-image":"","background-repeat":"repeat","background-position":"center center","background-size":"auto","background-attachment":"scroll","background-type":"","background-media":"","overlay-type":"","overlay-color":"","overlay-opacity":"","overlay-gradient":""},"tablet":{"background-color":"","background-image":"","background-repeat":"repeat","background-position":"center center","background-size":"auto","background-attachment":"scroll","background-type":"","background-media":"","overlay-type":"","overlay-color":"","overlay-opacity":"","overlay-gradient":""},"mobile":{"background-color":"","background-image":"","background-repeat":"repeat","background-position":"center center","background-size":"auto","background-attachment":"scroll","background-type":"","background-media":"","overlay-type":"","overlay-color":"","overlay-opacity":"","overlay-gradient":""}},"ast-content-background-meta":{"desktop":{"background-color":"var(--ast-global-color-5)","background-image":"","background-repeat":"repeat","background-position":"center center","background-size":"auto","background-attachment":"scroll","background-type":"","background-media":"","overlay-type":"","overlay-color":"","overlay-opacity":"","overlay-gradient":""},"tablet":{"background-color":"var(--ast-global-color-5)","background-image":"","background-repeat":"repeat","background-position":"center center","background-size":"auto","background-attachment":"scroll","background-type":"","background-media":"","overlay-type":"","overlay-color":"","overlay-opacity":"","overlay-gradient":""},"mobile":{"background-color":"var(--ast-global-color-5)","background-image":"","background-repeat":"repeat","background-position":"center center","background-size":"auto","background-attachment":"scroll","background-type":"","background-media":"","overlay-type":"","overlay-color":"","overlay-opacity":"","overlay-gradient":""}}},"product_brand":[],"product_cat":[50,44],"product_tag":[],"class_list":{"0":"post-9505","1":"product","2":"type-product","3":"status-publish","4":"has-post-thumbnail","6":"product_cat-custom-paper-bags","7":"product_cat-paper-bags","8":"desktop-align-left","9":"tablet-align-left","10":"mobile-align-left","11":"ast-product-gallery-layout-horizontal","12":"ast-product-tabs-layout-horizontal","14":"first","15":"instock","16":"product-type-simple"},"_links":{"self":[{"href":"https:\/\/reanpackaging.com\/es\/wp-json\/wp\/v2\/product\/9505","targetHints":{"allow":["GET"]}}],"collection":[{"href":"https:\/\/reanpackaging.com\/es\/wp-json\/wp\/v2\/product"}],"about":[{"href":"https:\/\/reanpackaging.com\/es\/wp-json\/wp\/v2\/types\/product"}],"wp:featuredmedia":[{"embeddable":true,"href":"https:\/\/reanpackaging.com\/es\/wp-json\/wp\/v2\/media\/9388"}],"wp:attachment":[{"href":"https:\/\/reanpackaging.com\/es\/wp-json\/wp\/v2\/media?parent=9505"}],"wp:term":[{"taxonomy":"product_brand","embeddable":true,"href":"https:\/\/reanpackaging.com\/es\/wp-json\/wp\/v2\/product_brand?post=9505"},{"taxonomy":"product_cat","embeddable":true,"href":"https:\/\/reanpackaging.com\/es\/wp-json\/wp\/v2\/product_cat?post=9505"},{"taxonomy":"product_tag","embeddable":true,"href":"https:\/\/reanpackaging.com\/es\/wp-json\/wp\/v2\/product_tag?post=9505"}],"curies":[{"name":"wp","href":"https:\/\/api.w.org\/{rel}","templated":true}]}}