{"id":9515,"date":"2023-09-25T15:27:58","date_gmt":"2023-09-25T15:27:58","guid":{"rendered":"http:\/\/ibn.wyd.mybluehost.me\/reanpackaging.com\/product\/customized-compostable-paper-bag-12-oz-kraft-paper-side-gusset-coffee-bag-valve-tin-tie-coffee-paper-bags-with-your-own-logo\/"},"modified":"2024-10-01T16:50:02","modified_gmt":"2024-10-01T16:50:02","slug":"customized-compostable-paper-bag-12-oz-kraft-paper-side-gusset-coffee-bag-valve-tin-tie-coffee-paper-bags-with-your-own-logo","status":"publish","type":"product","link":"https:\/\/reanpackaging.com\/es\/producto\/bolsa-de-papel-compostable-personalizada-12-oz-kraft-papel-lateral-fuelle-bolsa-de-cafe-valvula-de-estano-empate-bolsas-de-papel-de-cafe-con-su-propio-logotipo\/","title":{"rendered":"Bolsa de Papel Compostable Personalizada 12 Oz Kraft Papel Lateral Fuelle Bolsa de Caf\u00e9 V\u00e1lvula de Esta\u00f1o Tie Caf\u00e9 Bolsas de Papel con su propio logotipo"},"content":{"rendered":"<h4>Atributos espec\u00edficos del sector<\/h4>\n<table border=\"1\">\n<tr>\n<td><strong>Uso industrial<\/strong><\/td>\n<td>Alimentaci\u00f3n<\/td>\n<\/tr>\n<tr>\n<td><strong>Tipo de papel<\/strong><\/td>\n<td>Papel Kraft<\/td>\n<\/tr>\n<tr>\n<td><strong>Caracter\u00edstica<\/strong><\/td>\n<td>Biodegradable<\/td>\n<\/tr>\n<\/table>\n<h4>Otros atributos<\/h4>\n<table border=\"1\">\n<tr>\n<td><strong>Manipulaci\u00f3n de superficies<\/strong><\/td>\n<td>Impresi\u00f3n en huecograbado<\/td>\n<\/tr>\n<tr>\n<td><strong>Sellado y asa<\/strong><\/td>\n<td>Sello t\u00e9rmico<\/td>\n<\/tr>\n<tr>\n<td><strong>Pedido a medida<\/strong><\/td>\n<td>Acepte<\/td>\n<\/tr>\n<tr>\n<td><strong>Nombre del producto<\/strong><\/td>\n<td>12oz 500gr 1kg bolsas de caf\u00e9 kraft<\/td>\n<\/tr>\n<tr>\n<td><strong>MOQ<\/strong><\/td>\n<td>1000<\/td>\n<\/tr>\n<tr>\n<td><strong>Tama\u00f1o y capacidad<\/strong><\/td>\n<td>8oz 12oz 16oz 5lb 100g 250g 500g 1kg 2kg<\/td>\n<\/tr>\n<tr>\n<td><strong>Condiciones de pago<\/strong><\/td>\n<td>30% dep\u00f3sito, saldo antes del env\u00edo<\/td>\n<\/tr>\n<tr>\n<td><strong>Tiempo de muestreo<\/strong><\/td>\n<td>en un plazo de 3 d\u00edas laborables<\/td>\n<\/tr>\n<tr>\n<td><strong>Cierre<\/strong><\/td>\n<td>Termosellado, Tin tie<\/td>\n<\/tr>\n<tr>\n<td><strong>Tama\u00f1o y grosor<\/strong><\/td>\n<td>A medida<\/td>\n<\/tr>\n<tr>\n<td><strong>Plazo de entrega<\/strong><\/td>\n<td>en un plazo de 3 d\u00edas laborables<\/td>\n<\/tr>\n<tr>\n<td><strong>Estilo bolsa<\/strong><\/td>\n<td>Bolsa de fondo plano<\/td>\n<\/tr>\n<tr>\n<td><strong>Color<\/strong><\/td>\n<td>sin l\u00edmite, personalizado<\/td>\n<\/tr>\n<\/table>\n<p><img decoding=\"async\" class=\"detail-desc-decorate-image\" src=\"http:\/\/ibn.wyd.mybluehost.me\/reanpackaging.com\/wp-content\/uploads\/2023\/09\/1-description-Customized-Compostable-Paper-Bag-12-Oz-Kraft-Paper-Side-Gusset-Coffee-Bag-Valve-Tin-Tie-Coffee-Paper-Bags-With-Your-Own-Logo.jpg\" slate-data-type=\"image\" style=\"max-width: 100%; height: auto; display: block; margin: 0 auto;\"><br \/>\n<img decoding=\"async\" class=\"detail-desc-decorate-image\" src=\"http:\/\/ibn.wyd.mybluehost.me\/reanpackaging.com\/wp-content\/uploads\/2023\/09\/10-description-Customized-Compostable-Paper-Bag-12-Oz-Kraft-Paper-Side-Gusset-Coffee-Bag-Valve-Tin-Tie-Coffee-Paper-Bags-With-Your-Own-Logo.jpg\" slate-data-type=\"image\" style=\"max-width: 100%; height: auto; display: block; margin: 0 auto;\"><br \/>\n<img decoding=\"async\" class=\"detail-desc-decorate-image\" src=\"http:\/\/ibn.wyd.mybluehost.me\/reanpackaging.com\/wp-content\/uploads\/2023\/09\/11-description-Customized-Compostable-Paper-Bag-12-Oz-Kraft-Paper-Side-Gusset-Coffee-Bag-Valve-Tin-Tie-Coffee-Paper-Bags-With-Your-Own-Logo.jpg\" slate-data-type=\"image\" style=\"max-width: 100%; height: auto; display: block; margin: 0 auto;\"><br \/>\n<img decoding=\"async\" class=\"detail-desc-decorate-image\" src=\"http:\/\/ibn.wyd.mybluehost.me\/reanpackaging.com\/wp-content\/uploads\/2023\/09\/12-description-Customized-Compostable-Paper-Bag-12-Oz-Kraft-Paper-Side-Gusset-Coffee-Bag-Valve-Tin-Tie-Coffee-Paper-Bags-With-Your-Own-Logo.jpg\" slate-data-type=\"image\" style=\"max-width: 100%; height: auto; display: block; margin: 0 auto;\"><br \/>\n<img decoding=\"async\" class=\"detail-desc-decorate-image\" src=\"http:\/\/ibn.wyd.mybluehost.me\/reanpackaging.com\/wp-content\/uploads\/2023\/09\/13-description-Customized-Compostable-Paper-Bag-12-Oz-Kraft-Paper-Side-Gusset-Coffee-Bag-Valve-Tin-Tie-Coffee-Paper-Bags-With-Your-Own-Logo.jpg\" slate-data-type=\"image\" style=\"max-width: 100%; height: auto; display: block; margin: 0 auto;\"><br \/>\n<img decoding=\"async\" class=\"detail-desc-decorate-image\" src=\"http:\/\/ibn.wyd.mybluehost.me\/reanpackaging.com\/wp-content\/uploads\/2023\/09\/16-description-Customized-Compostable-Paper-Bag-12-Oz-Kraft-Paper-Side-Gusset-Coffee-Bag-Valve-Tin-Tie-Coffee-Paper-Bags-With-Your-Own-Logo.jpg\" slate-data-type=\"image\" style=\"max-width: 100%; height: auto; display: block; margin: 0 auto;\"><br \/>\n<img decoding=\"async\" class=\"detail-desc-decorate-image\" src=\"http:\/\/ibn.wyd.mybluehost.me\/reanpackaging.com\/wp-content\/uploads\/2023\/09\/3-description-Customized-Compostable-Paper-Bag-12-Oz-Kraft-Paper-Side-Gusset-Coffee-Bag-Valve-Tin-Tie-Coffee-Paper-Bags-With-Your-Own-Logo.jpg\" slate-data-type=\"image\" style=\"max-width: 100%; height: auto; display: block; margin: 0 auto;\"><br \/>\n<img decoding=\"async\" class=\"detail-desc-decorate-image\" src=\"http:\/\/ibn.wyd.mybluehost.me\/reanpackaging.com\/wp-content\/uploads\/2023\/09\/4-description-Customized-Compostable-Paper-Bag-12-Oz-Kraft-Paper-Side-Gusset-Coffee-Bag-Valve-Tin-Tie-Coffee-Paper-Bags-With-Your-Own-Logo.jpg\" slate-data-type=\"image\" style=\"max-width: 100%; height: auto; display: block; margin: 0 auto;\"><br \/>\n<img decoding=\"async\" class=\"detail-desc-decorate-image\" src=\"http:\/\/ibn.wyd.mybluehost.me\/reanpackaging.com\/wp-content\/uploads\/2023\/09\/5-description-Customized-Compostable-Paper-Bag-12-Oz-Kraft-Paper-Side-Gusset-Coffee-Bag-Valve-Tin-Tie-Coffee-Paper-Bags-With-Your-Own-Logo.jpg\" slate-data-type=\"image\" style=\"max-width: 100%; height: auto; display: block; margin: 0 auto;\"><br \/>\n<img decoding=\"async\" class=\"detail-desc-decorate-image\" src=\"http:\/\/ibn.wyd.mybluehost.me\/reanpackaging.com\/wp-content\/uploads\/2023\/09\/6-description-Customized-Compostable-Paper-Bag-12-Oz-Kraft-Paper-Side-Gusset-Coffee-Bag-Valve-Tin-Tie-Coffee-Paper-Bags-With-Your-Own-Logo.jpg\" slate-data-type=\"image\" style=\"max-width: 100%; height: auto; display: block; margin: 0 auto;\"><br \/>\n<img decoding=\"async\" class=\"detail-desc-decorate-image\" src=\"http:\/\/ibn.wyd.mybluehost.me\/reanpackaging.com\/wp-content\/uploads\/2023\/09\/7-description-Customized-Compostable-Paper-Bag-12-Oz-Kraft-Paper-Side-Gusset-Coffee-Bag-Valve-Tin-Tie-Coffee-Paper-Bags-With-Your-Own-Logo.jpg\" slate-data-type=\"image\" style=\"max-width: 100%; height: auto; display: block; margin: 0 auto;\"><br \/>\n<img decoding=\"async\" class=\"detail-desc-decorate-image\" src=\"http:\/\/ibn.wyd.mybluehost.me\/reanpackaging.com\/wp-content\/uploads\/2023\/09\/8-description-Customized-Compostable-Paper-Bag-12-Oz-Kraft-Paper-Side-Gusset-Coffee-Bag-Valve-Tin-Tie-Coffee-Paper-Bags-With-Your-Own-Logo.jpg\" slate-data-type=\"image\" style=\"max-width: 100%; height: auto; display: block; margin: 0 auto;\"><br \/>\n<img decoding=\"async\" class=\"detail-desc-decorate-image\" src=\"http:\/\/ibn.wyd.mybluehost.me\/reanpackaging.com\/wp-content\/uploads\/2023\/09\/9-description-Customized-Compostable-Paper-Bag-12-Oz-Kraft-Paper-Side-Gusset-Coffee-Bag-Valve-Tin-Tie-Coffee-Paper-Bags-With-Your-Own-Logo.jpg\" slate-data-type=\"image\" style=\"max-width: 100%; height: auto; display: block; margin: 0 auto;\"><\/p>","protected":false},"excerpt":{"rendered":"<p>Industry-Specific Attributes Industrial Use Food Paper Type Kraft Paper Feature Bio-degradable Other Attributes Surface Handling Gravure printing Sealing &#038; Handle Heat Seal Custom Order Accept Product name 12oz 500gr 1kg kraft coffee bags MOQ 1000 Size &#038; capacity 8oz 12oz 16oz 5lb 100g 250g 500g 1kg 2kg Payment terms 30% deposit, balance before ship Sample [&hellip;]<\/p>\n","protected":false},"featured_media":9455,"template":"","meta":{"_seopress_robots_primary_cat":"none","_seopress_titles_title":"","_seopress_titles_desc":"","_seopress_robots_index":"","site-sidebar-layout":"default","site-content-layout":"","ast-site-content-layout":"default","site-content-style":"default","site-sidebar-style":"default","ast-global-header-display":"","ast-banner-title-visibility":"","ast-main-header-display":"","ast-hfb-above-header-display":"","ast-hfb-below-header-display":"","ast-hfb-mobile-header-display":"","site-post-title":"","ast-breadcrumbs-content":"","ast-featured-img":"","footer-sml-layout":"","ast-disable-related-posts":"","theme-transparent-header-meta":"default","adv-header-id-meta":"","stick-header-meta":"default","header-above-stick-meta":"","header-main-stick-meta":"","header-below-stick-meta":"","astra-migrate-meta-layouts":"set","ast-page-background-enabled":"default","ast-page-background-meta":{"desktop":{"background-color":"","background-image":"","background-repeat":"repeat","background-position":"center center","background-size":"auto","background-attachment":"scroll","background-type":"","background-media":"","overlay-type":"","overlay-color":"","overlay-opacity":"","overlay-gradient":""},"tablet":{"background-color":"","background-image":"","background-repeat":"repeat","background-position":"center center","background-size":"auto","background-attachment":"scroll","background-type":"","background-media":"","overlay-type":"","overlay-color":"","overlay-opacity":"","overlay-gradient":""},"mobile":{"background-color":"","background-image":"","background-repeat":"repeat","background-position":"center center","background-size":"auto","background-attachment":"scroll","background-type":"","background-media":"","overlay-type":"","overlay-color":"","overlay-opacity":"","overlay-gradient":""}},"ast-content-background-meta":{"desktop":{"background-color":"var(--ast-global-color-5)","background-image":"","background-repeat":"repeat","background-position":"center center","background-size":"auto","background-attachment":"scroll","background-type":"","background-media":"","overlay-type":"","overlay-color":"","overlay-opacity":"","overlay-gradient":""},"tablet":{"background-color":"var(--ast-global-color-5)","background-image":"","background-repeat":"repeat","background-position":"center center","background-size":"auto","background-attachment":"scroll","background-type":"","background-media":"","overlay-type":"","overlay-color":"","overlay-opacity":"","overlay-gradient":""},"mobile":{"background-color":"var(--ast-global-color-5)","background-image":"","background-repeat":"repeat","background-position":"center center","background-size":"auto","background-attachment":"scroll","background-type":"","background-media":"","overlay-type":"","overlay-color":"","overlay-opacity":"","overlay-gradient":""}}},"product_brand":[],"product_cat":[50,44],"product_tag":[],"class_list":{"0":"post-9515","1":"product","2":"type-product","3":"status-publish","4":"has-post-thumbnail","6":"product_cat-custom-paper-bags","7":"product_cat-paper-bags","8":"desktop-align-left","9":"tablet-align-left","10":"mobile-align-left","11":"ast-product-gallery-layout-horizontal","12":"ast-product-tabs-layout-horizontal","14":"first","15":"instock","16":"purchasable","17":"product-type-simple"},"_links":{"self":[{"href":"https:\/\/reanpackaging.com\/es\/wp-json\/wp\/v2\/product\/9515","targetHints":{"allow":["GET"]}}],"collection":[{"href":"https:\/\/reanpackaging.com\/es\/wp-json\/wp\/v2\/product"}],"about":[{"href":"https:\/\/reanpackaging.com\/es\/wp-json\/wp\/v2\/types\/product"}],"wp:featuredmedia":[{"embeddable":true,"href":"https:\/\/reanpackaging.com\/es\/wp-json\/wp\/v2\/media\/9455"}],"wp:attachment":[{"href":"https:\/\/reanpackaging.com\/es\/wp-json\/wp\/v2\/media?parent=9515"}],"wp:term":[{"taxonomy":"product_brand","embeddable":true,"href":"https:\/\/reanpackaging.com\/es\/wp-json\/wp\/v2\/product_brand?post=9515"},{"taxonomy":"product_cat","embeddable":true,"href":"https:\/\/reanpackaging.com\/es\/wp-json\/wp\/v2\/product_cat?post=9515"},{"taxonomy":"product_tag","embeddable":true,"href":"https:\/\/reanpackaging.com\/es\/wp-json\/wp\/v2\/product_tag?post=9515"}],"curies":[{"name":"wp","href":"https:\/\/api.w.org\/{rel}","templated":true}]}}