{"id":95394,"date":"2025-03-08T20:47:39","date_gmt":"2025-03-08T20:47:39","guid":{"rendered":"https:\/\/reanpackaging.com\/product\/luxury-gift-set-wine-bottle-glass-packaging-box-portable-leather-wine-gift-boxes-with-flocking-eva-foam-insert\/"},"modified":"2025-03-08T20:47:42","modified_gmt":"2025-03-08T20:47:42","slug":"luxury-gift-set-wine-bottle-glass-packaging-box-portable-leather-wine-gift-boxes-with-flocking-eva-foam-insert","status":"publish","type":"product","link":"https:\/\/reanpackaging.com\/es\/producto\/luxury-gift-set-wine-bottle-glass-packaging-box-portable-leather-wine-gift-boxes-with-flocking-eva-foam-insert\/","title":{"rendered":"Set de regalo de lujo Botella de vino de vidrio Caja de embalaje port\u00e1til de cuero cajas de regalo de vino con Flocking EVA espuma de inserci\u00f3n"},"content":{"rendered":"<h4>Atributos espec\u00edficos del sector<\/h4>\n<table border=\"1\">\n<tr>\n<td><strong>Uso industrial<\/strong><\/td>\n<td>Bebida<\/td>\n<\/tr>\n<tr>\n<td><strong>Tipo de papel<\/strong><\/td>\n<td>Cart\u00f3n ondulado<\/td>\n<\/tr>\n<tr>\n<td><strong>Caracter\u00edstica<\/strong><\/td>\n<td>Reciclable<\/td>\n<\/tr>\n<tr>\n<td><strong>tipo de caja<\/strong><\/td>\n<td>Cajas r\u00edgidas<\/td>\n<\/tr>\n<\/table>\n<h4>Otros atributos<\/h4>\n<table border=\"1\">\n<tr>\n<td><strong>Forma<\/strong><\/td>\n<td>Personalizado Forma diferente<\/td>\n<\/tr>\n<tr>\n<td><strong>Manipulaci\u00f3n de la impresi\u00f3n<\/strong><\/td>\n<td>Barnizado, estampado, gofrado, recubrimiento UV, l\u00e1mina de oro<\/td>\n<\/tr>\n<tr>\n<td><strong>Pedido a medida<\/strong><\/td>\n<td>Acepte<\/td>\n<\/tr>\n<tr>\n<td><strong>Nombre del producto<\/strong><\/td>\n<td>Caja de embalaje de cart\u00f3n ondulado<\/td>\n<\/tr>\n<tr>\n<td><strong>OEM\/ODM<\/strong><\/td>\n<td>Aceptale<\/td>\n<\/tr>\n<tr>\n<td><strong>Opci\u00f3n personalizada<\/strong><\/td>\n<td>Papel, Impresi\u00f3n, Tama\u00f1o, Forma<\/td>\n<\/tr>\n<tr>\n<td><strong>Tipo personalizado<\/strong><\/td>\n<td>seg\u00fan la muestra o el dise\u00f1o<\/td>\n<\/tr>\n<tr>\n<td><strong>Plazo de entrega de la muestra<\/strong><\/td>\n<td>3-5 d\u00edas<\/td>\n<\/tr>\n<tr>\n<td><strong>Plazo de entrega de pedidos a granel<\/strong><\/td>\n<td>10-20 d\u00edas<\/td>\n<\/tr>\n<tr>\n<td><strong>M\u00e9todos de env\u00edo<\/strong><\/td>\n<td>Mar, Expreso, Tren<\/td>\n<\/tr>\n<tr>\n<td><strong>T\u00e9rmino comercial<\/strong><\/td>\n<td>DDP, DAP, FOB, EXW<\/td>\n<\/tr>\n<tr>\n<td><strong>Garant\u00eda<\/strong><\/td>\n<td>Inspecci\u00f3n 100%<\/td>\n<\/tr>\n<\/table>","protected":false},"excerpt":{"rendered":"<p>Industry-Specific Attributes Industrial Use Beverage Paper Type Corrugated Board Feature Recyclable box type Rigid Boxes Other Attributes Shape Custom Different Shape Printing Handling Varnishing, Stamping, Embossing, UV Coating, Gold Foil Custom Order Accept Product name Corrugated Board Packaging Box OEM\/ODM Acceptale Custom Option Paper, Printing, Size, Shape Custom type based on sample or design Sample [&hellip;]<\/p>\n","protected":false},"featured_media":95157,"template":"","meta":{"_seopress_robots_primary_cat":"","_seopress_titles_title":"","_seopress_titles_desc":"","_seopress_robots_index":"","site-sidebar-layout":"default","site-content-layout":"","ast-site-content-layout":"default","site-content-style":"default","site-sidebar-style":"default","ast-global-header-display":"","ast-banner-title-visibility":"","ast-main-header-display":"","ast-hfb-above-header-display":"","ast-hfb-below-header-display":"","ast-hfb-mobile-header-display":"","site-post-title":"","ast-breadcrumbs-content":"","ast-featured-img":"","footer-sml-layout":"","ast-disable-related-posts":"","theme-transparent-header-meta":"","adv-header-id-meta":"","stick-header-meta":"","header-above-stick-meta":"","header-main-stick-meta":"","header-below-stick-meta":"","astra-migrate-meta-layouts":"default","ast-page-background-enabled":"default","ast-page-background-meta":{"desktop":{"background-color":"","background-image":"","background-repeat":"repeat","background-position":"center center","background-size":"auto","background-attachment":"scroll","background-type":"","background-media":"","overlay-type":"","overlay-color":"","overlay-opacity":"","overlay-gradient":""},"tablet":{"background-color":"","background-image":"","background-repeat":"repeat","background-position":"center center","background-size":"auto","background-attachment":"scroll","background-type":"","background-media":"","overlay-type":"","overlay-color":"","overlay-opacity":"","overlay-gradient":""},"mobile":{"background-color":"","background-image":"","background-repeat":"repeat","background-position":"center center","background-size":"auto","background-attachment":"scroll","background-type":"","background-media":"","overlay-type":"","overlay-color":"","overlay-opacity":"","overlay-gradient":""}},"ast-content-background-meta":{"desktop":{"background-color":"var(--ast-global-color-5)","background-image":"","background-repeat":"repeat","background-position":"center center","background-size":"auto","background-attachment":"scroll","background-type":"","background-media":"","overlay-type":"","overlay-color":"","overlay-opacity":"","overlay-gradient":""},"tablet":{"background-color":"var(--ast-global-color-5)","background-image":"","background-repeat":"repeat","background-position":"center center","background-size":"auto","background-attachment":"scroll","background-type":"","background-media":"","overlay-type":"","overlay-color":"","overlay-opacity":"","overlay-gradient":""},"mobile":{"background-color":"var(--ast-global-color-5)","background-image":"","background-repeat":"repeat","background-position":"center center","background-size":"auto","background-attachment":"scroll","background-type":"","background-media":"","overlay-type":"","overlay-color":"","overlay-opacity":"","overlay-gradient":""}}},"product_brand":[],"product_cat":[95],"product_tag":[],"class_list":{"0":"post-95394","1":"product","2":"type-product","3":"status-publish","4":"has-post-thumbnail","6":"product_cat-wine-box","7":"desktop-align-left","8":"tablet-align-left","9":"mobile-align-left","10":"ast-product-gallery-layout-horizontal","11":"ast-product-tabs-layout-horizontal","13":"first","14":"instock","15":"product-type-simple"},"_links":{"self":[{"href":"https:\/\/reanpackaging.com\/es\/wp-json\/wp\/v2\/product\/95394","targetHints":{"allow":["GET"]}}],"collection":[{"href":"https:\/\/reanpackaging.com\/es\/wp-json\/wp\/v2\/product"}],"about":[{"href":"https:\/\/reanpackaging.com\/es\/wp-json\/wp\/v2\/types\/product"}],"wp:featuredmedia":[{"embeddable":true,"href":"https:\/\/reanpackaging.com\/es\/wp-json\/wp\/v2\/media\/95157"}],"wp:attachment":[{"href":"https:\/\/reanpackaging.com\/es\/wp-json\/wp\/v2\/media?parent=95394"}],"wp:term":[{"taxonomy":"product_brand","embeddable":true,"href":"https:\/\/reanpackaging.com\/es\/wp-json\/wp\/v2\/product_brand?post=95394"},{"taxonomy":"product_cat","embeddable":true,"href":"https:\/\/reanpackaging.com\/es\/wp-json\/wp\/v2\/product_cat?post=95394"},{"taxonomy":"product_tag","embeddable":true,"href":"https:\/\/reanpackaging.com\/es\/wp-json\/wp\/v2\/product_tag?post=95394"}],"curies":[{"name":"wp","href":"https:\/\/api.w.org\/{rel}","templated":true}]}}