{"id":10665,"date":"2023-09-27T07:08:01","date_gmt":"2023-09-27T07:08:01","guid":{"rendered":"http:\/\/ibn.wyd.mybluehost.me\/reanpackaging.com\/product\/poly-mailer-envelopes-shipping-supplies-packing-plastic-mailer-bagpackaging-bags-clothing-parcel-bag-business-courier-bag\/"},"modified":"2024-10-01T16:44:15","modified_gmt":"2024-10-01T16:44:15","slug":"poly-mailer-envelopes-shipping-supplies-packing-plastic-mailer-bagpackaging-bags-clothing-parcel-bag-business-courier-bag","status":"publish","type":"product","link":"https:\/\/reanpackaging.com\/et\/toode\/polu-mailer-umbrikud-laevandus-tarvikud-pakkimine-plastist-mailer-bagpackaging-kotid-riided-paki-kuller-kott-ari-kuller-kott\/","title":{"rendered":"Poly Mailer \u00fcmbrikud laevandus tarvikud pakkimine plastist Mailer Bagpackaging kotid riided pakett kott \u00e4ri kuller kott"},"content":{"rendered":"<h4>T\u00f6\u00f6stusspetsiifilised omadused<\/h4>\n<table border=\"1\">\n<tr>\n<td><strong>Materjal<\/strong><\/td>\n<td>POLY<\/td>\n<\/tr>\n<\/table>\n<h4>Muud omadused<\/h4>\n<table border=\"1\">\n<tr>\n<td><strong>T\u00f6\u00f6stuslik kasutamine<\/strong><\/td>\n<td>Pakett<\/td>\n<\/tr>\n<tr>\n<td><strong>Funktsioon<\/strong><\/td>\n<td>Veekindel, keskkonnas\u00f5bralik, mittetoksiline, niiskuskindel, rebenemiskindel...<\/td>\n<\/tr>\n<tr>\n<td><strong>V\u00e4rv<\/strong><\/td>\n<td>roosa, kollane, sinine, lilla, roheline, punane, must...<\/td>\n<\/tr>\n<tr>\n<td><strong>Stiil \/ vastupidavus<\/strong><\/td>\n<td>K\u00f5va kott, pehme kott \/ 12 kg v\u00f5i rohkem<\/td>\n<\/tr>\n<tr>\n<td><strong>Kasutamine<\/strong><\/td>\n<td>R\u00f5ivad, jalan\u00f5ud, aluspesu, laster\u00f5ivad, karusnahk, r\u00f5ivad ja pakendid..<\/td>\n<\/tr>\n<tr>\n<td><strong>Materjal<\/strong><\/td>\n<td>3 kihti koekstrudeeritud, v\u00f5imalus ( keskkonnas\u00f5bralik, biolagunev )<\/td>\n<\/tr>\n<tr>\n<td><strong>Serva tihend \/ sulgemine<\/strong><\/td>\n<td>Kahepoolne isetihendav kuumliimiga \/ Peel and Seal<\/td>\n<\/tr>\n<tr>\n<td><strong>Paksus<\/strong><\/td>\n<td>50 ~ 100 mikronit \/ kohandatud vastavalt vajadusele<\/td>\n<\/tr>\n<tr>\n<td><strong>Sertifikaat<\/strong><\/td>\n<td>ISO, ROHS jne<\/td>\n<\/tr>\n<tr>\n<td><strong>Disain\/tr\u00fckkimine<\/strong><\/td>\n<td>Kohandatud disain \/ s\u00fcgavtr\u00fckk (vaskplaat)<\/td>\n<\/tr>\n<tr>\n<td><strong>N\u00e4idispoliitika<\/strong><\/td>\n<td>Customzied proovi tasuta<\/td>\n<\/tr>\n<\/table>\n<p><img decoding=\"async\" class=\"detail-desc-decorate-image\" src=\"http:\/\/ibn.wyd.mybluehost.me\/reanpackaging.com\/wp-content\/uploads\/2023\/09\/1-description-Poly-Mailer-Envelopes-Shipping-Supplies-Packing-Plastic-Mailer-Bagpackaging-Bags-Clothing-Parcel-Bag-Business-Courier-Bag.jpg\" slate-data-type=\"image\" style=\"max-width: 100%; height: auto; display: block; margin: 0 auto;\"><br \/>\n<img decoding=\"async\" class=\"detail-desc-decorate-image\" src=\"http:\/\/ibn.wyd.mybluehost.me\/reanpackaging.com\/wp-content\/uploads\/2023\/09\/3-description-Poly-Mailer-Envelopes-Shipping-Supplies-Packing-Plastic-Mailer-Bagpackaging-Bags-Clothing-Parcel-Bag-Business-Courier-Bag.jpg\" slate-data-type=\"image\" style=\"max-width: 100%; height: auto; display: block; margin: 0 auto;\"><br \/>\n<img decoding=\"async\" class=\"detail-desc-decorate-image\" src=\"http:\/\/ibn.wyd.mybluehost.me\/reanpackaging.com\/wp-content\/uploads\/2023\/09\/4-description-Poly-Mailer-Envelopes-Shipping-Supplies-Packing-Plastic-Mailer-Bagpackaging-Bags-Clothing-Parcel-Bag-Business-Courier-Bag.jpg\" slate-data-type=\"image\" style=\"max-width: 100%; height: auto; display: block; margin: 0 auto;\"><br \/>\n<img decoding=\"async\" class=\"detail-desc-decorate-image\" src=\"http:\/\/ibn.wyd.mybluehost.me\/reanpackaging.com\/wp-content\/uploads\/2023\/09\/5-description-Poly-Mailer-Envelopes-Shipping-Supplies-Packing-Plastic-Mailer-Bagpackaging-Bags-Clothing-Parcel-Bag-Business-Courier-Bag.jpg\" slate-data-type=\"image\" style=\"max-width: 100%; height: auto; display: block; margin: 0 auto;\"><\/p>","protected":false},"excerpt":{"rendered":"<p>Industry-Specific Attributes Material POLY Other Attributes Industrial Use Package Feature Waterproof, Eco-friendly, Non-toxic, Moisture Resistant, Tear proof&#8230; Color pink,yellow,blue,purple,green,red,black.. Style \/ Durability Tough bag, Soft bag \/ 12 Kg or more Usage Clothing,Shoes, Underwear, children&#8217;s clothing, Fur, Garment&#038;Package.. Material 3 layers co-extruded, Option( Eco Friendly, Biodegradable ) Edge Seal \/ Closure Two Sides Self-seal with [&hellip;]<\/p>\n","protected":false},"featured_media":10630,"template":"","meta":{"_seopress_robots_primary_cat":"none","_seopress_titles_title":"","_seopress_titles_desc":"","_seopress_robots_index":"","site-sidebar-layout":"default","site-content-layout":"","ast-site-content-layout":"default","site-content-style":"default","site-sidebar-style":"default","ast-global-header-display":"","ast-banner-title-visibility":"","ast-main-header-display":"","ast-hfb-above-header-display":"","ast-hfb-below-header-display":"","ast-hfb-mobile-header-display":"","site-post-title":"","ast-breadcrumbs-content":"","ast-featured-img":"","footer-sml-layout":"","ast-disable-related-posts":"","theme-transparent-header-meta":"default","adv-header-id-meta":"","stick-header-meta":"default","header-above-stick-meta":"","header-main-stick-meta":"","header-below-stick-meta":"","astra-migrate-meta-layouts":"set","ast-page-background-enabled":"default","ast-page-background-meta":{"desktop":{"background-color":"","background-image":"","background-repeat":"repeat","background-position":"center center","background-size":"auto","background-attachment":"scroll","background-type":"","background-media":"","overlay-type":"","overlay-color":"","overlay-opacity":"","overlay-gradient":""},"tablet":{"background-color":"","background-image":"","background-repeat":"repeat","background-position":"center center","background-size":"auto","background-attachment":"scroll","background-type":"","background-media":"","overlay-type":"","overlay-color":"","overlay-opacity":"","overlay-gradient":""},"mobile":{"background-color":"","background-image":"","background-repeat":"repeat","background-position":"center center","background-size":"auto","background-attachment":"scroll","background-type":"","background-media":"","overlay-type":"","overlay-color":"","overlay-opacity":"","overlay-gradient":""}},"ast-content-background-meta":{"desktop":{"background-color":"var(--ast-global-color-5)","background-image":"","background-repeat":"repeat","background-position":"center center","background-size":"auto","background-attachment":"scroll","background-type":"","background-media":"","overlay-type":"","overlay-color":"","overlay-opacity":"","overlay-gradient":""},"tablet":{"background-color":"var(--ast-global-color-5)","background-image":"","background-repeat":"repeat","background-position":"center center","background-size":"auto","background-attachment":"scroll","background-type":"","background-media":"","overlay-type":"","overlay-color":"","overlay-opacity":"","overlay-gradient":""},"mobile":{"background-color":"var(--ast-global-color-5)","background-image":"","background-repeat":"repeat","background-position":"center center","background-size":"auto","background-attachment":"scroll","background-type":"","background-media":"","overlay-type":"","overlay-color":"","overlay-opacity":"","overlay-gradient":""}}},"product_brand":[],"product_cat":[38],"product_tag":[],"class_list":{"0":"post-10665","1":"product","2":"type-product","3":"status-publish","4":"has-post-thumbnail","6":"product_cat-plastic-bags","7":"desktop-align-left","8":"tablet-align-left","9":"mobile-align-left","10":"ast-product-gallery-layout-horizontal","11":"ast-product-tabs-layout-horizontal","13":"first","14":"instock","15":"purchasable","16":"product-type-simple"},"_links":{"self":[{"href":"https:\/\/reanpackaging.com\/et\/wp-json\/wp\/v2\/product\/10665","targetHints":{"allow":["GET"]}}],"collection":[{"href":"https:\/\/reanpackaging.com\/et\/wp-json\/wp\/v2\/product"}],"about":[{"href":"https:\/\/reanpackaging.com\/et\/wp-json\/wp\/v2\/types\/product"}],"wp:featuredmedia":[{"embeddable":true,"href":"https:\/\/reanpackaging.com\/et\/wp-json\/wp\/v2\/media\/10630"}],"wp:attachment":[{"href":"https:\/\/reanpackaging.com\/et\/wp-json\/wp\/v2\/media?parent=10665"}],"wp:term":[{"taxonomy":"product_brand","embeddable":true,"href":"https:\/\/reanpackaging.com\/et\/wp-json\/wp\/v2\/product_brand?post=10665"},{"taxonomy":"product_cat","embeddable":true,"href":"https:\/\/reanpackaging.com\/et\/wp-json\/wp\/v2\/product_cat?post=10665"},{"taxonomy":"product_tag","embeddable":true,"href":"https:\/\/reanpackaging.com\/et\/wp-json\/wp\/v2\/product_tag?post=10665"}],"curies":[{"name":"wp","href":"https:\/\/api.w.org\/{rel}","templated":true}]}}