{"id":10671,"date":"2023-09-27T07:08:01","date_gmt":"2023-09-27T07:08:01","guid":{"rendered":"http:\/\/ibn.wyd.mybluehost.me\/reanpackaging.com\/product\/wholesale-custom-food-beverage-zipper-ziplock-cold-frozen-pack-jelly-juice-packaging-spout-pouch-reusable-plastic-drink-bag\/"},"modified":"2024-10-01T16:45:24","modified_gmt":"2024-10-01T16:45:24","slug":"wholesale-custom-food-beverage-zipper-ziplock-cold-frozen-pack-jelly-juice-packaging-spout-pouch-reusable-plastic-drink-bag","status":"publish","type":"product","link":"https:\/\/reanpackaging.com\/et\/toode\/wholesale-custom-food-beverage-zipper-ziplock-cold-frozen-pack-jelly-juice-packaging-spout-pouch-reusable-plastic-drink-bag\/","title":{"rendered":"Hulgim\u00fc\u00fck Custom Food Beverage Zipper Ziplock k\u00fclma k\u00fclmutatud Pack Jelly mahla pakendist nina Pouch korduvkasutatav plastist joogikott"},"content":{"rendered":"<h4>T\u00f6\u00f6stusspetsiifilised omadused<\/h4>\n<table border=\"1\">\n<tr>\n<td><strong>T\u00f6\u00f6stuslik kasutamine<\/strong><\/td>\n<td>Joogi<\/td>\n<\/tr>\n<tr>\n<td><strong>Koti t\u00fc\u00fcp<\/strong><\/td>\n<td>Stand Up kott<\/td>\n<\/tr>\n<tr>\n<td><strong>Funktsioon<\/strong><\/td>\n<td>Niiskust\u00f5ke<\/td>\n<\/tr>\n<tr>\n<td><strong>Plastist t\u00fc\u00fcp<\/strong><\/td>\n<td>Bopp<\/td>\n<\/tr>\n<\/table>\n<h4>Muud omadused<\/h4>\n<table border=\"1\">\n<tr>\n<td><strong>Pinnak\u00e4itlus<\/strong><\/td>\n<td>S\u00fcgavtr\u00fckk<\/td>\n<\/tr>\n<tr>\n<td><strong>Materjali struktuur<\/strong><\/td>\n<td>plastist<\/td>\n<\/tr>\n<tr>\n<td><strong>Tihendus ja k\u00e4epide<\/strong><\/td>\n<td>V\u00e4ljalaskeava Top<\/td>\n<\/tr>\n<tr>\n<td><strong>Kohandatud tellimus<\/strong><\/td>\n<td>Aktsepteeri<\/td>\n<\/tr>\n<tr>\n<td><strong>Punkti<\/strong><\/td>\n<td>korduvkasutatav plastist joogikott vedeliku jaoks<\/td>\n<\/tr>\n<tr>\n<td><strong>Funktsioon<\/strong><\/td>\n<td>Toiduklass \/ Tugev tihendus \/ T\u00e4iuslik tr\u00fckkimine<\/td>\n<\/tr>\n<tr>\n<td><strong>Suurus ja paksus<\/strong><\/td>\n<td>Kohandatud vastavalt teie n\u00f5udmistele<\/td>\n<\/tr>\n<tr>\n<td><strong>On-line aeg<\/strong><\/td>\n<td>7\/24 On-line teenindus<\/td>\n<\/tr>\n<tr>\n<td><strong>Disain\/tr\u00fckkimine<\/strong><\/td>\n<td>Kohandatud disaini s\u00fcgavtr\u00fckk<\/td>\n<\/tr>\n<tr>\n<td><strong>Tindi t\u00fc\u00fcp<\/strong><\/td>\n<td>Keskkonnas\u00f5bralik toiduaineklassi sojapulber<\/td>\n<\/tr>\n<tr>\n<td><strong>Stiili valikud<\/strong><\/td>\n<td>Lame p\u00f5hi, t\u00f5mblukk, aknaga\/aknata, euroauk, jne.<\/td>\n<\/tr>\n<tr>\n<td><strong>N\u00e4idispoliitika<\/strong><\/td>\n<td>Pakutavad tasuta varude n\u00e4idised<\/td>\n<\/tr>\n<\/table>\n<p><img decoding=\"async\" class=\"detail-desc-decorate-image\" src=\"http:\/\/ibn.wyd.mybluehost.me\/reanpackaging.com\/wp-content\/uploads\/2023\/09\/10-description-Wholesale-Custom-Food-Beverage-Zipper-Ziplock-Cold-Frozen-Pack-Jelly-Juice-Packaging-Spout-Pouch-Reusable-Plastic-Drink-Bag.jpg\" slate-data-type=\"image\" style=\"max-width: 100%; height: auto; display: block; margin: 0 auto;\"><br \/>\n<img decoding=\"async\" class=\"detail-desc-decorate-image\" src=\"http:\/\/ibn.wyd.mybluehost.me\/reanpackaging.com\/wp-content\/uploads\/2023\/09\/2-description-Wholesale-Custom-Food-Beverage-Zipper-Ziplock-Cold-Frozen-Pack-Jelly-Juice-Packaging-Spout-Pouch-Reusable-Plastic-Drink-Bag.jpg\" slate-data-type=\"image\" style=\"max-width: 100%; height: auto; display: block; margin: 0 auto;\"><br \/>\n<img decoding=\"async\" class=\"detail-desc-decorate-image\" src=\"http:\/\/ibn.wyd.mybluehost.me\/reanpackaging.com\/wp-content\/uploads\/2023\/09\/3-description-Wholesale-Custom-Food-Beverage-Zipper-Ziplock-Cold-Frozen-Pack-Jelly-Juice-Packaging-Spout-Pouch-Reusable-Plastic-Drink-Bag.jpg\" slate-data-type=\"image\" style=\"max-width: 100%; height: auto; display: block; margin: 0 auto;\"><br \/>\n<img decoding=\"async\" class=\"detail-desc-decorate-image\" src=\"http:\/\/ibn.wyd.mybluehost.me\/reanpackaging.com\/wp-content\/uploads\/2023\/09\/4-description-Wholesale-Custom-Food-Beverage-Zipper-Ziplock-Cold-Frozen-Pack-Jelly-Juice-Packaging-Spout-Pouch-Reusable-Plastic-Drink-Bag.jpg\" slate-data-type=\"image\" style=\"max-width: 100%; height: auto; display: block; margin: 0 auto;\"><br \/>\n<img decoding=\"async\" class=\"detail-desc-decorate-image\" src=\"http:\/\/ibn.wyd.mybluehost.me\/reanpackaging.com\/wp-content\/uploads\/2023\/09\/5-description-Wholesale-Custom-Food-Beverage-Zipper-Ziplock-Cold-Frozen-Pack-Jelly-Juice-Packaging-Spout-Pouch-Reusable-Plastic-Drink-Bag.jpg\" slate-data-type=\"image\" style=\"max-width: 100%; height: auto; display: block; margin: 0 auto;\"><br \/>\n<img decoding=\"async\" class=\"detail-desc-decorate-image\" src=\"http:\/\/ibn.wyd.mybluehost.me\/reanpackaging.com\/wp-content\/uploads\/2023\/09\/6-description-Wholesale-Custom-Food-Beverage-Zipper-Ziplock-Cold-Frozen-Pack-Jelly-Juice-Packaging-Spout-Pouch-Reusable-Plastic-Drink-Bag.jpg\" slate-data-type=\"image\" style=\"max-width: 100%; height: auto; display: block; margin: 0 auto;\"><br \/>\n<img decoding=\"async\" class=\"detail-desc-decorate-image\" src=\"http:\/\/ibn.wyd.mybluehost.me\/reanpackaging.com\/wp-content\/uploads\/2023\/09\/7-description-Wholesale-Custom-Food-Beverage-Zipper-Ziplock-Cold-Frozen-Pack-Jelly-Juice-Packaging-Spout-Pouch-Reusable-Plastic-Drink-Bag.jpg\" slate-data-type=\"image\" style=\"max-width: 100%; height: auto; display: block; margin: 0 auto;\"><br \/>\n<img decoding=\"async\" class=\"detail-desc-decorate-image\" src=\"http:\/\/ibn.wyd.mybluehost.me\/reanpackaging.com\/wp-content\/uploads\/2023\/09\/8-description-Wholesale-Custom-Food-Beverage-Zipper-Ziplock-Cold-Frozen-Pack-Jelly-Juice-Packaging-Spout-Pouch-Reusable-Plastic-Drink-Bag.jpg\" slate-data-type=\"image\" style=\"max-width: 100%; height: auto; display: block; margin: 0 auto;\"><br \/>\n<img decoding=\"async\" class=\"detail-desc-decorate-image\" src=\"http:\/\/ibn.wyd.mybluehost.me\/reanpackaging.com\/wp-content\/uploads\/2023\/09\/9-description-Wholesale-Custom-Food-Beverage-Zipper-Ziplock-Cold-Frozen-Pack-Jelly-Juice-Packaging-Spout-Pouch-Reusable-Plastic-Drink-Bag.jpg\" slate-data-type=\"image\" style=\"max-width: 100%; height: auto; display: block; margin: 0 auto;\"><\/p>","protected":false},"excerpt":{"rendered":"<p>Industry-Specific Attributes Industrial Use Beverage Bag Type Stand Up Pouch Feature Moisture Proof Plastic Type Bopp Other Attributes Surface Handling Gravure printing Material Structure plastic Sealing &#038; Handle Spout Top Custom Order Accept Item reusable plastic drink bag for liquid Feature Food Grade\/Strong Sealing\/Perfect Printing Size&#038;Thickness Custom Based on Your Requirement On-line time 7\/24 On-line [&hellip;]<\/p>\n","protected":false},"featured_media":10649,"template":"","meta":{"_seopress_robots_primary_cat":"none","_seopress_titles_title":"","_seopress_titles_desc":"","_seopress_robots_index":"","site-sidebar-layout":"default","site-content-layout":"","ast-site-content-layout":"default","site-content-style":"default","site-sidebar-style":"default","ast-global-header-display":"","ast-banner-title-visibility":"","ast-main-header-display":"","ast-hfb-above-header-display":"","ast-hfb-below-header-display":"","ast-hfb-mobile-header-display":"","site-post-title":"","ast-breadcrumbs-content":"","ast-featured-img":"","footer-sml-layout":"","ast-disable-related-posts":"","theme-transparent-header-meta":"default","adv-header-id-meta":"","stick-header-meta":"default","header-above-stick-meta":"","header-main-stick-meta":"","header-below-stick-meta":"","astra-migrate-meta-layouts":"set","ast-page-background-enabled":"default","ast-page-background-meta":{"desktop":{"background-color":"","background-image":"","background-repeat":"repeat","background-position":"center center","background-size":"auto","background-attachment":"scroll","background-type":"","background-media":"","overlay-type":"","overlay-color":"","overlay-opacity":"","overlay-gradient":""},"tablet":{"background-color":"","background-image":"","background-repeat":"repeat","background-position":"center center","background-size":"auto","background-attachment":"scroll","background-type":"","background-media":"","overlay-type":"","overlay-color":"","overlay-opacity":"","overlay-gradient":""},"mobile":{"background-color":"","background-image":"","background-repeat":"repeat","background-position":"center center","background-size":"auto","background-attachment":"scroll","background-type":"","background-media":"","overlay-type":"","overlay-color":"","overlay-opacity":"","overlay-gradient":""}},"ast-content-background-meta":{"desktop":{"background-color":"var(--ast-global-color-5)","background-image":"","background-repeat":"repeat","background-position":"center center","background-size":"auto","background-attachment":"scroll","background-type":"","background-media":"","overlay-type":"","overlay-color":"","overlay-opacity":"","overlay-gradient":""},"tablet":{"background-color":"var(--ast-global-color-5)","background-image":"","background-repeat":"repeat","background-position":"center center","background-size":"auto","background-attachment":"scroll","background-type":"","background-media":"","overlay-type":"","overlay-color":"","overlay-opacity":"","overlay-gradient":""},"mobile":{"background-color":"var(--ast-global-color-5)","background-image":"","background-repeat":"repeat","background-position":"center center","background-size":"auto","background-attachment":"scroll","background-type":"","background-media":"","overlay-type":"","overlay-color":"","overlay-opacity":"","overlay-gradient":""}}},"product_brand":[],"product_cat":[38],"product_tag":[],"class_list":{"0":"post-10671","1":"product","2":"type-product","3":"status-publish","4":"has-post-thumbnail","6":"product_cat-plastic-bags","7":"desktop-align-left","8":"tablet-align-left","9":"mobile-align-left","10":"ast-product-gallery-layout-horizontal","11":"ast-product-tabs-layout-horizontal","13":"first","14":"instock","15":"purchasable","16":"product-type-simple"},"_links":{"self":[{"href":"https:\/\/reanpackaging.com\/et\/wp-json\/wp\/v2\/product\/10671","targetHints":{"allow":["GET"]}}],"collection":[{"href":"https:\/\/reanpackaging.com\/et\/wp-json\/wp\/v2\/product"}],"about":[{"href":"https:\/\/reanpackaging.com\/et\/wp-json\/wp\/v2\/types\/product"}],"wp:featuredmedia":[{"embeddable":true,"href":"https:\/\/reanpackaging.com\/et\/wp-json\/wp\/v2\/media\/10649"}],"wp:attachment":[{"href":"https:\/\/reanpackaging.com\/et\/wp-json\/wp\/v2\/media?parent=10671"}],"wp:term":[{"taxonomy":"product_brand","embeddable":true,"href":"https:\/\/reanpackaging.com\/et\/wp-json\/wp\/v2\/product_brand?post=10671"},{"taxonomy":"product_cat","embeddable":true,"href":"https:\/\/reanpackaging.com\/et\/wp-json\/wp\/v2\/product_cat?post=10671"},{"taxonomy":"product_tag","embeddable":true,"href":"https:\/\/reanpackaging.com\/et\/wp-json\/wp\/v2\/product_tag?post=10671"}],"curies":[{"name":"wp","href":"https:\/\/api.w.org\/{rel}","templated":true}]}}