{"id":13145,"date":"2023-10-22T02:01:56","date_gmt":"2023-10-22T02:01:56","guid":{"rendered":"http:\/\/ibn.wyd.mybluehost.me\/reanpackaging.com\/product\/4x8-kraft-poly-shipping-packaging-bubble-mailer-poly-mailer-envelope-eco-friendly-bubble-mailers\/"},"modified":"2024-10-01T16:39:50","modified_gmt":"2024-10-01T16:39:50","slug":"4x8-kraft-poly-shipping-packaging-bubble-mailer-poly-mailer-envelope-eco-friendly-bubble-mailers","status":"publish","type":"product","link":"https:\/\/reanpackaging.com\/et\/toode\/4x8-kraft-poly-shipping-packaging-bubble-mailer-poly-mailer-envelope-eco-friendly-bubble-mailers\/","title":{"rendered":"4X8 Kraft Poly Shipping Packaging Bubble Mailer Poly Mailer \u00fcmbrik Eco Friendly Bubble Mailers keskkonnas\u00f5bralik mull postkastid"},"content":{"rendered":"<h4>T\u00f6\u00f6stusspetsiifilised omadused<\/h4>\n<table border=\"1\">\n<tr>\n<td><strong>Materjal<\/strong><\/td>\n<td>POLY<\/td>\n<\/tr>\n<\/table>\n<h4>Muud omadused<\/h4>\n<table border=\"1\">\n<tr>\n<td><strong>T\u00f6\u00f6stuslik kasutamine<\/strong><\/td>\n<td>Business&amp;Shopping<\/td>\n<\/tr>\n<tr>\n<td><strong>V\u00e4rv<\/strong><\/td>\n<td>Kollane, valge, naturaalne, kuldne\/kollane, valge, pruun valikuliselt.<\/td>\n<\/tr>\n<tr>\n<td><strong>Materjal<\/strong><\/td>\n<td>Valge Poly Bubble, Tugev j\u00f5upaber lamineeritud barj\u00e4\u00e4ri mullaga<\/td>\n<\/tr>\n<tr>\n<td><strong>Sulgemine<\/strong><\/td>\n<td>Isetihenduv, tugev kuumsulamisliim<\/td>\n<\/tr>\n<tr>\n<td><strong>Taotlus<\/strong><\/td>\n<td>Postitus, pakkimine, v\u00e4ikepakendid, postkontor, postipunktid, kirjapakendid<\/td>\n<\/tr>\n<tr>\n<td><strong>M\u00fc\u00fcgipakett<\/strong><\/td>\n<td>Pakendamine lahtiselt v\u00f5i jaem\u00fc\u00fcgipakendina<\/td>\n<\/tr>\n<tr>\n<td><strong>Toote nimi<\/strong><\/td>\n<td>Polsterdatud \u00fcmbrik\/Mullpostkott\/Kraft Bubble Mailer<\/td>\n<\/tr>\n<tr>\n<td><strong>Kohaletoimetamise pakkimine<\/strong><\/td>\n<td>Ekspordikartong v\u00f5i kaubaaluste pakkimine<\/td>\n<\/tr>\n<tr>\n<td><strong>Pind<\/strong><\/td>\n<td>V\u00f5tab h\u00f5lpsasti vastu tindid, templid ja sildid<\/td>\n<\/tr>\n<tr>\n<td><strong>Tugevad \u00f5mblused<\/strong><\/td>\n<td>Uimed 2 v\u00f5i 3 k\u00fcljel<\/td>\n<\/tr>\n<\/table>\n<p><img decoding=\"async\" class=\"detail-desc-decorate-image\" src=\"http:\/\/ibn.wyd.mybluehost.me\/reanpackaging.com\/wp-content\/uploads\/2023\/10\/1-description-4X8-Kraft-Poly-Shipping-Packaging-Bubble-Mailer-Poly-Mailer-Envelope-Eco-Friendly-Bubble-Mailers.jpg\" slate-data-type=\"image\" style=\"max-width: 100%; height: auto; display: block; margin: 0 auto;\"><br \/>\n<img decoding=\"async\" class=\"detail-desc-decorate-image\" src=\"http:\/\/ibn.wyd.mybluehost.me\/reanpackaging.com\/wp-content\/uploads\/2023\/10\/2-description-4X8-Kraft-Poly-Shipping-Packaging-Bubble-Mailer-Poly-Mailer-Envelope-Eco-Friendly-Bubble-Mailers.jpg\" slate-data-type=\"image\" style=\"max-width: 100%; height: auto; display: block; margin: 0 auto;\"><br \/>\n<img decoding=\"async\" class=\"detail-desc-decorate-image\" src=\"http:\/\/ibn.wyd.mybluehost.me\/reanpackaging.com\/wp-content\/uploads\/2023\/10\/3-description-4X8-Kraft-Poly-Shipping-Packaging-Bubble-Mailer-Poly-Mailer-Envelope-Eco-Friendly-Bubble-Mailers.jpg\" slate-data-type=\"image\" style=\"max-width: 100%; height: auto; display: block; margin: 0 auto;\"><br \/>\n<img decoding=\"async\" class=\"detail-desc-decorate-image\" src=\"http:\/\/ibn.wyd.mybluehost.me\/reanpackaging.com\/wp-content\/uploads\/2023\/10\/4-description-4X8-Kraft-Poly-Shipping-Packaging-Bubble-Mailer-Poly-Mailer-Envelope-Eco-Friendly-Bubble-Mailers.jpg\" slate-data-type=\"image\" style=\"max-width: 100%; height: auto; display: block; margin: 0 auto;\"><\/p>","protected":false},"excerpt":{"rendered":"<p>Industry-Specific Attributes Material POLY Other Attributes Industrial Use Business&#038;Shopping Color Yellow, White, natural, Golden\/Yellow, White, Brown for option Material White Poly Bubble, Tough kraft laminated with barrier bubble Closure Self-seal, Strong Hot Melt Adhesive Application Mailing, Packing, Small Parcel, Post Office, Stationary Sales Package Bulk Packing or Retail Packing Product name Padded Envelope\/Bubble Mailer\/Kraft Bubble [&hellip;]<\/p>\n","protected":false},"featured_media":12947,"template":"","meta":{"_seopress_robots_primary_cat":"none","_seopress_titles_title":"","_seopress_titles_desc":"","_seopress_robots_index":"","site-sidebar-layout":"default","site-content-layout":"","ast-site-content-layout":"default","site-content-style":"default","site-sidebar-style":"default","ast-global-header-display":"","ast-banner-title-visibility":"","ast-main-header-display":"","ast-hfb-above-header-display":"","ast-hfb-below-header-display":"","ast-hfb-mobile-header-display":"","site-post-title":"","ast-breadcrumbs-content":"","ast-featured-img":"","footer-sml-layout":"","ast-disable-related-posts":"","theme-transparent-header-meta":"default","adv-header-id-meta":"","stick-header-meta":"default","header-above-stick-meta":"","header-main-stick-meta":"","header-below-stick-meta":"","astra-migrate-meta-layouts":"set","ast-page-background-enabled":"default","ast-page-background-meta":{"desktop":{"background-color":"","background-image":"","background-repeat":"repeat","background-position":"center center","background-size":"auto","background-attachment":"scroll","background-type":"","background-media":"","overlay-type":"","overlay-color":"","overlay-opacity":"","overlay-gradient":""},"tablet":{"background-color":"","background-image":"","background-repeat":"repeat","background-position":"center center","background-size":"auto","background-attachment":"scroll","background-type":"","background-media":"","overlay-type":"","overlay-color":"","overlay-opacity":"","overlay-gradient":""},"mobile":{"background-color":"","background-image":"","background-repeat":"repeat","background-position":"center center","background-size":"auto","background-attachment":"scroll","background-type":"","background-media":"","overlay-type":"","overlay-color":"","overlay-opacity":"","overlay-gradient":""}},"ast-content-background-meta":{"desktop":{"background-color":"var(--ast-global-color-5)","background-image":"","background-repeat":"repeat","background-position":"center center","background-size":"auto","background-attachment":"scroll","background-type":"","background-media":"","overlay-type":"","overlay-color":"","overlay-opacity":"","overlay-gradient":""},"tablet":{"background-color":"var(--ast-global-color-5)","background-image":"","background-repeat":"repeat","background-position":"center center","background-size":"auto","background-attachment":"scroll","background-type":"","background-media":"","overlay-type":"","overlay-color":"","overlay-opacity":"","overlay-gradient":""},"mobile":{"background-color":"var(--ast-global-color-5)","background-image":"","background-repeat":"repeat","background-position":"center center","background-size":"auto","background-attachment":"scroll","background-type":"","background-media":"","overlay-type":"","overlay-color":"","overlay-opacity":"","overlay-gradient":""}}},"product_brand":[],"product_cat":[54,51],"product_tag":[],"class_list":{"0":"post-13145","1":"product","2":"type-product","3":"status-publish","4":"has-post-thumbnail","6":"product_cat-bubble-mailers","7":"product_cat-shipping-supplies","8":"desktop-align-left","9":"tablet-align-left","10":"mobile-align-left","11":"ast-product-gallery-layout-horizontal","12":"ast-product-tabs-layout-horizontal","14":"first","15":"instock","16":"purchasable","17":"product-type-simple"},"_links":{"self":[{"href":"https:\/\/reanpackaging.com\/et\/wp-json\/wp\/v2\/product\/13145","targetHints":{"allow":["GET"]}}],"collection":[{"href":"https:\/\/reanpackaging.com\/et\/wp-json\/wp\/v2\/product"}],"about":[{"href":"https:\/\/reanpackaging.com\/et\/wp-json\/wp\/v2\/types\/product"}],"wp:featuredmedia":[{"embeddable":true,"href":"https:\/\/reanpackaging.com\/et\/wp-json\/wp\/v2\/media\/12947"}],"wp:attachment":[{"href":"https:\/\/reanpackaging.com\/et\/wp-json\/wp\/v2\/media?parent=13145"}],"wp:term":[{"taxonomy":"product_brand","embeddable":true,"href":"https:\/\/reanpackaging.com\/et\/wp-json\/wp\/v2\/product_brand?post=13145"},{"taxonomy":"product_cat","embeddable":true,"href":"https:\/\/reanpackaging.com\/et\/wp-json\/wp\/v2\/product_cat?post=13145"},{"taxonomy":"product_tag","embeddable":true,"href":"https:\/\/reanpackaging.com\/et\/wp-json\/wp\/v2\/product_tag?post=13145"}],"curies":[{"name":"wp","href":"https:\/\/api.w.org\/{rel}","templated":true}]}}