{"id":13153,"date":"2023-10-22T02:01:56","date_gmt":"2023-10-22T02:01:56","guid":{"rendered":"http:\/\/ibn.wyd.mybluehost.me\/reanpackaging.com\/product\/custom-printed-color-padded-mailing-pouch-envelope-plastic-white-poly-bubble-mailer-wrap-shipping-bag-8x10-with-logo-for-express\/"},"modified":"2024-10-01T16:40:38","modified_gmt":"2024-10-01T16:40:38","slug":"custom-printed-color-padded-mailing-pouch-envelope-plastic-white-poly-bubble-mailer-wrap-shipping-bag-8x10-with-logo-for-express","status":"publish","type":"product","link":"https:\/\/reanpackaging.com\/et\/toode\/custom-printed-color-padded-mailing-pouch-envelope-plastic-white-poly-bubble-mailer-wrap-shipping-bag-8x10-with-logo-for-express\/","title":{"rendered":"Kohandatud tr\u00fckitud v\u00e4rvi polsterdatud postitus \u00fcmbrik plastikust valge pol\u00fc mull Mailer Wrap laevakott 8X10 koos logo Express jaoks"},"content":{"rendered":"<h4>T\u00f6\u00f6stusspetsiifilised omadused<\/h4>\n<table border=\"1\">\n<tbody>\n<tr>\n<td><strong>Materjal<\/strong><\/td>\n<td>Poly Bubble<\/td>\n<\/tr>\n<\/tbody>\n<\/table>\n<h4>Muud omadused<\/h4>\n<table border=\"1\">\n<tbody>\n<tr>\n<td><strong>T\u00f6\u00f6stuslik kasutamine<\/strong><\/td>\n<td>Business&amp;Shopping<\/td>\n<\/tr>\n<tr>\n<td><strong>Suurus<\/strong><\/td>\n<td>Kohandatud suurus aktsepteeritud<\/td>\n<\/tr>\n<tr>\n<td><strong>Toote nimi<\/strong><\/td>\n<td>Pol\u00fc materjali kohandatud postitus kotid<\/td>\n<\/tr>\n<tr>\n<td><strong>Kasutage<\/strong><\/td>\n<td>Kaitsepakendid<\/td>\n<\/tr>\n<tr>\n<td><strong>Funktsioon<\/strong><\/td>\n<td>Veekindel<\/td>\n<\/tr>\n<tr>\n<td><strong>Logo<\/strong><\/td>\n<td>Aktsepteeri kohandatud logo<\/td>\n<\/tr>\n<tr>\n<td><strong>Tr\u00fckkimine<\/strong><\/td>\n<td>Vastuv\u00f5etud logo Printig<\/td>\n<\/tr>\n<tr>\n<td><strong>Kasutamine<\/strong><\/td>\n<td>Express pakkimine<\/td>\n<\/tr>\n<tr>\n<td><strong>T\u00f6\u00f6stuslik kasutamine<\/strong><\/td>\n<td>Logistika<\/td>\n<\/tr>\n<tr>\n<td><strong>Punkti<\/strong><\/td>\n<td>Ploy Bubble Bag<\/td>\n<\/tr>\n<tr>\n<td><strong>Taotlus<\/strong><\/td>\n<td>Kaitsvad kiirsaadetiste pakendid<\/td>\n<\/tr>\n<\/tbody>\n<\/table>\n<p><img decoding=\"async\" class=\"detail-desc-decorate-image\" style=\"max-width: 100%; height: auto; display: block; margin: 0 auto;\" src=\"http:\/\/ibn.wyd.mybluehost.me\/reanpackaging.com\/wp-content\/uploads\/2023\/10\/10-description-Custom-Printed-Color-Padded-Mailing-Pouch-Envelope-Plastic-White-Poly-Bubble-Mailer-Wrap-Shipping-Bag-8X10-With-Logo-For-Express.jpg\" \/><br \/>\n<img decoding=\"async\" class=\"detail-desc-decorate-image\" style=\"max-width: 100%; height: auto; display: block; margin: 0 auto;\" src=\"http:\/\/ibn.wyd.mybluehost.me\/reanpackaging.com\/wp-content\/uploads\/2023\/10\/11-description-Custom-Printed-Color-Padded-Mailing-Pouch-Envelope-Plastic-White-Poly-Bubble-Mailer-Wrap-Shipping-Bag-8X10-With-Logo-For-Express.jpg\" \/><br \/>\n<img decoding=\"async\" class=\"detail-desc-decorate-image\" style=\"max-width: 100%; height: auto; display: block; margin: 0 auto;\" src=\"http:\/\/ibn.wyd.mybluehost.me\/reanpackaging.com\/wp-content\/uploads\/2023\/10\/12-description-Custom-Printed-Color-Padded-Mailing-Pouch-Envelope-Plastic-White-Poly-Bubble-Mailer-Wrap-Shipping-Bag-8X10-With-Logo-For-Express.jpg\" \/><br \/>\n<img decoding=\"async\" class=\"detail-desc-decorate-image\" style=\"max-width: 100%; height: auto; display: block; margin: 0 auto;\" src=\"http:\/\/ibn.wyd.mybluehost.me\/reanpackaging.com\/wp-content\/uploads\/2023\/10\/13-description-Custom-Printed-Color-Padded-Mailing-Pouch-Envelope-Plastic-White-Poly-Bubble-Mailer-Wrap-Shipping-Bag-8X10-With-Logo-For-Express.jpg\" \/><br \/>\n<img decoding=\"async\" class=\"detail-desc-decorate-image\" style=\"max-width: 100%; height: auto; display: block; margin: 0 auto;\" src=\"http:\/\/ibn.wyd.mybluehost.me\/reanpackaging.com\/wp-content\/uploads\/2023\/10\/14-description-Custom-Printed-Color-Padded-Mailing-Pouch-Envelope-Plastic-White-Poly-Bubble-Mailer-Wrap-Shipping-Bag-8X10-With-Logo-For-Express.jpg\" \/><br \/>\n<img decoding=\"async\" class=\"detail-desc-decorate-image\" style=\"max-width: 100%; height: auto; display: block; margin: 0 auto;\" src=\"http:\/\/ibn.wyd.mybluehost.me\/reanpackaging.com\/wp-content\/uploads\/2023\/10\/15-description-Custom-Printed-Color-Padded-Mailing-Pouch-Envelope-Plastic-White-Poly-Bubble-Mailer-Wrap-Shipping-Bag-8X10-With-Logo-For-Express.jpg\" \/><\/p>","protected":false},"excerpt":{"rendered":"<p>T\u00f6\u00f6stuse spetsiifilised atribuudid Materjal Poly Bubble Muud atribuudid T\u00f6\u00f6stuslik kasutamine Business&amp;Shopping Suurus Custom Size Aktsepteeritud Toote nimi Poly materjal Custom Mailing kotid Kasutage kaitsev pakend funktsioon vee Proof Logo Aktsepteeritud kohandatud Logo Printing Aktsepteeritud Logo Printig Kasutamine Express Packing T\u00f6\u00f6stuslik kasutamine Logistika Element Ploy Bubble Bag Rakendus Kaitsev Express Delivery Packaging<\/p>","protected":false},"featured_media":13030,"template":"","meta":{"_seopress_robots_primary_cat":"none","_seopress_titles_title":"","_seopress_titles_desc":"","_seopress_robots_index":"","site-sidebar-layout":"default","site-content-layout":"","ast-site-content-layout":"default","site-content-style":"default","site-sidebar-style":"default","ast-global-header-display":"","ast-banner-title-visibility":"","ast-main-header-display":"","ast-hfb-above-header-display":"","ast-hfb-below-header-display":"","ast-hfb-mobile-header-display":"","site-post-title":"","ast-breadcrumbs-content":"","ast-featured-img":"","footer-sml-layout":"","ast-disable-related-posts":"","theme-transparent-header-meta":"default","adv-header-id-meta":"","stick-header-meta":"default","header-above-stick-meta":"","header-main-stick-meta":"","header-below-stick-meta":"","astra-migrate-meta-layouts":"set","ast-page-background-enabled":"default","ast-page-background-meta":{"desktop":{"background-color":"","background-image":"","background-repeat":"repeat","background-position":"center center","background-size":"auto","background-attachment":"scroll","background-type":"","background-media":"","overlay-type":"","overlay-color":"","overlay-opacity":"","overlay-gradient":""},"tablet":{"background-color":"","background-image":"","background-repeat":"repeat","background-position":"center center","background-size":"auto","background-attachment":"scroll","background-type":"","background-media":"","overlay-type":"","overlay-color":"","overlay-opacity":"","overlay-gradient":""},"mobile":{"background-color":"","background-image":"","background-repeat":"repeat","background-position":"center center","background-size":"auto","background-attachment":"scroll","background-type":"","background-media":"","overlay-type":"","overlay-color":"","overlay-opacity":"","overlay-gradient":""}},"ast-content-background-meta":{"desktop":{"background-color":"var(--ast-global-color-5)","background-image":"","background-repeat":"repeat","background-position":"center center","background-size":"auto","background-attachment":"scroll","background-type":"","background-media":"","overlay-type":"","overlay-color":"","overlay-opacity":"","overlay-gradient":""},"tablet":{"background-color":"var(--ast-global-color-5)","background-image":"","background-repeat":"repeat","background-position":"center center","background-size":"auto","background-attachment":"scroll","background-type":"","background-media":"","overlay-type":"","overlay-color":"","overlay-opacity":"","overlay-gradient":""},"mobile":{"background-color":"var(--ast-global-color-5)","background-image":"","background-repeat":"repeat","background-position":"center center","background-size":"auto","background-attachment":"scroll","background-type":"","background-media":"","overlay-type":"","overlay-color":"","overlay-opacity":"","overlay-gradient":""}}},"product_brand":[],"product_cat":[54,51],"product_tag":[],"class_list":{"0":"post-13153","1":"product","2":"type-product","3":"status-publish","4":"has-post-thumbnail","6":"product_cat-bubble-mailers","7":"product_cat-shipping-supplies","8":"desktop-align-left","9":"tablet-align-left","10":"mobile-align-left","11":"ast-product-gallery-layout-horizontal","12":"ast-product-tabs-layout-horizontal","14":"first","15":"instock","16":"purchasable","17":"product-type-simple"},"_links":{"self":[{"href":"https:\/\/reanpackaging.com\/et\/wp-json\/wp\/v2\/product\/13153","targetHints":{"allow":["GET"]}}],"collection":[{"href":"https:\/\/reanpackaging.com\/et\/wp-json\/wp\/v2\/product"}],"about":[{"href":"https:\/\/reanpackaging.com\/et\/wp-json\/wp\/v2\/types\/product"}],"wp:featuredmedia":[{"embeddable":true,"href":"https:\/\/reanpackaging.com\/et\/wp-json\/wp\/v2\/media\/13030"}],"wp:attachment":[{"href":"https:\/\/reanpackaging.com\/et\/wp-json\/wp\/v2\/media?parent=13153"}],"wp:term":[{"taxonomy":"product_brand","embeddable":true,"href":"https:\/\/reanpackaging.com\/et\/wp-json\/wp\/v2\/product_brand?post=13153"},{"taxonomy":"product_cat","embeddable":true,"href":"https:\/\/reanpackaging.com\/et\/wp-json\/wp\/v2\/product_cat?post=13153"},{"taxonomy":"product_tag","embeddable":true,"href":"https:\/\/reanpackaging.com\/et\/wp-json\/wp\/v2\/product_tag?post=13153"}],"curies":[{"name":"wp","href":"https:\/\/api.w.org\/{rel}","templated":true}]}}