{"id":13167,"date":"2023-10-22T02:02:07","date_gmt":"2023-10-22T02:02:07","guid":{"rendered":"http:\/\/ibn.wyd.mybluehost.me\/reanpackaging.com\/product\/custom-yellow-eco-friendly-shipping-envelopes-high-quality-padded-bubble-package-bag-kraft-bubble-mailers\/"},"modified":"2024-10-01T16:39:48","modified_gmt":"2024-10-01T16:39:48","slug":"custom-yellow-eco-friendly-shipping-envelopes-high-quality-padded-bubble-package-bag-kraft-bubble-mailers","status":"publish","type":"product","link":"https:\/\/reanpackaging.com\/et\/toode\/custom-yellow-eco-friendly-shipping-envelopes-high-quality-padded-bubble-package-bag-kraft-bubble-mailers\/","title":{"rendered":"Kohandatud kollane keskkonnas\u00f5bralik laevandus \u00fcmbrikud k\u00f5rge kvaliteediga polsterdatud mull pakett kott Kraft mull postkastid"},"content":{"rendered":"<h4>T\u00f6\u00f6stusspetsiifilised omadused<\/h4>\n<table border=\"1\">\n<tr>\n<td><strong>Materjal<\/strong><\/td>\n<td>Valge pol\u00fc mull<\/td>\n<\/tr>\n<\/table>\n<h4>Muud omadused<\/h4>\n<table border=\"1\">\n<tr>\n<td><strong>T\u00f6\u00f6stuslik kasutamine<\/strong><\/td>\n<td>logistika<\/td>\n<\/tr>\n<tr>\n<td><strong>Toote nimi<\/strong><\/td>\n<td>Polsterdatud \u00fcmbrik\/Mullpostkott\/Kraft Bubble Mailer<\/td>\n<\/tr>\n<tr>\n<td><strong>V\u00e4rv<\/strong><\/td>\n<td>Kuldkollane\/kollane, valge, pruun valikuks<\/td>\n<\/tr>\n<tr>\n<td><strong>Materjal<\/strong><\/td>\n<td>Tugev j\u00f5upaber, mis on lamineeritud t\u00f5kkemulliga<\/td>\n<\/tr>\n<tr>\n<td><strong>Sulgemine<\/strong><\/td>\n<td>Isetihenduv, tugev kuumsulamisliim<\/td>\n<\/tr>\n<tr>\n<td><strong>Kohandatud tr\u00fckkimine<\/strong><\/td>\n<td>Aktsepteeritav, v\u00f5ib olla eritellimusel p\u00f5hinev<\/td>\n<\/tr>\n<tr>\n<td><strong>Taotlus<\/strong><\/td>\n<td>Postitus, pakkimine, v\u00e4ikepakendid, postkontor, postipunktid, kirjapakendid<\/td>\n<\/tr>\n<tr>\n<td><strong>Standardne suurus<\/strong><\/td>\n<td>Saadaval P\u00f5hja-Ameerika turul<\/td>\n<\/tr>\n<tr>\n<td><strong>M\u00fc\u00fcgipakett<\/strong><\/td>\n<td>Pakendamine lahtiselt v\u00f5i jaem\u00fc\u00fcgipakendina<\/td>\n<\/tr>\n<tr>\n<td><strong>Kohaletoimetamise pakkimine<\/strong><\/td>\n<td>Ekspordikartong v\u00f5i kaubaaluste pakkimine<\/td>\n<\/tr>\n<tr>\n<td><strong>Kasutamine<\/strong><\/td>\n<td>Postitus Kuller Ekspress<\/td>\n<\/tr>\n<\/table>\n<p><img decoding=\"async\" class=\"detail-desc-decorate-image\" src=\"http:\/\/ibn.wyd.mybluehost.me\/reanpackaging.com\/wp-content\/uploads\/2023\/10\/1-description-Custom-Yellow-Eco-Friendly-Shipping-Envelopes-High-Quality-Padded-Bubble-Package-Bag-Kraft-Bubble-Mailers.jpg\" slate-data-type=\"image\" style=\"max-width: 100%; height: auto; display: block; margin: 0 auto;\"><\/p>","protected":false},"excerpt":{"rendered":"<p>Industry-Specific Attributes Material White Poly Bubble Other Attributes Industrial Use logistics Product name Padded Envelope\/Bubble Mailer\/Kraft Bubble Mailer Color Golden\/Yellow, White, Brown for option Material Tough kraft laminated with barrier bubble Closure Self-seal, Strong Hot Melt Adhesive Custom printing Acceptable, can be custom-made Application Mailing, Packing, Small Parcel, Post Office, Stationary Standard size Available for [&hellip;]<\/p>\n","protected":false},"featured_media":13043,"template":"","meta":{"_seopress_robots_primary_cat":"none","_seopress_titles_title":"","_seopress_titles_desc":"","_seopress_robots_index":"","site-sidebar-layout":"default","site-content-layout":"","ast-site-content-layout":"default","site-content-style":"default","site-sidebar-style":"default","ast-global-header-display":"","ast-banner-title-visibility":"","ast-main-header-display":"","ast-hfb-above-header-display":"","ast-hfb-below-header-display":"","ast-hfb-mobile-header-display":"","site-post-title":"","ast-breadcrumbs-content":"","ast-featured-img":"","footer-sml-layout":"","ast-disable-related-posts":"","theme-transparent-header-meta":"default","adv-header-id-meta":"","stick-header-meta":"default","header-above-stick-meta":"","header-main-stick-meta":"","header-below-stick-meta":"","astra-migrate-meta-layouts":"set","ast-page-background-enabled":"default","ast-page-background-meta":{"desktop":{"background-color":"","background-image":"","background-repeat":"repeat","background-position":"center center","background-size":"auto","background-attachment":"scroll","background-type":"","background-media":"","overlay-type":"","overlay-color":"","overlay-opacity":"","overlay-gradient":""},"tablet":{"background-color":"","background-image":"","background-repeat":"repeat","background-position":"center center","background-size":"auto","background-attachment":"scroll","background-type":"","background-media":"","overlay-type":"","overlay-color":"","overlay-opacity":"","overlay-gradient":""},"mobile":{"background-color":"","background-image":"","background-repeat":"repeat","background-position":"center center","background-size":"auto","background-attachment":"scroll","background-type":"","background-media":"","overlay-type":"","overlay-color":"","overlay-opacity":"","overlay-gradient":""}},"ast-content-background-meta":{"desktop":{"background-color":"var(--ast-global-color-5)","background-image":"","background-repeat":"repeat","background-position":"center center","background-size":"auto","background-attachment":"scroll","background-type":"","background-media":"","overlay-type":"","overlay-color":"","overlay-opacity":"","overlay-gradient":""},"tablet":{"background-color":"var(--ast-global-color-5)","background-image":"","background-repeat":"repeat","background-position":"center center","background-size":"auto","background-attachment":"scroll","background-type":"","background-media":"","overlay-type":"","overlay-color":"","overlay-opacity":"","overlay-gradient":""},"mobile":{"background-color":"var(--ast-global-color-5)","background-image":"","background-repeat":"repeat","background-position":"center center","background-size":"auto","background-attachment":"scroll","background-type":"","background-media":"","overlay-type":"","overlay-color":"","overlay-opacity":"","overlay-gradient":""}}},"product_brand":[],"product_cat":[54,51],"product_tag":[],"class_list":{"0":"post-13167","1":"product","2":"type-product","3":"status-publish","4":"has-post-thumbnail","6":"product_cat-bubble-mailers","7":"product_cat-shipping-supplies","8":"desktop-align-left","9":"tablet-align-left","10":"mobile-align-left","11":"ast-product-gallery-layout-horizontal","12":"ast-product-tabs-layout-horizontal","14":"first","15":"instock","16":"purchasable","17":"product-type-simple"},"_links":{"self":[{"href":"https:\/\/reanpackaging.com\/et\/wp-json\/wp\/v2\/product\/13167","targetHints":{"allow":["GET"]}}],"collection":[{"href":"https:\/\/reanpackaging.com\/et\/wp-json\/wp\/v2\/product"}],"about":[{"href":"https:\/\/reanpackaging.com\/et\/wp-json\/wp\/v2\/types\/product"}],"wp:featuredmedia":[{"embeddable":true,"href":"https:\/\/reanpackaging.com\/et\/wp-json\/wp\/v2\/media\/13043"}],"wp:attachment":[{"href":"https:\/\/reanpackaging.com\/et\/wp-json\/wp\/v2\/media?parent=13167"}],"wp:term":[{"taxonomy":"product_brand","embeddable":true,"href":"https:\/\/reanpackaging.com\/et\/wp-json\/wp\/v2\/product_brand?post=13167"},{"taxonomy":"product_cat","embeddable":true,"href":"https:\/\/reanpackaging.com\/et\/wp-json\/wp\/v2\/product_cat?post=13167"},{"taxonomy":"product_tag","embeddable":true,"href":"https:\/\/reanpackaging.com\/et\/wp-json\/wp\/v2\/product_tag?post=13167"}],"curies":[{"name":"wp","href":"https:\/\/api.w.org\/{rel}","templated":true}]}}