{"id":17183,"date":"2024-04-28T15:56:33","date_gmt":"2024-04-28T15:56:33","guid":{"rendered":"https:\/\/reanpackaging.com\/product\/wholesale-single-and-2-bottle-carry-paper-wine-gift-bag-with-custom-printing-logo-for-christmas-wedding-party\/"},"modified":"2024-10-01T16:33:44","modified_gmt":"2024-10-01T16:33:44","slug":"wholesale-single-and-2-bottle-carry-paper-wine-gift-bag-with-custom-printing-logo-for-christmas-wedding-party","status":"publish","type":"product","link":"https:\/\/reanpackaging.com\/et\/toode\/hulgi-uhe-ja-2-pudelit-kanda-paberist-veini-kinkekott-koos-kohandatud-trukkimise-logo-joulud-pulmapeole\/","title":{"rendered":"Hulgim\u00fc\u00fck \u00fche ja 2 pudeliga veab paberist veini kinkekott koos kohandatud tr\u00fckkimise logoga j\u00f5ulude pulmapeole"},"content":{"rendered":"<h4>T\u00f6\u00f6stusspetsiifilised omadused<\/h4>\n<table border=\"1\">\n<tr>\n<td><strong>T\u00f6\u00f6stuslik kasutamine<\/strong><\/td>\n<td>Kingitus ja k\u00e4sit\u00f6\u00f6<\/td>\n<\/tr>\n<tr>\n<td><strong>Paberi t\u00fc\u00fcp<\/strong><\/td>\n<td>Kunstipaber<\/td>\n<\/tr>\n<tr>\n<td><strong>Funktsioon<\/strong><\/td>\n<td>K\u00e4sitsi valmistatud<\/td>\n<\/tr>\n<\/table>\n<h4>Muud omadused<\/h4>\n<table border=\"1\">\n<tr>\n<td><strong>P\u00e4ritolukoht<\/strong><\/td>\n<td>Guangdong, Hiina<\/td>\n<\/tr>\n<tr>\n<td><strong>Br\u00e4ndi nimi<\/strong><\/td>\n<td>yc<\/td>\n<\/tr>\n<tr>\n<td><strong>Mudeli number<\/strong><\/td>\n<td>zk-1001<\/td>\n<\/tr>\n<tr>\n<td><strong>Pinnak\u00e4itlus<\/strong><\/td>\n<td>Offset tr\u00fckkimine<\/td>\n<\/tr>\n<tr>\n<td><strong>Tihendus ja k\u00e4epide<\/strong><\/td>\n<td>K\u00e4e pikkus k\u00e4epide<\/td>\n<\/tr>\n<tr>\n<td><strong>Kohandatud tellimus<\/strong><\/td>\n<td>Aktsepteeri<\/td>\n<\/tr>\n<tr>\n<td><strong>Punkti<\/strong><\/td>\n<td>ringlussev\u00f5etud paberist veinipudeli kinkekott k\u00e4epidemega<\/td>\n<\/tr>\n<tr>\n<td><strong>Kasutamine<\/strong><\/td>\n<td>kingituspakend<\/td>\n<\/tr>\n<tr>\n<td><strong>V\u00e4rv<\/strong><\/td>\n<td>CMYK v\u00f5i Pantone v\u00e4rv<\/td>\n<\/tr>\n<tr>\n<td><strong>Logo<\/strong><\/td>\n<td>Kliendi logo<\/td>\n<\/tr>\n<tr>\n<td><strong>Kuju ja suurus<\/strong><\/td>\n<td>Kohandatud<\/td>\n<\/tr>\n<tr>\n<td><strong>tihendus ja k\u00e4epide<\/strong><\/td>\n<td>\u00f5lgade pikkus<\/td>\n<\/tr>\n<tr>\n<td><strong>K\u00e4epide<\/strong><\/td>\n<td>vesti k\u00e4epide;pind<\/td>\n<\/tr>\n<tr>\n<td><strong>k\u00e4itlemine<\/strong><\/td>\n<td>s\u00fcgavtr\u00fckk<\/td>\n<\/tr>\n<\/table>\n<p><img decoding=\"async\" class=\"detail-desc-decorate-image\" src=\"https:\/\/reanpackaging.com\/wp-content\/uploads\/2024\/04\/1-description-Wholesale-Single-and-2-Bottle-Carry-Paper-Wine-Gift-Bag-With-Custom-Printing-Logo-for-Christmas-wedding-party.jpg\" slate-data-type=\"image\" style=\"max-width: 100%; height: auto; display: block; margin: 0 auto;\"><br \/>\n<img decoding=\"async\" class=\"detail-desc-decorate-image\" src=\"https:\/\/reanpackaging.com\/wp-content\/uploads\/2024\/04\/2-description-Wholesale-Single-and-2-Bottle-Carry-Paper-Wine-Gift-Bag-With-Custom-Printing-Logo-for-Christmas-wedding-party.jpg\" slate-data-type=\"image\" style=\"max-width: 100%; height: auto; display: block; margin: 0 auto;\"><br \/>\n<img decoding=\"async\" class=\"detail-desc-decorate-image\" src=\"https:\/\/reanpackaging.com\/wp-content\/uploads\/2024\/04\/3-description-Wholesale-Single-and-2-Bottle-Carry-Paper-Wine-Gift-Bag-With-Custom-Printing-Logo-for-Christmas-wedding-party.jpg\" slate-data-type=\"image\" style=\"max-width: 100%; height: auto; display: block; margin: 0 auto;\"><br \/>\n<img decoding=\"async\" class=\"detail-desc-decorate-image\" src=\"https:\/\/reanpackaging.com\/wp-content\/uploads\/2024\/04\/4-description-Wholesale-Single-and-2-Bottle-Carry-Paper-Wine-Gift-Bag-With-Custom-Printing-Logo-for-Christmas-wedding-party.jpg\" slate-data-type=\"image\" style=\"max-width: 100%; height: auto; display: block; margin: 0 auto;\"><br \/>\n<img decoding=\"async\" class=\"detail-desc-decorate-image\" src=\"https:\/\/reanpackaging.com\/wp-content\/uploads\/2024\/04\/5-description-Wholesale-Single-and-2-Bottle-Carry-Paper-Wine-Gift-Bag-With-Custom-Printing-Logo-for-Christmas-wedding-party.jpg\" slate-data-type=\"image\" style=\"max-width: 100%; height: auto; display: block; margin: 0 auto;\"><br \/>\n<img decoding=\"async\" class=\"detail-desc-decorate-image\" src=\"https:\/\/reanpackaging.com\/wp-content\/uploads\/2024\/04\/6-description-Wholesale-Single-and-2-Bottle-Carry-Paper-Wine-Gift-Bag-With-Custom-Printing-Logo-for-Christmas-wedding-party.jpg\" slate-data-type=\"image\" style=\"max-width: 100%; height: auto; display: block; margin: 0 auto;\"><br \/>\n<img decoding=\"async\" class=\"detail-desc-decorate-image\" src=\"https:\/\/reanpackaging.com\/wp-content\/uploads\/2024\/04\/7-description-Wholesale-Single-and-2-Bottle-Carry-Paper-Wine-Gift-Bag-With-Custom-Printing-Logo-for-Christmas-wedding-party.jpg\" slate-data-type=\"image\" style=\"max-width: 100%; height: auto; display: block; margin: 0 auto;\"><br \/>\n<img decoding=\"async\" class=\"detail-desc-decorate-image\" src=\"https:\/\/reanpackaging.com\/wp-content\/uploads\/2024\/04\/8-description-Wholesale-Single-and-2-Bottle-Carry-Paper-Wine-Gift-Bag-With-Custom-Printing-Logo-for-Christmas-wedding-party.jpg\" slate-data-type=\"image\" style=\"max-width: 100%; height: auto; display: block; margin: 0 auto;\"><br \/>\n<img decoding=\"async\" class=\"detail-desc-decorate-image\" src=\"https:\/\/reanpackaging.com\/wp-content\/uploads\/2024\/04\/9-description-Wholesale-Single-and-2-Bottle-Carry-Paper-Wine-Gift-Bag-With-Custom-Printing-Logo-for-Christmas-wedding-party.jpg\" slate-data-type=\"image\" style=\"max-width: 100%; height: auto; display: block; margin: 0 auto;\"><br \/>\n<img decoding=\"async\" class=\"detail-desc-decorate-image\" src=\"https:\/\/reanpackaging.com\/wp-content\/uploads\/2024\/04\/11-description-Wholesale-Single-and-2-Bottle-Carry-Paper-Wine-Gift-Bag-With-Custom-Printing-Logo-for-Christmas-wedding-party.jpg\" slate-data-type=\"image\" style=\"max-width: 100%; height: auto; display: block; margin: 0 auto;\"><\/p>","protected":false},"excerpt":{"rendered":"<p>Industry-Specific Attributes Industrial Use Gift &#038; Craft Paper Type Art Paper Feature Handmade Other Attributes Place of Origin Guangdong, China Brand Name yc Model Number zk-1001 Surface Handling Offset printing Sealing &#038; Handle Hand Length Handle Custom Order Accept Item recycled paper wine bottle gift bag with handle Usage gift packaging Color CMYK or Pantone [&hellip;]<\/p>\n","protected":false},"featured_media":17155,"template":"","meta":{"_seopress_robots_primary_cat":"none","_seopress_titles_title":"","_seopress_titles_desc":"","_seopress_robots_index":"","site-sidebar-layout":"default","site-content-layout":"","ast-site-content-layout":"default","site-content-style":"default","site-sidebar-style":"default","ast-global-header-display":"","ast-banner-title-visibility":"","ast-main-header-display":"","ast-hfb-above-header-display":"","ast-hfb-below-header-display":"","ast-hfb-mobile-header-display":"","site-post-title":"","ast-breadcrumbs-content":"","ast-featured-img":"","footer-sml-layout":"","ast-disable-related-posts":"","theme-transparent-header-meta":"default","adv-header-id-meta":"","stick-header-meta":"default","header-above-stick-meta":"","header-main-stick-meta":"","header-below-stick-meta":"","astra-migrate-meta-layouts":"set","ast-page-background-enabled":"default","ast-page-background-meta":{"desktop":{"background-color":"","background-image":"","background-repeat":"repeat","background-position":"center center","background-size":"auto","background-attachment":"scroll","background-type":"","background-media":"","overlay-type":"","overlay-color":"","overlay-opacity":"","overlay-gradient":""},"tablet":{"background-color":"","background-image":"","background-repeat":"repeat","background-position":"center center","background-size":"auto","background-attachment":"scroll","background-type":"","background-media":"","overlay-type":"","overlay-color":"","overlay-opacity":"","overlay-gradient":""},"mobile":{"background-color":"","background-image":"","background-repeat":"repeat","background-position":"center center","background-size":"auto","background-attachment":"scroll","background-type":"","background-media":"","overlay-type":"","overlay-color":"","overlay-opacity":"","overlay-gradient":""}},"ast-content-background-meta":{"desktop":{"background-color":"var(--ast-global-color-5)","background-image":"","background-repeat":"repeat","background-position":"center center","background-size":"auto","background-attachment":"scroll","background-type":"","background-media":"","overlay-type":"","overlay-color":"","overlay-opacity":"","overlay-gradient":""},"tablet":{"background-color":"var(--ast-global-color-5)","background-image":"","background-repeat":"repeat","background-position":"center center","background-size":"auto","background-attachment":"scroll","background-type":"","background-media":"","overlay-type":"","overlay-color":"","overlay-opacity":"","overlay-gradient":""},"mobile":{"background-color":"var(--ast-global-color-5)","background-image":"","background-repeat":"repeat","background-position":"center center","background-size":"auto","background-attachment":"scroll","background-type":"","background-media":"","overlay-type":"","overlay-color":"","overlay-opacity":"","overlay-gradient":""}}},"product_brand":[],"product_cat":[59],"product_tag":[],"class_list":{"0":"post-17183","1":"product","2":"type-product","3":"status-publish","4":"has-post-thumbnail","6":"product_cat-paper-wine-bag","7":"desktop-align-left","8":"tablet-align-left","9":"mobile-align-left","10":"ast-product-gallery-layout-horizontal","11":"ast-product-tabs-layout-horizontal","13":"first","14":"instock","15":"purchasable","16":"product-type-simple"},"_links":{"self":[{"href":"https:\/\/reanpackaging.com\/et\/wp-json\/wp\/v2\/product\/17183","targetHints":{"allow":["GET"]}}],"collection":[{"href":"https:\/\/reanpackaging.com\/et\/wp-json\/wp\/v2\/product"}],"about":[{"href":"https:\/\/reanpackaging.com\/et\/wp-json\/wp\/v2\/types\/product"}],"wp:featuredmedia":[{"embeddable":true,"href":"https:\/\/reanpackaging.com\/et\/wp-json\/wp\/v2\/media\/17155"}],"wp:attachment":[{"href":"https:\/\/reanpackaging.com\/et\/wp-json\/wp\/v2\/media?parent=17183"}],"wp:term":[{"taxonomy":"product_brand","embeddable":true,"href":"https:\/\/reanpackaging.com\/et\/wp-json\/wp\/v2\/product_brand?post=17183"},{"taxonomy":"product_cat","embeddable":true,"href":"https:\/\/reanpackaging.com\/et\/wp-json\/wp\/v2\/product_cat?post=17183"},{"taxonomy":"product_tag","embeddable":true,"href":"https:\/\/reanpackaging.com\/et\/wp-json\/wp\/v2\/product_tag?post=17183"}],"curies":[{"name":"wp","href":"https:\/\/api.w.org\/{rel}","templated":true}]}}