{"id":17200,"date":"2024-04-28T15:56:49","date_gmt":"2024-04-28T15:56:49","guid":{"rendered":"https:\/\/reanpackaging.com\/product\/custom-kraft-wine-carrier-paper-bag-2-bottle-for-wineries-gift-shops-paperboard-paper-bag-with-die-cut-window-carrying-handle\/"},"modified":"2024-10-01T16:32:54","modified_gmt":"2024-10-01T16:32:54","slug":"custom-kraft-wine-carrier-paper-bag-2-bottle-for-wineries-gift-shops-paperboard-paper-bag-with-die-cut-window-carrying-handle","status":"publish","type":"product","link":"https:\/\/reanpackaging.com\/et\/toode\/custom-kraft-wine-carrier-paper-bag-2-bottle-for-wineries-gift-shops-paperboard-paper-bag-with-die-cut-window-carrying-handle\/","title":{"rendered":"Kohandatud Kraft veini kandja paberkott 2 pudelit veinitootjate kingituste poodide jaoks papist paberkott, millel on v\u00e4lja l\u00f5igatud aknaga kandev k\u00e4epide"},"content":{"rendered":"<h4>T\u00f6\u00f6stusspetsiifilised omadused<\/h4>\n<table border=\"1\">\n<tr>\n<td><strong>T\u00f6\u00f6stuslik kasutamine<\/strong><\/td>\n<td>Kingitus ja k\u00e4sit\u00f6\u00f6<\/td>\n<\/tr>\n<tr>\n<td><strong>Paberi t\u00fc\u00fcp<\/strong><\/td>\n<td>j\u00f5upaber\/t\u00f6\u00f6stuspaberikott<\/td>\n<\/tr>\n<tr>\n<td><strong>Funktsioon<\/strong><\/td>\n<td>Ringlussev\u00f5etav<\/td>\n<\/tr>\n<\/table>\n<h4>Muud omadused<\/h4>\n<table border=\"1\">\n<tr>\n<td><strong>P\u00e4ritolukoht<\/strong><\/td>\n<td>Hiina<\/td>\n<\/tr>\n<tr>\n<td><strong>Br\u00e4ndi nimi<\/strong><\/td>\n<td>Maibao pakett<\/td>\n<\/tr>\n<tr>\n<td><strong>Mudeli number<\/strong><\/td>\n<td>MB-KP3<\/td>\n<\/tr>\n<tr>\n<td><strong>Pinnak\u00e4itlus<\/strong><\/td>\n<td>Offset tr\u00fckkimine<\/td>\n<\/tr>\n<tr>\n<td><strong>Tihendus ja k\u00e4epide<\/strong><\/td>\n<td>K\u00e4e pikkus k\u00e4epide<\/td>\n<\/tr>\n<tr>\n<td><strong>Kohandatud tellimus<\/strong><\/td>\n<td>Aktsepteeri<\/td>\n<\/tr>\n<tr>\n<td><strong>Suurus<\/strong><\/td>\n<td>5\u00d73.75\u00d78,5.25x3x8.5,8\u00d74.75\u00d710,10x5x13,16x6x12inches, or Customized<\/td>\n<\/tr>\n<tr>\n<td><strong>Pinnak\u00e4itlus<\/strong><\/td>\n<td>Flexotr\u00fckk, l\u00e4ikiv\/matt lamineerimine, Spot UV, kuld\/h\u00f5be kuumtempollimine<\/td>\n<\/tr>\n<tr>\n<td><strong>V\u00e4rv<\/strong><\/td>\n<td>Pruun, valge ja muud CMYK\/Pantone v\u00e4rvid, kuni 10 v\u00e4rvi<\/td>\n<\/tr>\n<tr>\n<td><strong>Paksus<\/strong><\/td>\n<td>80gsm, 90gsm, 100gsm, 110gsm, 120gsm v\u00f5i kohandatud.<\/td>\n<\/tr>\n<tr>\n<td><strong>Tihendus ja k\u00e4epide<\/strong><\/td>\n<td>Keeratud k\u00e4epide, lame k\u00e4epide, stantsitud k\u00e4epide, lint, PP-k\u00f6is, puuvill jne.<\/td>\n<\/tr>\n<tr>\n<td><strong>Tindi t\u00fc\u00fcp<\/strong><\/td>\n<td>Keskkonnas\u00f5bralik veep\u00f5hine soja tint<\/td>\n<\/tr>\n<tr>\n<td><strong>Punkti<\/strong><\/td>\n<td>Pruun j\u00f5upaberikott k\u00e4epidemetega<\/td>\n<\/tr>\n<tr>\n<td><strong>T\u00f6\u00f6stuslik kasutamine<\/strong><\/td>\n<td>Toiduainete ja jookide kinkekaupade pakendid<\/td>\n<\/tr>\n<tr>\n<td><strong>Kasutage<\/strong><\/td>\n<td>Toit Joogid Kingitused R\u00f5ivad R\u00f5ivaste ostmine<\/td>\n<\/tr>\n<\/table>\n<p><img decoding=\"async\" class=\"detail-desc-decorate-image\" src=\"https:\/\/reanpackaging.com\/wp-content\/uploads\/2024\/04\/3-description-Custom-Kraft-Wine-Carrier-Paper-Bag-2-Bottle-for-wineries-gift-shops-paperboard-Paper-Bag-with-Die-cut-window-carrying-handle.jpg\" slate-data-type=\"image\" style=\"max-width: 100%; height: auto; display: block; margin: 0 auto;\"><br \/>\n<img decoding=\"async\" class=\"detail-desc-decorate-image\" src=\"https:\/\/reanpackaging.com\/wp-content\/uploads\/2024\/04\/5-description-Custom-Kraft-Wine-Carrier-Paper-Bag-2-Bottle-for-wineries-gift-shops-paperboard-Paper-Bag-with-Die-cut-window-carrying-handle.jpg\" slate-data-type=\"image\" style=\"max-width: 100%; height: auto; display: block; margin: 0 auto;\"><br \/>\n<img decoding=\"async\" class=\"detail-desc-decorate-image\" src=\"https:\/\/reanpackaging.com\/wp-content\/uploads\/2024\/04\/7-description-Custom-Kraft-Wine-Carrier-Paper-Bag-2-Bottle-for-wineries-gift-shops-paperboard-Paper-Bag-with-Die-cut-window-carrying-handle.jpg\" slate-data-type=\"image\" style=\"max-width: 100%; height: auto; display: block; margin: 0 auto;\"><br \/>\n<img decoding=\"async\" class=\"detail-desc-decorate-image\" src=\"https:\/\/reanpackaging.com\/wp-content\/uploads\/2024\/04\/8-description-Custom-Kraft-Wine-Carrier-Paper-Bag-2-Bottle-for-wineries-gift-shops-paperboard-Paper-Bag-with-Die-cut-window-carrying-handle.jpg\" slate-data-type=\"image\" style=\"max-width: 100%; height: auto; display: block; margin: 0 auto;\"><br \/>\n<img decoding=\"async\" class=\"detail-desc-decorate-image\" src=\"https:\/\/reanpackaging.com\/wp-content\/uploads\/2024\/04\/9-description-Custom-Kraft-Wine-Carrier-Paper-Bag-2-Bottle-for-wineries-gift-shops-paperboard-Paper-Bag-with-Die-cut-window-carrying-handle.jpg\" slate-data-type=\"image\" style=\"max-width: 100%; height: auto; display: block; margin: 0 auto;\"><\/p>","protected":false},"excerpt":{"rendered":"<p>Industry-Specific Attributes Industrial Use Gift &#038; Craft Paper Type kraft paper\/craft paper bag Feature Recyclable Other Attributes Place of Origin China Brand Name Maibao Package Model Number MB&#8211;KP3 Surface Handling Offset printing Sealing &#038; Handle Hand Length Handle Custom Order Accept Size 5&#215;3.75&#215;8,5.25x3x8.5,8&#215;4.75&#215;10,10x5x13,16x6x12inches, or Customized Surface Handling Flexo Printing,Glossy\/Matt Lamination,Spot UV,Gold\/Silver Hot Stamping Color Brown, [&hellip;]<\/p>\n","protected":false},"featured_media":16967,"template":"","meta":{"_seopress_robots_primary_cat":"none","_seopress_titles_title":"","_seopress_titles_desc":"","_seopress_robots_index":"","site-sidebar-layout":"default","site-content-layout":"","ast-site-content-layout":"default","site-content-style":"default","site-sidebar-style":"default","ast-global-header-display":"","ast-banner-title-visibility":"","ast-main-header-display":"","ast-hfb-above-header-display":"","ast-hfb-below-header-display":"","ast-hfb-mobile-header-display":"","site-post-title":"","ast-breadcrumbs-content":"","ast-featured-img":"","footer-sml-layout":"","ast-disable-related-posts":"","theme-transparent-header-meta":"default","adv-header-id-meta":"","stick-header-meta":"default","header-above-stick-meta":"","header-main-stick-meta":"","header-below-stick-meta":"","astra-migrate-meta-layouts":"set","ast-page-background-enabled":"default","ast-page-background-meta":{"desktop":{"background-color":"","background-image":"","background-repeat":"repeat","background-position":"center center","background-size":"auto","background-attachment":"scroll","background-type":"","background-media":"","overlay-type":"","overlay-color":"","overlay-opacity":"","overlay-gradient":""},"tablet":{"background-color":"","background-image":"","background-repeat":"repeat","background-position":"center center","background-size":"auto","background-attachment":"scroll","background-type":"","background-media":"","overlay-type":"","overlay-color":"","overlay-opacity":"","overlay-gradient":""},"mobile":{"background-color":"","background-image":"","background-repeat":"repeat","background-position":"center center","background-size":"auto","background-attachment":"scroll","background-type":"","background-media":"","overlay-type":"","overlay-color":"","overlay-opacity":"","overlay-gradient":""}},"ast-content-background-meta":{"desktop":{"background-color":"var(--ast-global-color-5)","background-image":"","background-repeat":"repeat","background-position":"center center","background-size":"auto","background-attachment":"scroll","background-type":"","background-media":"","overlay-type":"","overlay-color":"","overlay-opacity":"","overlay-gradient":""},"tablet":{"background-color":"var(--ast-global-color-5)","background-image":"","background-repeat":"repeat","background-position":"center center","background-size":"auto","background-attachment":"scroll","background-type":"","background-media":"","overlay-type":"","overlay-color":"","overlay-opacity":"","overlay-gradient":""},"mobile":{"background-color":"var(--ast-global-color-5)","background-image":"","background-repeat":"repeat","background-position":"center center","background-size":"auto","background-attachment":"scroll","background-type":"","background-media":"","overlay-type":"","overlay-color":"","overlay-opacity":"","overlay-gradient":""}}},"product_brand":[],"product_cat":[59],"product_tag":[],"class_list":{"0":"post-17200","1":"product","2":"type-product","3":"status-publish","4":"has-post-thumbnail","6":"product_cat-paper-wine-bag","7":"desktop-align-left","8":"tablet-align-left","9":"mobile-align-left","10":"ast-product-gallery-layout-horizontal","11":"ast-product-tabs-layout-horizontal","13":"first","14":"instock","15":"purchasable","16":"product-type-simple"},"_links":{"self":[{"href":"https:\/\/reanpackaging.com\/et\/wp-json\/wp\/v2\/product\/17200","targetHints":{"allow":["GET"]}}],"collection":[{"href":"https:\/\/reanpackaging.com\/et\/wp-json\/wp\/v2\/product"}],"about":[{"href":"https:\/\/reanpackaging.com\/et\/wp-json\/wp\/v2\/types\/product"}],"wp:featuredmedia":[{"embeddable":true,"href":"https:\/\/reanpackaging.com\/et\/wp-json\/wp\/v2\/media\/16967"}],"wp:attachment":[{"href":"https:\/\/reanpackaging.com\/et\/wp-json\/wp\/v2\/media?parent=17200"}],"wp:term":[{"taxonomy":"product_brand","embeddable":true,"href":"https:\/\/reanpackaging.com\/et\/wp-json\/wp\/v2\/product_brand?post=17200"},{"taxonomy":"product_cat","embeddable":true,"href":"https:\/\/reanpackaging.com\/et\/wp-json\/wp\/v2\/product_cat?post=17200"},{"taxonomy":"product_tag","embeddable":true,"href":"https:\/\/reanpackaging.com\/et\/wp-json\/wp\/v2\/product_tag?post=17200"}],"curies":[{"name":"wp","href":"https:\/\/api.w.org\/{rel}","templated":true}]}}