{"id":20154,"date":"2024-07-11T15:31:12","date_gmt":"2024-07-11T15:31:12","guid":{"rendered":"https:\/\/reanpackaging.com\/product\/recyclable-candy-apple-packaging-christmas-small-gift-packaging-box-apple-christmas-small-gift-packaging-box\/"},"modified":"2024-11-26T13:21:49","modified_gmt":"2024-11-26T13:21:49","slug":"recyclable-candy-apple-packaging-christmas-small-gift-packaging-box-apple-christmas-small-gift-packaging-box","status":"publish","type":"product","link":"https:\/\/reanpackaging.com\/et\/toode\/recyclable-candy-apple-packaging-christmas-small-gift-packaging-box-apple-christmas-small-gift-packaging-box\/","title":{"rendered":"Ringlussev\u00f5etav kommi \u00f5unapakend j\u00f5ulud v\u00e4ike kingituspakendikarp \u00f5un j\u00f5ulud v\u00e4ike kingituspakendikarp"},"content":{"rendered":"<h4>T\u00f6\u00f6stusspetsiifilised omadused<\/h4>\n<table border=\"1\">\n<tbody>\n<tr>\n<td><strong>T\u00f6\u00f6stuslik kasutamine<\/strong><\/td>\n<td>Kosmeetika<\/td>\n<\/tr>\n<tr>\n<td><strong>Paberi t\u00fc\u00fcp<\/strong><\/td>\n<td>Kaetud paber<\/td>\n<\/tr>\n<tr>\n<td><strong>Funktsioon<\/strong><\/td>\n<td>Ringlussev\u00f5etud materjalid<\/td>\n<\/tr>\n<\/tbody>\n<\/table>\n<h4>Muud omadused<\/h4>\n<table border=\"1\">\n<tbody>\n<tr>\n<td><strong>P\u00e4ritolukoht<\/strong><\/td>\n<td>Guangdong, Hiina<\/td>\n<\/tr>\n<tr>\n<td><strong>Kastit\u00fc\u00fcp<\/strong><\/td>\n<td>Ise p\u00fcstitatavad kastid<\/td>\n<\/tr>\n<tr>\n<td><strong>Br\u00e4ndi nimi<\/strong><\/td>\n<td>Huaxin<\/td>\n<\/tr>\n<tr>\n<td><strong>Mudeli number<\/strong><\/td>\n<td>Kokkupandav kast 027<\/td>\n<\/tr>\n<tr>\n<td><strong>Tr\u00fckkimise k\u00e4sitlemine<\/strong><\/td>\n<td>Matt lamineerimine, lakkimine, tembeldamine, reljeefne, l\u00e4ikiv lamineerimine, UV-pinnakate, VANISHING, kuldfoolium.<\/td>\n<\/tr>\n<tr>\n<td><strong>Kohandatud tellimus<\/strong><\/td>\n<td>Aktsepteeri<\/td>\n<\/tr>\n<tr>\n<td><strong>Kuju<\/strong><\/td>\n<td>kohandatud<\/td>\n<\/tr>\n<tr>\n<td><strong>Vooderdise t\u00fc\u00fcp<\/strong><\/td>\n<td>Papp<\/td>\n<\/tr>\n<tr>\n<td><strong>Toote nimi<\/strong><\/td>\n<td>Paberi v\u00e4rvi kast<\/td>\n<\/tr>\n<tr>\n<td><strong>M\u00e4rks\u00f5na<\/strong><\/td>\n<td>Pakendite v\u00e4rviline kastide tr\u00fckkimine<\/td>\n<\/tr>\n<tr>\n<td><strong>Kasutamine<\/strong><\/td>\n<td>J\u00f5ulud<\/td>\n<\/tr>\n<tr>\n<td><strong>Stiil<\/strong><\/td>\n<td>Populaarne<\/td>\n<\/tr>\n<tr>\n<td><strong>Kuju ja stiil<\/strong><\/td>\n<td>Kohandatud disainilahendused paberkottide pakendid<\/td>\n<\/tr>\n<tr>\n<td><strong>V\u00f5tmes\u00f5nad<\/strong><\/td>\n<td>Halloweeni kingituste pakendid<\/td>\n<\/tr>\n<tr>\n<td><strong>Toote stiil<\/strong><\/td>\n<td>Karbid Custom Logo Packaging Boxes (kohandatud logo pakendikarbid)<\/td>\n<\/tr>\n<tr>\n<td><strong>Juhus<\/strong><\/td>\n<td>Festival<\/td>\n<\/tr>\n<tr>\n<td><strong>Nimetus<\/strong><\/td>\n<td>Peo magustoit Donut paberkarp<\/td>\n<\/tr>\n<tr>\n<td><strong>Taotlus<\/strong><\/td>\n<td>Kinkekarbi pakkimine Pakend<\/td>\n<\/tr>\n<\/tbody>\n<\/table>\n<p><img decoding=\"async\" class=\"detail-desc-decorate-image\" style=\"max-width: 100%; height: auto; display: block; margin: 0 auto;\" src=\"https:\/\/reanpackaging.com\/wp-content\/uploads\/2024\/07\/19-description-Recyclable-candy-apple-packaging-Christmas-small-gift-packaging-box-apple-Christmas-small-gift-packaging-box.jpg\" \/><br \/>\n<img decoding=\"async\" class=\"detail-desc-decorate-image\" style=\"max-width: 100%; height: auto; display: block; margin: 0 auto;\" src=\"https:\/\/reanpackaging.com\/wp-content\/uploads\/2024\/07\/20-description-Recyclable-candy-apple-packaging-Christmas-small-gift-packaging-box-apple-Christmas-small-gift-packaging-box.jpg\" \/><\/p>","protected":false},"excerpt":{"rendered":"<p>Industry-Specific Attributes Industrial Use Cosmetic Paper Type Coated Paper Feature Recycled Materials Other Attributes Place of Origin Guangdong, China Box Type Self Erecting Boxes Brand Name Huaxin Model Number Folding box 027 Printing Handling Matt Lamination, Varnishing, Stamping, Embossing, Glossy Lamination, UV Coating, VANISHING, Gold Foil Custom Order Accept Shape custom Liner type Paperboard Product [&hellip;]<\/p>\n","protected":false},"featured_media":20121,"template":"","meta":{"_seopress_robots_primary_cat":"none","_seopress_titles_title":"","_seopress_titles_desc":"","_seopress_robots_index":"","site-sidebar-layout":"default","site-content-layout":"","ast-site-content-layout":"default","site-content-style":"default","site-sidebar-style":"default","ast-global-header-display":"","ast-banner-title-visibility":"","ast-main-header-display":"","ast-hfb-above-header-display":"","ast-hfb-below-header-display":"","ast-hfb-mobile-header-display":"","site-post-title":"","ast-breadcrumbs-content":"","ast-featured-img":"","footer-sml-layout":"","ast-disable-related-posts":"","theme-transparent-header-meta":"default","adv-header-id-meta":"","stick-header-meta":"default","header-above-stick-meta":"","header-main-stick-meta":"","header-below-stick-meta":"","astra-migrate-meta-layouts":"set","ast-page-background-enabled":"default","ast-page-background-meta":{"desktop":{"background-color":"","background-image":"","background-repeat":"repeat","background-position":"center center","background-size":"auto","background-attachment":"scroll","background-type":"","background-media":"","overlay-type":"","overlay-color":"","overlay-opacity":"","overlay-gradient":""},"tablet":{"background-color":"","background-image":"","background-repeat":"repeat","background-position":"center center","background-size":"auto","background-attachment":"scroll","background-type":"","background-media":"","overlay-type":"","overlay-color":"","overlay-opacity":"","overlay-gradient":""},"mobile":{"background-color":"","background-image":"","background-repeat":"repeat","background-position":"center center","background-size":"auto","background-attachment":"scroll","background-type":"","background-media":"","overlay-type":"","overlay-color":"","overlay-opacity":"","overlay-gradient":""}},"ast-content-background-meta":{"desktop":{"background-color":"var(--ast-global-color-5)","background-image":"","background-repeat":"repeat","background-position":"center center","background-size":"auto","background-attachment":"scroll","background-type":"","background-media":"","overlay-type":"","overlay-color":"","overlay-opacity":"","overlay-gradient":""},"tablet":{"background-color":"var(--ast-global-color-5)","background-image":"","background-repeat":"repeat","background-position":"center center","background-size":"auto","background-attachment":"scroll","background-type":"","background-media":"","overlay-type":"","overlay-color":"","overlay-opacity":"","overlay-gradient":""},"mobile":{"background-color":"var(--ast-global-color-5)","background-image":"","background-repeat":"repeat","background-position":"center center","background-size":"auto","background-attachment":"scroll","background-type":"","background-media":"","overlay-type":"","overlay-color":"","overlay-opacity":"","overlay-gradient":""}}},"product_brand":[],"product_cat":[63],"product_tag":[],"class_list":{"0":"post-20154","1":"product","2":"type-product","3":"status-publish","4":"has-post-thumbnail","6":"product_cat-christmas-gift-boxes","7":"desktop-align-left","8":"tablet-align-left","9":"mobile-align-left","10":"ast-product-gallery-layout-horizontal","11":"ast-product-tabs-layout-horizontal","13":"first","14":"instock","15":"purchasable","16":"product-type-simple"},"_links":{"self":[{"href":"https:\/\/reanpackaging.com\/et\/wp-json\/wp\/v2\/product\/20154","targetHints":{"allow":["GET"]}}],"collection":[{"href":"https:\/\/reanpackaging.com\/et\/wp-json\/wp\/v2\/product"}],"about":[{"href":"https:\/\/reanpackaging.com\/et\/wp-json\/wp\/v2\/types\/product"}],"wp:featuredmedia":[{"embeddable":true,"href":"https:\/\/reanpackaging.com\/et\/wp-json\/wp\/v2\/media\/20121"}],"wp:attachment":[{"href":"https:\/\/reanpackaging.com\/et\/wp-json\/wp\/v2\/media?parent=20154"}],"wp:term":[{"taxonomy":"product_brand","embeddable":true,"href":"https:\/\/reanpackaging.com\/et\/wp-json\/wp\/v2\/product_brand?post=20154"},{"taxonomy":"product_cat","embeddable":true,"href":"https:\/\/reanpackaging.com\/et\/wp-json\/wp\/v2\/product_cat?post=20154"},{"taxonomy":"product_tag","embeddable":true,"href":"https:\/\/reanpackaging.com\/et\/wp-json\/wp\/v2\/product_tag?post=20154"}],"curies":[{"name":"wp","href":"https:\/\/api.w.org\/{rel}","templated":true}]}}