{"id":21457,"date":"2024-07-18T16:49:39","date_gmt":"2024-07-18T16:49:39","guid":{"rendered":"https:\/\/reanpackaging.com\/product\/wholesale-oem-essential-oil-soap-bar-luxury-fresh-scent-blueberry-cranberry-vanilla-rose-yijia-handmade-soap-custom-soap-box\/"},"modified":"2024-10-01T16:20:13","modified_gmt":"2024-10-01T16:20:13","slug":"wholesale-oem-essential-oil-soap-bar-luxury-fresh-scent-blueberry-cranberry-vanilla-rose-yijia-handmade-soap-custom-soap-box","status":"publish","type":"product","link":"https:\/\/reanpackaging.com\/et\/toode\/wholesale-oem-essential-oil-soap-bar-luxury-fresh-scent-blueberry-cranberry-vanilla-rose-yijia-handmade-soap-custom-soap-box\/","title":{"rendered":"Hulgim\u00fc\u00fck OEM eeterlik \u00f5li seebibaar Luksuslik v\u00e4rske l\u00f5hn mustika j\u00f5hvik vanilje roos Yijia k\u00e4sitsi valmistatud seep kohandatud seebikarbis"},"content":{"rendered":"<h4>T\u00f6\u00f6stusspetsiifilised omadused<\/h4>\n<table border=\"1\">\n<tbody>\n<tr>\n<td><strong>K\u00e4sitsi valmistatud<\/strong><\/td>\n<td>Jah<\/td>\n<\/tr>\n<tr>\n<td><strong>Ravimiga<\/strong><\/td>\n<td>EI<\/td>\n<\/tr>\n<tr>\n<td><strong>Koostisosa<\/strong><\/td>\n<td>Taimsed<\/td>\n<\/tr>\n<tr>\n<td><strong>Peamine koostisosa<\/strong><\/td>\n<td>Gl\u00fctseriin<\/td>\n<\/tr>\n<tr>\n<td><strong>Funktsioon<\/strong><\/td>\n<td>P\u00f5hipuhastus, ANTISEPTIKUM, VALGENDUS, Kahanemine, ANTI ACNE<\/td>\n<\/tr>\n<\/tbody>\n<\/table>\n<h4>Muud omadused<\/h4>\n<table border=\"1\">\n<tbody>\n<tr>\n<td><strong>Suurus T\u00fc\u00fcp<\/strong><\/td>\n<td>tavaline suurus<\/td>\n<\/tr>\n<tr>\n<td><strong>T\u00fc\u00fcp<\/strong><\/td>\n<td>K\u00e4eseep<\/td>\n<\/tr>\n<tr>\n<td><strong>Vorm<\/strong><\/td>\n<td>Soliidne<\/td>\n<\/tr>\n<tr>\n<td><strong>L\u00e4bipaistev<\/strong><\/td>\n<td>EI<\/td>\n<\/tr>\n<tr>\n<td><strong>Toote nimi<\/strong><\/td>\n<td>Looduslik eeterlike \u00f5lide seep<\/td>\n<\/tr>\n<tr>\n<td><strong>Materjal<\/strong><\/td>\n<td>Oliivi\u00f5li \/ kookos\u00f5li \/ puuvilja\u00f5li l\u00f5hna\u00f5li<\/td>\n<\/tr>\n<tr>\n<td><strong>L\u00f5hna<\/strong><\/td>\n<td>Mustikas\/j\u00f5hvikas\/vaniilia\/roos\/lillel\u00f5hn\/meeste parf\u00fc\u00fcmil\u00f5hn<\/td>\n<\/tr>\n<tr>\n<td><strong>V\u00e4rv<\/strong><\/td>\n<td>Sinine\/roheline\/lilla\/pruun\/roosa\/punane\/punane<\/td>\n<\/tr>\n<tr>\n<td><strong>Nahat\u00fc\u00fcp<\/strong><\/td>\n<td>All-skin<\/td>\n<\/tr>\n<tr>\n<td><strong>Taotlus<\/strong><\/td>\n<td>Keha k\u00e4si n\u00e4o nahahooldus<\/td>\n<\/tr>\n<tr>\n<td><strong>Kaal<\/strong><\/td>\n<td>140\u00b15g<\/td>\n<\/tr>\n<tr>\n<td><strong>Kuju<\/strong><\/td>\n<td>Ruudukujuline kuju<\/td>\n<\/tr>\n<tr>\n<td><strong>Funktsioon<\/strong><\/td>\n<td>S\u00fcgavpuhastus\/valgendamine\/valgendamine<\/td>\n<\/tr>\n<tr>\n<td><strong>Logo<\/strong><\/td>\n<td>Logo kohandatud<\/td>\n<\/tr>\n<\/tbody>\n<\/table>\n<p><img decoding=\"async\" class=\"detail-desc-decorate-image\" style=\"max-width: 100%; height: auto; display: block; margin: 0 auto;\" src=\"https:\/\/reanpackaging.com\/wp-content\/uploads\/2024\/07\/1-description-Wholesale-OEM-Essential-Oil-Soap-Bar-Luxury-Fresh-Scent-Blueberry-Cranberry-Vanilla-Rose-Yijia-Handmade-Soap-Custom-Soap-Box.jpg\" \/><br \/>\n<img decoding=\"async\" class=\"detail-desc-decorate-image\" style=\"max-width: 100%; height: auto; display: block; margin: 0 auto;\" src=\"https:\/\/reanpackaging.com\/wp-content\/uploads\/2024\/07\/2-description-Wholesale-OEM-Essential-Oil-Soap-Bar-Luxury-Fresh-Scent-Blueberry-Cranberry-Vanilla-Rose-Yijia-Handmade-Soap-Custom-Soap-Box.jpg\" \/><br \/>\n<img decoding=\"async\" class=\"detail-desc-decorate-image\" style=\"max-width: 100%; height: auto; display: block; margin: 0 auto;\" src=\"https:\/\/reanpackaging.com\/wp-content\/uploads\/2024\/07\/3-description-Wholesale-OEM-Essential-Oil-Soap-Bar-Luxury-Fresh-Scent-Blueberry-Cranberry-Vanilla-Rose-Yijia-Handmade-Soap-Custom-Soap-Box.jpg\" \/><br \/>\n<img decoding=\"async\" class=\"detail-desc-decorate-image\" style=\"max-width: 100%; height: auto; display: block; margin: 0 auto;\" src=\"https:\/\/reanpackaging.com\/wp-content\/uploads\/2024\/07\/4-description-Wholesale-OEM-Essential-Oil-Soap-Bar-Luxury-Fresh-Scent-Blueberry-Cranberry-Vanilla-Rose-Yijia-Handmade-Soap-Custom-Soap-Box.jpg\" \/><br \/>\n<img decoding=\"async\" class=\"detail-desc-decorate-image\" style=\"max-width: 100%; height: auto; display: block; margin: 0 auto;\" src=\"https:\/\/reanpackaging.com\/wp-content\/uploads\/2024\/07\/5-description-Wholesale-OEM-Essential-Oil-Soap-Bar-Luxury-Fresh-Scent-Blueberry-Cranberry-Vanilla-Rose-Yijia-Handmade-Soap-Custom-Soap-Box.jpg\" \/><br \/>\n<img decoding=\"async\" class=\"detail-desc-decorate-image\" style=\"max-width: 100%; height: auto; display: block; margin: 0 auto;\" src=\"https:\/\/reanpackaging.com\/wp-content\/uploads\/2024\/07\/6-description-Wholesale-OEM-Essential-Oil-Soap-Bar-Luxury-Fresh-Scent-Blueberry-Cranberry-Vanilla-Rose-Yijia-Handmade-Soap-Custom-Soap-Box.jpg\" \/><br \/>\n<img decoding=\"async\" class=\"detail-desc-decorate-image\" style=\"max-width: 100%; height: auto; display: block; margin: 0 auto;\" src=\"https:\/\/reanpackaging.com\/wp-content\/uploads\/2024\/07\/7-description-Wholesale-OEM-Essential-Oil-Soap-Bar-Luxury-Fresh-Scent-Blueberry-Cranberry-Vanilla-Rose-Yijia-Handmade-Soap-Custom-Soap-Box.jpg\" \/><br \/>\n<img decoding=\"async\" class=\"detail-desc-decorate-image\" style=\"max-width: 100%; height: auto; display: block; margin: 0 auto;\" src=\"https:\/\/reanpackaging.com\/wp-content\/uploads\/2024\/07\/8-description-Wholesale-OEM-Essential-Oil-Soap-Bar-Luxury-Fresh-Scent-Blueberry-Cranberry-Vanilla-Rose-Yijia-Handmade-Soap-Custom-Soap-Box.jpg\" \/><br \/>\n<img decoding=\"async\" class=\"detail-desc-decorate-image\" style=\"max-width: 100%; height: auto; display: block; margin: 0 auto;\" src=\"https:\/\/reanpackaging.com\/wp-content\/uploads\/2024\/07\/9-description-Wholesale-OEM-Essential-Oil-Soap-Bar-Luxury-Fresh-Scent-Blueberry-Cranberry-Vanilla-Rose-Yijia-Handmade-Soap-Custom-Soap-Box.jpg\" \/><br \/>\n<img decoding=\"async\" class=\"detail-desc-decorate-image\" style=\"max-width: 100%; height: auto; display: block; margin: 0 auto;\" src=\"https:\/\/reanpackaging.com\/wp-content\/uploads\/2024\/07\/10-description-Wholesale-OEM-Essential-Oil-Soap-Bar-Luxury-Fresh-Scent-Blueberry-Cranberry-Vanilla-Rose-Yijia-Handmade-Soap-Custom-Soap-Box.jpg\" \/><\/p>","protected":false},"excerpt":{"rendered":"<p>Industry-Specific Attributes Handmade Yes Medicated NO Ingredient Herbal Main Ingredient Glycerine Feature Basic Cleaning, ANTISEPTIC, Whitening, Slimming, ANTI ACNE Other Attributes Size Type regular size Type Hand soap Form Solid Transparent NO Product name Natural Essential Oil Soap Material Olive Oil\/ Coconut Oil\/Fruit Scent Oil Fragrance Blueberry\/Cranberry\/Vanilla\/Rose\/Floral Scent\/Men&#8217;s Perfume Scent Color Blue\/Green\/Purple\/Brown\/Pink\/Red Skin type All-skin [&hellip;]<\/p>\n","protected":false},"featured_media":21451,"template":"","meta":{"_seopress_robots_primary_cat":"none","_seopress_titles_title":"","_seopress_titles_desc":"","_seopress_robots_index":"","site-sidebar-layout":"default","site-content-layout":"","ast-site-content-layout":"default","site-content-style":"default","site-sidebar-style":"default","ast-global-header-display":"","ast-banner-title-visibility":"","ast-main-header-display":"","ast-hfb-above-header-display":"","ast-hfb-below-header-display":"","ast-hfb-mobile-header-display":"","site-post-title":"","ast-breadcrumbs-content":"","ast-featured-img":"","footer-sml-layout":"","ast-disable-related-posts":"","theme-transparent-header-meta":"default","adv-header-id-meta":"","stick-header-meta":"default","header-above-stick-meta":"","header-main-stick-meta":"","header-below-stick-meta":"","astra-migrate-meta-layouts":"set","ast-page-background-enabled":"default","ast-page-background-meta":{"desktop":{"background-color":"","background-image":"","background-repeat":"repeat","background-position":"center center","background-size":"auto","background-attachment":"scroll","background-type":"","background-media":"","overlay-type":"","overlay-color":"","overlay-opacity":"","overlay-gradient":""},"tablet":{"background-color":"","background-image":"","background-repeat":"repeat","background-position":"center center","background-size":"auto","background-attachment":"scroll","background-type":"","background-media":"","overlay-type":"","overlay-color":"","overlay-opacity":"","overlay-gradient":""},"mobile":{"background-color":"","background-image":"","background-repeat":"repeat","background-position":"center center","background-size":"auto","background-attachment":"scroll","background-type":"","background-media":"","overlay-type":"","overlay-color":"","overlay-opacity":"","overlay-gradient":""}},"ast-content-background-meta":{"desktop":{"background-color":"var(--ast-global-color-5)","background-image":"","background-repeat":"repeat","background-position":"center center","background-size":"auto","background-attachment":"scroll","background-type":"","background-media":"","overlay-type":"","overlay-color":"","overlay-opacity":"","overlay-gradient":""},"tablet":{"background-color":"var(--ast-global-color-5)","background-image":"","background-repeat":"repeat","background-position":"center center","background-size":"auto","background-attachment":"scroll","background-type":"","background-media":"","overlay-type":"","overlay-color":"","overlay-opacity":"","overlay-gradient":""},"mobile":{"background-color":"var(--ast-global-color-5)","background-image":"","background-repeat":"repeat","background-position":"center center","background-size":"auto","background-attachment":"scroll","background-type":"","background-media":"","overlay-type":"","overlay-color":"","overlay-opacity":"","overlay-gradient":""}}},"product_brand":[],"product_cat":[66],"product_tag":[],"class_list":{"0":"post-21457","1":"product","2":"type-product","3":"status-publish","4":"has-post-thumbnail","6":"product_cat-soap-boxes","7":"desktop-align-left","8":"tablet-align-left","9":"mobile-align-left","10":"ast-product-gallery-layout-horizontal","11":"ast-product-tabs-layout-horizontal","13":"first","14":"instock","15":"purchasable","16":"product-type-simple"},"_links":{"self":[{"href":"https:\/\/reanpackaging.com\/et\/wp-json\/wp\/v2\/product\/21457","targetHints":{"allow":["GET"]}}],"collection":[{"href":"https:\/\/reanpackaging.com\/et\/wp-json\/wp\/v2\/product"}],"about":[{"href":"https:\/\/reanpackaging.com\/et\/wp-json\/wp\/v2\/types\/product"}],"wp:featuredmedia":[{"embeddable":true,"href":"https:\/\/reanpackaging.com\/et\/wp-json\/wp\/v2\/media\/21451"}],"wp:attachment":[{"href":"https:\/\/reanpackaging.com\/et\/wp-json\/wp\/v2\/media?parent=21457"}],"wp:term":[{"taxonomy":"product_brand","embeddable":true,"href":"https:\/\/reanpackaging.com\/et\/wp-json\/wp\/v2\/product_brand?post=21457"},{"taxonomy":"product_cat","embeddable":true,"href":"https:\/\/reanpackaging.com\/et\/wp-json\/wp\/v2\/product_cat?post=21457"},{"taxonomy":"product_tag","embeddable":true,"href":"https:\/\/reanpackaging.com\/et\/wp-json\/wp\/v2\/product_tag?post=21457"}],"curies":[{"name":"wp","href":"https:\/\/api.w.org\/{rel}","templated":true}]}}