{"id":22937,"date":"2024-07-27T10:58:01","date_gmt":"2024-07-27T10:58:01","guid":{"rendered":"https:\/\/reanpackaging.com\/product\/white-cupcake-box-cardboard-paper-bakery-cookies-cup-cake-box-with-clear-window\/"},"modified":"2024-10-01T16:17:48","modified_gmt":"2024-10-01T16:17:48","slug":"white-cupcake-box-cardboard-paper-bakery-cookies-cup-cake-box-with-clear-window","status":"publish","type":"product","link":"https:\/\/reanpackaging.com\/et\/toode\/white-cupcake-box-cardboard-paper-bakery-cookies-cup-cake-box-with-clear-window\/","title":{"rendered":"Valge cupcake box papist pagari k\u00fcpsised tass kooki kasti selge aknaga"},"content":{"rendered":"<h4>T\u00f6\u00f6stusspetsiifilised omadused<\/h4>\n<table border=\"1\">\n<tr>\n<td><strong>T\u00f6\u00f6stuslik kasutamine<\/strong><\/td>\n<td>Toiduained<\/td>\n<\/tr>\n<tr>\n<td><strong>Paberi t\u00fc\u00fcp<\/strong><\/td>\n<td>Lainepapptooted<\/td>\n<\/tr>\n<tr>\n<td><strong>Funktsioon<\/strong><\/td>\n<td>Ringlussev\u00f5etav<\/td>\n<\/tr>\n<\/table>\n<h4>Muud omadused<\/h4>\n<table border=\"1\">\n<tr>\n<td><strong>Kastit\u00fc\u00fcp<\/strong><\/td>\n<td>Kaustad<\/td>\n<\/tr>\n<tr>\n<td><strong>Tr\u00fckkimise k\u00e4sitlemine<\/strong><\/td>\n<td>S\u00fcgavtr\u00fckk, l\u00e4ikiv lamineerimine, matt lamineerimine, tembeldamine, UV-pindade katmine, lakkimine<\/td>\n<\/tr>\n<tr>\n<td><strong>Kohandatud tellimus<\/strong><\/td>\n<td>Aktsepteeri<\/td>\n<\/tr>\n<tr>\n<td><strong>Kuju<\/strong><\/td>\n<td>ruudukujuline<\/td>\n<\/tr>\n<tr>\n<td><strong>Materjal<\/strong><\/td>\n<td>Paber<\/td>\n<\/tr>\n<tr>\n<td><strong>Nimi<\/strong><\/td>\n<td>TR\u00dcKITUD PABERIST DONUTSIDE KASTI PAKEND<\/td>\n<\/tr>\n<tr>\n<td><strong>Advantage<\/strong><\/td>\n<td>K\u00f5rge kvaliteet ja konkurentsiv\u00f5imeline hind<\/td>\n<\/tr>\n<tr>\n<td><strong>Sertifitseerimine<\/strong><\/td>\n<td>Funktsioon Ringlussev\u00f5etav, k\u00f5rge vastupidavus, mis tahes v\u00e4rvi kui valikud<\/td>\n<\/tr>\n<tr>\n<td><strong>Suurus:<\/strong><\/td>\n<td>Kohandatud suurus<\/td>\n<\/tr>\n<tr>\n<td><strong>Viimistlusprotsess<\/strong><\/td>\n<td>L\u00e4ikiv\/matt lakkimine\/lamineerimine, h\u00f5bedane\/jumedate kuumtempollimine<\/td>\n<\/tr>\n<tr>\n<td><strong>Tarvikud<\/strong><\/td>\n<td>Lint, pingutuspael, plastikust k\u00e4epide, PVC aken, magnetpitsat v\u00f5i muud.<\/td>\n<\/tr>\n<tr>\n<td><strong>Maksmine<\/strong><\/td>\n<td>L\/C, T\/T, Paypal v\u00f5i muud<\/td>\n<\/tr>\n<tr>\n<td><strong>Tarneaeg<\/strong><\/td>\n<td>12-15 t\u00f6\u00f6p\u00e4eva p\u00e4rast deposiidi ja tr\u00fckiproovi kinnitamist.<\/td>\n<\/tr>\n<tr>\n<td><strong>Pakkumise v\u00f5ime<\/strong><\/td>\n<td>Pakkumise v\u00f5ime<\/td>\n<\/tr>\n<\/table>\n<p><img decoding=\"async\" class=\"detail-desc-decorate-image\" src=\"https:\/\/reanpackaging.com\/wp-content\/uploads\/2024\/07\/1-description-White-cupcake-box-cardboard-paper-bakery-cookies-cup-cake-box-with-clear-window.jpg\" slate-data-type=\"image\" style=\"max-width: 100%; height: auto; display: block; margin: 0 auto;\"><br \/>\n<img decoding=\"async\" class=\"detail-desc-decorate-image\" src=\"https:\/\/reanpackaging.com\/wp-content\/uploads\/2024\/07\/2-description-White-cupcake-box-cardboard-paper-bakery-cookies-cup-cake-box-with-clear-window.jpg\" slate-data-type=\"image\" style=\"max-width: 100%; height: auto; display: block; margin: 0 auto;\"><br \/>\n<img decoding=\"async\" class=\"detail-desc-decorate-image\" src=\"https:\/\/reanpackaging.com\/wp-content\/uploads\/2024\/07\/3-description-White-cupcake-box-cardboard-paper-bakery-cookies-cup-cake-box-with-clear-window.jpg\" slate-data-type=\"image\" style=\"max-width: 100%; height: auto; display: block; margin: 0 auto;\"><br \/>\n<img decoding=\"async\" class=\"detail-desc-decorate-image\" src=\"https:\/\/reanpackaging.com\/wp-content\/uploads\/2024\/07\/4-description-White-cupcake-box-cardboard-paper-bakery-cookies-cup-cake-box-with-clear-window.jpg\" slate-data-type=\"image\" style=\"max-width: 100%; height: auto; display: block; margin: 0 auto;\"><br \/>\n<img decoding=\"async\" class=\"detail-desc-decorate-image\" src=\"https:\/\/reanpackaging.com\/wp-content\/uploads\/2024\/07\/5-description-White-cupcake-box-cardboard-paper-bakery-cookies-cup-cake-box-with-clear-window.jpg\" slate-data-type=\"image\" style=\"max-width: 100%; height: auto; display: block; margin: 0 auto;\"><br \/>\n<img decoding=\"async\" class=\"detail-desc-decorate-image\" src=\"https:\/\/reanpackaging.com\/wp-content\/uploads\/2024\/07\/6-description-White-cupcake-box-cardboard-paper-bakery-cookies-cup-cake-box-with-clear-window.jpg\" slate-data-type=\"image\" style=\"max-width: 100%; height: auto; display: block; margin: 0 auto;\"><br \/>\n<img decoding=\"async\" class=\"detail-desc-decorate-image\" src=\"https:\/\/reanpackaging.com\/wp-content\/uploads\/2024\/07\/7-description-White-cupcake-box-cardboard-paper-bakery-cookies-cup-cake-box-with-clear-window.jpg\" slate-data-type=\"image\" style=\"max-width: 100%; height: auto; display: block; margin: 0 auto;\"><br \/>\n<img decoding=\"async\" class=\"detail-desc-decorate-image\" src=\"https:\/\/reanpackaging.com\/wp-content\/uploads\/2024\/07\/8-description-White-cupcake-box-cardboard-paper-bakery-cookies-cup-cake-box-with-clear-window.jpg\" slate-data-type=\"image\" style=\"max-width: 100%; height: auto; display: block; margin: 0 auto;\"><br \/>\n<img decoding=\"async\" class=\"detail-desc-decorate-image\" src=\"https:\/\/reanpackaging.com\/wp-content\/uploads\/2024\/07\/9-description-White-cupcake-box-cardboard-paper-bakery-cookies-cup-cake-box-with-clear-window.jpg\" slate-data-type=\"image\" style=\"max-width: 100%; height: auto; display: block; margin: 0 auto;\"><\/p>","protected":false},"excerpt":{"rendered":"<p>Industry-Specific Attributes Industrial Use Food Paper Type Corrugated Board Feature Recyclable Other Attributes Box Type Folders Printing Handling Embossing, Glossy Lamination, Matt Lamination, Stamping, UV Coating, Varnishing Custom Order Accept Shape square Material Paper Name PRINTED PAPER DONUTS BOX PACKAGING Advantage High quality with competitive price Certification Feature Recyclable, high durability, any color as options [&hellip;]<\/p>\n","protected":false},"featured_media":22886,"template":"","meta":{"_seopress_robots_primary_cat":"none","_seopress_titles_title":"","_seopress_titles_desc":"","_seopress_robots_index":"","site-sidebar-layout":"default","site-content-layout":"","ast-site-content-layout":"default","site-content-style":"default","site-sidebar-style":"default","ast-global-header-display":"","ast-banner-title-visibility":"","ast-main-header-display":"","ast-hfb-above-header-display":"","ast-hfb-below-header-display":"","ast-hfb-mobile-header-display":"","site-post-title":"","ast-breadcrumbs-content":"","ast-featured-img":"","footer-sml-layout":"","ast-disable-related-posts":"","theme-transparent-header-meta":"default","adv-header-id-meta":"","stick-header-meta":"default","header-above-stick-meta":"","header-main-stick-meta":"","header-below-stick-meta":"","astra-migrate-meta-layouts":"set","ast-page-background-enabled":"default","ast-page-background-meta":{"desktop":{"background-color":"","background-image":"","background-repeat":"repeat","background-position":"center center","background-size":"auto","background-attachment":"scroll","background-type":"","background-media":"","overlay-type":"","overlay-color":"","overlay-opacity":"","overlay-gradient":""},"tablet":{"background-color":"","background-image":"","background-repeat":"repeat","background-position":"center center","background-size":"auto","background-attachment":"scroll","background-type":"","background-media":"","overlay-type":"","overlay-color":"","overlay-opacity":"","overlay-gradient":""},"mobile":{"background-color":"","background-image":"","background-repeat":"repeat","background-position":"center center","background-size":"auto","background-attachment":"scroll","background-type":"","background-media":"","overlay-type":"","overlay-color":"","overlay-opacity":"","overlay-gradient":""}},"ast-content-background-meta":{"desktop":{"background-color":"var(--ast-global-color-5)","background-image":"","background-repeat":"repeat","background-position":"center center","background-size":"auto","background-attachment":"scroll","background-type":"","background-media":"","overlay-type":"","overlay-color":"","overlay-opacity":"","overlay-gradient":""},"tablet":{"background-color":"var(--ast-global-color-5)","background-image":"","background-repeat":"repeat","background-position":"center center","background-size":"auto","background-attachment":"scroll","background-type":"","background-media":"","overlay-type":"","overlay-color":"","overlay-opacity":"","overlay-gradient":""},"mobile":{"background-color":"var(--ast-global-color-5)","background-image":"","background-repeat":"repeat","background-position":"center center","background-size":"auto","background-attachment":"scroll","background-type":"","background-media":"","overlay-type":"","overlay-color":"","overlay-opacity":"","overlay-gradient":""}}},"product_brand":[],"product_cat":[68],"product_tag":[],"class_list":{"0":"post-22937","1":"product","2":"type-product","3":"status-publish","4":"has-post-thumbnail","6":"product_cat-cupcake-boxes","7":"desktop-align-left","8":"tablet-align-left","9":"mobile-align-left","10":"ast-product-gallery-layout-horizontal","11":"ast-product-tabs-layout-horizontal","13":"first","14":"instock","15":"purchasable","16":"product-type-simple"},"_links":{"self":[{"href":"https:\/\/reanpackaging.com\/et\/wp-json\/wp\/v2\/product\/22937","targetHints":{"allow":["GET"]}}],"collection":[{"href":"https:\/\/reanpackaging.com\/et\/wp-json\/wp\/v2\/product"}],"about":[{"href":"https:\/\/reanpackaging.com\/et\/wp-json\/wp\/v2\/types\/product"}],"wp:featuredmedia":[{"embeddable":true,"href":"https:\/\/reanpackaging.com\/et\/wp-json\/wp\/v2\/media\/22886"}],"wp:attachment":[{"href":"https:\/\/reanpackaging.com\/et\/wp-json\/wp\/v2\/media?parent=22937"}],"wp:term":[{"taxonomy":"product_brand","embeddable":true,"href":"https:\/\/reanpackaging.com\/et\/wp-json\/wp\/v2\/product_brand?post=22937"},{"taxonomy":"product_cat","embeddable":true,"href":"https:\/\/reanpackaging.com\/et\/wp-json\/wp\/v2\/product_cat?post=22937"},{"taxonomy":"product_tag","embeddable":true,"href":"https:\/\/reanpackaging.com\/et\/wp-json\/wp\/v2\/product_tag?post=22937"}],"curies":[{"name":"wp","href":"https:\/\/api.w.org\/{rel}","templated":true}]}}