{"id":25164,"date":"2024-08-10T13:58:26","date_gmt":"2024-08-10T13:58:26","guid":{"rendered":"https:\/\/reanpackaging.com\/product\/wholesale-high-quality-japanese-snack-food-box-gift-chocolate\/"},"modified":"2024-10-01T16:04:24","modified_gmt":"2024-10-01T16:04:24","slug":"wholesale-high-quality-japanese-snack-food-box-gift-chocolate","status":"publish","type":"product","link":"https:\/\/reanpackaging.com\/et\/toode\/wholesale-high-quality-japanese-snack-food-box-gift-chocolate\/","title":{"rendered":"Hulgim\u00fc\u00fck k\u00f5rge kvaliteediga Jaapani Snack Food Box kingitus \u0161okolaadi"},"content":{"rendered":"<h4>T\u00f6\u00f6stusspetsiifilised omadused<\/h4>\n<table border=\"1\">\n<tbody>\n<tr>\n<td><strong>T\u00fc\u00fcp<\/strong><\/td>\n<td>\u0160okolaadist suupistete toit<\/td>\n<\/tr>\n<tr>\n<td><strong>Vorm<\/strong><\/td>\n<td>Soliidne<\/td>\n<\/tr>\n<tr>\n<td><strong>Pakend<\/strong><\/td>\n<td>Box jne.<\/td>\n<\/tr>\n<\/tbody>\n<\/table>\n<h4>Muud omadused<\/h4>\n<table border=\"1\">\n<tbody>\n<tr>\n<td><strong>Ladustamise t\u00fc\u00fcp<\/strong><\/td>\n<td>Palun v\u00f5tke meiega \u00fchendust<\/td>\n<\/tr>\n<tr>\n<td><strong>Spetsifikatsioon<\/strong><\/td>\n<td>Palun v\u00f5tke meiega \u00fchendust<\/td>\n<\/tr>\n<tr>\n<td><strong>Tootja<\/strong><\/td>\n<td>Palun v\u00f5tke meiega \u00fchendust<\/td>\n<\/tr>\n<tr>\n<td><strong>Koostisosad<\/strong><\/td>\n<td>Palun v\u00f5tke meiega \u00fchendust<\/td>\n<\/tr>\n<tr>\n<td><strong>Sisu<\/strong><\/td>\n<td>Palun v\u00f5tke meiega \u00fchendust<\/td>\n<\/tr>\n<tr>\n<td><strong>Aadress<\/strong><\/td>\n<td>Palun v\u00f5tke meiega \u00fchendust<\/td>\n<\/tr>\n<tr>\n<td><strong>Kasutusjuhend<\/strong><\/td>\n<td>Palun v\u00f5tke meiega \u00fchendust<\/td>\n<\/tr>\n<tr>\n<td><strong>S\u00e4ilivusaeg<\/strong><\/td>\n<td>Palun v\u00f5tke meiega \u00fchendust<\/td>\n<\/tr>\n<tr>\n<td><strong>Toote t\u00fc\u00fcp<\/strong><\/td>\n<td>\u0160okolaad<\/td>\n<\/tr>\n<tr>\n<td><strong>N\u00e4idiskomplekt<\/strong><\/td>\n<td>Pakume sisaldab k\u00f5iki maitseid.<\/td>\n<\/tr>\n<\/tbody>\n<\/table>","protected":false},"excerpt":{"rendered":"<p>Industry-Specific Attributes Type Chocolate Snack food Form Solid Packaging Box etc. Other Attributes Storage Type Please contact us Specification Please contact us Manufacturer Please contact us Ingredients Please contact us Content Please contact us Address Please contact us Instruction for use Please contact us Shelf Life Please contact us Product Type Chocolate Sample set We [&hellip;]<\/p>\n","protected":false},"featured_media":25142,"template":"","meta":{"_seopress_robots_primary_cat":"none","_seopress_titles_title":"","_seopress_titles_desc":"","_seopress_robots_index":"","site-sidebar-layout":"default","site-content-layout":"","ast-site-content-layout":"default","site-content-style":"default","site-sidebar-style":"default","ast-global-header-display":"","ast-banner-title-visibility":"","ast-main-header-display":"","ast-hfb-above-header-display":"","ast-hfb-below-header-display":"","ast-hfb-mobile-header-display":"","site-post-title":"","ast-breadcrumbs-content":"","ast-featured-img":"","footer-sml-layout":"","ast-disable-related-posts":"","theme-transparent-header-meta":"default","adv-header-id-meta":"","stick-header-meta":"default","header-above-stick-meta":"","header-main-stick-meta":"","header-below-stick-meta":"","astra-migrate-meta-layouts":"set","ast-page-background-enabled":"default","ast-page-background-meta":{"desktop":{"background-color":"","background-image":"","background-repeat":"repeat","background-position":"center center","background-size":"auto","background-attachment":"scroll","background-type":"","background-media":"","overlay-type":"","overlay-color":"","overlay-opacity":"","overlay-gradient":""},"tablet":{"background-color":"","background-image":"","background-repeat":"repeat","background-position":"center center","background-size":"auto","background-attachment":"scroll","background-type":"","background-media":"","overlay-type":"","overlay-color":"","overlay-opacity":"","overlay-gradient":""},"mobile":{"background-color":"","background-image":"","background-repeat":"repeat","background-position":"center center","background-size":"auto","background-attachment":"scroll","background-type":"","background-media":"","overlay-type":"","overlay-color":"","overlay-opacity":"","overlay-gradient":""}},"ast-content-background-meta":{"desktop":{"background-color":"var(--ast-global-color-5)","background-image":"","background-repeat":"repeat","background-position":"center center","background-size":"auto","background-attachment":"scroll","background-type":"","background-media":"","overlay-type":"","overlay-color":"","overlay-opacity":"","overlay-gradient":""},"tablet":{"background-color":"var(--ast-global-color-5)","background-image":"","background-repeat":"repeat","background-position":"center center","background-size":"auto","background-attachment":"scroll","background-type":"","background-media":"","overlay-type":"","overlay-color":"","overlay-opacity":"","overlay-gradient":""},"mobile":{"background-color":"var(--ast-global-color-5)","background-image":"","background-repeat":"repeat","background-position":"center center","background-size":"auto","background-attachment":"scroll","background-type":"","background-media":"","overlay-type":"","overlay-color":"","overlay-opacity":"","overlay-gradient":""}}},"product_brand":[],"product_cat":[72],"product_tag":[],"class_list":{"0":"post-25164","1":"product","2":"type-product","3":"status-publish","4":"has-post-thumbnail","6":"product_cat-chocolate-box","7":"desktop-align-left","8":"tablet-align-left","9":"mobile-align-left","10":"ast-product-gallery-layout-horizontal","11":"ast-product-tabs-layout-horizontal","13":"first","14":"instock","15":"purchasable","16":"product-type-simple"},"_links":{"self":[{"href":"https:\/\/reanpackaging.com\/et\/wp-json\/wp\/v2\/product\/25164","targetHints":{"allow":["GET"]}}],"collection":[{"href":"https:\/\/reanpackaging.com\/et\/wp-json\/wp\/v2\/product"}],"about":[{"href":"https:\/\/reanpackaging.com\/et\/wp-json\/wp\/v2\/types\/product"}],"wp:featuredmedia":[{"embeddable":true,"href":"https:\/\/reanpackaging.com\/et\/wp-json\/wp\/v2\/media\/25142"}],"wp:attachment":[{"href":"https:\/\/reanpackaging.com\/et\/wp-json\/wp\/v2\/media?parent=25164"}],"wp:term":[{"taxonomy":"product_brand","embeddable":true,"href":"https:\/\/reanpackaging.com\/et\/wp-json\/wp\/v2\/product_brand?post=25164"},{"taxonomy":"product_cat","embeddable":true,"href":"https:\/\/reanpackaging.com\/et\/wp-json\/wp\/v2\/product_cat?post=25164"},{"taxonomy":"product_tag","embeddable":true,"href":"https:\/\/reanpackaging.com\/et\/wp-json\/wp\/v2\/product_tag?post=25164"}],"curies":[{"name":"wp","href":"https:\/\/api.w.org\/{rel}","templated":true}]}}