{"id":25193,"date":"2024-08-10T13:59:29","date_gmt":"2024-08-10T13:59:29","guid":{"rendered":"https:\/\/reanpackaging.com\/product\/food-grade-luxury-custom-empty-ramadan-valentine-assorted-4-row-dividers-layer-clamshell-gift-packaging-magnetic-chocolate-box\/"},"modified":"2024-10-01T16:03:22","modified_gmt":"2024-10-01T16:03:22","slug":"food-grade-luxury-custom-empty-ramadan-valentine-assorted-4-row-dividers-layer-clamshell-gift-packaging-magnetic-chocolate-box","status":"publish","type":"product","link":"https:\/\/reanpackaging.com\/et\/toode\/food-grade-luxury-custom-empty-ramadan-valentine-assorted-4-row-dividers-layer-clamshell-gift-packaging-magnetic-chocolate-box\/","title":{"rendered":"Food Grade Luxury Custom T\u00fchi Ramadan Valentine assortii 4 rida jagajad kiht Clamshell kingituspakendi magnetiline \u0161okolaadi kasti"},"content":{"rendered":"<h4>T\u00f6\u00f6stusspetsiifilised omadused<\/h4>\n<table border=\"1\">\n<tbody>\n<tr>\n<td><strong>T\u00f6\u00f6stuslik kasutamine<\/strong><\/td>\n<td>Toiduained<\/td>\n<\/tr>\n<tr>\n<td><strong>Paberi t\u00fc\u00fcp<\/strong><\/td>\n<td>Kaetud paber<\/td>\n<\/tr>\n<tr>\n<td><strong>Funktsioon<\/strong><\/td>\n<td>Ringlussev\u00f5etud materjalid<\/td>\n<\/tr>\n<\/tbody>\n<\/table>\n<h4>Muud omadused<\/h4>\n<table border=\"1\">\n<tbody>\n<tr>\n<td><strong>Kastit\u00fc\u00fcp<\/strong><\/td>\n<td>J\u00e4igad kastid<\/td>\n<\/tr>\n<tr>\n<td><strong>Tr\u00fckkimise k\u00e4sitlemine<\/strong><\/td>\n<td>S\u00fcgavtr\u00fckk, Matt lamineerimine, tembeldamine, UV-pind, kuldfooliumiga tembeldamine, lakkimine, l\u00e4ikiv lamineerimine, VANISHING, kuldfooliumiga tembeldamine.<\/td>\n<\/tr>\n<tr>\n<td><strong>Kohandatud tellimus<\/strong><\/td>\n<td>Aktsepteeri<\/td>\n<\/tr>\n<tr>\n<td><strong>Kuju<\/strong><\/td>\n<td>Ristk\u00fclikukujuline v\u00f5i kohandatud erineva kujuga<\/td>\n<\/tr>\n<tr>\n<td><strong>Toote nimi<\/strong><\/td>\n<td>J\u00e4ik toiduaineklassi \u0161okolaadipakendi kinkekarp<\/td>\n<\/tr>\n<tr>\n<td><strong>V\u00e4rviline tr\u00fckkimine<\/strong><\/td>\n<td>CMYK v\u00f5i Patone<\/td>\n<\/tr>\n<tr>\n<td><strong>Logo<\/strong><\/td>\n<td>Kliendi logo<\/td>\n<\/tr>\n<tr>\n<td><strong>Lisavahendid<\/strong><\/td>\n<td>K\u00e4epide Lint, EVA, PET VAC, pabertahvel v\u00f5i k\u00e4sn.<\/td>\n<\/tr>\n<tr>\n<td><strong>Kunstiteose formaat<\/strong><\/td>\n<td>AI, PDF, CDR formaadis kohandatud disaini \/ disainiteenuse pakkumine<\/td>\n<\/tr>\n<tr>\n<td><strong>Sertifitseerimine<\/strong><\/td>\n<td>FSC, ISO9001, BSCI<\/td>\n<\/tr>\n<tr>\n<td><strong>Suurus<\/strong><\/td>\n<td>Kohandatud suurus aktsepteeritud<\/td>\n<\/tr>\n<tr>\n<td><strong>V\u00e4rv<\/strong><\/td>\n<td>Partone Color +CMYK<\/td>\n<\/tr>\n<tr>\n<td><strong>Tr\u00fckkimine<\/strong><\/td>\n<td>Kohandatud tr\u00fckkimine<\/td>\n<\/tr>\n<tr>\n<td><strong>T\u00f6\u00f6stuslik kasutamine<\/strong><\/td>\n<td>Candy Praline Truffles Bar \u0161okolaadiga<\/td>\n<\/tr>\n<\/tbody>\n<\/table>\n<p><img decoding=\"async\" class=\"detail-desc-decorate-image\" style=\"max-width: 100%; height: auto; display: block; margin: 0 auto;\" src=\"https:\/\/reanpackaging.com\/wp-content\/uploads\/2024\/08\/2-description-Food-Grade-Luxury-Custom-Empty-Ramadan-Valentine-Assorted-4-Row-Dividers-Layer-Clamshell-Gift-Packaging-Magnetic-Chocolate-Box.jpg\" \/><br \/>\n<img decoding=\"async\" class=\"detail-desc-decorate-image\" style=\"max-width: 100%; height: auto; display: block; margin: 0 auto;\" src=\"https:\/\/reanpackaging.com\/wp-content\/uploads\/2024\/08\/3-description-Food-Grade-Luxury-Custom-Empty-Ramadan-Valentine-Assorted-4-Row-Dividers-Layer-Clamshell-Gift-Packaging-Magnetic-Chocolate-Box.jpg\" \/><br \/>\n<img decoding=\"async\" class=\"detail-desc-decorate-image\" style=\"max-width: 100%; height: auto; display: block; margin: 0 auto;\" src=\"https:\/\/reanpackaging.com\/wp-content\/uploads\/2024\/08\/4-description-Food-Grade-Luxury-Custom-Empty-Ramadan-Valentine-Assorted-4-Row-Dividers-Layer-Clamshell-Gift-Packaging-Magnetic-Chocolate-Box.jpg\" \/><br \/>\n<img decoding=\"async\" class=\"detail-desc-decorate-image\" style=\"max-width: 100%; height: auto; display: block; margin: 0 auto;\" src=\"https:\/\/reanpackaging.com\/wp-content\/uploads\/2024\/08\/5-description-Food-Grade-Luxury-Custom-Empty-Ramadan-Valentine-Assorted-4-Row-Dividers-Layer-Clamshell-Gift-Packaging-Magnetic-Chocolate-Box.jpg\" \/><br \/>\n<img decoding=\"async\" class=\"detail-desc-decorate-image\" style=\"max-width: 100%; height: auto; display: block; margin: 0 auto;\" src=\"https:\/\/reanpackaging.com\/wp-content\/uploads\/2024\/08\/6-description-Food-Grade-Luxury-Custom-Empty-Ramadan-Valentine-Assorted-4-Row-Dividers-Layer-Clamshell-Gift-Packaging-Magnetic-Chocolate-Box.jpg\" \/><\/p>","protected":false},"excerpt":{"rendered":"<p>Industry-Specific Attributes Industrial Use Food Paper Type Coated Paper Feature Recycled Materials Other Attributes Box Type Rigid Boxes Printing Handling Embossing, Matt Lamination, Stamping, UV Coating, gold foil stamping, Varnishing, Glossy Lamination, VANISHING, Gold Foil Custom Order Accept Shape Rectangular Or Custom Different Shape Product name Rigid food grade chocolate packaging gift box Color Printing [&hellip;]<\/p>\n","protected":false},"featured_media":25037,"template":"","meta":{"_seopress_robots_primary_cat":"none","_seopress_titles_title":"","_seopress_titles_desc":"","_seopress_robots_index":"","site-sidebar-layout":"default","site-content-layout":"","ast-site-content-layout":"default","site-content-style":"default","site-sidebar-style":"default","ast-global-header-display":"","ast-banner-title-visibility":"","ast-main-header-display":"","ast-hfb-above-header-display":"","ast-hfb-below-header-display":"","ast-hfb-mobile-header-display":"","site-post-title":"","ast-breadcrumbs-content":"","ast-featured-img":"","footer-sml-layout":"","ast-disable-related-posts":"","theme-transparent-header-meta":"default","adv-header-id-meta":"","stick-header-meta":"default","header-above-stick-meta":"","header-main-stick-meta":"","header-below-stick-meta":"","astra-migrate-meta-layouts":"set","ast-page-background-enabled":"default","ast-page-background-meta":{"desktop":{"background-color":"","background-image":"","background-repeat":"repeat","background-position":"center center","background-size":"auto","background-attachment":"scroll","background-type":"","background-media":"","overlay-type":"","overlay-color":"","overlay-opacity":"","overlay-gradient":""},"tablet":{"background-color":"","background-image":"","background-repeat":"repeat","background-position":"center center","background-size":"auto","background-attachment":"scroll","background-type":"","background-media":"","overlay-type":"","overlay-color":"","overlay-opacity":"","overlay-gradient":""},"mobile":{"background-color":"","background-image":"","background-repeat":"repeat","background-position":"center center","background-size":"auto","background-attachment":"scroll","background-type":"","background-media":"","overlay-type":"","overlay-color":"","overlay-opacity":"","overlay-gradient":""}},"ast-content-background-meta":{"desktop":{"background-color":"var(--ast-global-color-5)","background-image":"","background-repeat":"repeat","background-position":"center center","background-size":"auto","background-attachment":"scroll","background-type":"","background-media":"","overlay-type":"","overlay-color":"","overlay-opacity":"","overlay-gradient":""},"tablet":{"background-color":"var(--ast-global-color-5)","background-image":"","background-repeat":"repeat","background-position":"center center","background-size":"auto","background-attachment":"scroll","background-type":"","background-media":"","overlay-type":"","overlay-color":"","overlay-opacity":"","overlay-gradient":""},"mobile":{"background-color":"var(--ast-global-color-5)","background-image":"","background-repeat":"repeat","background-position":"center center","background-size":"auto","background-attachment":"scroll","background-type":"","background-media":"","overlay-type":"","overlay-color":"","overlay-opacity":"","overlay-gradient":""}}},"product_brand":[],"product_cat":[72],"product_tag":[],"class_list":{"0":"post-25193","1":"product","2":"type-product","3":"status-publish","4":"has-post-thumbnail","6":"product_cat-chocolate-box","7":"desktop-align-left","8":"tablet-align-left","9":"mobile-align-left","10":"ast-product-gallery-layout-horizontal","11":"ast-product-tabs-layout-horizontal","13":"first","14":"instock","15":"purchasable","16":"product-type-simple"},"_links":{"self":[{"href":"https:\/\/reanpackaging.com\/et\/wp-json\/wp\/v2\/product\/25193","targetHints":{"allow":["GET"]}}],"collection":[{"href":"https:\/\/reanpackaging.com\/et\/wp-json\/wp\/v2\/product"}],"about":[{"href":"https:\/\/reanpackaging.com\/et\/wp-json\/wp\/v2\/types\/product"}],"wp:featuredmedia":[{"embeddable":true,"href":"https:\/\/reanpackaging.com\/et\/wp-json\/wp\/v2\/media\/25037"}],"wp:attachment":[{"href":"https:\/\/reanpackaging.com\/et\/wp-json\/wp\/v2\/media?parent=25193"}],"wp:term":[{"taxonomy":"product_brand","embeddable":true,"href":"https:\/\/reanpackaging.com\/et\/wp-json\/wp\/v2\/product_brand?post=25193"},{"taxonomy":"product_cat","embeddable":true,"href":"https:\/\/reanpackaging.com\/et\/wp-json\/wp\/v2\/product_cat?post=25193"},{"taxonomy":"product_tag","embeddable":true,"href":"https:\/\/reanpackaging.com\/et\/wp-json\/wp\/v2\/product_tag?post=25193"}],"curies":[{"name":"wp","href":"https:\/\/api.w.org\/{rel}","templated":true}]}}