{"id":25202,"date":"2024-08-10T14:00:36","date_gmt":"2024-08-10T14:00:36","guid":{"rendered":"https:\/\/reanpackaging.com\/product\/customized-logo-top-quality-cajas-para-truffles-chocolates-rectangular-snack-chocolate-display-paper-box-with-inner-tray\/"},"modified":"2024-10-01T16:03:14","modified_gmt":"2024-10-01T16:03:14","slug":"customized-logo-top-quality-cajas-para-truffles-chocolates-rectangular-snack-chocolate-display-paper-box-with-inner-tray","status":"publish","type":"product","link":"https:\/\/reanpackaging.com\/et\/toode\/customized-logo-top-quality-cajas-para-truffles-chocolates-rectangular-snack-chocolate-display-paper-box-with-inner-tray\/","title":{"rendered":"Kohandatud logo Top Quality Cajas Para Truffles \u0161okolaadid Ristk\u00fclikukujuline Snack Chocolate Display Paper Box koos sisemise kandikuga"},"content":{"rendered":"<h4>T\u00f6\u00f6stusspetsiifilised omadused<\/h4>\n<table border=\"1\">\n<tbody>\n<tr>\n<td><strong>T\u00f6\u00f6stuslik kasutamine<\/strong><\/td>\n<td>Tarbijaelektroonika<\/td>\n<\/tr>\n<tr>\n<td><strong>Paberi t\u00fc\u00fcp<\/strong><\/td>\n<td>Papp<\/td>\n<\/tr>\n<tr>\n<td><strong>Funktsioon<\/strong><\/td>\n<td>Ringlussev\u00f5etud materjalid<\/td>\n<\/tr>\n<\/tbody>\n<\/table>\n<h4>Muud omadused<\/h4>\n<table border=\"1\">\n<tbody>\n<tr>\n<td><strong>Kastit\u00fc\u00fcp<\/strong><\/td>\n<td>Kaustad<\/td>\n<\/tr>\n<tr>\n<td><strong>Tr\u00fckkimise k\u00e4sitlemine<\/strong><\/td>\n<td>S\u00fcgavtr\u00fckk, l\u00e4ikiv lamineerimine, matt lamineerimine, tembeldamine, UV-pind, lakkimine, lakkimine, kuldfoolium<\/td>\n<\/tr>\n<tr>\n<td><strong>Kohandatud tellimus<\/strong><\/td>\n<td>Aktsepteeri<\/td>\n<\/tr>\n<tr>\n<td><strong>Kuju<\/strong><\/td>\n<td>Ristk\u00fclik\/ruut<\/td>\n<\/tr>\n<tr>\n<td><strong>Toote nimi<\/strong><\/td>\n<td>Snack \u0161okolaadi ekraanipaberikarp koos sisemise salvega<\/td>\n<\/tr>\n<tr>\n<td><strong>MOQ<\/strong><\/td>\n<td>500tk\/kujundus<\/td>\n<\/tr>\n<tr>\n<td><strong>Tr\u00fckkimise k\u00e4sitlemine<\/strong><\/td>\n<td>Matt lamineerimine, tembeldamine, kuldfoolium, tr\u00fckiv\u00e4rv<\/td>\n<\/tr>\n<tr>\n<td><strong>Materjal<\/strong><\/td>\n<td>Kunstpaber, j\u00f5upaber, kaetud paber, valge v\u00f5i hall paber<\/td>\n<\/tr>\n<tr>\n<td><strong>Suurus<\/strong><\/td>\n<td>Saadaval on mis tahes suurus ja kuju<\/td>\n<\/tr>\n<tr>\n<td><strong>Kuju<\/strong><\/td>\n<td>Ristk\u00fclik, ruut, ringikujuline, kolmnurk<\/td>\n<\/tr>\n<tr>\n<td><strong>Maksmine<\/strong><\/td>\n<td>1.T \/ T 2.Western Union 3.Paypal<\/td>\n<\/tr>\n<tr>\n<td><strong>Prooviaeg<\/strong><\/td>\n<td>3-5 t\u00f6\u00f6p\u00e4eva<\/td>\n<\/tr>\n<tr>\n<td><strong>L\u00e4biviimise aeg<\/strong><\/td>\n<td>15-25 t\u00f6\u00f6p\u00e4eva<\/td>\n<\/tr>\n<tr>\n<td><strong>Sertifikaat<\/strong><\/td>\n<td>ISO 9001\/14001\/BSCI\/SMETA<\/td>\n<\/tr>\n<\/tbody>\n<\/table>\n<p><img decoding=\"async\" class=\"detail-desc-decorate-image\" style=\"max-width: 100%; height: auto; display: block; margin: 0 auto;\" src=\"https:\/\/reanpackaging.com\/wp-content\/uploads\/2024\/08\/4-description-Customized-Logo-Top-Quality-Cajas-Para-Truffles-Chocolates-Rectangular-Snack-Chocolate-Display-Paper-Box-With-Inner-Tray.jpg\" \/><br \/>\n<img decoding=\"async\" class=\"detail-desc-decorate-image\" style=\"max-width: 100%; height: auto; display: block; margin: 0 auto;\" src=\"https:\/\/reanpackaging.com\/wp-content\/uploads\/2024\/08\/5-description-Customized-Logo-Top-Quality-Cajas-Para-Truffles-Chocolates-Rectangular-Snack-Chocolate-Display-Paper-Box-With-Inner-Tray.jpg\" \/><br \/>\n<img decoding=\"async\" class=\"detail-desc-decorate-image\" style=\"max-width: 100%; height: auto; display: block; margin: 0 auto;\" src=\"https:\/\/reanpackaging.com\/wp-content\/uploads\/2024\/08\/6-description-Customized-Logo-Top-Quality-Cajas-Para-Truffles-Chocolates-Rectangular-Snack-Chocolate-Display-Paper-Box-With-Inner-Tray.jpg\" \/><br \/>\n<img decoding=\"async\" class=\"detail-desc-decorate-image\" style=\"max-width: 100%; height: auto; display: block; margin: 0 auto;\" src=\"https:\/\/reanpackaging.com\/wp-content\/uploads\/2024\/08\/7-description-Customized-Logo-Top-Quality-Cajas-Para-Truffles-Chocolates-Rectangular-Snack-Chocolate-Display-Paper-Box-With-Inner-Tray.jpg\" \/><br \/>\n<img decoding=\"async\" class=\"detail-desc-decorate-image\" style=\"max-width: 100%; height: auto; display: block; margin: 0 auto;\" src=\"https:\/\/reanpackaging.com\/wp-content\/uploads\/2024\/08\/8-description-Customized-Logo-Top-Quality-Cajas-Para-Truffles-Chocolates-Rectangular-Snack-Chocolate-Display-Paper-Box-With-Inner-Tray.jpg\" \/><br \/>\n<img decoding=\"async\" class=\"detail-desc-decorate-image\" style=\"max-width: 100%; height: auto; display: block; margin: 0 auto;\" src=\"https:\/\/reanpackaging.com\/wp-content\/uploads\/2024\/08\/9-description-Customized-Logo-Top-Quality-Cajas-Para-Truffles-Chocolates-Rectangular-Snack-Chocolate-Display-Paper-Box-With-Inner-Tray.jpg\" \/><br \/>\n<img decoding=\"async\" class=\"detail-desc-decorate-image\" style=\"max-width: 100%; height: auto; display: block; margin: 0 auto;\" src=\"https:\/\/reanpackaging.com\/wp-content\/uploads\/2024\/08\/10-description-Customized-Logo-Top-Quality-Cajas-Para-Truffles-Chocolates-Rectangular-Snack-Chocolate-Display-Paper-Box-With-Inner-Tray.jpg\" \/><br \/>\n<img decoding=\"async\" class=\"detail-desc-decorate-image\" style=\"max-width: 100%; height: auto; display: block; margin: 0 auto;\" src=\"https:\/\/reanpackaging.com\/wp-content\/uploads\/2024\/08\/11-description-Customized-Logo-Top-Quality-Cajas-Para-Truffles-Chocolates-Rectangular-Snack-Chocolate-Display-Paper-Box-With-Inner-Tray.jpg\" \/><br \/>\n<img decoding=\"async\" class=\"detail-desc-decorate-image\" style=\"max-width: 100%; height: auto; display: block; margin: 0 auto;\" src=\"https:\/\/reanpackaging.com\/wp-content\/uploads\/2024\/08\/12-description-Customized-Logo-Top-Quality-Cajas-Para-Truffles-Chocolates-Rectangular-Snack-Chocolate-Display-Paper-Box-With-Inner-Tray.jpg\" \/><br \/>\n<img decoding=\"async\" class=\"detail-desc-decorate-image\" style=\"max-width: 100%; height: auto; display: block; margin: 0 auto;\" src=\"https:\/\/reanpackaging.com\/wp-content\/uploads\/2024\/08\/13-description-Customized-Logo-Top-Quality-Cajas-Para-Truffles-Chocolates-Rectangular-Snack-Chocolate-Display-Paper-Box-With-Inner-Tray.jpg\" \/><\/p>","protected":false},"excerpt":{"rendered":"<p>Industry-Specific Attributes Industrial Use Consumer Electronics Paper Type Paperboard Feature Recycled Materials Other Attributes Box Type Folders Printing Handling Embossing, Glossy Lamination, Matt Lamination, Stamping, UV Coating, Varnishing, VANISHING, Gold Foil Custom Order Accept Shape Rectangle\/Square Product Name Snack Chocolate Display Paper Box With Inner Tray MOQ 500pcs\/design Printing Handling Matt Lamination, Stamping, Gold Foil, [&hellip;]<\/p>\n","protected":false},"featured_media":25018,"template":"","meta":{"_seopress_robots_primary_cat":"none","_seopress_titles_title":"","_seopress_titles_desc":"","_seopress_robots_index":"","site-sidebar-layout":"default","site-content-layout":"","ast-site-content-layout":"default","site-content-style":"default","site-sidebar-style":"default","ast-global-header-display":"","ast-banner-title-visibility":"","ast-main-header-display":"","ast-hfb-above-header-display":"","ast-hfb-below-header-display":"","ast-hfb-mobile-header-display":"","site-post-title":"","ast-breadcrumbs-content":"","ast-featured-img":"","footer-sml-layout":"","ast-disable-related-posts":"","theme-transparent-header-meta":"default","adv-header-id-meta":"","stick-header-meta":"default","header-above-stick-meta":"","header-main-stick-meta":"","header-below-stick-meta":"","astra-migrate-meta-layouts":"set","ast-page-background-enabled":"default","ast-page-background-meta":{"desktop":{"background-color":"","background-image":"","background-repeat":"repeat","background-position":"center center","background-size":"auto","background-attachment":"scroll","background-type":"","background-media":"","overlay-type":"","overlay-color":"","overlay-opacity":"","overlay-gradient":""},"tablet":{"background-color":"","background-image":"","background-repeat":"repeat","background-position":"center center","background-size":"auto","background-attachment":"scroll","background-type":"","background-media":"","overlay-type":"","overlay-color":"","overlay-opacity":"","overlay-gradient":""},"mobile":{"background-color":"","background-image":"","background-repeat":"repeat","background-position":"center center","background-size":"auto","background-attachment":"scroll","background-type":"","background-media":"","overlay-type":"","overlay-color":"","overlay-opacity":"","overlay-gradient":""}},"ast-content-background-meta":{"desktop":{"background-color":"var(--ast-global-color-5)","background-image":"","background-repeat":"repeat","background-position":"center center","background-size":"auto","background-attachment":"scroll","background-type":"","background-media":"","overlay-type":"","overlay-color":"","overlay-opacity":"","overlay-gradient":""},"tablet":{"background-color":"var(--ast-global-color-5)","background-image":"","background-repeat":"repeat","background-position":"center center","background-size":"auto","background-attachment":"scroll","background-type":"","background-media":"","overlay-type":"","overlay-color":"","overlay-opacity":"","overlay-gradient":""},"mobile":{"background-color":"var(--ast-global-color-5)","background-image":"","background-repeat":"repeat","background-position":"center center","background-size":"auto","background-attachment":"scroll","background-type":"","background-media":"","overlay-type":"","overlay-color":"","overlay-opacity":"","overlay-gradient":""}}},"product_brand":[],"product_cat":[72],"product_tag":[],"class_list":{"0":"post-25202","1":"product","2":"type-product","3":"status-publish","4":"has-post-thumbnail","6":"product_cat-chocolate-box","7":"desktop-align-left","8":"tablet-align-left","9":"mobile-align-left","10":"ast-product-gallery-layout-horizontal","11":"ast-product-tabs-layout-horizontal","13":"first","14":"instock","15":"purchasable","16":"product-type-simple"},"_links":{"self":[{"href":"https:\/\/reanpackaging.com\/et\/wp-json\/wp\/v2\/product\/25202","targetHints":{"allow":["GET"]}}],"collection":[{"href":"https:\/\/reanpackaging.com\/et\/wp-json\/wp\/v2\/product"}],"about":[{"href":"https:\/\/reanpackaging.com\/et\/wp-json\/wp\/v2\/types\/product"}],"wp:featuredmedia":[{"embeddable":true,"href":"https:\/\/reanpackaging.com\/et\/wp-json\/wp\/v2\/media\/25018"}],"wp:attachment":[{"href":"https:\/\/reanpackaging.com\/et\/wp-json\/wp\/v2\/media?parent=25202"}],"wp:term":[{"taxonomy":"product_brand","embeddable":true,"href":"https:\/\/reanpackaging.com\/et\/wp-json\/wp\/v2\/product_brand?post=25202"},{"taxonomy":"product_cat","embeddable":true,"href":"https:\/\/reanpackaging.com\/et\/wp-json\/wp\/v2\/product_cat?post=25202"},{"taxonomy":"product_tag","embeddable":true,"href":"https:\/\/reanpackaging.com\/et\/wp-json\/wp\/v2\/product_tag?post=25202"}],"curies":[{"name":"wp","href":"https:\/\/api.w.org\/{rel}","templated":true}]}}