{"id":25742,"date":"2024-08-20T14:23:27","date_gmt":"2024-08-20T14:23:27","guid":{"rendered":"https:\/\/reanpackaging.com\/product\/factory-wholesale-custom-paper-box-packaging-boxes-with-window-gift-perfume-box\/"},"modified":"2024-09-29T04:02:37","modified_gmt":"2024-09-29T04:02:37","slug":"factory-wholesale-custom-paper-box-packaging-boxes-with-window-gift-perfume-box","status":"publish","type":"product","link":"https:\/\/reanpackaging.com\/et\/toode\/factory-wholesale-custom-paper-box-packaging-boxes-with-window-gift-perfume-box\/","title":{"rendered":"Tehase hulgim\u00fc\u00fck kohandatud paberkarbi pakendikarbid aknaga kingitusparf\u00fc\u00fcmi kastiga"},"content":{"rendered":"<h4>T\u00f6\u00f6stusspetsiifilised omadused<\/h4>\n<table border=\"1\">\n<tbody>\n<tr>\n<td><strong>T\u00f6\u00f6stuslik kasutamine<\/strong><\/td>\n<td>Kingitus ja k\u00e4sit\u00f6\u00f6<\/td>\n<\/tr>\n<tr>\n<td><strong>Paberi t\u00fc\u00fcp<\/strong><\/td>\n<td>Papp<\/td>\n<\/tr>\n<tr>\n<td><strong>Funktsioon<\/strong><\/td>\n<td>Ringlussev\u00f5etav<\/td>\n<\/tr>\n<\/tbody>\n<\/table>\n<h4>Muud omadused<\/h4>\n<table border=\"1\">\n<tbody>\n<tr>\n<td><strong>Kastit\u00fc\u00fcp<\/strong><\/td>\n<td>Teised<\/td>\n<\/tr>\n<tr>\n<td><strong>Tr\u00fckkimise k\u00e4sitlemine<\/strong><\/td>\n<td>Matt lamineerimine, lakkimine, tembeldamine, reljeefne, l\u00e4ikiv lamineerimine, UV-pinnakate, VANISHING, kuldfoolium.<\/td>\n<\/tr>\n<tr>\n<td><strong>Kohandatud tellimus<\/strong><\/td>\n<td>Aktsepteeri<\/td>\n<\/tr>\n<tr>\n<td><strong>Kuju<\/strong><\/td>\n<td>muud<\/td>\n<\/tr>\n<tr>\n<td><strong>Toote nimi<\/strong><\/td>\n<td>Reed Diffusser Box<\/td>\n<\/tr>\n<tr>\n<td><strong>Materjal<\/strong><\/td>\n<td>Paberikartong<\/td>\n<\/tr>\n<tr>\n<td><strong>Tr\u00fckkimine<\/strong><\/td>\n<td>Kohandatud tr\u00fckkimine<\/td>\n<\/tr>\n<tr>\n<td><strong>Suurus<\/strong><\/td>\n<td>Kohandatud suurus aktsepteeritud<\/td>\n<\/tr>\n<tr>\n<td><strong>Kasutamine<\/strong><\/td>\n<td>Pakendi kingitus<\/td>\n<\/tr>\n<tr>\n<td><strong>M\u00e4rks\u00f5na<\/strong><\/td>\n<td>kohandatud kinkekarbi pakend<\/td>\n<\/tr>\n<tr>\n<td><strong>Br\u00e4ndi nimi<\/strong><\/td>\n<td>YOUXIAN<\/td>\n<\/tr>\n<tr>\n<td><strong>V\u00e4rv<\/strong><\/td>\n<td>Kohandatud v\u00e4rv<\/td>\n<\/tr>\n<tr>\n<td><strong>Kuju<\/strong><\/td>\n<td>Kohandatud kuju<\/td>\n<\/tr>\n<tr>\n<td><strong>Logo<\/strong><\/td>\n<td>Kliendi logo<\/td>\n<\/tr>\n<\/tbody>\n<\/table>\n<p><img decoding=\"async\" class=\"detail-desc-decorate-image\" style=\"max-width: 100%; height: auto; display: block; margin: 0 auto;\" src=\"https:\/\/reanpackaging.com\/wp-content\/uploads\/2024\/08\/1-description-Factory-Wholesale-Custom-Paper-Box-Packaging-Boxes-With-Window-Gift-Perfume-Box.jpg\" \/><br \/>\n<img decoding=\"async\" class=\"detail-desc-decorate-image\" style=\"max-width: 100%; height: auto; display: block; margin: 0 auto;\" src=\"https:\/\/reanpackaging.com\/wp-content\/uploads\/2024\/08\/2-description-Factory-Wholesale-Custom-Paper-Box-Packaging-Boxes-With-Window-Gift-Perfume-Box.jpg\" \/><br \/>\n<img decoding=\"async\" class=\"detail-desc-decorate-image\" style=\"max-width: 100%; height: auto; display: block; margin: 0 auto;\" src=\"https:\/\/reanpackaging.com\/wp-content\/uploads\/2024\/08\/3-description-Factory-Wholesale-Custom-Paper-Box-Packaging-Boxes-With-Window-Gift-Perfume-Box.jpg\" \/><br \/>\n<img decoding=\"async\" class=\"detail-desc-decorate-image\" style=\"max-width: 100%; height: auto; display: block; margin: 0 auto;\" src=\"https:\/\/reanpackaging.com\/wp-content\/uploads\/2024\/08\/4-description-Factory-Wholesale-Custom-Paper-Box-Packaging-Boxes-With-Window-Gift-Perfume-Box.jpg\" \/><\/p>","protected":false},"excerpt":{"rendered":"<p>Industry-Specific Attributes Industrial Use Gift &amp; Craft Paper Type Paperboard Feature Recyclable Other Attributes Box Type Others Printing Handling Matt Lamination, Varnishing, Stamping, Embossing, Glossy Lamination, UV Coating, VANISHING, Gold Foil Custom Order Accept Shape other Product name Reed Diffusser Box Material Paper Board Printing Customized Prinitng Size Custom Size Accepted Usage Packaging Gift Keyword [&hellip;]<\/p>\n","protected":false},"featured_media":25617,"template":"","meta":{"_seopress_robots_primary_cat":"none","_seopress_titles_title":"","_seopress_titles_desc":"","_seopress_robots_index":"","site-sidebar-layout":"default","site-content-layout":"","ast-site-content-layout":"default","site-content-style":"default","site-sidebar-style":"default","ast-global-header-display":"","ast-banner-title-visibility":"","ast-main-header-display":"","ast-hfb-above-header-display":"","ast-hfb-below-header-display":"","ast-hfb-mobile-header-display":"","site-post-title":"","ast-breadcrumbs-content":"","ast-featured-img":"","footer-sml-layout":"","ast-disable-related-posts":"","theme-transparent-header-meta":"default","adv-header-id-meta":"","stick-header-meta":"default","header-above-stick-meta":"","header-main-stick-meta":"","header-below-stick-meta":"","astra-migrate-meta-layouts":"set","ast-page-background-enabled":"default","ast-page-background-meta":{"desktop":{"background-color":"","background-image":"","background-repeat":"repeat","background-position":"center center","background-size":"auto","background-attachment":"scroll","background-type":"","background-media":"","overlay-type":"","overlay-color":"","overlay-opacity":"","overlay-gradient":""},"tablet":{"background-color":"","background-image":"","background-repeat":"repeat","background-position":"center center","background-size":"auto","background-attachment":"scroll","background-type":"","background-media":"","overlay-type":"","overlay-color":"","overlay-opacity":"","overlay-gradient":""},"mobile":{"background-color":"","background-image":"","background-repeat":"repeat","background-position":"center center","background-size":"auto","background-attachment":"scroll","background-type":"","background-media":"","overlay-type":"","overlay-color":"","overlay-opacity":"","overlay-gradient":""}},"ast-content-background-meta":{"desktop":{"background-color":"var(--ast-global-color-5)","background-image":"","background-repeat":"repeat","background-position":"center center","background-size":"auto","background-attachment":"scroll","background-type":"","background-media":"","overlay-type":"","overlay-color":"","overlay-opacity":"","overlay-gradient":""},"tablet":{"background-color":"var(--ast-global-color-5)","background-image":"","background-repeat":"repeat","background-position":"center center","background-size":"auto","background-attachment":"scroll","background-type":"","background-media":"","overlay-type":"","overlay-color":"","overlay-opacity":"","overlay-gradient":""},"mobile":{"background-color":"var(--ast-global-color-5)","background-image":"","background-repeat":"repeat","background-position":"center center","background-size":"auto","background-attachment":"scroll","background-type":"","background-media":"","overlay-type":"","overlay-color":"","overlay-opacity":"","overlay-gradient":""}}},"product_brand":[],"product_cat":[73],"product_tag":[],"class_list":{"0":"post-25742","1":"product","2":"type-product","3":"status-publish","4":"has-post-thumbnail","6":"product_cat-perfume-boxes","7":"desktop-align-left","8":"tablet-align-left","9":"mobile-align-left","10":"ast-product-gallery-layout-horizontal","11":"ast-product-tabs-layout-horizontal","13":"first","14":"instock","15":"purchasable","16":"product-type-simple"},"_links":{"self":[{"href":"https:\/\/reanpackaging.com\/et\/wp-json\/wp\/v2\/product\/25742","targetHints":{"allow":["GET"]}}],"collection":[{"href":"https:\/\/reanpackaging.com\/et\/wp-json\/wp\/v2\/product"}],"about":[{"href":"https:\/\/reanpackaging.com\/et\/wp-json\/wp\/v2\/types\/product"}],"wp:featuredmedia":[{"embeddable":true,"href":"https:\/\/reanpackaging.com\/et\/wp-json\/wp\/v2\/media\/25617"}],"wp:attachment":[{"href":"https:\/\/reanpackaging.com\/et\/wp-json\/wp\/v2\/media?parent=25742"}],"wp:term":[{"taxonomy":"product_brand","embeddable":true,"href":"https:\/\/reanpackaging.com\/et\/wp-json\/wp\/v2\/product_brand?post=25742"},{"taxonomy":"product_cat","embeddable":true,"href":"https:\/\/reanpackaging.com\/et\/wp-json\/wp\/v2\/product_cat?post=25742"},{"taxonomy":"product_tag","embeddable":true,"href":"https:\/\/reanpackaging.com\/et\/wp-json\/wp\/v2\/product_tag?post=25742"}],"curies":[{"name":"wp","href":"https:\/\/api.w.org\/{rel}","templated":true}]}}