{"id":26460,"date":"2024-09-13T13:01:42","date_gmt":"2024-09-13T13:01:42","guid":{"rendered":"https:\/\/reanpackaging.com\/product\/high-quality-custom-cosmetic-cardboard-packaged-round-tube-box-package-for-essential-oil-perfume-bottle\/"},"modified":"2024-09-29T04:01:14","modified_gmt":"2024-09-29T04:01:14","slug":"high-quality-custom-cosmetic-cardboard-packaged-round-tube-box-package-for-essential-oil-perfume-bottle","status":"publish","type":"product","link":"https:\/\/reanpackaging.com\/et\/toode\/high-quality-custom-cosmetic-cardboard-packaged-round-tube-box-package-for-essential-oil-perfume-bottle\/","title":{"rendered":"Kvaliteetne kohandatud kosmeetiline papp pakendatud \u00fcmmargune toru kasti pakett eeterliku \u00f5li parf\u00fc\u00fcmi pudelile"},"content":{"rendered":"<h4>T\u00f6\u00f6stusspetsiifilised omadused<\/h4>\n<table border=\"1\">\n<tr>\n<td><strong>T\u00f6\u00f6stuslik kasutamine<\/strong><\/td>\n<td>Kosmeetika<\/td>\n<\/tr>\n<tr>\n<td><strong>Paberi t\u00fc\u00fcp<\/strong><\/td>\n<td>K\u00e4sit\u00f6\u00f6paber<\/td>\n<\/tr>\n<tr>\n<td><strong>Funktsioon<\/strong><\/td>\n<td>Biolagunevad<\/td>\n<\/tr>\n<\/table>\n<h4>Muud omadused<\/h4>\n<table border=\"1\">\n<tr>\n<td><strong>Tr\u00fckkimise k\u00e4sitlemine<\/strong><\/td>\n<td>S\u00fcgavtr\u00fckk, UV-pindamine, lakkimine, l\u00e4ikiv lamineerimine, tembeldamine, matt lamineerimine, VANISHING, kuldfoolium, tr\u00fckkimine<\/td>\n<\/tr>\n<tr>\n<td><strong>Mudeli number<\/strong><\/td>\n<td>HP<\/td>\n<\/tr>\n<tr>\n<td><strong>Suurus<\/strong><\/td>\n<td>kohandada<\/td>\n<\/tr>\n<tr>\n<td><strong>Kohandatud tellimus<\/strong><\/td>\n<td>Aktsepteeri<\/td>\n<\/tr>\n<tr>\n<td><strong>Nimi<\/strong><\/td>\n<td>Kosmeetiline paberitoru<\/td>\n<\/tr>\n<tr>\n<td><strong>Suurus<\/strong><\/td>\n<td>Kohandatud suurus<\/td>\n<\/tr>\n<tr>\n<td><strong>M\u00e4rks\u00f5na<\/strong><\/td>\n<td>Eeterlike \u00f5lide parf\u00fc\u00fcmi pudel<\/td>\n<\/tr>\n<tr>\n<td><strong>Materjal<\/strong><\/td>\n<td>Valge\/must\/pruun j\u00f5upaber+papp+kaetud<\/td>\n<\/tr>\n<tr>\n<td><strong>MOQ<\/strong><\/td>\n<td>1tk<\/td>\n<\/tr>\n<tr>\n<td><strong>V\u00e4rv<\/strong><\/td>\n<td>CMYK + PMS v\u00e4rvid<\/td>\n<\/tr>\n<tr>\n<td><strong>Kvaliteet<\/strong><\/td>\n<td>100% Kvaliteedikontroll<\/td>\n<\/tr>\n<tr>\n<td><strong>Advantage<\/strong><\/td>\n<td>\u00d6koloogiliselt sobivad pakendid<\/td>\n<\/tr>\n<tr>\n<td><strong>Tr\u00fckkimine<\/strong><\/td>\n<td>Kohandatud tr\u00fckkimine<\/td>\n<\/tr>\n<tr>\n<td><strong>L\u00e4biviimise aeg<\/strong><\/td>\n<td>7-25 p\u00e4eva\/ vastavalt<\/td>\n<\/tr>\n<\/table>\n<p><img decoding=\"async\" class=\"detail-desc-decorate-image\" src=\"https:\/\/reanpackaging.com\/wp-content\/uploads\/2024\/09\/2-description-High-Quality-Custom-Cosmetic-Cardboard-Packaged-Round-Tube-Box-Package-For-Essential-Oil-Perfume-Bottle.jpg\" slate-data-type=\"image\" style=\"max-width: 100%; height: auto; display: block; margin: 0 auto;\"><br \/>\n<img decoding=\"async\" class=\"detail-desc-decorate-image\" src=\"https:\/\/reanpackaging.com\/wp-content\/uploads\/2024\/09\/3-description-High-Quality-Custom-Cosmetic-Cardboard-Packaged-Round-Tube-Box-Package-For-Essential-Oil-Perfume-Bottle.jpg\" slate-data-type=\"image\" style=\"max-width: 100%; height: auto; display: block; margin: 0 auto;\"><br \/>\n<img decoding=\"async\" class=\"detail-desc-decorate-image\" src=\"https:\/\/reanpackaging.com\/wp-content\/uploads\/2024\/09\/4-description-High-Quality-Custom-Cosmetic-Cardboard-Packaged-Round-Tube-Box-Package-For-Essential-Oil-Perfume-Bottle.jpg\" slate-data-type=\"image\" style=\"max-width: 100%; height: auto; display: block; margin: 0 auto;\"><br \/>\n<img decoding=\"async\" class=\"detail-desc-decorate-image\" src=\"https:\/\/reanpackaging.com\/wp-content\/uploads\/2024\/09\/5-description-High-Quality-Custom-Cosmetic-Cardboard-Packaged-Round-Tube-Box-Package-For-Essential-Oil-Perfume-Bottle.jpg\" slate-data-type=\"image\" style=\"max-width: 100%; height: auto; display: block; margin: 0 auto;\"><br \/>\n<img decoding=\"async\" class=\"detail-desc-decorate-image\" src=\"https:\/\/reanpackaging.com\/wp-content\/uploads\/2024\/09\/6-description-High-Quality-Custom-Cosmetic-Cardboard-Packaged-Round-Tube-Box-Package-For-Essential-Oil-Perfume-Bottle.jpg\" slate-data-type=\"image\" style=\"max-width: 100%; height: auto; display: block; margin: 0 auto;\"><br \/>\n<img decoding=\"async\" class=\"detail-desc-decorate-image\" src=\"https:\/\/reanpackaging.com\/wp-content\/uploads\/2024\/09\/7-description-High-Quality-Custom-Cosmetic-Cardboard-Packaged-Round-Tube-Box-Package-For-Essential-Oil-Perfume-Bottle.jpg\" slate-data-type=\"image\" style=\"max-width: 100%; height: auto; display: block; margin: 0 auto;\"><br \/>\n<img decoding=\"async\" class=\"detail-desc-decorate-image\" src=\"https:\/\/reanpackaging.com\/wp-content\/uploads\/2024\/09\/8-description-High-Quality-Custom-Cosmetic-Cardboard-Packaged-Round-Tube-Box-Package-For-Essential-Oil-Perfume-Bottle.jpg\" slate-data-type=\"image\" style=\"max-width: 100%; height: auto; display: block; margin: 0 auto;\"><br \/>\n<img decoding=\"async\" class=\"detail-desc-decorate-image\" src=\"https:\/\/reanpackaging.com\/wp-content\/uploads\/2024\/09\/9-description-High-Quality-Custom-Cosmetic-Cardboard-Packaged-Round-Tube-Box-Package-For-Essential-Oil-Perfume-Bottle.jpg\" slate-data-type=\"image\" style=\"max-width: 100%; height: auto; display: block; margin: 0 auto;\"><br \/>\n<img decoding=\"async\" class=\"detail-desc-decorate-image\" src=\"https:\/\/reanpackaging.com\/wp-content\/uploads\/2024\/09\/10-description-High-Quality-Custom-Cosmetic-Cardboard-Packaged-Round-Tube-Box-Package-For-Essential-Oil-Perfume-Bottle.jpg\" slate-data-type=\"image\" style=\"max-width: 100%; height: auto; display: block; margin: 0 auto;\"><br \/>\n<img decoding=\"async\" class=\"detail-desc-decorate-image\" src=\"https:\/\/reanpackaging.com\/wp-content\/uploads\/2024\/09\/11-description-High-Quality-Custom-Cosmetic-Cardboard-Packaged-Round-Tube-Box-Package-For-Essential-Oil-Perfume-Bottle.jpg\" slate-data-type=\"image\" style=\"max-width: 100%; height: auto; display: block; margin: 0 auto;\"><\/p>","protected":false},"excerpt":{"rendered":"<p>Industry-Specific Attributes Industrial Use Cosmetic Paper Type Craft Paper Feature Bio-degradable Other Attributes Printing Handling Embossing, UV Coating, Varnishing, Glossy Lamination, Stamping, Matt Lamination, VANISHING, Gold Foil, printing Model Number HP Size customize Custom Order Accept Name Cosmetic paper tube Size Customized Size Keyword Essential Oil Perfume Bottle Material White\/Black\/Brown Kraft Paper+Cardboard+Coated MOQ 1pcs Color [&hellip;]<\/p>\n","protected":false},"featured_media":26348,"template":"","meta":{"_seopress_robots_primary_cat":"","_seopress_titles_title":"","_seopress_titles_desc":"","_seopress_robots_index":"","site-sidebar-layout":"default","site-content-layout":"","ast-site-content-layout":"default","site-content-style":"default","site-sidebar-style":"default","ast-global-header-display":"","ast-banner-title-visibility":"","ast-main-header-display":"","ast-hfb-above-header-display":"","ast-hfb-below-header-display":"","ast-hfb-mobile-header-display":"","site-post-title":"","ast-breadcrumbs-content":"","ast-featured-img":"","footer-sml-layout":"","ast-disable-related-posts":"","theme-transparent-header-meta":"","adv-header-id-meta":"","stick-header-meta":"","header-above-stick-meta":"","header-main-stick-meta":"","header-below-stick-meta":"","astra-migrate-meta-layouts":"default","ast-page-background-enabled":"default","ast-page-background-meta":{"desktop":{"background-color":"","background-image":"","background-repeat":"repeat","background-position":"center center","background-size":"auto","background-attachment":"scroll","background-type":"","background-media":"","overlay-type":"","overlay-color":"","overlay-opacity":"","overlay-gradient":""},"tablet":{"background-color":"","background-image":"","background-repeat":"repeat","background-position":"center center","background-size":"auto","background-attachment":"scroll","background-type":"","background-media":"","overlay-type":"","overlay-color":"","overlay-opacity":"","overlay-gradient":""},"mobile":{"background-color":"","background-image":"","background-repeat":"repeat","background-position":"center center","background-size":"auto","background-attachment":"scroll","background-type":"","background-media":"","overlay-type":"","overlay-color":"","overlay-opacity":"","overlay-gradient":""}},"ast-content-background-meta":{"desktop":{"background-color":"var(--ast-global-color-5)","background-image":"","background-repeat":"repeat","background-position":"center center","background-size":"auto","background-attachment":"scroll","background-type":"","background-media":"","overlay-type":"","overlay-color":"","overlay-opacity":"","overlay-gradient":""},"tablet":{"background-color":"var(--ast-global-color-5)","background-image":"","background-repeat":"repeat","background-position":"center center","background-size":"auto","background-attachment":"scroll","background-type":"","background-media":"","overlay-type":"","overlay-color":"","overlay-opacity":"","overlay-gradient":""},"mobile":{"background-color":"var(--ast-global-color-5)","background-image":"","background-repeat":"repeat","background-position":"center center","background-size":"auto","background-attachment":"scroll","background-type":"","background-media":"","overlay-type":"","overlay-color":"","overlay-opacity":"","overlay-gradient":""}}},"product_brand":[],"product_cat":[73],"product_tag":[],"class_list":{"0":"post-26460","1":"product","2":"type-product","3":"status-publish","4":"has-post-thumbnail","6":"product_cat-perfume-boxes","7":"desktop-align-left","8":"tablet-align-left","9":"mobile-align-left","10":"ast-product-gallery-layout-horizontal","11":"ast-product-tabs-layout-horizontal","13":"first","14":"instock","15":"purchasable","16":"product-type-simple"},"_links":{"self":[{"href":"https:\/\/reanpackaging.com\/et\/wp-json\/wp\/v2\/product\/26460","targetHints":{"allow":["GET"]}}],"collection":[{"href":"https:\/\/reanpackaging.com\/et\/wp-json\/wp\/v2\/product"}],"about":[{"href":"https:\/\/reanpackaging.com\/et\/wp-json\/wp\/v2\/types\/product"}],"wp:featuredmedia":[{"embeddable":true,"href":"https:\/\/reanpackaging.com\/et\/wp-json\/wp\/v2\/media\/26348"}],"wp:attachment":[{"href":"https:\/\/reanpackaging.com\/et\/wp-json\/wp\/v2\/media?parent=26460"}],"wp:term":[{"taxonomy":"product_brand","embeddable":true,"href":"https:\/\/reanpackaging.com\/et\/wp-json\/wp\/v2\/product_brand?post=26460"},{"taxonomy":"product_cat","embeddable":true,"href":"https:\/\/reanpackaging.com\/et\/wp-json\/wp\/v2\/product_cat?post=26460"},{"taxonomy":"product_tag","embeddable":true,"href":"https:\/\/reanpackaging.com\/et\/wp-json\/wp\/v2\/product_tag?post=26460"}],"curies":[{"name":"wp","href":"https:\/\/api.w.org\/{rel}","templated":true}]}}