{"id":27332,"date":"2024-10-28T16:43:43","date_gmt":"2024-10-28T16:43:43","guid":{"rendered":"https:\/\/reanpackaging.com\/product\/grey-leather-jewelry-box\/"},"modified":"2024-10-28T16:47:24","modified_gmt":"2024-10-28T16:47:24","slug":"grey-leather-jewelry-box","status":"publish","type":"product","link":"https:\/\/reanpackaging.com\/et\/toode\/grey-leather-jewelry-box\/","title":{"rendered":"Hall nahast ehtekarp"},"content":{"rendered":"<h4>T\u00f6\u00f6stusspetsiifilised omadused<\/h4>\n<table border=\"1\">\n<tbody>\n<tr>\n<td><strong>Ehted karbid materjal<\/strong><\/td>\n<td>pu+plastik<\/td>\n<\/tr>\n<\/tbody>\n<\/table>\n<h4>Muud omadused<\/h4>\n<table border=\"1\">\n<tbody>\n<tr>\n<td><strong>Punkti<\/strong><\/td>\n<td>ehtekarp<\/td>\n<\/tr>\n<tr>\n<td><strong>V\u00e4rv<\/strong><\/td>\n<td>Kohandatud v\u00e4rv<\/td>\n<\/tr>\n<tr>\n<td><strong>Suurus<\/strong><\/td>\n<td>Kohandatud suurus<\/td>\n<\/tr>\n<tr>\n<td><strong>Logo<\/strong><\/td>\n<td>OEM<\/td>\n<\/tr>\n<tr>\n<td><strong>Disain<\/strong><\/td>\n<td>ODM<\/td>\n<\/tr>\n<tr>\n<td><strong>Funktsioon<\/strong><\/td>\n<td>K\u00e4sitsi valmistatud<\/td>\n<\/tr>\n<tr>\n<td><strong>Kasutamine<\/strong><\/td>\n<td>Ehted<\/td>\n<\/tr>\n<tr>\n<td><strong>Tootmisaeg<\/strong><\/td>\n<td>15-30 p\u00e4eva<\/td>\n<\/tr>\n<tr>\n<td><strong>Prooviaeg<\/strong><\/td>\n<td>7-10 p\u00e4eva<\/td>\n<\/tr>\n<tr>\n<td><strong>L\u00e4hetust\u00e4htaeg<\/strong><\/td>\n<td>EXW\/FOB\/CIF\/CNF<\/td>\n<\/tr>\n<\/tbody>\n<\/table>","protected":false},"excerpt":{"rendered":"<p>T\u00f6\u00f6stuse spetsiifilised atribuudid Ehted karbid Materjal pu + plastist Muud atribuudid Elemendi ehtekarp V\u00e4rv Kohandatud v\u00e4rv Suurus Kohandatud suurus Logo OEM disain ODM Funktsioon K\u00e4sitsi valmistatud Kasutage ehteid Tootmise aeg 15-30Days Prooviaeg 7-10Days L\u00e4hetamise t\u00e4htaeg EXW \/ FOB \/ CIF \/ CNF<\/p>","protected":false},"featured_media":27283,"template":"","meta":{"_seopress_robots_primary_cat":"none","_seopress_titles_title":"","_seopress_titles_desc":"","_seopress_robots_index":"","site-sidebar-layout":"default","site-content-layout":"","ast-site-content-layout":"default","site-content-style":"default","site-sidebar-style":"default","ast-global-header-display":"","ast-banner-title-visibility":"","ast-main-header-display":"","ast-hfb-above-header-display":"","ast-hfb-below-header-display":"","ast-hfb-mobile-header-display":"","site-post-title":"","ast-breadcrumbs-content":"","ast-featured-img":"","footer-sml-layout":"","ast-disable-related-posts":"","theme-transparent-header-meta":"default","adv-header-id-meta":"","stick-header-meta":"default","header-above-stick-meta":"","header-main-stick-meta":"","header-below-stick-meta":"","astra-migrate-meta-layouts":"set","ast-page-background-enabled":"default","ast-page-background-meta":{"desktop":{"background-color":"","background-image":"","background-repeat":"repeat","background-position":"center center","background-size":"auto","background-attachment":"scroll","background-type":"","background-media":"","overlay-type":"","overlay-color":"","overlay-opacity":"","overlay-gradient":""},"tablet":{"background-color":"","background-image":"","background-repeat":"repeat","background-position":"center center","background-size":"auto","background-attachment":"scroll","background-type":"","background-media":"","overlay-type":"","overlay-color":"","overlay-opacity":"","overlay-gradient":""},"mobile":{"background-color":"","background-image":"","background-repeat":"repeat","background-position":"center center","background-size":"auto","background-attachment":"scroll","background-type":"","background-media":"","overlay-type":"","overlay-color":"","overlay-opacity":"","overlay-gradient":""}},"ast-content-background-meta":{"desktop":{"background-color":"var(--ast-global-color-5)","background-image":"","background-repeat":"repeat","background-position":"center center","background-size":"auto","background-attachment":"scroll","background-type":"","background-media":"","overlay-type":"","overlay-color":"","overlay-opacity":"","overlay-gradient":""},"tablet":{"background-color":"var(--ast-global-color-5)","background-image":"","background-repeat":"repeat","background-position":"center center","background-size":"auto","background-attachment":"scroll","background-type":"","background-media":"","overlay-type":"","overlay-color":"","overlay-opacity":"","overlay-gradient":""},"mobile":{"background-color":"var(--ast-global-color-5)","background-image":"","background-repeat":"repeat","background-position":"center center","background-size":"auto","background-attachment":"scroll","background-type":"","background-media":"","overlay-type":"","overlay-color":"","overlay-opacity":"","overlay-gradient":""}}},"product_brand":[],"product_cat":[75],"product_tag":[],"class_list":{"0":"post-27332","1":"product","2":"type-product","3":"status-publish","4":"has-post-thumbnail","6":"product_cat-jewelry-gift-box","7":"desktop-align-left","8":"tablet-align-left","9":"mobile-align-left","10":"ast-product-gallery-layout-horizontal","11":"ast-product-tabs-layout-horizontal","13":"first","14":"instock","15":"product-type-simple"},"_links":{"self":[{"href":"https:\/\/reanpackaging.com\/et\/wp-json\/wp\/v2\/product\/27332","targetHints":{"allow":["GET"]}}],"collection":[{"href":"https:\/\/reanpackaging.com\/et\/wp-json\/wp\/v2\/product"}],"about":[{"href":"https:\/\/reanpackaging.com\/et\/wp-json\/wp\/v2\/types\/product"}],"wp:featuredmedia":[{"embeddable":true,"href":"https:\/\/reanpackaging.com\/et\/wp-json\/wp\/v2\/media\/27283"}],"wp:attachment":[{"href":"https:\/\/reanpackaging.com\/et\/wp-json\/wp\/v2\/media?parent=27332"}],"wp:term":[{"taxonomy":"product_brand","embeddable":true,"href":"https:\/\/reanpackaging.com\/et\/wp-json\/wp\/v2\/product_brand?post=27332"},{"taxonomy":"product_cat","embeddable":true,"href":"https:\/\/reanpackaging.com\/et\/wp-json\/wp\/v2\/product_cat?post=27332"},{"taxonomy":"product_tag","embeddable":true,"href":"https:\/\/reanpackaging.com\/et\/wp-json\/wp\/v2\/product_tag?post=27332"}],"curies":[{"name":"wp","href":"https:\/\/api.w.org\/{rel}","templated":true}]}}