{"id":28148,"date":"2024-11-26T12:42:52","date_gmt":"2024-11-26T12:42:52","guid":{"rendered":"https:\/\/reanpackaging.com\/product\/transparent-acrylic-with-ribbon-wedding-gift-candy-box-clear-storage-acrylic-glass-christmas-gift-acrylic-boxes-for-giftwedding\/"},"modified":"2024-11-26T13:20:08","modified_gmt":"2024-11-26T13:20:08","slug":"transparent-acrylic-with-ribbon-wedding-gift-candy-box-clear-storage-acrylic-glass-christmas-gift-acrylic-boxes-for-giftwedding","status":"publish","type":"product","link":"https:\/\/reanpackaging.com\/et\/toode\/transparent-acrylic-with-ribbon-wedding-gift-candy-box-clear-storage-acrylic-glass-christmas-gift-acrylic-boxes-for-giftwedding\/","title":{"rendered":"L\u00e4bipaistev akr\u00fc\u00fcl paelaga pulmakinkide kommikarp selge akr\u00fc\u00fclklaasi s\u00e4ilitamine j\u00f5ulukinkide akr\u00fc\u00fclkarbid kingituseks, pulmadeks"},"content":{"rendered":"<h4>T\u00f6\u00f6stusspetsiifilised omadused<\/h4>\n<table border=\"1\">\n<tbody>\n<tr>\n<td><strong>T\u00f6\u00f6stuslik kasutamine<\/strong><\/td>\n<td>Kingitus ja k\u00e4sit\u00f6\u00f6<\/td>\n<\/tr>\n<tr>\n<td><strong>Funktsioon<\/strong><\/td>\n<td>Ringlussev\u00f5etav<\/td>\n<\/tr>\n<tr>\n<td><strong>Plastist t\u00fc\u00fcp<\/strong><\/td>\n<td>Akr\u00fc\u00fcl<\/td>\n<\/tr>\n<\/tbody>\n<\/table>\n<h4>Muud omadused<\/h4>\n<table border=\"1\">\n<tbody>\n<tr>\n<td><strong>Paksus<\/strong><\/td>\n<td>2mm<\/td>\n<\/tr>\n<tr>\n<td><strong>Toote nimi<\/strong><\/td>\n<td>kingitus kommikarp selge akr\u00fc\u00fcl akr\u00fc\u00fcl akr\u00fc\u00fcl kast akr\u00fc\u00fcl kastid akr\u00fc\u00fcl kastid<\/td>\n<\/tr>\n<tr>\n<td><strong>Kastit\u00fc\u00fcp<\/strong><\/td>\n<td>Kaane ja p\u00f5hikarp<\/td>\n<\/tr>\n<tr>\n<td><strong>OEM\/ODM<\/strong><\/td>\n<td>Aktsepteeritav<\/td>\n<\/tr>\n<tr>\n<td><strong>Logo\/k\u00e4sitlemine<\/strong><\/td>\n<td>Kohandatud suuruse logo \/ tr\u00fckkimine, Spot UV, kuld \/ h\u00f5be kuumtemping, reljeefne tr\u00fckkimine<\/td>\n<\/tr>\n<tr>\n<td><strong>Kasutamine<\/strong><\/td>\n<td>Pakkekohad<\/td>\n<\/tr>\n<tr>\n<td><strong>Materjal<\/strong><\/td>\n<td>Akr\u00fc\u00fcl ja papp<\/td>\n<\/tr>\n<\/tbody>\n<\/table>\n<p><img fetchpriority=\"high\" decoding=\"async\" class=\"alignnone size-medium wp-image-28196\" src=\"https:\/\/reanpackaging.com\/wp-content\/uploads\/2024\/11\/1-description-Transparent-acrylic-with-ribbon-wedding-gift-candy-box-clear-storage-acrylic-glass-Christmas-gift-acrylic-boxes-for-giftwedding-1-185x300.jpg\" alt=\"l\u00e4bipaistev akr\u00fc\u00fcl paelaga pulmakinkide kommikarp selge akr\u00fc\u00fcl klaasist j\u00f5ulukinkide akr\u00fc\u00fclkarbid kingituseks, pulmadeks\" width=\"750\" height=\"1215\" srcset=\"https:\/\/reanpackaging.com\/wp-content\/uploads\/2024\/11\/1-description-Transparent-acrylic-with-ribbon-wedding-gift-candy-box-clear-storage-acrylic-glass-Christmas-gift-acrylic-boxes-for-giftwedding-1-185x300.jpg 185w, https:\/\/reanpackaging.com\/wp-content\/uploads\/2024\/11\/1-description-Transparent-acrylic-with-ribbon-wedding-gift-candy-box-clear-storage-acrylic-glass-Christmas-gift-acrylic-boxes-for-giftwedding-1-7x12.jpg 7w\" sizes=\"(max-width: 750px) 100vw, 750px\" \/><\/p>\n<p><img decoding=\"async\" class=\"alignnone size-medium wp-image-28197\" src=\"https:\/\/reanpackaging.com\/wp-content\/uploads\/2024\/11\/2-description-Transparent-acrylic-with-ribbon-wedding-gift-candy-box-clear-storage-acrylic-glass-Christmas-gift-acrylic-boxes-for-giftwedding-1-237x300.jpg\" alt=\"l\u00e4bipaistev akr\u00fc\u00fcl paelaga pulmakinkide kommikarp selge akr\u00fc\u00fcl klaasist j\u00f5ulukinkide akr\u00fc\u00fclkarbid kingituseks, pulmadeks\" width=\"750\" height=\"950\" srcset=\"https:\/\/reanpackaging.com\/wp-content\/uploads\/2024\/11\/2-description-Transparent-acrylic-with-ribbon-wedding-gift-candy-box-clear-storage-acrylic-glass-Christmas-gift-acrylic-boxes-for-giftwedding-1-237x300.jpg 237w, https:\/\/reanpackaging.com\/wp-content\/uploads\/2024\/11\/2-description-Transparent-acrylic-with-ribbon-wedding-gift-candy-box-clear-storage-acrylic-glass-Christmas-gift-acrylic-boxes-for-giftwedding-1-768x972.jpg 768w, https:\/\/reanpackaging.com\/wp-content\/uploads\/2024\/11\/2-description-Transparent-acrylic-with-ribbon-wedding-gift-candy-box-clear-storage-acrylic-glass-Christmas-gift-acrylic-boxes-for-giftwedding-1-9x12.jpg 9w, https:\/\/reanpackaging.com\/wp-content\/uploads\/2024\/11\/2-description-Transparent-acrylic-with-ribbon-wedding-gift-candy-box-clear-storage-acrylic-glass-Christmas-gift-acrylic-boxes-for-giftwedding-1-600x759.jpg 600w, https:\/\/reanpackaging.com\/wp-content\/uploads\/2024\/11\/2-description-Transparent-acrylic-with-ribbon-wedding-gift-candy-box-clear-storage-acrylic-glass-Christmas-gift-acrylic-boxes-for-giftwedding-1.jpg 790w\" sizes=\"(max-width: 750px) 100vw, 750px\" \/><\/p>\n<p><img decoding=\"async\" class=\"alignnone size-medium wp-image-28198\" src=\"https:\/\/reanpackaging.com\/wp-content\/uploads\/2024\/11\/3-description-Transparent-acrylic-with-ribbon-wedding-gift-candy-box-clear-storage-acrylic-glass-Christmas-gift-acrylic-boxes-for-giftwedding-1-171x300.jpg\" alt=\"l\u00e4bipaistev akr\u00fc\u00fcl paelaga pulmakinkide kommikarp selge akr\u00fc\u00fcl klaasist j\u00f5ulukinkide akr\u00fc\u00fclkarbid kingituseks, pulmadeks\" width=\"750\" height=\"1316\" srcset=\"https:\/\/reanpackaging.com\/wp-content\/uploads\/2024\/11\/3-description-Transparent-acrylic-with-ribbon-wedding-gift-candy-box-clear-storage-acrylic-glass-Christmas-gift-acrylic-boxes-for-giftwedding-1-171x300.jpg 171w, https:\/\/reanpackaging.com\/wp-content\/uploads\/2024\/11\/3-description-Transparent-acrylic-with-ribbon-wedding-gift-candy-box-clear-storage-acrylic-glass-Christmas-gift-acrylic-boxes-for-giftwedding-1-7x12.jpg 7w\" sizes=\"(max-width: 750px) 100vw, 750px\" \/><\/p>","protected":false},"excerpt":{"rendered":"<p>Industry-Specific Attributes Industrial Use Gift &amp; Craft Feature Recyclable Plastic Type Acrylic Other Attributes Thickness 2mm Product name gift candy box clear storage acrylic glass gift box acrylic boxes Box Type Lid and base box OEM\/ODM Acceptable Logo\/Handling Custom Size Logo\/ Printing,Spot UV,Gold\/Silver Hot Stamping,Embossing Usage Packing Items Material Acrylic and cardboard<\/p>","protected":false},"featured_media":28193,"template":"","meta":{"_seopress_robots_primary_cat":"none","_seopress_titles_title":"","_seopress_titles_desc":"","_seopress_robots_index":"","site-sidebar-layout":"default","site-content-layout":"","ast-site-content-layout":"default","site-content-style":"default","site-sidebar-style":"default","ast-global-header-display":"","ast-banner-title-visibility":"","ast-main-header-display":"","ast-hfb-above-header-display":"","ast-hfb-below-header-display":"","ast-hfb-mobile-header-display":"","site-post-title":"","ast-breadcrumbs-content":"","ast-featured-img":"","footer-sml-layout":"","ast-disable-related-posts":"","theme-transparent-header-meta":"default","adv-header-id-meta":"","stick-header-meta":"default","header-above-stick-meta":"","header-main-stick-meta":"","header-below-stick-meta":"","astra-migrate-meta-layouts":"set","ast-page-background-enabled":"default","ast-page-background-meta":{"desktop":{"background-color":"","background-image":"","background-repeat":"repeat","background-position":"center center","background-size":"auto","background-attachment":"scroll","background-type":"","background-media":"","overlay-type":"","overlay-color":"","overlay-opacity":"","overlay-gradient":""},"tablet":{"background-color":"","background-image":"","background-repeat":"repeat","background-position":"center center","background-size":"auto","background-attachment":"scroll","background-type":"","background-media":"","overlay-type":"","overlay-color":"","overlay-opacity":"","overlay-gradient":""},"mobile":{"background-color":"","background-image":"","background-repeat":"repeat","background-position":"center center","background-size":"auto","background-attachment":"scroll","background-type":"","background-media":"","overlay-type":"","overlay-color":"","overlay-opacity":"","overlay-gradient":""}},"ast-content-background-meta":{"desktop":{"background-color":"var(--ast-global-color-5)","background-image":"","background-repeat":"repeat","background-position":"center center","background-size":"auto","background-attachment":"scroll","background-type":"","background-media":"","overlay-type":"","overlay-color":"","overlay-opacity":"","overlay-gradient":""},"tablet":{"background-color":"var(--ast-global-color-5)","background-image":"","background-repeat":"repeat","background-position":"center center","background-size":"auto","background-attachment":"scroll","background-type":"","background-media":"","overlay-type":"","overlay-color":"","overlay-opacity":"","overlay-gradient":""},"mobile":{"background-color":"var(--ast-global-color-5)","background-image":"","background-repeat":"repeat","background-position":"center center","background-size":"auto","background-attachment":"scroll","background-type":"","background-media":"","overlay-type":"","overlay-color":"","overlay-opacity":"","overlay-gradient":""}}},"product_brand":[],"product_cat":[77],"product_tag":[],"class_list":{"0":"post-28148","1":"product","2":"type-product","3":"status-publish","4":"has-post-thumbnail","6":"product_cat-gift-boxes-with-clear-lids","7":"desktop-align-left","8":"tablet-align-left","9":"mobile-align-left","10":"ast-product-gallery-layout-horizontal","11":"ast-product-tabs-layout-horizontal","13":"first","14":"instock","15":"product-type-simple"},"_links":{"self":[{"href":"https:\/\/reanpackaging.com\/et\/wp-json\/wp\/v2\/product\/28148","targetHints":{"allow":["GET"]}}],"collection":[{"href":"https:\/\/reanpackaging.com\/et\/wp-json\/wp\/v2\/product"}],"about":[{"href":"https:\/\/reanpackaging.com\/et\/wp-json\/wp\/v2\/types\/product"}],"wp:featuredmedia":[{"embeddable":true,"href":"https:\/\/reanpackaging.com\/et\/wp-json\/wp\/v2\/media\/28193"}],"wp:attachment":[{"href":"https:\/\/reanpackaging.com\/et\/wp-json\/wp\/v2\/media?parent=28148"}],"wp:term":[{"taxonomy":"product_brand","embeddable":true,"href":"https:\/\/reanpackaging.com\/et\/wp-json\/wp\/v2\/product_brand?post=28148"},{"taxonomy":"product_cat","embeddable":true,"href":"https:\/\/reanpackaging.com\/et\/wp-json\/wp\/v2\/product_cat?post=28148"},{"taxonomy":"product_tag","embeddable":true,"href":"https:\/\/reanpackaging.com\/et\/wp-json\/wp\/v2\/product_tag?post=28148"}],"curies":[{"name":"wp","href":"https:\/\/api.w.org\/{rel}","templated":true}]}}