{"id":28173,"date":"2024-11-26T12:43:56","date_gmt":"2024-11-26T12:43:56","guid":{"rendered":"https:\/\/reanpackaging.com\/product\/clear-wedding-acrylic-box-custom-acrylic-gift-box-with-lid\/"},"modified":"2024-11-26T12:46:48","modified_gmt":"2024-11-26T12:46:48","slug":"clear-wedding-acrylic-box-custom-acrylic-gift-box-with-lid","status":"publish","type":"product","link":"https:\/\/reanpackaging.com\/et\/toode\/clear-wedding-acrylic-box-custom-acrylic-gift-box-with-lid\/","title":{"rendered":"Selge pulmade akr\u00fc\u00fclkast Kohandatud akr\u00fc\u00fcl kinkekarp kaanega"},"content":{"rendered":"<h4>Muud omadused<\/h4>\n<table border=\"1\">\n<tbody>\n<tr>\n<td><strong>suurus<\/strong><\/td>\n<td>250x250x150mm v\u00f5i kohandatud<\/td>\n<\/tr>\n<tr>\n<td><strong>paksus<\/strong><\/td>\n<td>4mm v\u00f5i kohandatud<\/td>\n<\/tr>\n<tr>\n<td><strong>v\u00e4rv<\/strong><\/td>\n<td>l\u00e4bipaistev matt<\/td>\n<\/tr>\n<tr>\n<td><strong>logo<\/strong><\/td>\n<td>siiditr\u00fckk v\u00f5i graveeritud<\/td>\n<\/tr>\n<tr>\n<td><strong>K\u00e4sit\u00f6\u00f6<\/strong><\/td>\n<td>L\u00f5ikamine, poleerimine, graveerimine, kuum painutamine<\/td>\n<\/tr>\n<tr>\n<td><strong>Taotlus<\/strong><\/td>\n<td>kodu\/pood\/kaupluse v\u00e4ljapanek<\/td>\n<\/tr>\n<tr>\n<td><strong>Kasutamine<\/strong><\/td>\n<td>kaart\/kingitus\/raamat<\/td>\n<\/tr>\n<tr>\n<td><strong>stiil<\/strong><\/td>\n<td>kaasaegne<\/td>\n<\/tr>\n<\/tbody>\n<\/table>\n<p><img decoding=\"async\" class=\"detail-desc-decorate-image\" style=\"max-width: 100%; height: auto; display: block; margin: 0 auto;\" src=\"https:\/\/reanpackaging.com\/wp-content\/uploads\/2024\/11\/1-description-Clear-Wedding-Acrylic-Box-Custom-Acrylic-gift-box-with-lid.jpg\" \/><br \/>\n<img decoding=\"async\" class=\"detail-desc-decorate-image\" style=\"max-width: 100%; height: auto; display: block; margin: 0 auto;\" src=\"https:\/\/reanpackaging.com\/wp-content\/uploads\/2024\/11\/2-description-Clear-Wedding-Acrylic-Box-Custom-Acrylic-gift-box-with-lid.jpg\" \/><br \/>\n<img decoding=\"async\" class=\"detail-desc-decorate-image\" style=\"max-width: 100%; height: auto; display: block; margin: 0 auto;\" src=\"https:\/\/reanpackaging.com\/wp-content\/uploads\/2024\/11\/3-description-Clear-Wedding-Acrylic-Box-Custom-Acrylic-gift-box-with-lid.jpg\" \/><\/p>","protected":false},"excerpt":{"rendered":"<p>Muud omadused suurus 250x250x150mm v\u00f5i kohandatud paksus 4mm v\u00f5i kohandatud v\u00e4rv selge matt logo siidit\u00f5mmise v\u00f5i graveeritud k\u00e4sit\u00f6\u00f6de l\u00f5ikamine, poleerimine, graveerimine, kuum painutamine, kuum painutamine Rakendus kodu \/ kauplus \/ kaupluse ekraan Kasutamine kaart \/ kingitused \/ raamat stiilis kaasaegne<\/p>","protected":false},"featured_media":28009,"template":"","meta":{"_seopress_robots_primary_cat":"none","_seopress_titles_title":"","_seopress_titles_desc":"","_seopress_robots_index":"","site-sidebar-layout":"default","site-content-layout":"","ast-site-content-layout":"default","site-content-style":"default","site-sidebar-style":"default","ast-global-header-display":"","ast-banner-title-visibility":"","ast-main-header-display":"","ast-hfb-above-header-display":"","ast-hfb-below-header-display":"","ast-hfb-mobile-header-display":"","site-post-title":"","ast-breadcrumbs-content":"","ast-featured-img":"","footer-sml-layout":"","ast-disable-related-posts":"","theme-transparent-header-meta":"default","adv-header-id-meta":"","stick-header-meta":"default","header-above-stick-meta":"","header-main-stick-meta":"","header-below-stick-meta":"","astra-migrate-meta-layouts":"set","ast-page-background-enabled":"default","ast-page-background-meta":{"desktop":{"background-color":"","background-image":"","background-repeat":"repeat","background-position":"center center","background-size":"auto","background-attachment":"scroll","background-type":"","background-media":"","overlay-type":"","overlay-color":"","overlay-opacity":"","overlay-gradient":""},"tablet":{"background-color":"","background-image":"","background-repeat":"repeat","background-position":"center center","background-size":"auto","background-attachment":"scroll","background-type":"","background-media":"","overlay-type":"","overlay-color":"","overlay-opacity":"","overlay-gradient":""},"mobile":{"background-color":"","background-image":"","background-repeat":"repeat","background-position":"center center","background-size":"auto","background-attachment":"scroll","background-type":"","background-media":"","overlay-type":"","overlay-color":"","overlay-opacity":"","overlay-gradient":""}},"ast-content-background-meta":{"desktop":{"background-color":"var(--ast-global-color-5)","background-image":"","background-repeat":"repeat","background-position":"center center","background-size":"auto","background-attachment":"scroll","background-type":"","background-media":"","overlay-type":"","overlay-color":"","overlay-opacity":"","overlay-gradient":""},"tablet":{"background-color":"var(--ast-global-color-5)","background-image":"","background-repeat":"repeat","background-position":"center center","background-size":"auto","background-attachment":"scroll","background-type":"","background-media":"","overlay-type":"","overlay-color":"","overlay-opacity":"","overlay-gradient":""},"mobile":{"background-color":"var(--ast-global-color-5)","background-image":"","background-repeat":"repeat","background-position":"center center","background-size":"auto","background-attachment":"scroll","background-type":"","background-media":"","overlay-type":"","overlay-color":"","overlay-opacity":"","overlay-gradient":""}}},"product_brand":[],"product_cat":[77],"product_tag":[],"class_list":{"0":"post-28173","1":"product","2":"type-product","3":"status-publish","4":"has-post-thumbnail","6":"product_cat-gift-boxes-with-clear-lids","7":"desktop-align-left","8":"tablet-align-left","9":"mobile-align-left","10":"ast-product-gallery-layout-horizontal","11":"ast-product-tabs-layout-horizontal","13":"first","14":"instock","15":"product-type-simple"},"_links":{"self":[{"href":"https:\/\/reanpackaging.com\/et\/wp-json\/wp\/v2\/product\/28173","targetHints":{"allow":["GET"]}}],"collection":[{"href":"https:\/\/reanpackaging.com\/et\/wp-json\/wp\/v2\/product"}],"about":[{"href":"https:\/\/reanpackaging.com\/et\/wp-json\/wp\/v2\/types\/product"}],"wp:featuredmedia":[{"embeddable":true,"href":"https:\/\/reanpackaging.com\/et\/wp-json\/wp\/v2\/media\/28009"}],"wp:attachment":[{"href":"https:\/\/reanpackaging.com\/et\/wp-json\/wp\/v2\/media?parent=28173"}],"wp:term":[{"taxonomy":"product_brand","embeddable":true,"href":"https:\/\/reanpackaging.com\/et\/wp-json\/wp\/v2\/product_brand?post=28173"},{"taxonomy":"product_cat","embeddable":true,"href":"https:\/\/reanpackaging.com\/et\/wp-json\/wp\/v2\/product_cat?post=28173"},{"taxonomy":"product_tag","embeddable":true,"href":"https:\/\/reanpackaging.com\/et\/wp-json\/wp\/v2\/product_tag?post=28173"}],"curies":[{"name":"wp","href":"https:\/\/api.w.org\/{rel}","templated":true}]}}