{"id":28754,"date":"2024-12-15T11:37:45","date_gmt":"2024-12-15T11:37:45","guid":{"rendered":"https:\/\/reanpackaging.com\/product\/heart-shaped-chocolate-box-luxury-cardboard-packaging-custom-strawberry-candy-mystery-explosion-surprise-valentines-gift-box\/"},"modified":"2024-12-15T11:50:14","modified_gmt":"2024-12-15T11:50:14","slug":"heart-shaped-chocolate-box-luxury-cardboard-packaging-custom-strawberry-candy-mystery-explosion-surprise-valentines-gift-box","status":"publish","type":"product","link":"https:\/\/reanpackaging.com\/et\/toode\/heart-shaped-chocolate-box-luxury-cardboard-packaging-custom-strawberry-candy-mystery-explosion-surprise-valentines-gift-box\/","title":{"rendered":"S\u00fcdamekujuline \u0161okolaadikarp luksuslik papppakend kohandatud maasika kommid salap\u00e4rane plahvatus \u00fcllatus valentinip\u00e4eva kingikarp"},"content":{"rendered":"<h4>T\u00f6\u00f6stusspetsiifilised omadused<\/h4>\n<table border=\"1\">\n<tbody>\n<tr>\n<td><strong>T\u00f6\u00f6stuslik kasutamine<\/strong><\/td>\n<td>Toiduained<\/td>\n<\/tr>\n<tr>\n<td><strong>Paberi t\u00fc\u00fcp<\/strong><\/td>\n<td>Papp<\/td>\n<\/tr>\n<tr>\n<td><strong>Funktsioon<\/strong><\/td>\n<td>K\u00e4sitsi valmistatud<\/td>\n<\/tr>\n<tr>\n<td><strong>kasti t\u00fc\u00fcp<\/strong><\/td>\n<td>J\u00e4igad kastid<\/td>\n<\/tr>\n<\/tbody>\n<\/table>\n<h4>Muud omadused<\/h4>\n<table border=\"1\">\n<tbody>\n<tr>\n<td><strong>Kuju<\/strong><\/td>\n<td>kohandatud<\/td>\n<\/tr>\n<tr>\n<td><strong>Tr\u00fckkimise k\u00e4sitlemine<\/strong><\/td>\n<td>S\u00fcgavtr\u00fckk, l\u00e4ikiv lamineerimine, matt lamineerimine, tembeldamine, UV-pind, lakkimine, lakkimine, kuldfoolium<\/td>\n<\/tr>\n<tr>\n<td><strong>Kohandatud tellimus<\/strong><\/td>\n<td>Aktsepteeri<\/td>\n<\/tr>\n<tr>\n<td><strong>Vooderdise t\u00fc\u00fcp<\/strong><\/td>\n<td>Papp<\/td>\n<\/tr>\n<tr>\n<td><strong>Suurus<\/strong><\/td>\n<td>4,4 k\u00f5rge 6,8 lai 6,3 s\u00fcgavus<\/td>\n<\/tr>\n<tr>\n<td><strong>Kasutamine<\/strong><\/td>\n<td>\u0161okolaadikarbi pakendi luksus<\/td>\n<\/tr>\n<tr>\n<td><strong>Punkti<\/strong><\/td>\n<td>\u0161okolaadiboonide karbid<\/td>\n<\/tr>\n<tr>\n<td><strong>V\u00e4rv<\/strong><\/td>\n<td>CMYK<\/td>\n<\/tr>\n<tr>\n<td><strong>Kuju<\/strong><\/td>\n<td>Kohandatud kuju<\/td>\n<\/tr>\n<tr>\n<td><strong>Logo<\/strong><\/td>\n<td>Kliendi logo<\/td>\n<\/tr>\n<tr>\n<td><strong>Tr\u00fckkimine<\/strong><\/td>\n<td>4c Offset tr\u00fckkimine<\/td>\n<\/tr>\n<\/tbody>\n<\/table>\n<p><img fetchpriority=\"high\" decoding=\"async\" class=\"alignnone size-medium wp-image-28393\" src=\"https:\/\/reanpackaging.com\/wp-content\/uploads\/2024\/12\/1-description-Heart-shaped-chocolate-box-luxury-cardboard-packaging-custom-strawberry-candy-mystery-explosion-surprise-valentines-gift-box-300x300.jpg\" alt=\"1 kirjeldus s\u00fcdamekujuline \u0161okolaadikarp luksuslik papppakend kohandatud maasikakommi salap\u00e4rane plahvatus \u00fcllatus valentinip\u00e4eva kinkekarp\" width=\"800\" height=\"800\" srcset=\"https:\/\/reanpackaging.com\/wp-content\/uploads\/2024\/12\/1-description-Heart-shaped-chocolate-box-luxury-cardboard-packaging-custom-strawberry-candy-mystery-explosion-surprise-valentines-gift-box-300x300.jpg 300w, https:\/\/reanpackaging.com\/wp-content\/uploads\/2024\/12\/1-description-Heart-shaped-chocolate-box-luxury-cardboard-packaging-custom-strawberry-candy-mystery-explosion-surprise-valentines-gift-box-150x150.jpg 150w, https:\/\/reanpackaging.com\/wp-content\/uploads\/2024\/12\/1-description-Heart-shaped-chocolate-box-luxury-cardboard-packaging-custom-strawberry-candy-mystery-explosion-surprise-valentines-gift-box-768x768.jpg 768w, https:\/\/reanpackaging.com\/wp-content\/uploads\/2024\/12\/1-description-Heart-shaped-chocolate-box-luxury-cardboard-packaging-custom-strawberry-candy-mystery-explosion-surprise-valentines-gift-box-12x12.jpg 12w, https:\/\/reanpackaging.com\/wp-content\/uploads\/2024\/12\/1-description-Heart-shaped-chocolate-box-luxury-cardboard-packaging-custom-strawberry-candy-mystery-explosion-surprise-valentines-gift-box-600x600.jpg 600w, https:\/\/reanpackaging.com\/wp-content\/uploads\/2024\/12\/1-description-Heart-shaped-chocolate-box-luxury-cardboard-packaging-custom-strawberry-candy-mystery-explosion-surprise-valentines-gift-box-100x100.jpg 100w, https:\/\/reanpackaging.com\/wp-content\/uploads\/2024\/12\/1-description-Heart-shaped-chocolate-box-luxury-cardboard-packaging-custom-strawberry-candy-mystery-explosion-surprise-valentines-gift-box.jpg 800w\" sizes=\"(max-width: 800px) 100vw, 800px\" \/><\/p>\n<p><img decoding=\"async\" class=\"alignnone size-medium wp-image-28429\" src=\"https:\/\/reanpackaging.com\/wp-content\/uploads\/2024\/12\/3-description-Heart-shaped-chocolate-box-luxury-cardboard-packaging-custom-strawberry-candy-mystery-explosion-surprise-valentines-gift-box-300x300.jpg\" alt=\"3 kirjeldus s\u00fcdamekujuline \u0161okolaadikarp luksuslik papppakend kohandatud maasika kommid saladus plahvatus \u00fcllatus valentinip\u00e4eva kingitus kasti\" width=\"800\" height=\"800\" srcset=\"https:\/\/reanpackaging.com\/wp-content\/uploads\/2024\/12\/3-description-Heart-shaped-chocolate-box-luxury-cardboard-packaging-custom-strawberry-candy-mystery-explosion-surprise-valentines-gift-box-300x300.jpg 300w, https:\/\/reanpackaging.com\/wp-content\/uploads\/2024\/12\/3-description-Heart-shaped-chocolate-box-luxury-cardboard-packaging-custom-strawberry-candy-mystery-explosion-surprise-valentines-gift-box-150x150.jpg 150w, https:\/\/reanpackaging.com\/wp-content\/uploads\/2024\/12\/3-description-Heart-shaped-chocolate-box-luxury-cardboard-packaging-custom-strawberry-candy-mystery-explosion-surprise-valentines-gift-box-768x768.jpg 768w, https:\/\/reanpackaging.com\/wp-content\/uploads\/2024\/12\/3-description-Heart-shaped-chocolate-box-luxury-cardboard-packaging-custom-strawberry-candy-mystery-explosion-surprise-valentines-gift-box-12x12.jpg 12w, https:\/\/reanpackaging.com\/wp-content\/uploads\/2024\/12\/3-description-Heart-shaped-chocolate-box-luxury-cardboard-packaging-custom-strawberry-candy-mystery-explosion-surprise-valentines-gift-box-600x600.jpg 600w, https:\/\/reanpackaging.com\/wp-content\/uploads\/2024\/12\/3-description-Heart-shaped-chocolate-box-luxury-cardboard-packaging-custom-strawberry-candy-mystery-explosion-surprise-valentines-gift-box-100x100.jpg 100w, https:\/\/reanpackaging.com\/wp-content\/uploads\/2024\/12\/3-description-Heart-shaped-chocolate-box-luxury-cardboard-packaging-custom-strawberry-candy-mystery-explosion-surprise-valentines-gift-box.jpg 800w\" sizes=\"(max-width: 800px) 100vw, 800px\" \/><\/p>\n<p><img decoding=\"async\" class=\"alignnone size-medium wp-image-28471\" src=\"https:\/\/reanpackaging.com\/wp-content\/uploads\/2024\/12\/5-description-Heart-shaped-chocolate-box-luxury-cardboard-packaging-custom-strawberry-candy-mystery-explosion-surprise-valentines-gift-box-300x300.jpg\" alt=\"5 kirjeldus s\u00fcdamekujuline \u0161okolaadikarp luksuslik papppakend kohandatud maasikakommi salap\u00e4rane plahvatus \u00fcllatus valentinip\u00e4eva kinkekarp\" width=\"800\" height=\"800\" srcset=\"https:\/\/reanpackaging.com\/wp-content\/uploads\/2024\/12\/5-description-Heart-shaped-chocolate-box-luxury-cardboard-packaging-custom-strawberry-candy-mystery-explosion-surprise-valentines-gift-box-300x300.jpg 300w, https:\/\/reanpackaging.com\/wp-content\/uploads\/2024\/12\/5-description-Heart-shaped-chocolate-box-luxury-cardboard-packaging-custom-strawberry-candy-mystery-explosion-surprise-valentines-gift-box-150x150.jpg 150w, https:\/\/reanpackaging.com\/wp-content\/uploads\/2024\/12\/5-description-Heart-shaped-chocolate-box-luxury-cardboard-packaging-custom-strawberry-candy-mystery-explosion-surprise-valentines-gift-box-768x768.jpg 768w, https:\/\/reanpackaging.com\/wp-content\/uploads\/2024\/12\/5-description-Heart-shaped-chocolate-box-luxury-cardboard-packaging-custom-strawberry-candy-mystery-explosion-surprise-valentines-gift-box-12x12.jpg 12w, https:\/\/reanpackaging.com\/wp-content\/uploads\/2024\/12\/5-description-Heart-shaped-chocolate-box-luxury-cardboard-packaging-custom-strawberry-candy-mystery-explosion-surprise-valentines-gift-box-600x600.jpg 600w, https:\/\/reanpackaging.com\/wp-content\/uploads\/2024\/12\/5-description-Heart-shaped-chocolate-box-luxury-cardboard-packaging-custom-strawberry-candy-mystery-explosion-surprise-valentines-gift-box-100x100.jpg 100w, https:\/\/reanpackaging.com\/wp-content\/uploads\/2024\/12\/5-description-Heart-shaped-chocolate-box-luxury-cardboard-packaging-custom-strawberry-candy-mystery-explosion-surprise-valentines-gift-box.jpg 800w\" sizes=\"(max-width: 800px) 100vw, 800px\" \/><\/p>","protected":false},"excerpt":{"rendered":"<p>Industry-Specific Attributes Industrial Use Food Paper Type Paperboard Feature Handmade box type Rigid Boxes Other Attributes Shape custom Printing Handling Embossing, Glossy Lamination, Matt Lamination, Stamping, UV Coating, Varnishing, VANISHING, Gold Foil Custom Order Accept Liner type Paperboard Size 4.4 high 6.8wide 6.3deep Usage chocolate box packaging luxury Item chocolate bonbon boxes Color CMYK Shape [&hellip;]<\/p>\n","protected":false},"featured_media":28592,"template":"","meta":{"_seopress_robots_primary_cat":"none","_seopress_titles_title":"","_seopress_titles_desc":"","_seopress_robots_index":"","site-sidebar-layout":"default","site-content-layout":"","ast-site-content-layout":"default","site-content-style":"default","site-sidebar-style":"default","ast-global-header-display":"","ast-banner-title-visibility":"","ast-main-header-display":"","ast-hfb-above-header-display":"","ast-hfb-below-header-display":"","ast-hfb-mobile-header-display":"","site-post-title":"","ast-breadcrumbs-content":"","ast-featured-img":"","footer-sml-layout":"","ast-disable-related-posts":"","theme-transparent-header-meta":"default","adv-header-id-meta":"","stick-header-meta":"default","header-above-stick-meta":"","header-main-stick-meta":"","header-below-stick-meta":"","astra-migrate-meta-layouts":"set","ast-page-background-enabled":"default","ast-page-background-meta":{"desktop":{"background-color":"","background-image":"","background-repeat":"repeat","background-position":"center center","background-size":"auto","background-attachment":"scroll","background-type":"","background-media":"","overlay-type":"","overlay-color":"","overlay-opacity":"","overlay-gradient":""},"tablet":{"background-color":"","background-image":"","background-repeat":"repeat","background-position":"center center","background-size":"auto","background-attachment":"scroll","background-type":"","background-media":"","overlay-type":"","overlay-color":"","overlay-opacity":"","overlay-gradient":""},"mobile":{"background-color":"","background-image":"","background-repeat":"repeat","background-position":"center center","background-size":"auto","background-attachment":"scroll","background-type":"","background-media":"","overlay-type":"","overlay-color":"","overlay-opacity":"","overlay-gradient":""}},"ast-content-background-meta":{"desktop":{"background-color":"var(--ast-global-color-5)","background-image":"","background-repeat":"repeat","background-position":"center center","background-size":"auto","background-attachment":"scroll","background-type":"","background-media":"","overlay-type":"","overlay-color":"","overlay-opacity":"","overlay-gradient":""},"tablet":{"background-color":"var(--ast-global-color-5)","background-image":"","background-repeat":"repeat","background-position":"center center","background-size":"auto","background-attachment":"scroll","background-type":"","background-media":"","overlay-type":"","overlay-color":"","overlay-opacity":"","overlay-gradient":""},"mobile":{"background-color":"var(--ast-global-color-5)","background-image":"","background-repeat":"repeat","background-position":"center center","background-size":"auto","background-attachment":"scroll","background-type":"","background-media":"","overlay-type":"","overlay-color":"","overlay-opacity":"","overlay-gradient":""}}},"product_brand":[],"product_cat":[78],"product_tag":[],"class_list":{"0":"post-28754","1":"product","2":"type-product","3":"status-publish","4":"has-post-thumbnail","6":"product_cat-heart-shape-gift-boxes","7":"desktop-align-left","8":"tablet-align-left","9":"mobile-align-left","10":"ast-product-gallery-layout-horizontal","11":"ast-product-tabs-layout-horizontal","13":"first","14":"instock","15":"product-type-simple"},"_links":{"self":[{"href":"https:\/\/reanpackaging.com\/et\/wp-json\/wp\/v2\/product\/28754","targetHints":{"allow":["GET"]}}],"collection":[{"href":"https:\/\/reanpackaging.com\/et\/wp-json\/wp\/v2\/product"}],"about":[{"href":"https:\/\/reanpackaging.com\/et\/wp-json\/wp\/v2\/types\/product"}],"wp:featuredmedia":[{"embeddable":true,"href":"https:\/\/reanpackaging.com\/et\/wp-json\/wp\/v2\/media\/28592"}],"wp:attachment":[{"href":"https:\/\/reanpackaging.com\/et\/wp-json\/wp\/v2\/media?parent=28754"}],"wp:term":[{"taxonomy":"product_brand","embeddable":true,"href":"https:\/\/reanpackaging.com\/et\/wp-json\/wp\/v2\/product_brand?post=28754"},{"taxonomy":"product_cat","embeddable":true,"href":"https:\/\/reanpackaging.com\/et\/wp-json\/wp\/v2\/product_cat?post=28754"},{"taxonomy":"product_tag","embeddable":true,"href":"https:\/\/reanpackaging.com\/et\/wp-json\/wp\/v2\/product_tag?post=28754"}],"curies":[{"name":"wp","href":"https:\/\/api.w.org\/{rel}","templated":true}]}}