{"id":29133,"date":"2024-12-16T09:00:31","date_gmt":"2024-12-16T09:00:31","guid":{"rendered":"https:\/\/reanpackaging.com\/product\/new-fashion-creative-explosion-valentine-gift-denture-magnetic-stash-gift-paper-packaging-surprise-box-set-for-women-recyclable\/"},"modified":"2024-12-16T09:08:24","modified_gmt":"2024-12-16T09:08:24","slug":"new-fashion-creative-explosion-valentine-gift-denture-magnetic-stash-gift-paper-packaging-surprise-box-set-for-women-recyclable","status":"publish","type":"product","link":"https:\/\/reanpackaging.com\/et\/toode\/new-fashion-creative-explosion-valentine-gift-denture-magnetic-stash-gift-paper-packaging-surprise-box-set-for-women-recyclable\/","title":{"rendered":"Uus mood loominguline plahvatus Valentine kingitus hammaste magnetiline k\u00e4tkepaik kingituspaberi pakendi \u00fcllatus kasti komplekt naistele taaskasutatavale"},"content":{"rendered":"<h4>T\u00f6\u00f6stusspetsiifilised omadused<\/h4>\n<table border=\"1\">\n<tbody>\n<tr>\n<td><strong>Materjal<\/strong><\/td>\n<td>paber<\/td>\n<\/tr>\n<tr>\n<td><strong>Toote t\u00fc\u00fcp<\/strong><\/td>\n<td>Paberi l\u00f5ikamine<\/td>\n<\/tr>\n<tr>\n<td><strong>Teema<\/strong><\/td>\n<td>Armastus<\/td>\n<\/tr>\n<\/tbody>\n<\/table>\n<h4>Muud omadused<\/h4>\n<table border=\"1\">\n<tbody>\n<tr>\n<td><strong>Tr\u00fckkimine<\/strong><\/td>\n<td>Termotransfer tr\u00fckkimine, Offset-tr\u00fckk, siiditr\u00fckk, s\u00fcgavtr\u00fckk, k\u00f5rgtr\u00fckk, stantsimistr\u00fckk, UV-tr\u00fckk, reljeefne tr\u00fckkimine, digitaaltr\u00fckk.<\/td>\n<\/tr>\n<tr>\n<td><strong>Materjal<\/strong><\/td>\n<td>Hall kartong, j\u00f5upaber\/spetsialiseeritud paber, kaetud paber, kunstpaber jne.<\/td>\n<\/tr>\n<tr>\n<td><strong>Box Style<\/strong><\/td>\n<td>Kaane alus, magnetiline kast, kokkupandav kast, mansetikarp, erikujuline kast jne.<\/td>\n<\/tr>\n<tr>\n<td><strong>MOQ<\/strong><\/td>\n<td>1 tk, MOQ kohandamise jaoks on 500tk<\/td>\n<\/tr>\n<tr>\n<td><strong>Prooviaeg<\/strong><\/td>\n<td>3-7 t\u00f6\u00f6p\u00e4eva<\/td>\n<\/tr>\n<tr>\n<td><strong>Disain\/tr\u00fckkimine<\/strong><\/td>\n<td>Cutomized, CMYK, Pantone-v\u00e4rv, UV-tr\u00fckk jne.<\/td>\n<\/tr>\n<tr>\n<td><strong>OEM\/ODM<\/strong><\/td>\n<td>Aktsepteeritav<\/td>\n<\/tr>\n<tr>\n<td><strong>Kasutage<\/strong><\/td>\n<td>Paberipakendid, ladustamine, pakendamine, toodete kaitsmine, v\u00e4\u00e4rtuse suurendamine<\/td>\n<\/tr>\n<tr>\n<td><strong>Suurus<\/strong><\/td>\n<td>20x15x7, 21x21x8, 24x24x9, 29x21x11, 34x22x12cm v\u00f5i kohandatud suurus.<\/td>\n<\/tr>\n<tr>\n<td><strong>Logo<\/strong><\/td>\n<td>Cutomized, CMYK, fooliumtr\u00fckkimine, reljeef\/eboss, UV, siiditr\u00fckk jne.<\/td>\n<\/tr>\n<tr>\n<td><strong>Maksmine<\/strong><\/td>\n<td>T\/T, Alipay, PayPal, L\/C jne.<\/td>\n<\/tr>\n<\/tbody>\n<\/table>","protected":false},"excerpt":{"rendered":"<p>Industry-Specific Attributes Material paper Product Type Paper Cutting Theme Love Other Attributes Printing Thermal transfer printing, Offset printing, Silk screen printing, Gravure printing, Letterpress printing, Die cutting printing, UV printing, Embossing printing, Digital printing Material Grey Board, Kraft Paper\/Specialty Paper, Coated Paper, Art Paper, etc. Box Style Lid Base, Magnetic Box, Folding Box, Cuff Box, [&hellip;]<\/p>\n","protected":false},"featured_media":29019,"template":"","meta":{"_seopress_robots_primary_cat":"none","_seopress_titles_title":"","_seopress_titles_desc":"","_seopress_robots_index":"","site-sidebar-layout":"default","site-content-layout":"","ast-site-content-layout":"default","site-content-style":"default","site-sidebar-style":"default","ast-global-header-display":"","ast-banner-title-visibility":"","ast-main-header-display":"","ast-hfb-above-header-display":"","ast-hfb-below-header-display":"","ast-hfb-mobile-header-display":"","site-post-title":"","ast-breadcrumbs-content":"","ast-featured-img":"","footer-sml-layout":"","ast-disable-related-posts":"","theme-transparent-header-meta":"default","adv-header-id-meta":"","stick-header-meta":"default","header-above-stick-meta":"","header-main-stick-meta":"","header-below-stick-meta":"","astra-migrate-meta-layouts":"set","ast-page-background-enabled":"default","ast-page-background-meta":{"desktop":{"background-color":"","background-image":"","background-repeat":"repeat","background-position":"center center","background-size":"auto","background-attachment":"scroll","background-type":"","background-media":"","overlay-type":"","overlay-color":"","overlay-opacity":"","overlay-gradient":""},"tablet":{"background-color":"","background-image":"","background-repeat":"repeat","background-position":"center center","background-size":"auto","background-attachment":"scroll","background-type":"","background-media":"","overlay-type":"","overlay-color":"","overlay-opacity":"","overlay-gradient":""},"mobile":{"background-color":"","background-image":"","background-repeat":"repeat","background-position":"center center","background-size":"auto","background-attachment":"scroll","background-type":"","background-media":"","overlay-type":"","overlay-color":"","overlay-opacity":"","overlay-gradient":""}},"ast-content-background-meta":{"desktop":{"background-color":"var(--ast-global-color-5)","background-image":"","background-repeat":"repeat","background-position":"center center","background-size":"auto","background-attachment":"scroll","background-type":"","background-media":"","overlay-type":"","overlay-color":"","overlay-opacity":"","overlay-gradient":""},"tablet":{"background-color":"var(--ast-global-color-5)","background-image":"","background-repeat":"repeat","background-position":"center center","background-size":"auto","background-attachment":"scroll","background-type":"","background-media":"","overlay-type":"","overlay-color":"","overlay-opacity":"","overlay-gradient":""},"mobile":{"background-color":"var(--ast-global-color-5)","background-image":"","background-repeat":"repeat","background-position":"center center","background-size":"auto","background-attachment":"scroll","background-type":"","background-media":"","overlay-type":"","overlay-color":"","overlay-opacity":"","overlay-gradient":""}}},"product_brand":[],"product_cat":[79],"product_tag":[],"class_list":{"0":"post-29133","1":"product","2":"type-product","3":"status-publish","4":"has-post-thumbnail","6":"product_cat-valentine-gift-boxes","7":"desktop-align-left","8":"tablet-align-left","9":"mobile-align-left","10":"ast-product-gallery-layout-horizontal","11":"ast-product-tabs-layout-horizontal","13":"first","14":"instock","15":"product-type-simple"},"_links":{"self":[{"href":"https:\/\/reanpackaging.com\/et\/wp-json\/wp\/v2\/product\/29133","targetHints":{"allow":["GET"]}}],"collection":[{"href":"https:\/\/reanpackaging.com\/et\/wp-json\/wp\/v2\/product"}],"about":[{"href":"https:\/\/reanpackaging.com\/et\/wp-json\/wp\/v2\/types\/product"}],"wp:featuredmedia":[{"embeddable":true,"href":"https:\/\/reanpackaging.com\/et\/wp-json\/wp\/v2\/media\/29019"}],"wp:attachment":[{"href":"https:\/\/reanpackaging.com\/et\/wp-json\/wp\/v2\/media?parent=29133"}],"wp:term":[{"taxonomy":"product_brand","embeddable":true,"href":"https:\/\/reanpackaging.com\/et\/wp-json\/wp\/v2\/product_brand?post=29133"},{"taxonomy":"product_cat","embeddable":true,"href":"https:\/\/reanpackaging.com\/et\/wp-json\/wp\/v2\/product_cat?post=29133"},{"taxonomy":"product_tag","embeddable":true,"href":"https:\/\/reanpackaging.com\/et\/wp-json\/wp\/v2\/product_tag?post=29133"}],"curies":[{"name":"wp","href":"https:\/\/api.w.org\/{rel}","templated":true}]}}