{"id":30225,"date":"2024-12-21T03:34:55","date_gmt":"2024-12-21T03:34:55","guid":{"rendered":"https:\/\/reanpackaging.com\/product\/custom-logo-green-velvet-lights-lints-flannel-case-necklace-bracelet-bangle-jewelry-packaging-ring-box-jewelry-boxes\/"},"modified":"2024-12-21T03:42:29","modified_gmt":"2024-12-21T03:42:29","slug":"custom-logo-green-velvet-lights-lints-flannel-case-necklace-bracelet-bangle-jewelry-packaging-ring-box-jewelry-boxes","status":"publish","type":"product","link":"https:\/\/reanpackaging.com\/et\/toode\/custom-logo-green-velvet-lights-lints-flannel-case-necklace-bracelet-bangle-jewelry-packaging-ring-box-jewelry-boxes\/","title":{"rendered":"Custom Logo Green Velvet Lights Lints Flanell Case Kaelakee k\u00e4ev\u00f5ru Bangle Ehted pakendi Ring Box Ehted karbid"},"content":{"rendered":"<h4>T\u00f6\u00f6stusspetsiifilised omadused<\/h4>\n<table border=\"1\">\n<tbody>\n<tr>\n<td><strong>Ehted karbid materjal<\/strong><\/td>\n<td>PU nahk + plastik<\/td>\n<\/tr>\n<\/tbody>\n<\/table>\n<h4>Muud omadused<\/h4>\n<table border=\"1\">\n<tbody>\n<tr>\n<td><strong>suurus<\/strong><\/td>\n<td>muud<\/td>\n<\/tr>\n<tr>\n<td><strong>Artikli nr (Artikli number)<\/strong><\/td>\n<td>pu r\u00f5ngakarp<\/td>\n<\/tr>\n<tr>\n<td><strong>kasutada<\/strong><\/td>\n<td>Ehtede pakendamine<\/td>\n<\/tr>\n<tr>\n<td><strong>v\u00e4rv<\/strong><\/td>\n<td>valge must bee\u017e (aprikoos) tumeroheline kuninglik-sinine<\/td>\n<\/tr>\n<tr>\n<td><strong>spetsifikatsioon<\/strong><\/td>\n<td>50*60*46mm<\/td>\n<\/tr>\n<tr>\n<td><strong>viga<\/strong><\/td>\n<td>0,1mm<\/td>\n<\/tr>\n<tr>\n<td><strong>Peamine tootmisahela j\u00e4rgmise etapi platvorm<\/strong><\/td>\n<td>ebay Amazon soov AliExpress s\u00f5ltumatu jaam LA<\/td>\n<\/tr>\n<tr>\n<td><strong>On olemas litsentseeritud eramargid<\/strong><\/td>\n<td>on<\/td>\n<\/tr>\n<tr>\n<td><strong>LOGO kohandamine<\/strong><\/td>\n<td>Iga mudel vastab 50-le, et pakkuda kohandatud teenuseid<\/td>\n<\/tr>\n<tr>\n<td><strong>V\u00e4rviline materjali kohandamine<\/strong><\/td>\n<td>\u00dcks mudel v\u00f5ib vastata 500 kohandatavale<\/td>\n<\/tr>\n<tr>\n<td><strong>Pakendi t\u00fc\u00fcp<\/strong><\/td>\n<td>Pakendikarp<\/td>\n<\/tr>\n<\/tbody>\n<\/table>","protected":false},"excerpt":{"rendered":"<p>Industry-Specific Attributes Jewelry Boxes Material PU leather + plastic Other Attributes size other Article No. (Article number) pu ring box use Jewelry packaging color White Black beige (apricot) dark green royal blue specification 50*60*46mm error 0.1mm Main downstream platform ebay Amazon wish AliExpress independent station LA There are licensed private brands is LOGO customization Each [&hellip;]<\/p>\n","protected":false},"featured_media":30005,"template":"","meta":{"_seopress_robots_primary_cat":"none","_seopress_titles_title":"","_seopress_titles_desc":"","_seopress_robots_index":"","site-sidebar-layout":"default","site-content-layout":"","ast-site-content-layout":"default","site-content-style":"default","site-sidebar-style":"default","ast-global-header-display":"","ast-banner-title-visibility":"","ast-main-header-display":"","ast-hfb-above-header-display":"","ast-hfb-below-header-display":"","ast-hfb-mobile-header-display":"","site-post-title":"","ast-breadcrumbs-content":"","ast-featured-img":"","footer-sml-layout":"","ast-disable-related-posts":"","theme-transparent-header-meta":"default","adv-header-id-meta":"","stick-header-meta":"default","header-above-stick-meta":"","header-main-stick-meta":"","header-below-stick-meta":"","astra-migrate-meta-layouts":"set","ast-page-background-enabled":"default","ast-page-background-meta":{"desktop":{"background-color":"","background-image":"","background-repeat":"repeat","background-position":"center center","background-size":"auto","background-attachment":"scroll","background-type":"","background-media":"","overlay-type":"","overlay-color":"","overlay-opacity":"","overlay-gradient":""},"tablet":{"background-color":"","background-image":"","background-repeat":"repeat","background-position":"center center","background-size":"auto","background-attachment":"scroll","background-type":"","background-media":"","overlay-type":"","overlay-color":"","overlay-opacity":"","overlay-gradient":""},"mobile":{"background-color":"","background-image":"","background-repeat":"repeat","background-position":"center center","background-size":"auto","background-attachment":"scroll","background-type":"","background-media":"","overlay-type":"","overlay-color":"","overlay-opacity":"","overlay-gradient":""}},"ast-content-background-meta":{"desktop":{"background-color":"var(--ast-global-color-5)","background-image":"","background-repeat":"repeat","background-position":"center center","background-size":"auto","background-attachment":"scroll","background-type":"","background-media":"","overlay-type":"","overlay-color":"","overlay-opacity":"","overlay-gradient":""},"tablet":{"background-color":"var(--ast-global-color-5)","background-image":"","background-repeat":"repeat","background-position":"center center","background-size":"auto","background-attachment":"scroll","background-type":"","background-media":"","overlay-type":"","overlay-color":"","overlay-opacity":"","overlay-gradient":""},"mobile":{"background-color":"var(--ast-global-color-5)","background-image":"","background-repeat":"repeat","background-position":"center center","background-size":"auto","background-attachment":"scroll","background-type":"","background-media":"","overlay-type":"","overlay-color":"","overlay-opacity":"","overlay-gradient":""}}},"product_brand":[],"product_cat":[82],"product_tag":[],"class_list":{"0":"post-30225","1":"product","2":"type-product","3":"status-publish","4":"has-post-thumbnail","6":"product_cat-ring-box","7":"desktop-align-left","8":"tablet-align-left","9":"mobile-align-left","10":"ast-product-gallery-layout-horizontal","11":"ast-product-tabs-layout-horizontal","13":"first","14":"instock","15":"product-type-simple"},"_links":{"self":[{"href":"https:\/\/reanpackaging.com\/et\/wp-json\/wp\/v2\/product\/30225","targetHints":{"allow":["GET"]}}],"collection":[{"href":"https:\/\/reanpackaging.com\/et\/wp-json\/wp\/v2\/product"}],"about":[{"href":"https:\/\/reanpackaging.com\/et\/wp-json\/wp\/v2\/types\/product"}],"wp:featuredmedia":[{"embeddable":true,"href":"https:\/\/reanpackaging.com\/et\/wp-json\/wp\/v2\/media\/30005"}],"wp:attachment":[{"href":"https:\/\/reanpackaging.com\/et\/wp-json\/wp\/v2\/media?parent=30225"}],"wp:term":[{"taxonomy":"product_brand","embeddable":true,"href":"https:\/\/reanpackaging.com\/et\/wp-json\/wp\/v2\/product_brand?post=30225"},{"taxonomy":"product_cat","embeddable":true,"href":"https:\/\/reanpackaging.com\/et\/wp-json\/wp\/v2\/product_cat?post=30225"},{"taxonomy":"product_tag","embeddable":true,"href":"https:\/\/reanpackaging.com\/et\/wp-json\/wp\/v2\/product_tag?post=30225"}],"curies":[{"name":"wp","href":"https:\/\/api.w.org\/{rel}","templated":true}]}}