{"id":30866,"date":"2024-12-27T16:44:11","date_gmt":"2024-12-27T16:44:11","guid":{"rendered":"https:\/\/reanpackaging.com\/product\/high-end-cool-gray-brushed-leather-pu-earring-box-large-quantity-ready-made-jewelry-packaging-for-earrings-cool-gray-jewelry-box\/"},"modified":"2024-12-27T17:15:38","modified_gmt":"2024-12-27T17:15:38","slug":"high-end-cool-gray-brushed-leather-pu-earring-box-large-quantity-ready-made-jewelry-packaging-for-earrings-cool-gray-jewelry-box","status":"publish","type":"product","link":"https:\/\/reanpackaging.com\/et\/toode\/high-end-cool-gray-brushed-leather-pu-earring-box-large-quantity-ready-made-jewelry-packaging-for-earrings-cool-gray-jewelry-box\/","title":{"rendered":"High-End lahe hall harjatud nahast PU k\u00f5rvar\u00f5ngakarp suures koguses valmis ehete pakend k\u00f5rvar\u00f5ngaste jaoks lahe hall ehtekarp"},"content":{"rendered":"<h4>Muud omadused<\/h4>\n<table border=\"1\">\n<tbody>\n<tr>\n<td><strong>Ehtede pakendamise ja v\u00e4ljapaneku t\u00fc\u00fcp<\/strong><\/td>\n<td>Karbid ja v\u00e4ljapanekud<\/td>\n<\/tr>\n<tr>\n<td><strong>Suurus<\/strong><\/td>\n<td>10*10*5cm \/ kohandatud<\/td>\n<\/tr>\n<tr>\n<td><strong>Materjali t\u00fc\u00fcp<\/strong><\/td>\n<td>Nahk<\/td>\n<\/tr>\n<tr>\n<td><strong>Olulised n\u00f5uanded<\/strong><\/td>\n<td>Palun v\u00f5tke meiega \u00fchendust, et saada odavamalt laevanduse tasu ja allahindlusi<\/td>\n<\/tr>\n<tr>\n<td><strong>N\u00e4idistasu<\/strong><\/td>\n<td>Meie proov on tasuta See on tagasimakstav, kui tellimus on kinnitatud<\/td>\n<\/tr>\n<tr>\n<td><strong>MOQ<\/strong><\/td>\n<td>500tk<\/td>\n<\/tr>\n<tr>\n<td><strong>L\u00c4HETAMISE AEG<\/strong><\/td>\n<td>3-5 t\u00f6\u00f6p\u00e4eva<\/td>\n<\/tr>\n<\/tbody>\n<\/table>","protected":false},"excerpt":{"rendered":"<p>Muud atribuudid Ehted Pakendid ja n\u00e4idikud T\u00fc\u00fcp Karbid ja n\u00e4idikud Suurus 10*10*5cm \/ kohandatud Materjali t\u00fc\u00fcp Nahk Olulised n\u00e4pun\u00e4ited Palun v\u00f5tke meiega \u00fchendust odavama saatmiskulu ja allahindluste saamiseks Proovitasu Meie proov on tasuta See on tagastatav, kui tellimus on kinnitatud MOQ 500tk L\u00c4HETUSAEG 3-5 t\u00f6\u00f6p\u00e4eva jooksul.<\/p>","protected":false},"featured_media":31069,"template":"","meta":{"_seopress_robots_primary_cat":"none","_seopress_titles_title":"","_seopress_titles_desc":"","_seopress_robots_index":"","_seopress_analysis_target_kw":"","site-sidebar-layout":"default","site-content-layout":"","ast-site-content-layout":"default","site-content-style":"default","site-sidebar-style":"default","ast-global-header-display":"","ast-banner-title-visibility":"","ast-main-header-display":"","ast-hfb-above-header-display":"","ast-hfb-below-header-display":"","ast-hfb-mobile-header-display":"","site-post-title":"","ast-breadcrumbs-content":"","ast-featured-img":"","footer-sml-layout":"","ast-disable-related-posts":"","theme-transparent-header-meta":"default","adv-header-id-meta":"","stick-header-meta":"default","header-above-stick-meta":"","header-main-stick-meta":"","header-below-stick-meta":"","astra-migrate-meta-layouts":"set","ast-page-background-enabled":"default","ast-page-background-meta":{"desktop":{"background-color":"","background-image":"","background-repeat":"repeat","background-position":"center center","background-size":"auto","background-attachment":"scroll","background-type":"","background-media":"","overlay-type":"","overlay-color":"","overlay-opacity":"","overlay-gradient":""},"tablet":{"background-color":"","background-image":"","background-repeat":"repeat","background-position":"center center","background-size":"auto","background-attachment":"scroll","background-type":"","background-media":"","overlay-type":"","overlay-color":"","overlay-opacity":"","overlay-gradient":""},"mobile":{"background-color":"","background-image":"","background-repeat":"repeat","background-position":"center center","background-size":"auto","background-attachment":"scroll","background-type":"","background-media":"","overlay-type":"","overlay-color":"","overlay-opacity":"","overlay-gradient":""}},"ast-content-background-meta":{"desktop":{"background-color":"var(--ast-global-color-5)","background-image":"","background-repeat":"repeat","background-position":"center center","background-size":"auto","background-attachment":"scroll","background-type":"","background-media":"","overlay-type":"","overlay-color":"","overlay-opacity":"","overlay-gradient":""},"tablet":{"background-color":"var(--ast-global-color-5)","background-image":"","background-repeat":"repeat","background-position":"center center","background-size":"auto","background-attachment":"scroll","background-type":"","background-media":"","overlay-type":"","overlay-color":"","overlay-opacity":"","overlay-gradient":""},"mobile":{"background-color":"var(--ast-global-color-5)","background-image":"","background-repeat":"repeat","background-position":"center center","background-size":"auto","background-attachment":"scroll","background-type":"","background-media":"","overlay-type":"","overlay-color":"","overlay-opacity":"","overlay-gradient":""}}},"product_brand":[],"product_cat":[84],"product_tag":[],"class_list":{"0":"post-30866","1":"product","2":"type-product","3":"status-publish","4":"has-post-thumbnail","6":"product_cat-earring-box","7":"desktop-align-left","8":"tablet-align-left","9":"mobile-align-left","10":"ast-product-gallery-layout-horizontal","11":"ast-product-tabs-layout-horizontal","13":"first","14":"instock","15":"product-type-simple"},"_links":{"self":[{"href":"https:\/\/reanpackaging.com\/et\/wp-json\/wp\/v2\/product\/30866","targetHints":{"allow":["GET"]}}],"collection":[{"href":"https:\/\/reanpackaging.com\/et\/wp-json\/wp\/v2\/product"}],"about":[{"href":"https:\/\/reanpackaging.com\/et\/wp-json\/wp\/v2\/types\/product"}],"wp:featuredmedia":[{"embeddable":true,"href":"https:\/\/reanpackaging.com\/et\/wp-json\/wp\/v2\/media\/31069"}],"wp:attachment":[{"href":"https:\/\/reanpackaging.com\/et\/wp-json\/wp\/v2\/media?parent=30866"}],"wp:term":[{"taxonomy":"product_brand","embeddable":true,"href":"https:\/\/reanpackaging.com\/et\/wp-json\/wp\/v2\/product_brand?post=30866"},{"taxonomy":"product_cat","embeddable":true,"href":"https:\/\/reanpackaging.com\/et\/wp-json\/wp\/v2\/product_cat?post=30866"},{"taxonomy":"product_tag","embeddable":true,"href":"https:\/\/reanpackaging.com\/et\/wp-json\/wp\/v2\/product_tag?post=30866"}],"curies":[{"name":"wp","href":"https:\/\/api.w.org\/{rel}","templated":true}]}}