{"id":34858,"date":"2025-01-05T07:18:20","date_gmt":"2025-01-05T07:18:20","guid":{"rendered":"https:\/\/reanpackaging.com\/product\/jewelry-boxes-luxury-jewelry-velvet-rose-box\/"},"modified":"2025-01-05T07:49:12","modified_gmt":"2025-01-05T07:49:12","slug":"jewelry-boxes-luxury-jewelry-velvet-rose-box","status":"publish","type":"product","link":"https:\/\/reanpackaging.com\/et\/toode\/jewelry-boxes-luxury-jewelry-velvet-rose-box\/","title":{"rendered":"Ehted karbid Luksuslikud ehted Velvet Rose Box"},"content":{"rendered":"<h4>T\u00f6\u00f6stusspetsiifilised omadused<\/h4>\n<table border=\"1\">\n<tbody>\n<tr>\n<td><strong>Ehted karbid materjal<\/strong><\/td>\n<td>Papp<\/td>\n<\/tr>\n<\/tbody>\n<\/table>\n<h4>Muud omadused<\/h4>\n<table border=\"1\">\n<tbody>\n<tr>\n<td><strong>suurus<\/strong><\/td>\n<td>Kohandatud<\/td>\n<\/tr>\n<tr>\n<td><strong>Toote nimi<\/strong><\/td>\n<td>Ehtekarp<\/td>\n<\/tr>\n<tr>\n<td><strong>Suurus \/ m\u00f5\u00f5tmed<\/strong><\/td>\n<td>Kohandatud<\/td>\n<\/tr>\n<tr>\n<td><strong>T\u00f6\u00f6stuslik kasutamine<\/strong><\/td>\n<td>Ehtede pakendamine ja v\u00e4ljapanek<\/td>\n<\/tr>\n<tr>\n<td><strong>V\u00e4rv<\/strong><\/td>\n<td>Kohandatud<\/td>\n<\/tr>\n<tr>\n<td><strong>Logo<\/strong><\/td>\n<td>Kohandatud<\/td>\n<\/tr>\n<tr>\n<td><strong>Tarneaeg<\/strong><\/td>\n<td>25 p\u00e4eva p\u00e4rast tellimuse andmist<\/td>\n<\/tr>\n<tr>\n<td><strong>Materjal<\/strong><\/td>\n<td>paber<\/td>\n<\/tr>\n<tr>\n<td><strong>Maksetingimused<\/strong><\/td>\n<td>T \/ T, Western Union, Paypal<\/td>\n<\/tr>\n<tr>\n<td><strong>N\u00e4ide<\/strong><\/td>\n<td>saadaval<\/td>\n<\/tr>\n<\/tbody>\n<\/table>","protected":false},"excerpt":{"rendered":"<p>T\u00f6\u00f6stusspetsiifilised atribuudid Ehted karbid Materjal Papp Muud atribuudid suurus Kohandatud Toote nimi Ehted Box suurus \/ m\u00f5\u00f5tmed Kohandatud T\u00f6\u00f6stuslik kasutamine Ehted Pakend ja ekraan V\u00e4rv Kohandatud Logo Kohandatud Tarneaeg 25 p\u00e4eva p\u00e4rast tellimuse kinnitamist Materjal paber Maksetingimused T \/ T, Western Union, Paypal Proov saadaval<\/p>","protected":false},"featured_media":34681,"template":"","meta":{"_seopress_robots_primary_cat":"none","_seopress_titles_title":"","_seopress_titles_desc":"","_seopress_robots_index":"","site-sidebar-layout":"default","site-content-layout":"","ast-site-content-layout":"default","site-content-style":"default","site-sidebar-style":"default","ast-global-header-display":"","ast-banner-title-visibility":"","ast-main-header-display":"","ast-hfb-above-header-display":"","ast-hfb-below-header-display":"","ast-hfb-mobile-header-display":"","site-post-title":"","ast-breadcrumbs-content":"","ast-featured-img":"","footer-sml-layout":"","ast-disable-related-posts":"","theme-transparent-header-meta":"default","adv-header-id-meta":"","stick-header-meta":"default","header-above-stick-meta":"","header-main-stick-meta":"","header-below-stick-meta":"","astra-migrate-meta-layouts":"set","ast-page-background-enabled":"default","ast-page-background-meta":{"desktop":{"background-color":"","background-image":"","background-repeat":"repeat","background-position":"center center","background-size":"auto","background-attachment":"scroll","background-type":"","background-media":"","overlay-type":"","overlay-color":"","overlay-opacity":"","overlay-gradient":""},"tablet":{"background-color":"","background-image":"","background-repeat":"repeat","background-position":"center center","background-size":"auto","background-attachment":"scroll","background-type":"","background-media":"","overlay-type":"","overlay-color":"","overlay-opacity":"","overlay-gradient":""},"mobile":{"background-color":"","background-image":"","background-repeat":"repeat","background-position":"center center","background-size":"auto","background-attachment":"scroll","background-type":"","background-media":"","overlay-type":"","overlay-color":"","overlay-opacity":"","overlay-gradient":""}},"ast-content-background-meta":{"desktop":{"background-color":"var(--ast-global-color-5)","background-image":"","background-repeat":"repeat","background-position":"center center","background-size":"auto","background-attachment":"scroll","background-type":"","background-media":"","overlay-type":"","overlay-color":"","overlay-opacity":"","overlay-gradient":""},"tablet":{"background-color":"var(--ast-global-color-5)","background-image":"","background-repeat":"repeat","background-position":"center center","background-size":"auto","background-attachment":"scroll","background-type":"","background-media":"","overlay-type":"","overlay-color":"","overlay-opacity":"","overlay-gradient":""},"mobile":{"background-color":"var(--ast-global-color-5)","background-image":"","background-repeat":"repeat","background-position":"center center","background-size":"auto","background-attachment":"scroll","background-type":"","background-media":"","overlay-type":"","overlay-color":"","overlay-opacity":"","overlay-gradient":""}}},"product_brand":[],"product_cat":[85],"product_tag":[],"class_list":{"0":"post-34858","1":"product","2":"type-product","3":"status-publish","4":"has-post-thumbnail","6":"product_cat-necklace-box","7":"desktop-align-left","8":"tablet-align-left","9":"mobile-align-left","10":"ast-product-gallery-layout-horizontal","11":"ast-product-tabs-layout-horizontal","13":"first","14":"instock","15":"product-type-simple"},"_links":{"self":[{"href":"https:\/\/reanpackaging.com\/et\/wp-json\/wp\/v2\/product\/34858","targetHints":{"allow":["GET"]}}],"collection":[{"href":"https:\/\/reanpackaging.com\/et\/wp-json\/wp\/v2\/product"}],"about":[{"href":"https:\/\/reanpackaging.com\/et\/wp-json\/wp\/v2\/types\/product"}],"wp:featuredmedia":[{"embeddable":true,"href":"https:\/\/reanpackaging.com\/et\/wp-json\/wp\/v2\/media\/34681"}],"wp:attachment":[{"href":"https:\/\/reanpackaging.com\/et\/wp-json\/wp\/v2\/media?parent=34858"}],"wp:term":[{"taxonomy":"product_brand","embeddable":true,"href":"https:\/\/reanpackaging.com\/et\/wp-json\/wp\/v2\/product_brand?post=34858"},{"taxonomy":"product_cat","embeddable":true,"href":"https:\/\/reanpackaging.com\/et\/wp-json\/wp\/v2\/product_cat?post=34858"},{"taxonomy":"product_tag","embeddable":true,"href":"https:\/\/reanpackaging.com\/et\/wp-json\/wp\/v2\/product_tag?post=34858"}],"curies":[{"name":"wp","href":"https:\/\/api.w.org\/{rel}","templated":true}]}}