{"id":36355,"date":"2025-01-09T16:05:24","date_gmt":"2025-01-09T16:05:24","guid":{"rendered":"https:\/\/reanpackaging.com\/product\/wholesales-jewelry-cardboard-paper-box-7-5x7-5x2-5cm-with-pe-film-for-necklace-earring-bracelet-ring-jewelry-box\/"},"modified":"2025-01-09T16:45:05","modified_gmt":"2025-01-09T16:45:05","slug":"wholesales-jewelry-cardboard-paper-box-7-5x7-5x2-5cm-with-pe-film-for-necklace-earring-bracelet-ring-jewelry-box","status":"publish","type":"product","link":"https:\/\/reanpackaging.com\/et\/toode\/wholesales-jewelry-cardboard-paper-box-7-5x7-5x2-5cm-with-pe-film-for-necklace-earring-bracelet-ring-jewelry-box\/","title":{"rendered":"hulgim\u00fc\u00fck Ehted Papp-paberikarp 7.5 \u00d7 7.5 \u00d7 2.5cm PE-kilega kaelakee k\u00f5rvar\u00f5nga k\u00e4ev\u00f5ru s\u00f5rmuse ehtekarpile"},"content":{"rendered":"<h4>Muud omadused<\/h4>\n<table border=\"1\">\n<tbody>\n<tr>\n<td><strong>Ehtede pakendamise ja v\u00e4ljapaneku t\u00fc\u00fcp<\/strong><\/td>\n<td>Karbid ja v\u00e4ljapanekud<\/td>\n<\/tr>\n<tr>\n<td><strong>nimi<\/strong><\/td>\n<td>ehtekarp<\/td>\n<\/tr>\n<tr>\n<td><strong>varude hankimise kohustus<\/strong><\/td>\n<td>500tk<\/td>\n<\/tr>\n<tr>\n<td><strong>tarneaeg<\/strong><\/td>\n<td>s\u00f5ltub kogusest<\/td>\n<\/tr>\n<tr>\n<td><strong>logo<\/strong><\/td>\n<td>saab lisada oma logo<\/td>\n<\/tr>\n<tr>\n<td><strong>suurus<\/strong><\/td>\n<td>7.5*7.5*2.5<\/td>\n<\/tr>\n<tr>\n<td><strong>v\u00e4rv<\/strong><\/td>\n<td>must valge roosa<\/td>\n<\/tr>\n<\/tbody>\n<\/table>\n<p><img decoding=\"async\" class=\"detail-desc-decorate-image\" style=\"max-width: 100%; height: auto; display: block; margin: 0 auto;\" src=\"https:\/\/reanpackaging.com\/wp-content\/uploads\/2025\/01\/1-description-wholesales-Jewelry-Cardboard-Paper-Box-7.5\u00d77.5\u00d72.5cm-PE-kilega-kaelakee-k\u00f5rvar\u00f5ngaste-r\u00f5ngaste-k\u00f5rvar\u00f5ngaste-komplekt.jpg\" \/><br \/>\n<img decoding=\"async\" class=\"detail-desc-decorate-image\" style=\"max-width: 100%; height: auto; display: block; margin: 0 auto;\" src=\"https:\/\/reanpackaging.com\/wp-content\/uploads\/2025\/01\/2-description-wholesales-Jewelry-Cardboard-Paper-Box-7.5\u00d77.5\u00d72.5cm-PE-kilega-kaelakee-k\u00f5rvar\u00f5ngaste-r\u00f5ngaste-k\u00f5rvar\u00f5ngaste-komplekt.jpg\" \/><\/p>","protected":false},"excerpt":{"rendered":"<p>Muud atribuudid Ehted Pakendid ja n\u00e4idikud T\u00fc\u00fcp Karbid ja n\u00e4idikud nimi ehtekarp moq varude jaoks 500tk tarneaeg s\u00f5ltub kogusest logo saab lisada oma logo suurus 7.5*7.5*2.5 v\u00e4rv must valge roosa<\/p>","protected":false},"featured_media":36344,"template":"","meta":{"_seopress_robots_primary_cat":"none","_seopress_titles_title":"wholesales Jewelry Cardboard Paper Box 7.5\u00d77.5\u00d72.5cm with PE film for Necklace Earring Bracelet Ring Jewelry Box","_seopress_titles_desc":"","_seopress_robots_index":"","site-sidebar-layout":"default","site-content-layout":"","ast-site-content-layout":"default","site-content-style":"default","site-sidebar-style":"default","ast-global-header-display":"","ast-banner-title-visibility":"","ast-main-header-display":"","ast-hfb-above-header-display":"","ast-hfb-below-header-display":"","ast-hfb-mobile-header-display":"","site-post-title":"","ast-breadcrumbs-content":"","ast-featured-img":"","footer-sml-layout":"","ast-disable-related-posts":"","theme-transparent-header-meta":"default","adv-header-id-meta":"","stick-header-meta":"default","header-above-stick-meta":"","header-main-stick-meta":"","header-below-stick-meta":"","astra-migrate-meta-layouts":"set","ast-page-background-enabled":"default","ast-page-background-meta":{"desktop":{"background-color":"","background-image":"","background-repeat":"repeat","background-position":"center center","background-size":"auto","background-attachment":"scroll","background-type":"","background-media":"","overlay-type":"","overlay-color":"","overlay-opacity":"","overlay-gradient":""},"tablet":{"background-color":"","background-image":"","background-repeat":"repeat","background-position":"center center","background-size":"auto","background-attachment":"scroll","background-type":"","background-media":"","overlay-type":"","overlay-color":"","overlay-opacity":"","overlay-gradient":""},"mobile":{"background-color":"","background-image":"","background-repeat":"repeat","background-position":"center center","background-size":"auto","background-attachment":"scroll","background-type":"","background-media":"","overlay-type":"","overlay-color":"","overlay-opacity":"","overlay-gradient":""}},"ast-content-background-meta":{"desktop":{"background-color":"var(--ast-global-color-5)","background-image":"","background-repeat":"repeat","background-position":"center center","background-size":"auto","background-attachment":"scroll","background-type":"","background-media":"","overlay-type":"","overlay-color":"","overlay-opacity":"","overlay-gradient":""},"tablet":{"background-color":"var(--ast-global-color-5)","background-image":"","background-repeat":"repeat","background-position":"center center","background-size":"auto","background-attachment":"scroll","background-type":"","background-media":"","overlay-type":"","overlay-color":"","overlay-opacity":"","overlay-gradient":""},"mobile":{"background-color":"var(--ast-global-color-5)","background-image":"","background-repeat":"repeat","background-position":"center center","background-size":"auto","background-attachment":"scroll","background-type":"","background-media":"","overlay-type":"","overlay-color":"","overlay-opacity":"","overlay-gradient":""}}},"product_brand":[],"product_cat":[86],"product_tag":[],"class_list":{"0":"post-36355","1":"product","2":"type-product","3":"status-publish","4":"has-post-thumbnail","6":"product_cat-bracelet-box","7":"desktop-align-left","8":"tablet-align-left","9":"mobile-align-left","10":"ast-product-gallery-layout-horizontal","11":"ast-product-tabs-layout-horizontal","13":"first","14":"instock","15":"product-type-simple"},"_links":{"self":[{"href":"https:\/\/reanpackaging.com\/et\/wp-json\/wp\/v2\/product\/36355","targetHints":{"allow":["GET"]}}],"collection":[{"href":"https:\/\/reanpackaging.com\/et\/wp-json\/wp\/v2\/product"}],"about":[{"href":"https:\/\/reanpackaging.com\/et\/wp-json\/wp\/v2\/types\/product"}],"wp:featuredmedia":[{"embeddable":true,"href":"https:\/\/reanpackaging.com\/et\/wp-json\/wp\/v2\/media\/36344"}],"wp:attachment":[{"href":"https:\/\/reanpackaging.com\/et\/wp-json\/wp\/v2\/media?parent=36355"}],"wp:term":[{"taxonomy":"product_brand","embeddable":true,"href":"https:\/\/reanpackaging.com\/et\/wp-json\/wp\/v2\/product_brand?post=36355"},{"taxonomy":"product_cat","embeddable":true,"href":"https:\/\/reanpackaging.com\/et\/wp-json\/wp\/v2\/product_cat?post=36355"},{"taxonomy":"product_tag","embeddable":true,"href":"https:\/\/reanpackaging.com\/et\/wp-json\/wp\/v2\/product_tag?post=36355"}],"curies":[{"name":"wp","href":"https:\/\/api.w.org\/{rel}","templated":true}]}}