{"id":36370,"date":"2025-01-09T16:06:08","date_gmt":"2025-01-09T16:06:08","guid":{"rendered":"https:\/\/reanpackaging.com\/product\/high-fashion-jewelry-box-custom-logo-earrings-ring-necklace-bracelet-jewelry-box-gift-box-with-bow\/"},"modified":"2025-01-09T16:28:10","modified_gmt":"2025-01-09T16:28:10","slug":"high-fashion-jewelry-box-custom-logo-earrings-ring-necklace-bracelet-jewelry-box-gift-box-with-bow","status":"publish","type":"product","link":"https:\/\/reanpackaging.com\/et\/toode\/high-fashion-jewelry-box-custom-logo-earrings-ring-necklace-bracelet-jewelry-box-gift-box-with-bow\/","title":{"rendered":"High Fashion Ehted Box Custom Logo K\u00f5rvar\u00f5ngad Ring kaelakee k\u00e4ev\u00f5ru Ehted kasti kingitus kasti vibu"},"content":{"rendered":"<h4>T\u00f6\u00f6stusspetsiifilised omadused<\/h4>\n<table border=\"1\">\n<tbody>\n<tr>\n<td><strong>Stiil<\/strong><\/td>\n<td>TRENDI<\/td>\n<\/tr>\n<\/tbody>\n<\/table>\n<h4>Muud omadused<\/h4>\n<table border=\"1\">\n<tbody>\n<tr>\n<td><strong>K\u00e4ev\u00f5rud v\u00f5i k\u00e4ev\u00f5rud T\u00fc\u00fcp<\/strong><\/td>\n<td>Muud<\/td>\n<\/tr>\n<tr>\n<td><strong>Sugu<\/strong><\/td>\n<td>Unisex, naiste, meeste, laste, meeste ja laste riided<\/td>\n<\/tr>\n<tr>\n<td><strong>Ehted t\u00fc\u00fcp<\/strong><\/td>\n<td>K\u00e4ev\u00f5rud, k\u00e4ev\u00f5rud<\/td>\n<\/tr>\n<tr>\n<td><strong>Juhus<\/strong><\/td>\n<td>Aastap\u00e4ev, kihlus, kingitus, pulm, pidu, pulmapeo<\/td>\n<\/tr>\n<tr>\n<td><strong>Sertifikaadi t\u00fc\u00fcp<\/strong><\/td>\n<td>Kolmanda osapoole hinnang<\/td>\n<\/tr>\n<tr>\n<td><strong>Inlay tehnoloogia<\/strong><\/td>\n<td>Bezel Setting<\/td>\n<\/tr>\n<\/tbody>\n<\/table>","protected":false},"excerpt":{"rendered":"<p>Industry-Specific Attributes Style TRENDY Other Attributes Bracelets or Bangles Type Other Gender Unisex, Women&#8217;s, Men&#8217;s, Children&#8217;s Jewelry Type Bracelets, Bangles Occasion Anniversary, Engagement, Gift, Wedding, Party Certificate Type Third Party Appraisal Inlay technology Bezel Setting<\/p>","protected":false},"featured_media":36212,"template":"","meta":{"_seopress_robots_primary_cat":"none","_seopress_titles_title":"High Fashion Jewelry Box Custom Logo Earrings Ring Necklace Bracelet Jewelry Box Gift Box With Bow","_seopress_titles_desc":"","_seopress_robots_index":"","site-sidebar-layout":"default","site-content-layout":"","ast-site-content-layout":"default","site-content-style":"default","site-sidebar-style":"default","ast-global-header-display":"","ast-banner-title-visibility":"","ast-main-header-display":"","ast-hfb-above-header-display":"","ast-hfb-below-header-display":"","ast-hfb-mobile-header-display":"","site-post-title":"","ast-breadcrumbs-content":"","ast-featured-img":"","footer-sml-layout":"","ast-disable-related-posts":"","theme-transparent-header-meta":"default","adv-header-id-meta":"","stick-header-meta":"default","header-above-stick-meta":"","header-main-stick-meta":"","header-below-stick-meta":"","astra-migrate-meta-layouts":"set","ast-page-background-enabled":"default","ast-page-background-meta":{"desktop":{"background-color":"","background-image":"","background-repeat":"repeat","background-position":"center center","background-size":"auto","background-attachment":"scroll","background-type":"","background-media":"","overlay-type":"","overlay-color":"","overlay-opacity":"","overlay-gradient":""},"tablet":{"background-color":"","background-image":"","background-repeat":"repeat","background-position":"center center","background-size":"auto","background-attachment":"scroll","background-type":"","background-media":"","overlay-type":"","overlay-color":"","overlay-opacity":"","overlay-gradient":""},"mobile":{"background-color":"","background-image":"","background-repeat":"repeat","background-position":"center center","background-size":"auto","background-attachment":"scroll","background-type":"","background-media":"","overlay-type":"","overlay-color":"","overlay-opacity":"","overlay-gradient":""}},"ast-content-background-meta":{"desktop":{"background-color":"var(--ast-global-color-5)","background-image":"","background-repeat":"repeat","background-position":"center center","background-size":"auto","background-attachment":"scroll","background-type":"","background-media":"","overlay-type":"","overlay-color":"","overlay-opacity":"","overlay-gradient":""},"tablet":{"background-color":"var(--ast-global-color-5)","background-image":"","background-repeat":"repeat","background-position":"center center","background-size":"auto","background-attachment":"scroll","background-type":"","background-media":"","overlay-type":"","overlay-color":"","overlay-opacity":"","overlay-gradient":""},"mobile":{"background-color":"var(--ast-global-color-5)","background-image":"","background-repeat":"repeat","background-position":"center center","background-size":"auto","background-attachment":"scroll","background-type":"","background-media":"","overlay-type":"","overlay-color":"","overlay-opacity":"","overlay-gradient":""}}},"product_brand":[],"product_cat":[86],"product_tag":[],"class_list":{"0":"post-36370","1":"product","2":"type-product","3":"status-publish","4":"has-post-thumbnail","6":"product_cat-bracelet-box","7":"desktop-align-left","8":"tablet-align-left","9":"mobile-align-left","10":"ast-product-gallery-layout-horizontal","11":"ast-product-tabs-layout-horizontal","13":"first","14":"instock","15":"product-type-simple"},"_links":{"self":[{"href":"https:\/\/reanpackaging.com\/et\/wp-json\/wp\/v2\/product\/36370","targetHints":{"allow":["GET"]}}],"collection":[{"href":"https:\/\/reanpackaging.com\/et\/wp-json\/wp\/v2\/product"}],"about":[{"href":"https:\/\/reanpackaging.com\/et\/wp-json\/wp\/v2\/types\/product"}],"wp:featuredmedia":[{"embeddable":true,"href":"https:\/\/reanpackaging.com\/et\/wp-json\/wp\/v2\/media\/36212"}],"wp:attachment":[{"href":"https:\/\/reanpackaging.com\/et\/wp-json\/wp\/v2\/media?parent=36370"}],"wp:term":[{"taxonomy":"product_brand","embeddable":true,"href":"https:\/\/reanpackaging.com\/et\/wp-json\/wp\/v2\/product_brand?post=36370"},{"taxonomy":"product_cat","embeddable":true,"href":"https:\/\/reanpackaging.com\/et\/wp-json\/wp\/v2\/product_cat?post=36370"},{"taxonomy":"product_tag","embeddable":true,"href":"https:\/\/reanpackaging.com\/et\/wp-json\/wp\/v2\/product_tag?post=36370"}],"curies":[{"name":"wp","href":"https:\/\/api.w.org\/{rel}","templated":true}]}}