{"id":37900,"date":"2025-01-15T16:37:20","date_gmt":"2025-01-15T16:37:20","guid":{"rendered":"https:\/\/reanpackaging.com\/product\/watch-boxes-paper-gift-men-women-wristwatch-box-for-watch-wholesale\/"},"modified":"2025-01-16T02:49:02","modified_gmt":"2025-01-16T02:49:02","slug":"watch-boxes-paper-gift-men-women-wristwatch-box-for-watch-wholesale","status":"publish","type":"product","link":"https:\/\/reanpackaging.com\/et\/toode\/watch-boxes-paper-gift-men-women-wristwatch-box-for-watch-wholesale\/","title":{"rendered":"Kellakarbid paberist kingitus meeste naiste k\u00e4ekellade kast kellade hulgim\u00fc\u00fcgi jaoks"},"content":{"rendered":"<h4>T\u00f6\u00f6stusspetsiifilised omadused<\/h4>\n<table border=\"1\">\n<tbody>\n<tr>\n<td><strong>Dial akna materjali t\u00fc\u00fcp<\/strong><\/td>\n<td>Hardlex<\/td>\n<\/tr>\n<tr>\n<td><strong>B\u00e4ndi materjalit\u00fc\u00fcp<\/strong><\/td>\n<td>Nahk, roostevaba teras<\/td>\n<\/tr>\n<tr>\n<td><strong>Juhtumi materjal<\/strong><\/td>\n<td>Sulam<\/td>\n<\/tr>\n<\/tbody>\n<\/table>\n<h4>Muud omadused<\/h4>\n<table border=\"1\">\n<tbody>\n<tr>\n<td><strong>Juhtumi kuju<\/strong><\/td>\n<td>\u00dcMBER<\/td>\n<\/tr>\n<tr>\n<td><strong>B\u00e4ndi pikkus<\/strong><\/td>\n<td>24cm<\/td>\n<\/tr>\n<tr>\n<td><strong>Klambri t\u00fc\u00fcp<\/strong><\/td>\n<td>Varjatud klamber<\/td>\n<\/tr>\n<tr>\n<td><strong>Veekindlus S\u00fcgavus<\/strong><\/td>\n<td>3BAR<\/td>\n<\/tr>\n<tr>\n<td><strong>Liikumine<\/strong><\/td>\n<td>Kvarts<\/td>\n<\/tr>\n<tr>\n<td><strong>T\u00fc\u00fcp<\/strong><\/td>\n<td>Mood<\/td>\n<\/tr>\n<tr>\n<td><strong>Funktsioon<\/strong><\/td>\n<td>kronograaf, DIVER<\/td>\n<\/tr>\n<tr>\n<td><strong>Kasutaja<\/strong><\/td>\n<td>Naised<\/td>\n<\/tr>\n<tr>\n<td><strong>pakkuda vormide ja n\u00e4idiste valmistamise teenust<\/strong><\/td>\n<td>proovi valmistamine<\/td>\n<\/tr>\n<tr>\n<td><strong>Materjal<\/strong><\/td>\n<td>akr\u00fc\u00fcl<\/td>\n<\/tr>\n<tr>\n<td><strong>Dial Display<\/strong><\/td>\n<td>Analoog<\/td>\n<\/tr>\n<tr>\n<td><strong>Liikumise kaubam\u00e4rk<\/strong><\/td>\n<td>BEIJING<\/td>\n<\/tr>\n<tr>\n<td><strong>Stiil<\/strong><\/td>\n<td>Luxe<\/td>\n<\/tr>\n<tr>\n<td><strong>Kaal<\/strong><\/td>\n<td>0.10<\/td>\n<\/tr>\n<\/tbody>\n<\/table>\n<p><img decoding=\"async\" class=\"detail-desc-decorate-image\" style=\"max-width: 100%; height: auto; display: block; margin: 0 auto;\" src=\"https:\/\/reanpackaging.com\/wp-content\/uploads\/2025\/01\/1-description-Watch-Boxes-Paper-Gift-Men-Women-Wristwatch-Box-For-Watch-Wholesale.jpg\" \/><br \/>\n<img decoding=\"async\" class=\"detail-desc-decorate-image\" style=\"max-width: 100%; height: auto; display: block; margin: 0 auto;\" src=\"https:\/\/reanpackaging.com\/wp-content\/uploads\/2025\/01\/2-description-Watch-Boxes-Paper-Gift-Men-Women-Wristwatch-Box-For-Watch-Wholesale.jpg\" \/><br \/>\n<img decoding=\"async\" class=\"detail-desc-decorate-image\" style=\"max-width: 100%; height: auto; display: block; margin: 0 auto;\" src=\"https:\/\/reanpackaging.com\/wp-content\/uploads\/2025\/01\/3-description-Watch-Boxes-Paper-Gift-Men-Women-Wristwatch-Box-For-Watch-Wholesale.jpg\" \/><br \/>\n<img decoding=\"async\" class=\"detail-desc-decorate-image\" style=\"max-width: 100%; height: auto; display: block; margin: 0 auto;\" src=\"https:\/\/reanpackaging.com\/wp-content\/uploads\/2025\/01\/4-description-Watch-Boxes-Paper-Gift-Men-Women-Wristwatch-Box-For-Watch-Wholesale.jpg\" \/><br \/>\n<img decoding=\"async\" class=\"detail-desc-decorate-image\" style=\"max-width: 100%; height: auto; display: block; margin: 0 auto;\" src=\"https:\/\/reanpackaging.com\/wp-content\/uploads\/2025\/01\/5-description-Watch-Boxes-Paper-Gift-Men-Women-Wristwatch-Box-For-Watch-Wholesale.jpg\" \/><br \/>\n<img decoding=\"async\" class=\"detail-desc-decorate-image\" style=\"max-width: 100%; height: auto; display: block; margin: 0 auto;\" src=\"https:\/\/reanpackaging.com\/wp-content\/uploads\/2025\/01\/6-description-Watch-Boxes-Paper-Gift-Men-Women-Wristwatch-Box-For-Watch-Wholesale.jpg\" \/><\/p>","protected":false},"excerpt":{"rendered":"<p>Industry-Specific Attributes Dial Window Material Type Hardlex Band Material Type Leather, Stainless Steel Case Material Alloy Other Attributes Case Shape ROUND Band Length 24cm Clasp Type Hidden Clasp Water Resistance Depth 3BAR Movement Quartz Type Fashion Feature chronograph, DIVER User Women provide mould making and sample making service sample making Material acrylic Dial Display Analog [&hellip;]<\/p>\n","protected":false},"featured_media":37832,"template":"","meta":{"_seopress_robots_primary_cat":"none","_seopress_titles_title":"Watch Boxes Paper Gift Men Women Wristwatch Box For Watch Wholesale","_seopress_titles_desc":"","_seopress_robots_index":"","site-sidebar-layout":"default","site-content-layout":"","ast-site-content-layout":"default","site-content-style":"default","site-sidebar-style":"default","ast-global-header-display":"","ast-banner-title-visibility":"","ast-main-header-display":"","ast-hfb-above-header-display":"","ast-hfb-below-header-display":"","ast-hfb-mobile-header-display":"","site-post-title":"","ast-breadcrumbs-content":"","ast-featured-img":"","footer-sml-layout":"","ast-disable-related-posts":"","theme-transparent-header-meta":"default","adv-header-id-meta":"","stick-header-meta":"default","header-above-stick-meta":"","header-main-stick-meta":"","header-below-stick-meta":"","astra-migrate-meta-layouts":"set","ast-page-background-enabled":"default","ast-page-background-meta":{"desktop":{"background-color":"","background-image":"","background-repeat":"repeat","background-position":"center center","background-size":"auto","background-attachment":"scroll","background-type":"","background-media":"","overlay-type":"","overlay-color":"","overlay-opacity":"","overlay-gradient":""},"tablet":{"background-color":"","background-image":"","background-repeat":"repeat","background-position":"center center","background-size":"auto","background-attachment":"scroll","background-type":"","background-media":"","overlay-type":"","overlay-color":"","overlay-opacity":"","overlay-gradient":""},"mobile":{"background-color":"","background-image":"","background-repeat":"repeat","background-position":"center center","background-size":"auto","background-attachment":"scroll","background-type":"","background-media":"","overlay-type":"","overlay-color":"","overlay-opacity":"","overlay-gradient":""}},"ast-content-background-meta":{"desktop":{"background-color":"var(--ast-global-color-5)","background-image":"","background-repeat":"repeat","background-position":"center center","background-size":"auto","background-attachment":"scroll","background-type":"","background-media":"","overlay-type":"","overlay-color":"","overlay-opacity":"","overlay-gradient":""},"tablet":{"background-color":"var(--ast-global-color-5)","background-image":"","background-repeat":"repeat","background-position":"center center","background-size":"auto","background-attachment":"scroll","background-type":"","background-media":"","overlay-type":"","overlay-color":"","overlay-opacity":"","overlay-gradient":""},"mobile":{"background-color":"var(--ast-global-color-5)","background-image":"","background-repeat":"repeat","background-position":"center center","background-size":"auto","background-attachment":"scroll","background-type":"","background-media":"","overlay-type":"","overlay-color":"","overlay-opacity":"","overlay-gradient":""}}},"product_brand":[],"product_cat":[87],"product_tag":[],"class_list":{"0":"post-37900","1":"product","2":"type-product","3":"status-publish","4":"has-post-thumbnail","6":"product_cat-watch-box","7":"desktop-align-left","8":"tablet-align-left","9":"mobile-align-left","10":"ast-product-gallery-layout-horizontal","11":"ast-product-tabs-layout-horizontal","13":"first","14":"instock","15":"product-type-simple"},"_links":{"self":[{"href":"https:\/\/reanpackaging.com\/et\/wp-json\/wp\/v2\/product\/37900","targetHints":{"allow":["GET"]}}],"collection":[{"href":"https:\/\/reanpackaging.com\/et\/wp-json\/wp\/v2\/product"}],"about":[{"href":"https:\/\/reanpackaging.com\/et\/wp-json\/wp\/v2\/types\/product"}],"wp:featuredmedia":[{"embeddable":true,"href":"https:\/\/reanpackaging.com\/et\/wp-json\/wp\/v2\/media\/37832"}],"wp:attachment":[{"href":"https:\/\/reanpackaging.com\/et\/wp-json\/wp\/v2\/media?parent=37900"}],"wp:term":[{"taxonomy":"product_brand","embeddable":true,"href":"https:\/\/reanpackaging.com\/et\/wp-json\/wp\/v2\/product_brand?post=37900"},{"taxonomy":"product_cat","embeddable":true,"href":"https:\/\/reanpackaging.com\/et\/wp-json\/wp\/v2\/product_cat?post=37900"},{"taxonomy":"product_tag","embeddable":true,"href":"https:\/\/reanpackaging.com\/et\/wp-json\/wp\/v2\/product_tag?post=37900"}],"curies":[{"name":"wp","href":"https:\/\/api.w.org\/{rel}","templated":true}]}}